{"id":1276,"date":"2018-10-03T11:33:50","date_gmt":"2018-10-03T11:33:50","guid":{"rendered":"https:\/\/eddeglobal.az\/yeni\/blog-horizontal-with-sidebar\/"},"modified":"2025-12-08T09:52:24","modified_gmt":"2025-12-08T09:52:24","slug":"meqaleler","status":"publish","type":"page","link":"https:\/\/eddeglobal.az\/en\/meqaleler\/","title":{"rendered":"Articles"},"content":{"rendered":"<div class=\"wpb-content-wrapper\"><p>[vc_row][vc_column]<div class=\"blog-block\"><div class=\"blog-items load-wrap row blog-type-horizontal blog-59bfa5cd550aa \"><article class=\"blog-item  category-1 with-image col-12\"><div class=\"wrap\"><div class=\"img\" data-original=\"https:\/\/eddeglobal.az\/wp-content\/uploads\/2018\/12\/turkiyede-magist-tehsili-eddeglobal-az.jpg\"><a href=\"https:\/\/eddeglobal.az\/en\/2018\/12\/26\/turkiyede-magistr-tehsili\/\" style=\"background-image: url(https:\/\/eddeglobal.az\/wp-content\/uploads\/2018\/12\/turkiyede-magist-tehsili-eddeglobal-az.jpg);\"><\/a><\/div><div class=\"content\"><h5><a href=\"https:\/\/eddeglobal.az\/en\/2018\/12\/26\/turkiyede-magistr-tehsili\/\">T\u00fcrkiy\u0259d\u0259 magistr t\u0259hsili<\/a><\/h5><div class=\"date\">26 December 2018<\/div><p>\n\nT\u00fcrkiy\u0259d\u0259 magistr t\u0259hsili \u00fc\u00e7\u00fcn m\u00fcraci\u0259t ed\u0259nl\u0259rin say\u0131 ild\u0259n-il\u0259 artmaqdad\u0131r. T\u0259l\u0259b\u0259l\u0259r aras\u0131nda \u00fcst\u00fcnl\u00fck \u0259sas\u0259n T\u00fckiy\u0259nin D\u00f6vl\u0259t Universitetl\u0259rin\u0259 verilir. Bakalavr t\u0259hsilini bitir\u0259n h\u0259r bir \u00a0t\u0259l\u0259b\u0259 T\u00fcrkiy\u0259d\u0259 Magistr t\u0259hsil pill\u0259si \u00fczr\u0259 t\u0259hsil ala bil\u0259r. Magistr t\u0259hsil pill\u0259sin\u0259 q\u0259bul bir ne\u00e7\u0259 m\u0259rh\u0259l\u0259d\u0259 apar\u0131l\u0131r:\n\n\n\nT\u00fcrkiy\u0259d\u0259 magistr t\u0259hsili tezli v\u0259 tezsiz olmaqla 2 yer\u0259 b\u00f6l\u00fcn\u00fcr.\n\n\n\nTezli t\u0259hsil \u2013 2 il\n\n\n\nTezsiz t\u0259hsil \u00a0\u2013 1- 1.5 \u00a0il\n\n\n\nT\u00dcRK\u0130Y\u018fD...<\/p><\/div><div class=\"clear\"><\/div><div class=\"bottom like-on comment-on\"><div class=\"col\"><a href=\"#\" class=\"zilla-likes\" id=\"zilla-likes-138918\" title=\"Like this\" data-postfix=\" like\"><i class=\"multimedia-icon-heart\"><\/i> <span>0 likes<\/span><\/a><\/div><div class=\"col\"><i class=\"multimedia-icon-speech-bubble-1\"><\/i> <a href=\"https:\/\/eddeglobal.az\/en\/2018\/12\/26\/turkiyede-magistr-tehsili\/#comments\">No Comments<\/a><\/div><\/div><\/div><\/article><article class=\"blog-item  category-1 with-image col-12\"><div class=\"wrap\"><div class=\"img\" data-original=\"https:\/\/eddeglobal.az\/wp-content\/uploads\/2018\/12\/tehsil-ve-telim-haqqinda-eddeglobal-az.jpg\"><a href=\"https:\/\/eddeglobal.az\/en\/2018\/12\/28\/tehsil-ve-telim-haqqinda-bilmediyiniz-faktlar\/\" style=\"background-image: url(https:\/\/eddeglobal.az\/wp-content\/uploads\/2018\/12\/tehsil-ve-telim-haqqinda-eddeglobal-az.jpg);\"><\/a><\/div><div class=\"content\"><h5><a href=\"https:\/\/eddeglobal.az\/en\/2018\/12\/28\/tehsil-ve-telim-haqqinda-bilmediyiniz-faktlar\/\">T\u018fHS\u0130L V\u018f T\u018fL\u0130M HAQQINDA B\u0130LM\u018fD\u0130Y\u0130N\u0130Z FAKTLAR<\/a><\/h5><div class=\"date\">28 December 2018<\/div><p>\nT\u0259hsil v\u0259 t\u0259lim haqq\u0131nda bilm\u0259diyiniz faktlar hans\u0131lard\u0131r?\n\n&nbsp;\n1. \u00c7oxlar\u0131 Kembric v\u0259 ya Sarabona universitetl\u0259rini \u0259n q\u0259dim universitetl\u0259r kimi tan\u0131y\u0131rlar. Lakin bu bel\u0259 deyil. D\u00fcnyan\u0131n \u0259n q\u0259dim universiteti M\u0259rake\u015fin Fes \u015f\u0259h\u0259rind\u0259 yerl\u0259\u015f\u0259n M\u00fcs\u0259lman \u018fl Qarauin universitetidir. Bu ali t\u0259hsil oca\u011f\u0131 859-cu ild\u0259 yarad\u0131l\u0131b.\n2. Bu m\u0259ntiqli olaraq Hindistan\u0131n Lukanu \u015f\u0259h\u0259rind\u0259 Montessori m\u0259kt\u0259bidir. 2003-c\u00fc ild\u0259 m\u0259kt\u0259bd\u0259 27 911 \u015fagird qeydiyyata al\u0131n\u0131...<\/p><\/div><div class=\"clear\"><\/div><div class=\"bottom like-on comment-on\"><div class=\"col\"><a href=\"#\" class=\"zilla-likes\" id=\"zilla-likes-138899\" title=\"Like this\" data-postfix=\" like\"><i class=\"multimedia-icon-heart\"><\/i> <span>0 likes<\/span><\/a><\/div><div class=\"col\"><i class=\"multimedia-icon-speech-bubble-1\"><\/i> <a href=\"https:\/\/eddeglobal.az\/en\/2018\/12\/28\/tehsil-ve-telim-haqqinda-bilmediyiniz-faktlar\/#comments\">No Comments<\/a><\/div><\/div><\/div><\/article><article class=\"blog-item  category-1 with-image col-12\"><div class=\"wrap\"><div class=\"img\" data-original=\"https:\/\/eddeglobal.az\/wp-content\/uploads\/2018\/12\/ales-nedir-eddeglobal-az.jpg\"><a href=\"https:\/\/eddeglobal.az\/en\/2018\/12\/28\/ales-nedir\/\" style=\"background-image: url(https:\/\/eddeglobal.az\/wp-content\/uploads\/2018\/12\/ales-nedir-eddeglobal-az.jpg);\"><\/a><\/div><div class=\"content\"><h5><a href=\"https:\/\/eddeglobal.az\/en\/2018\/12\/28\/ales-nedir\/\">ALES n\u0259dir?<\/a><\/h5><div class=\"date\">28 December 2018<\/div><p>\n\nALES (Akademik personel ve Lisans\u00fcst\u00fc E\u011fitime giri\u015f S\u0131nav\u0131) T\u00fcrkiy\u0259d\u0259 magistr v\u0259 doktorantura t\u0259hsili almaq ist\u0259y\u0259n \u015f\u0259xsl\u0259r \u00fc\u00e7\u00fcn haz\u0131rla\u015fmal\u0131 olduqlar\u0131 \u0259n vacib imtahand\u0131r. \u0130ld\u0259 noyabr v\u0259 may olmaqla iki d\u0259f\u0259 ke\u00e7irilir. Riyaziyyat v\u0259 T\u00fcrkc\u0259d\u0259n ibar\u0259t olmaqda \u00fcmumilikd\u0259 160 sual\u0131 \u0259hat\u0259 edir. Lakin siz ixtisas\u0131n\u0131zdan as\u0131l\u0131 olaraq bu suallardan 120-i 3 saat \u0259rzind\u0259 cavabland\u0131rmal\u0131s\u0131n\u0131z. \u0130xtisasdan as\u0131l\u0131 olaraq dey\u0259rk\u0259n n\u0259z\u0259rd\u0259 tutual budur, y\u0259ni \u0259g\u0259...<\/p><\/div><div class=\"clear\"><\/div><div class=\"bottom like-on comment-on\"><div class=\"col\"><a href=\"#\" class=\"zilla-likes\" id=\"zilla-likes-138901\" title=\"Like this\" data-postfix=\" like\"><i class=\"multimedia-icon-heart\"><\/i> <span>0 likes<\/span><\/a><\/div><div class=\"col\"><i class=\"multimedia-icon-speech-bubble-1\"><\/i> <a href=\"https:\/\/eddeglobal.az\/en\/2018\/12\/28\/ales-nedir\/#comments\">No Comments<\/a><\/div><\/div><\/div><\/article><article class=\"blog-item  category-1 with-image col-12\"><div class=\"wrap\"><div class=\"img\" data-original=\"https:\/\/eddeglobal.az\/wp-content\/uploads\/2021\/03\/IMG-20210311-WA0004.jpg\"><a href=\"https:\/\/eddeglobal.az\/en\/2021\/03\/11\/attestatla-turkiyede-tehsil\/\" style=\"background-image: url(https:\/\/eddeglobal.az\/wp-content\/uploads\/2021\/03\/IMG-20210311-WA0004.jpg);\"><\/a><\/div><div class=\"content\"><h5><a href=\"https:\/\/eddeglobal.az\/en\/2021\/03\/11\/attestatla-turkiyede-tehsil\/\">ATTESTATLA T\u00dcRK\u0130Y\u018fD\u018f T\u018fHS\u0130L<\/a><\/h5><div class=\"date\">11 March 2021<\/div><p>Attestatla T\u00fcrkiy\u0259d\u0259 t\u0259hsil m\u00fcmk\u00fcnd\u00fcrm\u00fc?\n\nAttestatla T\u00fcrkiy\u0259d\u0259 t\u0259hsil \u00fc\u00e7\u00fcn m\u00fcraci\u0259t ed\u0259nl\u0259rin say\u0131 ild\u0259n- il\u0259 artmaqdad\u0131r. T\u00fcrkiy\u0259 son ill\u0259rd\u0259 t\u0259hsil sah\u0259sind\u0259 d\u00fcnyada \u0259h\u0259miyy\u0259tli bir \u00f6lk\u0259 hal\u0131na g\u0259lmi\u015fdir. \u015eagirdl\u0259r\u0259 verdiyi imkanlar, t\u0259hsil keyfiyy\u0259tini g\u00fcnd\u0259n-g\u00fcn\u0259 art\u0131r\u0131lmas\u0131 v\u0259 ya\u015fay\u0131\u015f s\u0259viyy\u0259sininin art\u0131r\u0131lmas\u0131, t\u0259hsili almaq \u00fc\u00e7\u00fcn xarici t\u0259l\u0259b\u0259l\u0259rin T\u00fcrkiy\u0259ni se\u00e7ilm\u0259sin\u0259 t\u0259sir g\u00f6st\u0259r\u0259n amill\u0259r aras\u0131ndad\u0131r. Attestatla T\u00fcrkiy\u0259d\u0259 t\u0259hsil \u00fc\u00e7\u00fcn xari...<\/p><\/div><div class=\"clear\"><\/div><div class=\"bottom like-on comment-on\"><div class=\"col\"><a href=\"#\" class=\"zilla-likes\" id=\"zilla-likes-139280\" title=\"Like this\" data-postfix=\" like\"><i class=\"multimedia-icon-heart\"><\/i> <span>0 likes<\/span><\/a><\/div><div class=\"col\"><i class=\"multimedia-icon-speech-bubble-1\"><\/i> <a href=\"https:\/\/eddeglobal.az\/en\/2021\/03\/11\/attestatla-turkiyede-tehsil\/#comments\">No Comments<\/a><\/div><\/div><\/div><\/article><article class=\"blog-item  category-1 with-image col-12\"><div class=\"wrap\"><div class=\"img\" data-original=\"https:\/\/eddeglobal.az\/wp-content\/uploads\/2018\/12\/eddeglobal-az-1.png\"><a href=\"https:\/\/eddeglobal.az\/en\/2021\/03\/15\/turkiyedeki-dovlet-universitetleri\/\" style=\"background-image: url(https:\/\/eddeglobal.az\/wp-content\/uploads\/2018\/12\/eddeglobal-az-1.png);\"><\/a><\/div><div class=\"content\"><h5><a href=\"https:\/\/eddeglobal.az\/en\/2021\/03\/15\/turkiyedeki-dovlet-universitetleri\/\">T\u00dcRK\u0130Y\u018fD\u018fK\u0130 D\u00d6VL\u018fT UN\u0130VERS\u0130TETL\u018fR\u0130<\/a><\/h5><div class=\"date\">15 March 2021<\/div><p>T\u00fcrkiy\u0259d\u0259ki D\u00f6vl\u0259t Universitetl\u0259ri hans\u0131lard\u0131r?\n&nbsp;\n\n\n\nT\u00fcrkiy\u0259d\u0259ki d\u00f6vl\u0259t \u00fcniversitetl\u0259ri \u00a0haqq\u0131nda sizinl\u0259 \u0259trafl\u0131 m\u0259lumat payla\u015faca\u011f\u0131q \u0259ziz eddeglobal.az\/ izl\u0259yicil\u0259ri. Bu m\u00f6vzunu se\u00e7m\u0259kd\u0259 m\u0259qs\u0259dimiz abturiyentl\u0259rin T\u00fcrkiy\u0259d\u0259 t\u0259hsil il\u0259 maraqland\u0131qlar\u0131 zaman ilk \u0259vv\u0259l verdiyi suallardan biri - \u201cDiplomu Az\u0259rbaycanda tan\u0131n\u0131rm\u0131\u201d sual\u0131 oldu. T\u00fcrkiy\u0259d\u0259ki d\u00f6vl\u0259t \u00fcniversitetl\u0259rinin diplomlar\u0131 Az\u0259rbaycanda tan\u0131n\u0131r.\n\n \tD\u00f6vl\u0259t universiteti - he\u00e7 bir fon...<\/p><\/div><div class=\"clear\"><\/div><div class=\"bottom like-on comment-on\"><div class=\"col\"><a href=\"#\" class=\"zilla-likes\" id=\"zilla-likes-139290\" title=\"Like this\" data-postfix=\" like\"><i class=\"multimedia-icon-heart\"><\/i> <span>0 likes<\/span><\/a><\/div><div class=\"col\"><i class=\"multimedia-icon-speech-bubble-1\"><\/i> <a href=\"https:\/\/eddeglobal.az\/en\/2021\/03\/15\/turkiyedeki-dovlet-universitetleri\/#comments\">No Comments<\/a><\/div><\/div><\/div><\/article><article class=\"blog-item  category-1 col-12\"><div class=\"wrap\"><div class=\"content\"><h5><a href=\"https:\/\/eddeglobal.az\/en\/2021\/04\/08\/turkiy%c9%99d%c9%99-%c9%99n-cox-secil%c9%99n-universitet-v%c9%99-ixtisaslar\/\">T\u00fcrkiy\u0259d\u0259 \u0259n \u00e7ox se\u00e7il\u0259n universitet v\u0259 ixtisaslar<\/a><\/h5><div class=\"date\">8 April 2021<\/div><p>T\u00fcrkiy\u0259d\u0259 \u0259n \u00e7ox se\u00e7il\u0259n universitet v\u0259 ixtisaslar hans\u0131lard\u0131r?\n&nbsp;\n\n\n\n&nbsp;\n\nT\u00fcrkiy\u0259d\u0259 \u0259n \u00e7ox se\u00e7il\u0259n universitetl\u0259r?\u00a0Universitetl\u0259rin \u0259n \u00e7ox se\u00e7il\u0259n bakalavr ixtisaslar\u0131 hans\u0131lard\u0131r? D\u00f6rd illik fak\u00fclt\u0259l\u0259r aras\u0131nda t\u0259l\u0259b\u0259l\u0259r hans\u0131 universitet ixtisaslar\u0131n\u0131 se\u00e7irl\u0259r?\n\u018fn \u00e7ox se\u00e7il\u0259n universitetl\u0259r\nT\u00fcrkiy\u0259d\u0259ki b\u0259zi universitetl\u0259rin y\u00fcks\u0259k marka d\u0259y\u0259rin\u0259 sahib olmas\u0131, hey\u0259tind\u0259 ixtisasl\u0131 akademikl\u0259rin olmas\u0131, t\u0259l\u0259b\u0259l\u0259ri \u00fc\u00e7\u00fcn bir \u00e7ox sosial imkan\u0131n...<\/p><\/div><div class=\"clear\"><\/div><div class=\"bottom like-on comment-on\"><div class=\"col\"><a href=\"#\" class=\"zilla-likes\" id=\"zilla-likes-139321\" title=\"Like this\" data-postfix=\" like\"><i class=\"multimedia-icon-heart\"><\/i> <span>0 likes<\/span><\/a><\/div><div class=\"col\"><i class=\"multimedia-icon-speech-bubble-1\"><\/i> <a href=\"https:\/\/eddeglobal.az\/en\/2021\/04\/08\/turkiy%c9%99d%c9%99-%c9%99n-cox-secil%c9%99n-universitet-v%c9%99-ixtisaslar\/#comments\">No Comments<\/a><\/div><\/div><\/div><\/article><article class=\"blog-item  category-1 with-image col-12\"><div class=\"wrap\"><div class=\"img\" data-original=\"https:\/\/eddeglobal.az\/wp-content\/uploads\/2018\/12\/isvech-eddeglobal-az.jpeg\"><a href=\"https:\/\/eddeglobal.az\/en\/2023\/09\/05\/isvecd%c9%99-iqtisadiyyat-t%c9%99l%c9%99b%c9%99l%c9%99ri-ucun-bakalavr-v%c9%99-magistratura-uzr%c9%99-kreditkortval-t%c9%99qaud-proqrami\/\" style=\"background-image: url(https:\/\/eddeglobal.az\/wp-content\/uploads\/2018\/12\/isvech-eddeglobal-az.jpeg);\"><\/a><\/div><div class=\"content\"><h5><a href=\"https:\/\/eddeglobal.az\/en\/2023\/09\/05\/isvecd%c9%99-iqtisadiyyat-t%c9%99l%c9%99b%c9%99l%c9%99ri-ucun-bakalavr-v%c9%99-magistratura-uzr%c9%99-kreditkortval-t%c9%99qaud-proqrami\/\">\u0130sve\u00e7d\u0259 iqtisadiyyat t\u0259l\u0259b\u0259l\u0259ri \u00fc\u00e7\u00fcn bakalavr v\u0259 magistratura \u00fczr\u0259 Kreditkortval T\u0259qa\u00fcd Proqram\u0131.<\/a><\/h5><div class=\"date\">5 September 2023<\/div><p>&nbsp;\n\n\n\nUniversity: Swedish Collage or University\n\nScholarship coverage: 5,000 SEK\n\nDegree level: Bachelor, Masters\n\nAward country: Sweden\n\nDeadline: October 31, 2023\n\n&nbsp;\nHow the Scholarship Program Works\nThe scholarship is worth 5,000 SEK and will be awarded once during the autumn semester and once during the spring semester for the next few years.\n\nThey welcome applications from anyone interested who can confirm that they are enrolled at a ...<\/p><\/div><div class=\"clear\"><\/div><div class=\"bottom like-on comment-on\"><div class=\"col\"><a href=\"#\" class=\"zilla-likes\" id=\"zilla-likes-139371\" title=\"Like this\" data-postfix=\" like\"><i class=\"multimedia-icon-heart\"><\/i> <span>0 likes<\/span><\/a><\/div><div class=\"col\"><i class=\"multimedia-icon-speech-bubble-1\"><\/i> <a href=\"https:\/\/eddeglobal.az\/en\/2023\/09\/05\/isvecd%c9%99-iqtisadiyyat-t%c9%99l%c9%99b%c9%99l%c9%99ri-ucun-bakalavr-v%c9%99-magistratura-uzr%c9%99-kreditkortval-t%c9%99qaud-proqrami\/#comments\">No Comments<\/a><\/div><\/div><\/div><\/article><article class=\"blog-item  category-1 with-image col-12\"><div class=\"wrap\"><div class=\"img\" data-original=\"https:\/\/eddeglobal.az\/wp-content\/uploads\/2023\/09\/denmark.jpg\"><a href=\"https:\/\/eddeglobal.az\/en\/2023\/09\/06\/danimarkada-2024-25-ci-t%c9%99dris-ili-ucun-magistratura-uzr%c9%99-danish-government-t%c9%99qaudu\/\" style=\"background-image: url(https:\/\/eddeglobal.az\/wp-content\/uploads\/2023\/09\/denmark.jpg);\"><\/a><\/div><div class=\"content\"><h5><a href=\"https:\/\/eddeglobal.az\/en\/2023\/09\/06\/danimarkada-2024-25-ci-t%c9%99dris-ili-ucun-magistratura-uzr%c9%99-danish-government-t%c9%99qaudu\/\">Danimarkada 2024-25-ci t\u0259dris ili \u00fc\u00e7\u00fcn magistratura \u00fczr\u0259 Danish Government T\u0259qa\u00fcd\u00fc.<\/a><\/h5><div class=\"date\">6 September 2023<\/div><p>\n\nUniversity: University of Southern Denmark\n\nDegree level: Masters\n\nScholarship coverage: Tuition Fee + Stipend\n\nEligible nationality: All Nationalities\n\nAward Country: Denmark\n\nDeadline: February 1, 2024\n\n&nbsp;\nDan\u0131sh Government Scholarsh\u0131p\nThe University of Southern Denmark offers the Danish Government Scholarship \u2013 supported by the Ministry of Higher Education and Science - to certain applicants in recognition of the important investment that ...<\/p><\/div><div class=\"clear\"><\/div><div class=\"bottom like-on comment-on\"><div class=\"col\"><a href=\"#\" class=\"zilla-likes\" id=\"zilla-likes-139388\" title=\"Like this\" data-postfix=\" like\"><i class=\"multimedia-icon-heart\"><\/i> <span>0 likes<\/span><\/a><\/div><div class=\"col\"><i class=\"multimedia-icon-speech-bubble-1\"><\/i> <a href=\"https:\/\/eddeglobal.az\/en\/2023\/09\/06\/danimarkada-2024-25-ci-t%c9%99dris-ili-ucun-magistratura-uzr%c9%99-danish-government-t%c9%99qaudu\/#comments\">No Comments<\/a><\/div><\/div><\/div><\/article><article class=\"blog-item  category-1 with-image col-12\"><div class=\"wrap\"><div class=\"img\" data-original=\"https:\/\/eddeglobal.az\/wp-content\/uploads\/2023\/09\/Ireland.jpg\"><a href=\"https:\/\/eddeglobal.az\/en\/2023\/09\/07\/irlandiya-hokum%c9%99tinin-2024-25-ci-t%c9%99dris-ili-ucun-magistratura-v%c9%99-doktorantura-uzr%c9%99-t%c9%99qaud-proqrami\/\" style=\"background-image: url(https:\/\/eddeglobal.az\/wp-content\/uploads\/2023\/09\/Ireland.jpg);\"><\/a><\/div><div class=\"content\"><h5><a href=\"https:\/\/eddeglobal.az\/en\/2023\/09\/07\/irlandiya-hokum%c9%99tinin-2024-25-ci-t%c9%99dris-ili-ucun-magistratura-v%c9%99-doktorantura-uzr%c9%99-t%c9%99qaud-proqrami\/\">\u0130rlandiya H\u00f6kum\u0259tinin 2024-25-ci t\u0259dris ili \u00fc\u00e7\u00fcn magistratura v\u0259 doktorantura \u00fczr\u0259 T\u0259qa\u00fcd Proqram\u0131.<\/a><\/h5><div class=\"date\">7 September 2023<\/div><p>&nbsp;\n\n\n\nUniversity: Irish Universities\n\nProvided by: Government of Ireland\n\nDegree level: Masters, PhD, Post Doc\n\nScholarship coverage: Fully Funded\n\nEligible nationality: All Nationalities\n\nAward Country: Ireland\n\nDeadline: October 12, 2023\n\n&nbsp;\nF\u0131nanc\u0131al Benef\u0131ts\nGovernment of Ireland Scholarships 2024 in Ireland for International Students will provide all the expenses to complete your degree from Irish Universities. Details of the funding i...<\/p><\/div><div class=\"clear\"><\/div><div class=\"bottom like-on comment-on\"><div class=\"col\"><a href=\"#\" class=\"zilla-likes\" id=\"zilla-likes-139398\" title=\"Like this\" data-postfix=\" like\"><i class=\"multimedia-icon-heart\"><\/i> <span>0 likes<\/span><\/a><\/div><div class=\"col\"><i class=\"multimedia-icon-speech-bubble-1\"><\/i> <a href=\"https:\/\/eddeglobal.az\/en\/2023\/09\/07\/irlandiya-hokum%c9%99tinin-2024-25-ci-t%c9%99dris-ili-ucun-magistratura-v%c9%99-doktorantura-uzr%c9%99-t%c9%99qaud-proqrami\/#comments\">No Comments<\/a><\/div><\/div><\/div><\/article><\/div><div class=\"load-button tac\"><a href=\"#\" data-array=\"[{&quot;id&quot;:139410,&quot;cat&quot;:[1]},{&quot;id&quot;:139416,&quot;cat&quot;:[1]},{&quot;id&quot;:139421,&quot;cat&quot;:[1]},{&quot;id&quot;:139444,&quot;cat&quot;:[1]},{&quot;id&quot;:139449,&quot;cat&quot;:[1]},{&quot;id&quot;:139456,&quot;cat&quot;:[1]},{&quot;id&quot;:139468,&quot;cat&quot;:[1]},{&quot;id&quot;:139477,&quot;cat&quot;:[1]},{&quot;id&quot;:139489,&quot;cat&quot;:[1]},{&quot;id&quot;:139516,&quot;cat&quot;:[1]},{&quot;id&quot;:139520,&quot;cat&quot;:[1]},{&quot;id&quot;:139525,&quot;cat&quot;:[1]},{&quot;id&quot;:139533,&quot;cat&quot;:[1]},{&quot;id&quot;:139536,&quot;cat&quot;:[1]},{&quot;id&quot;:139539,&quot;cat&quot;:[1]},{&quot;id&quot;:139542,&quot;cat&quot;:[1]},{&quot;id&quot;:139545,&quot;cat&quot;:[1]},{&quot;id&quot;:139548,&quot;cat&quot;:[1]},{&quot;id&quot;:139552,&quot;cat&quot;:[1]},{&quot;id&quot;:139555,&quot;cat&quot;:[1]},{&quot;id&quot;:139558,&quot;cat&quot;:[1]},{&quot;id&quot;:139562,&quot;cat&quot;:[1]},{&quot;id&quot;:139565,&quot;cat&quot;:[1]},{&quot;id&quot;:139568,&quot;cat&quot;:[1]},{&quot;id&quot;:139571,&quot;cat&quot;:[1]},{&quot;id&quot;:139574,&quot;cat&quot;:[1]},{&quot;id&quot;:139587,&quot;cat&quot;:[1]},{&quot;id&quot;:139590,&quot;cat&quot;:[1]},{&quot;id&quot;:139593,&quot;cat&quot;:[1]},{&quot;id&quot;:139606,&quot;cat&quot;:[1]},{&quot;id&quot;:139609,&quot;cat&quot;:[1]},{&quot;id&quot;:139612,&quot;cat&quot;:[1]},{&quot;id&quot;:139615,&quot;cat&quot;:[1]},{&quot;id&quot;:139618,&quot;cat&quot;:[1]},{&quot;id&quot;:140032,&quot;cat&quot;:[17]},{&quot;id&quot;:140042,&quot;cat&quot;:[17]},{&quot;id&quot;:140047,&quot;cat&quot;:[17]},{&quot;id&quot;:140051,&quot;cat&quot;:[17]},{&quot;id&quot;:140055,&quot;cat&quot;:[17]},{&quot;id&quot;:3595,&quot;cat&quot;:[1]},{&quot;id&quot;:140524,&quot;cat&quot;:[140]}]\" data-count=\"9\" data-atts=\"{&quot;uniqid&quot;:&quot;59bfa5cd550aa&quot;,&quot;count_items&quot;:&quot;9&quot;,&quot;type&quot;:&quot;horizontal&quot;,&quot;cols&quot;:&quot;3&quot;,&quot;desc_size&quot;:&quot;230&quot;,&quot;filter_buttons&quot;:&quot;off&quot;,&quot;filter_buttons_align&quot;:&quot;tac&quot;,&quot;navigation&quot;:&quot;load_more&quot;,&quot;show_image&quot;:&quot;on&quot;,&quot;show_date&quot;:&quot;on&quot;,&quot;show_heading&quot;:&quot;on&quot;,&quot;show_desc&quot;:&quot;on&quot;,&quot;show_like&quot;:&quot;on&quot;,&quot;show_comments&quot;:&quot;on&quot;,&quot;show_read_more&quot;:&quot;off&quot;,&quot;show_author&quot;:&quot;off&quot;,&quot;orderby&quot;:&quot;post__in&quot;,&quot;order&quot;:&quot;ASC&quot;,&quot;source&quot;:&quot;&quot;,&quot;items&quot;:&quot;&quot;,&quot;categories&quot;:&quot;&quot;,&quot;id&quot;:139398}\" class=\"button-style1 loadmore-button\"><span>Load More<\/span><\/a><\/div><\/div>[\/vc_column][\/vc_row]<\/p>\n<\/div>","protected":false},"excerpt":{"rendered":"<p>[vc_row][vc_column][\/vc_column][\/vc_row]<\/p>\n","protected":false},"author":1,"featured_media":0,"parent":0,"menu_order":0,"comment_status":"closed","ping_status":"closed","template":"template-with-sidebar.php","meta":{"_acf_changed":false,"footnotes":""},"class_list":["post-1276","page","type-page","status-publish","hentry"],"acf":[],"_links":{"self":[{"href":"https:\/\/eddeglobal.az\/en\/wp-json\/wp\/v2\/pages\/1276","targetHints":{"allow":["GET"]}}],"collection":[{"href":"https:\/\/eddeglobal.az\/en\/wp-json\/wp\/v2\/pages"}],"about":[{"href":"https:\/\/eddeglobal.az\/en\/wp-json\/wp\/v2\/types\/page"}],"author":[{"embeddable":true,"href":"https:\/\/eddeglobal.az\/en\/wp-json\/wp\/v2\/users\/1"}],"replies":[{"embeddable":true,"href":"https:\/\/eddeglobal.az\/en\/wp-json\/wp\/v2\/comments?post=1276"}],"version-history":[{"count":3,"href":"https:\/\/eddeglobal.az\/en\/wp-json\/wp\/v2\/pages\/1276\/revisions"}],"predecessor-version":[{"id":140471,"href":"https:\/\/eddeglobal.az\/en\/wp-json\/wp\/v2\/pages\/1276\/revisions\/140471"}],"wp:attachment":[{"href":"https:\/\/eddeglobal.az\/en\/wp-json\/wp\/v2\/media?parent=1276"}],"curies":[{"name":"wp","href":"https:\/\/api.w.org\/{rel}","templated":true}]}}