{"id":140545,"date":"2025-12-18T10:21:12","date_gmt":"2025-12-18T10:21:12","guid":{"rendered":"https:\/\/eddeglobal.az\/?page_id=140545"},"modified":"2025-12-18T10:32:13","modified_gmt":"2025-12-18T10:32:13","slug":"ixtisas-secimi-testi","status":"publish","type":"page","link":"https:\/\/eddeglobal.az\/en\/ixtisas-secimi-testi\/","title":{"rendered":"\u0130xtisas se\u00e7imi testi"},"content":{"rendered":"<div class=\"wpb-content-wrapper\"><p>[vc_row][vc_column][vc_column_text]\u0130xtisas se\u00e7imi prosesin\u0259 ba\u015flamazdan \u0259vv\u0259l m\u00fcvafiq forman\u0131 doldurma\u011f\u0131n\u0131z xahi\u015f olunur. Formu tamamlad\u0131qdan sonra \u0259m\u0259kda\u015fl\u0131q etdiyimiz TC \u00dcsk\u00fcdar Universitetinin r\u0259smi ixtisas se\u00e7imi testin\u0259 y\u00f6nl\u0259ndiril\u0259c\u0259ksiniz.[\/vc_column_text][\/vc_column][\/vc_row][vc_row][vc_column]\n<div class=\"wpcf7 no-js\" id=\"wpcf7-f140544-o1\" lang=\"en-US\" dir=\"ltr\" data-wpcf7-id=\"140544\">\n<div class=\"screen-reader-response\"><p role=\"status\" aria-live=\"polite\" aria-atomic=\"true\"><\/p> <ul><\/ul><\/div>\n<form action=\"\/en\/wp-json\/wp\/v2\/pages\/140545#wpcf7-f140544-o1\" method=\"post\" class=\"wpcf7-form init\" aria-label=\"Contact form\" novalidate=\"novalidate\" data-status=\"init\">\n<fieldset class=\"hidden-fields-container\"><input type=\"hidden\" name=\"_wpcf7\" value=\"140544\" \/><input type=\"hidden\" name=\"_wpcf7_version\" value=\"6.1.3\" \/><input type=\"hidden\" name=\"_wpcf7_locale\" value=\"en_US\" \/><input type=\"hidden\" name=\"_wpcf7_unit_tag\" value=\"wpcf7-f140544-o1\" \/><input type=\"hidden\" name=\"_wpcf7_container_post\" value=\"0\" \/><input type=\"hidden\" name=\"_wpcf7_posted_data_hash\" value=\"\" \/>\n<\/fieldset>\n<div class=\"tac\" style=\"max-width: 600px; margin: 0 auto;\">\n\n<label>\nAd\u0131n\u0131z\n<span class=\"wpcf7-form-control-wrap\" data-name=\"your-name\"><input size=\"40\" maxlength=\"400\" class=\"wpcf7-form-control wpcf7-text wpcf7-validates-as-required style3\" autocomplete=\"name\" aria-required=\"true\" aria-invalid=\"false\" placeholder=\"Ad\u0131n\u0131z\" value=\"\" type=\"text\" name=\"your-name\" \/><\/span>\n<\/label>\n\n<label>\nE-po\u00e7t  \n<span class=\"wpcf7-form-control-wrap\" data-name=\"your-email\"><input size=\"40\" maxlength=\"400\" class=\"wpcf7-form-control wpcf7-email wpcf7-validates-as-required wpcf7-text wpcf7-validates-as-email style3\" autocomplete=\"email\" aria-required=\"true\" aria-invalid=\"false\" placeholder=\"E-po\u00e7tunuz\" value=\"\" type=\"email\" name=\"your-email\" \/><\/span>\n<\/label>\n\n<label>\nN\u00f6mr\u0259\n<span class=\"wpcf7-form-control-wrap\" data-name=\"Nomre\"><input size=\"40\" maxlength=\"400\" class=\"wpcf7-form-control wpcf7-tel wpcf7-text wpcf7-validates-as-tel style3\" aria-invalid=\"false\" placeholder=\"+994 XX XXX XX XX\" value=\"\" type=\"tel\" name=\"Nomre\" \/><\/span>\n<\/label>\n\n<div style=\"margin-top: 15px; text-align:right;\">\n<input class=\"wpcf7-form-control wpcf7-submit has-spinner button-style1\" type=\"submit\" value=\"G\u00f6nd\u0259r\" \/>\n\n<\/div>\n\n<\/div><div class=\"wpcf7-response-output\" aria-hidden=\"true\"><\/div>\n<\/form>\n<\/div>\n[\/vc_column][\/vc_row]<\/p>\n<\/div>","protected":false},"excerpt":{"rendered":"<p>[vc_row][vc_column][vc_column_text]\u0130xtisas se\u00e7imi prosesin\u0259 ba\u015flamazdan \u0259vv\u0259l m\u00fcvafiq forman\u0131 doldurma\u011f\u0131n\u0131z xahi\u015f olunur. Formu tamamlad\u0131qdan sonra \u0259m\u0259kda\u015fl\u0131q etdiyimiz TC \u00dcsk\u00fcdar Universitetinin r\u0259smi ixtisas se\u00e7imi testin\u0259 y\u00f6nl\u0259ndiril\u0259c\u0259ksiniz.[\/vc_column_text][\/vc_column][\/vc_row][vc_row][vc_column][\/vc_column][\/vc_row]<\/p>\n","protected":false},"author":1,"featured_media":0,"parent":0,"menu_order":0,"comment_status":"closed","ping_status":"closed","template":"","meta":{"_acf_changed":false,"footnotes":""},"class_list":["post-140545","page","type-page","status-publish","hentry"],"acf":[],"_links":{"self":[{"href":"https:\/\/eddeglobal.az\/en\/wp-json\/wp\/v2\/pages\/140545","targetHints":{"allow":["GET"]}}],"collection":[{"href":"https:\/\/eddeglobal.az\/en\/wp-json\/wp\/v2\/pages"}],"about":[{"href":"https:\/\/eddeglobal.az\/en\/wp-json\/wp\/v2\/types\/page"}],"author":[{"embeddable":true,"href":"https:\/\/eddeglobal.az\/en\/wp-json\/wp\/v2\/users\/1"}],"replies":[{"embeddable":true,"href":"https:\/\/eddeglobal.az\/en\/wp-json\/wp\/v2\/comments?post=140545"}],"version-history":[{"count":3,"href":"https:\/\/eddeglobal.az\/en\/wp-json\/wp\/v2\/pages\/140545\/revisions"}],"predecessor-version":[{"id":140549,"href":"https:\/\/eddeglobal.az\/en\/wp-json\/wp\/v2\/pages\/140545\/revisions\/140549"}],"wp:attachment":[{"href":"https:\/\/eddeglobal.az\/en\/wp-json\/wp\/v2\/media?parent=140545"}],"curies":[{"name":"wp","href":"https:\/\/api.w.org\/{rel}","templated":true}]}}