{"id":140701,"date":"2026-03-16T13:57:09","date_gmt":"2026-03-16T13:57:09","guid":{"rendered":"https:\/\/eddeglobal.az\/?page_id=140701"},"modified":"2026-03-17T15:19:45","modified_gmt":"2026-03-17T15:19:45","slug":"dil-sertifikati-ile-amerikada-tehsil","status":"publish","type":"page","link":"https:\/\/eddeglobal.az\/en\/dil-sertifikati-ile-amerikada-tehsil\/","title":{"rendered":"Dil sertifikat\u0131 il\u0259 Amerikada t\u0259hsil"},"content":{"rendered":"<div class=\"wpb-content-wrapper\"><p>[vc_row][vc_column][vc_column_text css=&#8221;&#8221;]Dil sertifikat\u0131 il\u0259 Amerikada t\u0259hsil almaq ist\u0259y\u0259n t\u0259l\u0259b\u0259l\u0259r \u00fc\u00e7\u00fcn bir \u00e7ox imkan m\u00f6vcuddur. AB\u015e universitetl\u0259ri beyn\u0259lxalq t\u0259l\u0259b\u0259l\u0259rd\u0259n ingilis dili biliyini t\u0259sdiql\u0259y\u0259n sertifikat t\u0259l\u0259b edir. Bu sertifikatlar aras\u0131nda IELTS, TOEFL v\u0259 Duolingo geni\u015f istifad\u0259 olunur. Dil sertifikat\u0131 il\u0259 Amerikada t\u0259hsil almaq \u00fc\u00e7\u00fcn t\u0259l\u0259b\u0259l\u0259r uy\u011fun bal toplamal\u0131d\u0131r. Ad\u0259t\u0259n bakalavr proqramlar\u0131 \u00fc\u00e7\u00fcn minimum t\u0259l\u0259bl\u0259r bir q\u0259d\u0259r a\u015fa\u011f\u0131 olur. Magistr proqramlar\u0131nda is\u0259 daha y\u00fcks\u0259k n\u0259tic\u0259 t\u0259l\u0259b oluna bil\u0259r. B\u0259zi universitetl\u0259r a\u015fa\u011f\u0131 bal il\u0259 \u015f\u0259rti q\u0259bul da t\u0259klif edir. Bu halda t\u0259l\u0259b\u0259l\u0259r \u0259vv\u0259lc\u0259 dil proqram\u0131nda i\u015ftirak edir. AB\u015e-da t\u0259hsil sistemi \u00e7evik v\u0259 geni\u015f imkanlara malikdir. T\u0259l\u0259b\u0259l\u0259r h\u0259m t\u0259hsil, h\u0259m d\u0259 praktiki t\u0259cr\u00fcb\u0259 qazana bilirl\u0259r. Bundan \u0259lav\u0259, m\u00fcxt\u0259lif t\u0259qa\u00fcd proqramlar\u0131 da m\u00f6vcuddur. Universitet se\u00e7imi zaman\u0131 proqram\u0131n t\u0259l\u0259bl\u0259rini yoxlamaq vacibdir. D\u00fczg\u00fcn se\u00e7im g\u0259l\u0259c\u0259k karyera \u00fc\u00e7\u00fcn \u00f6n\u0259mli rol oynay\u0131r. AB\u015e-da t\u0259hsil beyn\u0259lxalq t\u0259cr\u00fcb\u0259 qazanmaq \u00fc\u00e7\u00fcn yax\u015f\u0131 f\u00fcrs\u0259tdir.[\/vc_column_text][\/vc_column][\/vc_row]<\/p>\n<\/div>","protected":false},"excerpt":{"rendered":"<p>[vc_row][vc_column][vc_column_text css=&#8221;&#8221;]Dil sertifikat\u0131 il\u0259 Amerikada t\u0259hsil almaq ist\u0259y\u0259n t\u0259l\u0259b\u0259l\u0259r \u00fc\u00e7\u00fcn bir \u00e7ox imkan m\u00f6vcuddur. AB\u015e universitetl\u0259ri beyn\u0259lxalq t\u0259l\u0259b\u0259l\u0259rd\u0259n ingilis dili biliyini t\u0259sdiql\u0259y\u0259n sertifikat t\u0259l\u0259b edir. Bu sertifikatlar aras\u0131nda IELTS, TOEFL v\u0259 Duolingo geni\u015f istifad\u0259 olunur. Dil sertifikat\u0131 il\u0259 Amerikada t\u0259hsil almaq \u00fc\u00e7\u00fcn t\u0259l\u0259b\u0259l\u0259r uy\u011fun bal toplamal\u0131d\u0131r. Ad\u0259t\u0259n bakalavr proqramlar\u0131 \u00fc\u00e7\u00fcn minimum t\u0259l\u0259bl\u0259r bir q\u0259d\u0259r a\u015fa\u011f\u0131 [&hellip;]<\/p>\n","protected":false},"author":1,"featured_media":0,"parent":0,"menu_order":0,"comment_status":"closed","ping_status":"closed","template":"","meta":{"_acf_changed":false,"footnotes":""},"class_list":["post-140701","page","type-page","status-publish","hentry"],"acf":[],"_links":{"self":[{"href":"https:\/\/eddeglobal.az\/en\/wp-json\/wp\/v2\/pages\/140701","targetHints":{"allow":["GET"]}}],"collection":[{"href":"https:\/\/eddeglobal.az\/en\/wp-json\/wp\/v2\/pages"}],"about":[{"href":"https:\/\/eddeglobal.az\/en\/wp-json\/wp\/v2\/types\/page"}],"author":[{"embeddable":true,"href":"https:\/\/eddeglobal.az\/en\/wp-json\/wp\/v2\/users\/1"}],"replies":[{"embeddable":true,"href":"https:\/\/eddeglobal.az\/en\/wp-json\/wp\/v2\/comments?post=140701"}],"version-history":[{"count":3,"href":"https:\/\/eddeglobal.az\/en\/wp-json\/wp\/v2\/pages\/140701\/revisions"}],"predecessor-version":[{"id":140898,"href":"https:\/\/eddeglobal.az\/en\/wp-json\/wp\/v2\/pages\/140701\/revisions\/140898"}],"wp:attachment":[{"href":"https:\/\/eddeglobal.az\/en\/wp-json\/wp\/v2\/media?parent=140701"}],"curies":[{"name":"wp","href":"https:\/\/api.w.org\/{rel}","templated":true}]}}