{"id":140706,"date":"2026-03-16T20:07:54","date_gmt":"2026-03-16T20:07:54","guid":{"rendered":"https:\/\/eddeglobal.az\/?page_id=140706"},"modified":"2026-03-23T11:51:31","modified_gmt":"2026-03-23T11:51:31","slug":"litvada-tehsil","status":"publish","type":"page","link":"https:\/\/eddeglobal.az\/en\/litvada-tehsil\/","title":{"rendered":"Litvada t\u0259hsil"},"content":{"rendered":"<div class=\"wpb-content-wrapper\"><p>[vc_row][vc_column][vc_column_text css=&#8221;&#8221;]Litvada t\u0259hsil Avropada h\u0259m s\u0259rf\u0259li, h\u0259m d\u0259 rahat m\u00fchitd\u0259 oxumaq ist\u0259y\u0259nl\u0259r \u00fc\u00e7\u00fcn yax\u015f\u0131 se\u00e7iml\u0259rd\u0259n biridir. Bu \u00f6lk\u0259 son ill\u0259rd\u0259 beyn\u0259lxalq t\u0259l\u0259b\u0259l\u0259r \u00fc\u00e7\u00fcn daha a\u00e7\u0131q v\u0259 \u0259l\u00e7atan olub. Litvada t\u0259hsil almaq ist\u0259y\u0259nl\u0259r m\u00fcxt\u0259lif ixtisaslar \u00fczr\u0259 proqramlar tapa bilirl\u0259r. Universitetl\u0259rd\u0259 t\u0259dris prosesi daha m\u00fcasir v\u0259 praktik yana\u015fma \u00fcz\u0259rind\u0259 qurulub. T\u0259l\u0259b\u0259l\u0259r d\u0259rsl\u0259rl\u0259 yana\u015f\u0131 layih\u0259l\u0259rd\u0259 d\u0259 i\u015ftirak edirl\u0259r. Q\u0259bul prosesi ad\u0259t\u0259n sad\u0259 olur v\u0259 \u0259sas diqq\u0259t s\u0259n\u0259dl\u0259r\u0259 y\u00f6n\u0259lir. Dil biliyi b\u0259zi proqramlar \u00fc\u00e7\u00fcn t\u0259l\u0259b oluna bil\u0259r. Litvada t\u0259hsil t\u0259l\u0259b\u0259l\u0259r\u0259 sakit v\u0259 t\u0259hl\u00fck\u0259siz m\u00fchitd\u0259 oxumaq imkan\u0131 verir. \u015e\u0259h\u0259rl\u0259r b\u00f6y\u00fck olmad\u0131\u011f\u0131 \u00fc\u00e7\u00fcn h\u0259yat ritmi daha balansl\u0131d\u0131r. Bu da t\u0259l\u0259b\u0259l\u0259r \u00fc\u00e7\u00fcn \u0259lav\u0259 rahatl\u0131q yarad\u0131r. Ya\u015fay\u0131\u015f x\u0259rcl\u0259ri dig\u0259r Avropa \u00f6lk\u0259l\u0259rin\u0259 nisb\u0259t\u0259n daha a\u015fa\u011f\u0131d\u0131r. T\u0259l\u0259b\u0259l\u0259r \u00fc\u00e7\u00fcn yataqxana v\u0259 kiray\u0259 imkanlar\u0131 m\u00f6vcuddur. Litvada t\u0259hsil zaman\u0131 m\u00fcxt\u0259lif m\u0259d\u0259niyy\u0259tl\u0259rl\u0259 tan\u0131\u015f olmaq m\u00fcmk\u00fcnd\u00fcr. Bu is\u0259 \u015f\u0259xsi inki\u015faf bax\u0131m\u0131ndan faydal\u0131d\u0131r. Litvada t\u0259hsil g\u0259l\u0259c\u0259k \u00fc\u00e7\u00fcn stabil v\u0259 real se\u00e7im kimi qiym\u0259tl\u0259ndirilir.[\/vc_column_text][\/vc_column][\/vc_row][vc_row][vc_column]\n<div class=\"wpcf7 no-js\" id=\"wpcf7-f3483-o1\" lang=\"en-US\" dir=\"ltr\" data-wpcf7-id=\"3483\">\n<div class=\"screen-reader-response\"><p role=\"status\" aria-live=\"polite\" aria-atomic=\"true\"><\/p> <ul><\/ul><\/div>\n<form action=\"\/en\/wp-json\/wp\/v2\/pages\/140706#wpcf7-f3483-o1\" method=\"post\" class=\"wpcf7-form init\" aria-label=\"Contact form\" novalidate=\"novalidate\" data-status=\"init\">\n<fieldset class=\"hidden-fields-container\"><input type=\"hidden\" name=\"_wpcf7\" value=\"3483\" \/><input type=\"hidden\" name=\"_wpcf7_version\" value=\"6.1.3\" \/><input type=\"hidden\" name=\"_wpcf7_locale\" value=\"en_US\" \/><input type=\"hidden\" name=\"_wpcf7_unit_tag\" value=\"wpcf7-f3483-o1\" \/><input type=\"hidden\" name=\"_wpcf7_container_post\" value=\"0\" \/><input type=\"hidden\" name=\"_wpcf7_posted_data_hash\" value=\"\" \/>\n<\/fieldset>\n<div class=\"tac\" style=\"max-width: 600px; margin: 0 auto;\">\n\n<div class=\"row\">\n<div class=\"col-lg-6 col-md-6 col-sm-12 col-xs-12\">\n<span class=\"wpcf7-form-control-wrap\">\n<span class=\"wpcf7-form-control-wrap\" data-name=\"your-name\"><input size=\"40\" maxlength=\"400\" class=\"wpcf7-form-control wpcf7-text wpcf7-validates-as-required style3\" aria-required=\"true\" aria-invalid=\"false\" placeholder=\"Your name (required)\" value=\"\" type=\"text\" name=\"your-name\" \/><\/span>\n\n<\/span>\n\n<span class=\"wpcf7-form-control-wrap\">\n<span class=\"wpcf7-form-control-wrap\" data-name=\"your-email\"><input size=\"40\" maxlength=\"400\" class=\"wpcf7-form-control wpcf7-email wpcf7-validates-as-required wpcf7-text wpcf7-validates-as-email style3\" aria-required=\"true\" aria-invalid=\"false\" placeholder=\"Your email (required)\" value=\"\" type=\"email\" name=\"your-email\" \/><\/span>\n\n<\/span>\n<\/div>\n\n<div class=\"col-lg-6 col-md-6 col-sm-12 col-xs-12\">\n<span class=\"wpcf7-form-control-wrap\">\n<span class=\"wpcf7-form-control-wrap\" data-name=\"your-tel\"><input size=\"40\" maxlength=\"400\" class=\"wpcf7-form-control wpcf7-tel wpcf7-validates-as-required wpcf7-text wpcf7-validates-as-tel style3\" aria-required=\"true\" aria-invalid=\"false\" placeholder=\"Mobile number (required)\" value=\"\" type=\"tel\" name=\"your-tel\" \/><\/span>\n\n<\/span>\n\n<span class=\"wpcf7-form-control-wrap\">\n<span class=\"wpcf7-form-control-wrap\" data-name=\"movzu\"><select class=\"wpcf7-form-control wpcf7-select wpcf7-validates-as-required style3\" aria-required=\"true\" aria-invalid=\"false\" name=\"movzu\"><option value=\"Foundation\">Foundation<\/option><option value=\"Bachelor&#039;s Degree\">Bachelor&#039;s Degree<\/option><option value=\"Master&#039;s Degree\">Master&#039;s Degree<\/option><option value=\"PhD \/ Doctorate\">PhD \/ Doctorate<\/option><option value=\"Transfer\">Transfer<\/option><option value=\"Scholarship\">Scholarship<\/option><option value=\"Summer Schools\">Summer Schools<\/option><option value=\"International Schools\">International Schools<\/option><option value=\"Dormitory\">Dormitory<\/option><option value=\"Right Major Selection\">Right Major Selection<\/option><\/select><\/span>\n\n<\/span>\n<\/div>\n<\/div>\n\n\n<span class=\"wpcf7-form-control-wrap\">\n<span class=\"wpcf7-form-control-wrap\" data-name=\"mesaj\"><textarea cols=\"40\" rows=\"10\" maxlength=\"2000\" class=\"wpcf7-form-control wpcf7-textarea wpcf7-validates-as-required style3\" aria-required=\"true\" aria-invalid=\"false\" placeholder=\"Write your message\" name=\"mesaj\"><\/textarea><\/span>\n\n<\/span>\n\n<div style=\"margin-bottom:15px;\" class=\"modal-p\">\nFields marked as \"required\" must be filled in\n\n<\/div>\n\n<div class=\"modal-send\">\n<input class=\"wpcf7-form-control wpcf7-submit has-spinner button-style1\" type=\"submit\" value=\"Submit\" \/>\n\n<\/div>\n\n<\/div><div class=\"wpcf7-response-output\" aria-hidden=\"true\"><\/div>\n<\/form>\n<\/div>\n[\/vc_column][\/vc_row]<\/p>\n<\/div>","protected":false},"excerpt":{"rendered":"<p>[vc_row][vc_column][vc_column_text css=&#8221;&#8221;]Litvada t\u0259hsil Avropada h\u0259m s\u0259rf\u0259li, h\u0259m d\u0259 rahat m\u00fchitd\u0259 oxumaq ist\u0259y\u0259nl\u0259r \u00fc\u00e7\u00fcn yax\u015f\u0131 se\u00e7iml\u0259rd\u0259n biridir. Bu \u00f6lk\u0259 son ill\u0259rd\u0259 beyn\u0259lxalq t\u0259l\u0259b\u0259l\u0259r \u00fc\u00e7\u00fcn daha a\u00e7\u0131q v\u0259 \u0259l\u00e7atan olub. Litvada t\u0259hsil almaq ist\u0259y\u0259nl\u0259r m\u00fcxt\u0259lif ixtisaslar \u00fczr\u0259 proqramlar tapa bilirl\u0259r. Universitetl\u0259rd\u0259 t\u0259dris prosesi daha m\u00fcasir v\u0259 praktik yana\u015fma \u00fcz\u0259rind\u0259 qurulub. T\u0259l\u0259b\u0259l\u0259r d\u0259rsl\u0259rl\u0259 yana\u015f\u0131 layih\u0259l\u0259rd\u0259 d\u0259 i\u015ftirak edirl\u0259r. [&hellip;]<\/p>\n","protected":false},"author":1,"featured_media":0,"parent":0,"menu_order":0,"comment_status":"closed","ping_status":"closed","template":"","meta":{"_acf_changed":false,"footnotes":""},"class_list":["post-140706","page","type-page","status-publish","hentry"],"acf":[],"_links":{"self":[{"href":"https:\/\/eddeglobal.az\/en\/wp-json\/wp\/v2\/pages\/140706","targetHints":{"allow":["GET"]}}],"collection":[{"href":"https:\/\/eddeglobal.az\/en\/wp-json\/wp\/v2\/pages"}],"about":[{"href":"https:\/\/eddeglobal.az\/en\/wp-json\/wp\/v2\/types\/page"}],"author":[{"embeddable":true,"href":"https:\/\/eddeglobal.az\/en\/wp-json\/wp\/v2\/users\/1"}],"replies":[{"embeddable":true,"href":"https:\/\/eddeglobal.az\/en\/wp-json\/wp\/v2\/comments?post=140706"}],"version-history":[{"count":3,"href":"https:\/\/eddeglobal.az\/en\/wp-json\/wp\/v2\/pages\/140706\/revisions"}],"predecessor-version":[{"id":140937,"href":"https:\/\/eddeglobal.az\/en\/wp-json\/wp\/v2\/pages\/140706\/revisions\/140937"}],"wp:attachment":[{"href":"https:\/\/eddeglobal.az\/en\/wp-json\/wp\/v2\/media?parent=140706"}],"curies":[{"name":"wp","href":"https:\/\/api.w.org\/{rel}","templated":true}]}}