{"id":140707,"date":"2026-03-16T20:08:21","date_gmt":"2026-03-16T20:08:21","guid":{"rendered":"https:\/\/eddeglobal.az\/?page_id=140707"},"modified":"2026-03-23T11:52:57","modified_gmt":"2026-03-23T11:52:57","slug":"estoniyada-tehsil","status":"publish","type":"page","link":"https:\/\/eddeglobal.az\/en\/estoniyada-tehsil\/","title":{"rendered":"Estoniyada t\u0259hsil"},"content":{"rendered":"<div class=\"wpb-content-wrapper\"><p>[vc_row][vc_column][vc_column_text css=&#8221;&#8221;]Estoniyada t\u0259hsil Avropada texnologiya v\u0259 innovasiya il\u0259 ba\u011fl\u0131 \u0259n s\u00fcr\u0259tli inki\u015faf ed\u0259n istiqam\u0259tl\u0259rd\u0259n biridir. Bu \u00f6lk\u0259 r\u0259q\u0259msal sistemi il\u0259 tan\u0131n\u0131r v\u0259 t\u0259hsil d\u0259 bu sistem\u0259 uy\u011fun qurulub. Estoniyada t\u0259hsil almaq ist\u0259y\u0259nl\u0259r \u00fc\u00e7\u00fcn m\u00fcasir v\u0259 \u00e7evik proqramlar t\u0259qdim olunur. Universitetl\u0259r t\u0259l\u0259b\u0259l\u0259r\u0259 daha \u00e7ox praktiki v\u0259 real bacar\u0131qlar \u00f6yr\u0259dir. D\u0259rsl\u0259r interaktiv formada ke\u00e7irilir v\u0259 t\u0259l\u0259b\u0259l\u0259rin aktiv i\u015ftirak\u0131 g\u00f6zl\u0259nilir. Q\u0259bul prosesi dig\u0259r \u00f6lk\u0259l\u0259rl\u0259 m\u00fcqayis\u0259d\u0259 daha sad\u0259 v\u0259 \u015f\u0259ffafd\u0131r. \u018fsas\u0259n akademik n\u0259tic\u0259l\u0259r v\u0259 s\u0259n\u0259dl\u0259r n\u0259z\u0259r\u0259 al\u0131n\u0131r. Estoniyada t\u0259hsil t\u0259l\u0259b\u0259l\u0259r\u0259 texnologiya y\u00f6n\u00fcml\u00fc m\u00fchitd\u0259 inki\u015faf imkan\u0131 verir. Startap m\u0259d\u0259niyy\u0259ti burada \u00e7ox g\u00fccl\u00fcd\u00fcr. T\u0259l\u0259b\u0259l\u0259r t\u0259hsil m\u00fcdd\u0259tind\u0259 layih\u0259l\u0259r v\u0259 ideyalar \u00fcz\u0259rind\u0259 i\u015fl\u0259y\u0259 bilirl\u0259r. Bu da g\u0259l\u0259c\u0259kd\u0259 biznes qurmaq \u00fc\u00e7\u00fcn imkan yarad\u0131r. Ya\u015fay\u0131\u015f x\u0259rcl\u0259ri dig\u0259r Skandinaviya \u00f6lk\u0259l\u0259rin\u0259 nisb\u0259t\u0259n daha m\u00fcnasibdir. \u015e\u0259h\u0259rl\u0259r ki\u00e7ik olsa da, h\u0259yat keyfiyy\u0259ti y\u00fcks\u0259kdir. Estoniyada t\u0259hsil h\u0259m m\u00fcasir bilik, h\u0259m d\u0259 real t\u0259cr\u00fcb\u0259 qazanmaq \u00fc\u00e7\u00fcn ideal se\u00e7imdir.[\/vc_column_text][\/vc_column][\/vc_row][vc_row][vc_column]\n<div class=\"wpcf7 no-js\" id=\"wpcf7-f3483-o1\" lang=\"en-US\" dir=\"ltr\" data-wpcf7-id=\"3483\">\n<div class=\"screen-reader-response\"><p role=\"status\" aria-live=\"polite\" aria-atomic=\"true\"><\/p> <ul><\/ul><\/div>\n<form action=\"\/en\/wp-json\/wp\/v2\/pages\/140707#wpcf7-f3483-o1\" method=\"post\" class=\"wpcf7-form init\" aria-label=\"Contact form\" novalidate=\"novalidate\" data-status=\"init\">\n<fieldset class=\"hidden-fields-container\"><input type=\"hidden\" name=\"_wpcf7\" value=\"3483\" \/><input type=\"hidden\" name=\"_wpcf7_version\" value=\"6.1.3\" \/><input type=\"hidden\" name=\"_wpcf7_locale\" value=\"en_US\" \/><input type=\"hidden\" name=\"_wpcf7_unit_tag\" value=\"wpcf7-f3483-o1\" \/><input type=\"hidden\" name=\"_wpcf7_container_post\" value=\"0\" \/><input type=\"hidden\" name=\"_wpcf7_posted_data_hash\" value=\"\" \/>\n<\/fieldset>\n<div class=\"tac\" style=\"max-width: 600px; margin: 0 auto;\">\n\n<div class=\"row\">\n<div class=\"col-lg-6 col-md-6 col-sm-12 col-xs-12\">\n<span class=\"wpcf7-form-control-wrap\">\n<span class=\"wpcf7-form-control-wrap\" data-name=\"your-name\"><input size=\"40\" maxlength=\"400\" class=\"wpcf7-form-control wpcf7-text wpcf7-validates-as-required style3\" aria-required=\"true\" aria-invalid=\"false\" placeholder=\"Your name (required)\" value=\"\" type=\"text\" name=\"your-name\" \/><\/span>\n\n<\/span>\n\n<span class=\"wpcf7-form-control-wrap\">\n<span class=\"wpcf7-form-control-wrap\" data-name=\"your-email\"><input size=\"40\" maxlength=\"400\" class=\"wpcf7-form-control wpcf7-email wpcf7-validates-as-required wpcf7-text wpcf7-validates-as-email style3\" aria-required=\"true\" aria-invalid=\"false\" placeholder=\"Your email (required)\" value=\"\" type=\"email\" name=\"your-email\" \/><\/span>\n\n<\/span>\n<\/div>\n\n<div class=\"col-lg-6 col-md-6 col-sm-12 col-xs-12\">\n<span class=\"wpcf7-form-control-wrap\">\n<span class=\"wpcf7-form-control-wrap\" data-name=\"your-tel\"><input size=\"40\" maxlength=\"400\" class=\"wpcf7-form-control wpcf7-tel wpcf7-validates-as-required wpcf7-text wpcf7-validates-as-tel style3\" aria-required=\"true\" aria-invalid=\"false\" placeholder=\"Mobile number (required)\" value=\"\" type=\"tel\" name=\"your-tel\" \/><\/span>\n\n<\/span>\n\n<span class=\"wpcf7-form-control-wrap\">\n<span class=\"wpcf7-form-control-wrap\" data-name=\"movzu\"><select class=\"wpcf7-form-control wpcf7-select wpcf7-validates-as-required style3\" aria-required=\"true\" aria-invalid=\"false\" name=\"movzu\"><option value=\"Foundation\">Foundation<\/option><option value=\"Bachelor&#039;s Degree\">Bachelor&#039;s Degree<\/option><option value=\"Master&#039;s Degree\">Master&#039;s Degree<\/option><option value=\"PhD \/ Doctorate\">PhD \/ Doctorate<\/option><option value=\"Transfer\">Transfer<\/option><option value=\"Scholarship\">Scholarship<\/option><option value=\"Summer Schools\">Summer Schools<\/option><option value=\"International Schools\">International Schools<\/option><option value=\"Dormitory\">Dormitory<\/option><option value=\"Right Major Selection\">Right Major Selection<\/option><\/select><\/span>\n\n<\/span>\n<\/div>\n<\/div>\n\n\n<span class=\"wpcf7-form-control-wrap\">\n<span class=\"wpcf7-form-control-wrap\" data-name=\"mesaj\"><textarea cols=\"40\" rows=\"10\" maxlength=\"2000\" class=\"wpcf7-form-control wpcf7-textarea wpcf7-validates-as-required style3\" aria-required=\"true\" aria-invalid=\"false\" placeholder=\"Write your message\" name=\"mesaj\"><\/textarea><\/span>\n\n<\/span>\n\n<div style=\"margin-bottom:15px;\" class=\"modal-p\">\nFields marked as \"required\" must be filled in\n\n<\/div>\n\n<div class=\"modal-send\">\n<input class=\"wpcf7-form-control wpcf7-submit has-spinner button-style1\" type=\"submit\" value=\"Submit\" \/>\n\n<\/div>\n\n<\/div><div class=\"wpcf7-response-output\" aria-hidden=\"true\"><\/div>\n<\/form>\n<\/div>\n[\/vc_column][\/vc_row]<\/p>\n<\/div>","protected":false},"excerpt":{"rendered":"<p>[vc_row][vc_column][vc_column_text css=&#8221;&#8221;]Estoniyada t\u0259hsil Avropada texnologiya v\u0259 innovasiya il\u0259 ba\u011fl\u0131 \u0259n s\u00fcr\u0259tli inki\u015faf ed\u0259n istiqam\u0259tl\u0259rd\u0259n biridir. Bu \u00f6lk\u0259 r\u0259q\u0259msal sistemi il\u0259 tan\u0131n\u0131r v\u0259 t\u0259hsil d\u0259 bu sistem\u0259 uy\u011fun qurulub. Estoniyada t\u0259hsil almaq ist\u0259y\u0259nl\u0259r \u00fc\u00e7\u00fcn m\u00fcasir v\u0259 \u00e7evik proqramlar t\u0259qdim olunur. Universitetl\u0259r t\u0259l\u0259b\u0259l\u0259r\u0259 daha \u00e7ox praktiki v\u0259 real bacar\u0131qlar \u00f6yr\u0259dir. D\u0259rsl\u0259r interaktiv formada ke\u00e7irilir v\u0259 t\u0259l\u0259b\u0259l\u0259rin aktiv [&hellip;]<\/p>\n","protected":false},"author":1,"featured_media":0,"parent":0,"menu_order":0,"comment_status":"closed","ping_status":"closed","template":"","meta":{"_acf_changed":false,"footnotes":""},"class_list":["post-140707","page","type-page","status-publish","hentry"],"acf":[],"_links":{"self":[{"href":"https:\/\/eddeglobal.az\/en\/wp-json\/wp\/v2\/pages\/140707","targetHints":{"allow":["GET"]}}],"collection":[{"href":"https:\/\/eddeglobal.az\/en\/wp-json\/wp\/v2\/pages"}],"about":[{"href":"https:\/\/eddeglobal.az\/en\/wp-json\/wp\/v2\/types\/page"}],"author":[{"embeddable":true,"href":"https:\/\/eddeglobal.az\/en\/wp-json\/wp\/v2\/users\/1"}],"replies":[{"embeddable":true,"href":"https:\/\/eddeglobal.az\/en\/wp-json\/wp\/v2\/comments?post=140707"}],"version-history":[{"count":3,"href":"https:\/\/eddeglobal.az\/en\/wp-json\/wp\/v2\/pages\/140707\/revisions"}],"predecessor-version":[{"id":140938,"href":"https:\/\/eddeglobal.az\/en\/wp-json\/wp\/v2\/pages\/140707\/revisions\/140938"}],"wp:attachment":[{"href":"https:\/\/eddeglobal.az\/en\/wp-json\/wp\/v2\/media?parent=140707"}],"curies":[{"name":"wp","href":"https:\/\/api.w.org\/{rel}","templated":true}]}}