{"id":140711,"date":"2026-03-16T20:04:52","date_gmt":"2026-03-16T20:04:52","guid":{"rendered":"https:\/\/eddeglobal.az\/?page_id=140711"},"modified":"2026-03-17T16:29:56","modified_gmt":"2026-03-17T16:29:56","slug":"avropada-azerbaycanli-telebeler-ucun-tehsil","status":"publish","type":"page","link":"https:\/\/eddeglobal.az\/en\/avropada-azerbaycanli-telebeler-ucun-tehsil\/","title":{"rendered":"Avropada az\u0259rbaycanl\u0131 t\u0259l\u0259b\u0259l\u0259r \u00fc\u00e7\u00fcn t\u0259hsil"},"content":{"rendered":"<div class=\"wpb-content-wrapper\"><p>[vc_row][vc_column][vc_column_text css=&#8221;&#8221;]Avropada az\u0259rbaycanl\u0131 t\u0259l\u0259b\u0259l\u0259r \u00fc\u00e7\u00fcn t\u0259hsil imkanlar\u0131 son ill\u0259rd\u0259 daha da geni\u015fl\u0259nib. Bir \u00e7ox Avropa universiteti beyn\u0259lxalq t\u0259l\u0259b\u0259l\u0259r \u00fc\u00e7\u00fcn x\u00fcsusi proqramlar t\u0259qdim edir. Avropada az\u0259rbaycanl\u0131 t\u0259l\u0259b\u0259l\u0259r \u00fc\u00e7\u00fcn t\u0259hsil almaq ist\u0259y\u0259nl\u0259r m\u00fcxt\u0259lif \u00f6lk\u0259l\u0259r\u0259 m\u00fcraci\u0259t ed\u0259 bilirl\u0259r. Almaniya, Pol\u015fa, Macar\u0131stan v\u0259 \u0130taliya bu bax\u0131mdan populyar se\u00e7iml\u0259rd\u0259ndir. Bu \u00f6lk\u0259l\u0259rd\u0259 h\u0259m d\u00f6vl\u0259t, h\u0259m d\u0259 \u00f6z\u0259l universitetl\u0259r m\u00f6vcuddur. T\u0259hsil haqlar\u0131 \u00f6lk\u0259y\u0259 v\u0259 universitet\u0259 g\u00f6r\u0259 d\u0259yi\u015fir. B\u0259zi hallarda pulsuz v\u0259 ya a\u015fa\u011f\u0131 \u00f6d\u0259ni\u015fli t\u0259hsil almaq m\u00fcmk\u00fcnd\u00fcr. Avropada az\u0259rbaycanl\u0131 t\u0259l\u0259b\u0259l\u0259r \u00fc\u00e7\u00fcn t\u0259hsil almaq \u00fc\u00e7\u00fcn \u0259sas \u015f\u0259rtl\u0259rd\u0259n biri dil biliyidir. \u0130ngilis v\u0259 ya yerli dil biliyi t\u0259l\u0259b oluna bil\u0259r. T\u0259l\u0259b\u0259l\u0259r IELTS, TOEFL v\u0259 ya dig\u0259r sertifikatlarla m\u00fcraci\u0259t ed\u0259 bilirl\u0259r. B\u0259zi universitetl\u0259r is\u0259 alternativ yollar da t\u0259qdim edir. T\u0259qa\u00fcd proqramlar\u0131 t\u0259l\u0259b\u0259l\u0259r \u00fc\u00e7\u00fcn \u0259lav\u0259 \u00fcst\u00fcnl\u00fck yarad\u0131r. Bu proqramlar vasit\u0259sil\u0259 t\u0259hsil x\u0259rcl\u0259rini azaltmaq m\u00fcmk\u00fcnd\u00fcr. S\u0259n\u0259dl\u0259rin d\u00fczg\u00fcn haz\u0131rlanmas\u0131 q\u0259bul prosesind\u0259 vacib rol oynay\u0131r. Universitet se\u00e7imi zaman\u0131 b\u00fct\u00fcn t\u0259l\u0259bl\u0259ri yoxlamaq laz\u0131md\u0131r. Do\u011fru se\u00e7im g\u0259l\u0259c\u0259k karyera \u00fc\u00e7\u00fcn \u00f6n\u0259mlidir. Avropada t\u0259hsil beyn\u0259lxalq t\u0259cr\u00fcb\u0259 qazanmaq \u00fc\u00e7\u00fcn yax\u015f\u0131 f\u00fcrs\u0259tdir.[\/vc_column_text][\/vc_column][\/vc_row][vc_row][vc_column]\n<div class=\"wpcf7 no-js\" id=\"wpcf7-f3483-o1\" lang=\"en-US\" dir=\"ltr\" data-wpcf7-id=\"3483\">\n<div class=\"screen-reader-response\"><p role=\"status\" aria-live=\"polite\" aria-atomic=\"true\"><\/p> <ul><\/ul><\/div>\n<form action=\"\/en\/wp-json\/wp\/v2\/pages\/140711#wpcf7-f3483-o1\" method=\"post\" class=\"wpcf7-form init\" aria-label=\"Contact form\" novalidate=\"novalidate\" data-status=\"init\">\n<fieldset class=\"hidden-fields-container\"><input type=\"hidden\" name=\"_wpcf7\" value=\"3483\" \/><input type=\"hidden\" name=\"_wpcf7_version\" value=\"6.1.3\" \/><input type=\"hidden\" name=\"_wpcf7_locale\" value=\"en_US\" \/><input type=\"hidden\" name=\"_wpcf7_unit_tag\" value=\"wpcf7-f3483-o1\" \/><input type=\"hidden\" name=\"_wpcf7_container_post\" value=\"0\" \/><input type=\"hidden\" name=\"_wpcf7_posted_data_hash\" value=\"\" \/>\n<\/fieldset>\n<div class=\"tac\" style=\"max-width: 600px; margin: 0 auto;\">\n\n<div class=\"row\">\n<div class=\"col-lg-6 col-md-6 col-sm-12 col-xs-12\">\n<span class=\"wpcf7-form-control-wrap\">\n<span class=\"wpcf7-form-control-wrap\" data-name=\"your-name\"><input size=\"40\" maxlength=\"400\" class=\"wpcf7-form-control wpcf7-text wpcf7-validates-as-required style3\" aria-required=\"true\" aria-invalid=\"false\" placeholder=\"Your name (required)\" value=\"\" type=\"text\" name=\"your-name\" \/><\/span>\n\n<\/span>\n\n<span class=\"wpcf7-form-control-wrap\">\n<span class=\"wpcf7-form-control-wrap\" data-name=\"your-email\"><input size=\"40\" maxlength=\"400\" class=\"wpcf7-form-control wpcf7-email wpcf7-validates-as-required wpcf7-text wpcf7-validates-as-email style3\" aria-required=\"true\" aria-invalid=\"false\" placeholder=\"Your email (required)\" value=\"\" type=\"email\" name=\"your-email\" \/><\/span>\n\n<\/span>\n<\/div>\n\n<div class=\"col-lg-6 col-md-6 col-sm-12 col-xs-12\">\n<span class=\"wpcf7-form-control-wrap\">\n<span class=\"wpcf7-form-control-wrap\" data-name=\"your-tel\"><input size=\"40\" maxlength=\"400\" class=\"wpcf7-form-control wpcf7-tel wpcf7-validates-as-required wpcf7-text wpcf7-validates-as-tel style3\" aria-required=\"true\" aria-invalid=\"false\" placeholder=\"Mobile number (required)\" value=\"\" type=\"tel\" name=\"your-tel\" \/><\/span>\n\n<\/span>\n\n<span class=\"wpcf7-form-control-wrap\">\n<span class=\"wpcf7-form-control-wrap\" data-name=\"movzu\"><select class=\"wpcf7-form-control wpcf7-select wpcf7-validates-as-required style3\" aria-required=\"true\" aria-invalid=\"false\" name=\"movzu\"><option value=\"Foundation\">Foundation<\/option><option value=\"Bachelor&#039;s Degree\">Bachelor&#039;s Degree<\/option><option value=\"Master&#039;s Degree\">Master&#039;s Degree<\/option><option value=\"PhD \/ Doctorate\">PhD \/ Doctorate<\/option><option value=\"Transfer\">Transfer<\/option><option value=\"Scholarship\">Scholarship<\/option><option value=\"Summer Schools\">Summer Schools<\/option><option value=\"International Schools\">International Schools<\/option><option value=\"Dormitory\">Dormitory<\/option><option value=\"Right Major Selection\">Right Major Selection<\/option><\/select><\/span>\n\n<\/span>\n<\/div>\n<\/div>\n\n\n<span class=\"wpcf7-form-control-wrap\">\n<span class=\"wpcf7-form-control-wrap\" data-name=\"mesaj\"><textarea cols=\"40\" rows=\"10\" maxlength=\"2000\" class=\"wpcf7-form-control wpcf7-textarea wpcf7-validates-as-required style3\" aria-required=\"true\" aria-invalid=\"false\" placeholder=\"Write your message\" name=\"mesaj\"><\/textarea><\/span>\n\n<\/span>\n\n<div style=\"margin-bottom:15px;\" class=\"modal-p\">\nFields marked as \"required\" must be filled in\n\n<\/div>\n\n<div class=\"modal-send\">\n<input class=\"wpcf7-form-control wpcf7-submit has-spinner button-style1\" type=\"submit\" value=\"Submit\" \/>\n\n<\/div>\n\n<\/div><div class=\"wpcf7-response-output\" aria-hidden=\"true\"><\/div>\n<\/form>\n<\/div>\n[\/vc_column][\/vc_row]<\/p>\n<\/div>","protected":false},"excerpt":{"rendered":"<p>[vc_row][vc_column][vc_column_text css=&#8221;&#8221;]Avropada az\u0259rbaycanl\u0131 t\u0259l\u0259b\u0259l\u0259r \u00fc\u00e7\u00fcn t\u0259hsil imkanlar\u0131 son ill\u0259rd\u0259 daha da geni\u015fl\u0259nib. Bir \u00e7ox Avropa universiteti beyn\u0259lxalq t\u0259l\u0259b\u0259l\u0259r \u00fc\u00e7\u00fcn x\u00fcsusi proqramlar t\u0259qdim edir. Avropada az\u0259rbaycanl\u0131 t\u0259l\u0259b\u0259l\u0259r \u00fc\u00e7\u00fcn t\u0259hsil almaq ist\u0259y\u0259nl\u0259r m\u00fcxt\u0259lif \u00f6lk\u0259l\u0259r\u0259 m\u00fcraci\u0259t ed\u0259 bilirl\u0259r. Almaniya, Pol\u015fa, Macar\u0131stan v\u0259 \u0130taliya bu bax\u0131mdan populyar se\u00e7iml\u0259rd\u0259ndir. Bu \u00f6lk\u0259l\u0259rd\u0259 h\u0259m d\u00f6vl\u0259t, h\u0259m d\u0259 \u00f6z\u0259l universitetl\u0259r m\u00f6vcuddur. T\u0259hsil haqlar\u0131 [&hellip;]<\/p>\n","protected":false},"author":1,"featured_media":0,"parent":0,"menu_order":0,"comment_status":"closed","ping_status":"closed","template":"","meta":{"_acf_changed":false,"footnotes":""},"class_list":["post-140711","page","type-page","status-publish","hentry"],"acf":[],"_links":{"self":[{"href":"https:\/\/eddeglobal.az\/en\/wp-json\/wp\/v2\/pages\/140711","targetHints":{"allow":["GET"]}}],"collection":[{"href":"https:\/\/eddeglobal.az\/en\/wp-json\/wp\/v2\/pages"}],"about":[{"href":"https:\/\/eddeglobal.az\/en\/wp-json\/wp\/v2\/types\/page"}],"author":[{"embeddable":true,"href":"https:\/\/eddeglobal.az\/en\/wp-json\/wp\/v2\/users\/1"}],"replies":[{"embeddable":true,"href":"https:\/\/eddeglobal.az\/en\/wp-json\/wp\/v2\/comments?post=140711"}],"version-history":[{"count":3,"href":"https:\/\/eddeglobal.az\/en\/wp-json\/wp\/v2\/pages\/140711\/revisions"}],"predecessor-version":[{"id":140908,"href":"https:\/\/eddeglobal.az\/en\/wp-json\/wp\/v2\/pages\/140711\/revisions\/140908"}],"wp:attachment":[{"href":"https:\/\/eddeglobal.az\/en\/wp-json\/wp\/v2\/media?parent=140711"}],"curies":[{"name":"wp","href":"https:\/\/api.w.org\/{rel}","templated":true}]}}