{"id":140712,"date":"2026-03-16T20:04:18","date_gmt":"2026-03-16T20:04:18","guid":{"rendered":"https:\/\/eddeglobal.az\/?page_id=140712"},"modified":"2026-03-17T16:27:00","modified_gmt":"2026-03-17T16:27:00","slug":"avropada-pulsuz-tehsil-olkeleri","status":"publish","type":"page","link":"https:\/\/eddeglobal.az\/en\/avropada-pulsuz-tehsil-olkeleri\/","title":{"rendered":"Avropada pulsuz t\u0259hsil \u00f6lk\u0259l\u0259ri"},"content":{"rendered":"<div class=\"wpb-content-wrapper\"><p>[vc_row][vc_column][vc_column_text css=&#8221;&#8221;]Avropada pulsuz t\u0259hsil \u00f6lk\u0259l\u0259ri t\u0259l\u0259b\u0259l\u0259r \u00fc\u00e7\u00fcn b\u00f6y\u00fck imkanlar yarad\u0131r. Bir \u00e7ox Avropa \u00f6lk\u0259sind\u0259 d\u00f6vl\u0259t universitetl\u0259rind\u0259 t\u0259hsil \u00f6d\u0259ni\u015fsiz v\u0259 ya \u00e7ox a\u015fa\u011f\u0131 \u00f6d\u0259ni\u015flidir. Avropada pulsuz t\u0259hsil \u00f6lk\u0259l\u0259ri aras\u0131nda Almaniya \u0259n m\u0259\u015fhur se\u00e7iml\u0259rd\u0259n biridir. Almaniyada d\u00f6vl\u0259t universitetl\u0259rind\u0259 t\u0259hsil haqq\u0131 t\u0259l\u0259b olunmur. Norve\u00e7 d\u0259 pulsuz t\u0259hsil imkan\u0131 t\u0259qdim ed\u0259n \u00f6lk\u0259l\u0259r s\u0131ras\u0131ndad\u0131r. Bu \u00f6lk\u0259d\u0259 beyn\u0259lxalq t\u0259l\u0259b\u0259l\u0259r \u00fc\u00e7\u00fcn d\u0259 \u00f6d\u0259ni\u015fsiz t\u0259hsil m\u00fcmk\u00fcnd\u00fcr. Finlandiya b\u0259zi hallarda pulsuz t\u0259hsil t\u0259klif edir. X\u00fcsusil\u0259 t\u0259qa\u00fcd proqramlar\u0131 vasit\u0259sil\u0259 bu imkan \u0259ld\u0259 edil\u0259 bil\u0259r. Avropada pulsuz t\u0259hsil \u00f6lk\u0259l\u0259ri aras\u0131nda Fransa v\u0259 \u0130taliya da m\u00fcnasib \u00f6d\u0259ni\u015fl\u0259ri il\u0259 se\u00e7ilir. Bu \u00f6lk\u0259l\u0259rd\u0259 t\u0259hsil haqlar\u0131 dig\u0259r \u00f6lk\u0259l\u0259r\u0259 nisb\u0259t\u0259n daha a\u015fa\u011f\u0131d\u0131r. B\u0259zi \u00f6lk\u0259l\u0259rd\u0259 is\u0259 yaln\u0131z m\u00fc\u0259yy\u0259n proqramlar pulsuz olur. T\u0259l\u0259b\u0259l\u0259r \u0259lav\u0259 olaraq ya\u015fay\u0131\u015f x\u0259rcl\u0259rini n\u0259z\u0259r\u0259 almal\u0131d\u0131r. M\u00fcraci\u0259t zaman\u0131 q\u0259bul \u015f\u0259rtl\u0259rini yoxlamaq vacibdir. H\u0259r \u00f6lk\u0259nin \u00f6z qaydalar\u0131 m\u00f6vcuddur. Do\u011fru \u00f6lk\u0259 se\u00e7imi t\u0259l\u0259b\u0259nin b\u00fcdc\u0259sin\u0259 uy\u011fun olmal\u0131d\u0131r. Avropada t\u0259hsil almaq beyn\u0259lxalq t\u0259cr\u00fcb\u0259 qazanmaq \u00fc\u00e7\u00fcn yax\u015f\u0131 f\u00fcrs\u0259tdir.[\/vc_column_text][\/vc_column][\/vc_row][vc_row][vc_column]\n<div class=\"wpcf7 no-js\" id=\"wpcf7-f3483-o1\" lang=\"en-US\" dir=\"ltr\" data-wpcf7-id=\"3483\">\n<div class=\"screen-reader-response\"><p role=\"status\" aria-live=\"polite\" aria-atomic=\"true\"><\/p> <ul><\/ul><\/div>\n<form action=\"\/en\/wp-json\/wp\/v2\/pages\/140712#wpcf7-f3483-o1\" method=\"post\" class=\"wpcf7-form init\" aria-label=\"Contact form\" novalidate=\"novalidate\" data-status=\"init\">\n<fieldset class=\"hidden-fields-container\"><input type=\"hidden\" name=\"_wpcf7\" value=\"3483\" \/><input type=\"hidden\" name=\"_wpcf7_version\" value=\"6.1.3\" \/><input type=\"hidden\" name=\"_wpcf7_locale\" value=\"en_US\" \/><input type=\"hidden\" name=\"_wpcf7_unit_tag\" value=\"wpcf7-f3483-o1\" \/><input type=\"hidden\" name=\"_wpcf7_container_post\" value=\"0\" \/><input type=\"hidden\" name=\"_wpcf7_posted_data_hash\" value=\"\" \/>\n<\/fieldset>\n<div class=\"tac\" style=\"max-width: 600px; margin: 0 auto;\">\n\n<div class=\"row\">\n<div class=\"col-lg-6 col-md-6 col-sm-12 col-xs-12\">\n<span class=\"wpcf7-form-control-wrap\">\n<span class=\"wpcf7-form-control-wrap\" data-name=\"your-name\"><input size=\"40\" maxlength=\"400\" class=\"wpcf7-form-control wpcf7-text wpcf7-validates-as-required style3\" aria-required=\"true\" aria-invalid=\"false\" placeholder=\"Your name (required)\" value=\"\" type=\"text\" name=\"your-name\" \/><\/span>\n\n<\/span>\n\n<span class=\"wpcf7-form-control-wrap\">\n<span class=\"wpcf7-form-control-wrap\" data-name=\"your-email\"><input size=\"40\" maxlength=\"400\" class=\"wpcf7-form-control wpcf7-email wpcf7-validates-as-required wpcf7-text wpcf7-validates-as-email style3\" aria-required=\"true\" aria-invalid=\"false\" placeholder=\"Your email (required)\" value=\"\" type=\"email\" name=\"your-email\" \/><\/span>\n\n<\/span>\n<\/div>\n\n<div class=\"col-lg-6 col-md-6 col-sm-12 col-xs-12\">\n<span class=\"wpcf7-form-control-wrap\">\n<span class=\"wpcf7-form-control-wrap\" data-name=\"your-tel\"><input size=\"40\" maxlength=\"400\" class=\"wpcf7-form-control wpcf7-tel wpcf7-validates-as-required wpcf7-text wpcf7-validates-as-tel style3\" aria-required=\"true\" aria-invalid=\"false\" placeholder=\"Mobile number (required)\" value=\"\" type=\"tel\" name=\"your-tel\" \/><\/span>\n\n<\/span>\n\n<span class=\"wpcf7-form-control-wrap\">\n<span class=\"wpcf7-form-control-wrap\" data-name=\"movzu\"><select class=\"wpcf7-form-control wpcf7-select wpcf7-validates-as-required style3\" aria-required=\"true\" aria-invalid=\"false\" name=\"movzu\"><option value=\"Foundation\">Foundation<\/option><option value=\"Bachelor&#039;s Degree\">Bachelor&#039;s Degree<\/option><option value=\"Master&#039;s Degree\">Master&#039;s Degree<\/option><option value=\"PhD \/ Doctorate\">PhD \/ Doctorate<\/option><option value=\"Transfer\">Transfer<\/option><option value=\"Scholarship\">Scholarship<\/option><option value=\"Summer Schools\">Summer Schools<\/option><option value=\"International Schools\">International Schools<\/option><option value=\"Dormitory\">Dormitory<\/option><option value=\"Right Major Selection\">Right Major Selection<\/option><\/select><\/span>\n\n<\/span>\n<\/div>\n<\/div>\n\n\n<span class=\"wpcf7-form-control-wrap\">\n<span class=\"wpcf7-form-control-wrap\" data-name=\"mesaj\"><textarea cols=\"40\" rows=\"10\" maxlength=\"2000\" class=\"wpcf7-form-control wpcf7-textarea wpcf7-validates-as-required style3\" aria-required=\"true\" aria-invalid=\"false\" placeholder=\"Write your message\" name=\"mesaj\"><\/textarea><\/span>\n\n<\/span>\n\n<div style=\"margin-bottom:15px;\" class=\"modal-p\">\nFields marked as \"required\" must be filled in\n\n<\/div>\n\n<div class=\"modal-send\">\n<input class=\"wpcf7-form-control wpcf7-submit has-spinner button-style1\" type=\"submit\" value=\"Submit\" \/>\n\n<\/div>\n\n<\/div><div class=\"wpcf7-response-output\" aria-hidden=\"true\"><\/div>\n<\/form>\n<\/div>\n[\/vc_column][\/vc_row]<\/p>\n<\/div>","protected":false},"excerpt":{"rendered":"<p>[vc_row][vc_column][vc_column_text css=&#8221;&#8221;]Avropada pulsuz t\u0259hsil \u00f6lk\u0259l\u0259ri t\u0259l\u0259b\u0259l\u0259r \u00fc\u00e7\u00fcn b\u00f6y\u00fck imkanlar yarad\u0131r. Bir \u00e7ox Avropa \u00f6lk\u0259sind\u0259 d\u00f6vl\u0259t universitetl\u0259rind\u0259 t\u0259hsil \u00f6d\u0259ni\u015fsiz v\u0259 ya \u00e7ox a\u015fa\u011f\u0131 \u00f6d\u0259ni\u015flidir. Avropada pulsuz t\u0259hsil \u00f6lk\u0259l\u0259ri aras\u0131nda Almaniya \u0259n m\u0259\u015fhur se\u00e7iml\u0259rd\u0259n biridir. Almaniyada d\u00f6vl\u0259t universitetl\u0259rind\u0259 t\u0259hsil haqq\u0131 t\u0259l\u0259b olunmur. Norve\u00e7 d\u0259 pulsuz t\u0259hsil imkan\u0131 t\u0259qdim ed\u0259n \u00f6lk\u0259l\u0259r s\u0131ras\u0131ndad\u0131r. Bu \u00f6lk\u0259d\u0259 beyn\u0259lxalq t\u0259l\u0259b\u0259l\u0259r \u00fc\u00e7\u00fcn d\u0259 [&hellip;]<\/p>\n","protected":false},"author":1,"featured_media":0,"parent":0,"menu_order":0,"comment_status":"closed","ping_status":"closed","template":"","meta":{"_acf_changed":false,"footnotes":""},"class_list":["post-140712","page","type-page","status-publish","hentry"],"acf":[],"_links":{"self":[{"href":"https:\/\/eddeglobal.az\/en\/wp-json\/wp\/v2\/pages\/140712","targetHints":{"allow":["GET"]}}],"collection":[{"href":"https:\/\/eddeglobal.az\/en\/wp-json\/wp\/v2\/pages"}],"about":[{"href":"https:\/\/eddeglobal.az\/en\/wp-json\/wp\/v2\/types\/page"}],"author":[{"embeddable":true,"href":"https:\/\/eddeglobal.az\/en\/wp-json\/wp\/v2\/users\/1"}],"replies":[{"embeddable":true,"href":"https:\/\/eddeglobal.az\/en\/wp-json\/wp\/v2\/comments?post=140712"}],"version-history":[{"count":3,"href":"https:\/\/eddeglobal.az\/en\/wp-json\/wp\/v2\/pages\/140712\/revisions"}],"predecessor-version":[{"id":140907,"href":"https:\/\/eddeglobal.az\/en\/wp-json\/wp\/v2\/pages\/140712\/revisions\/140907"}],"wp:attachment":[{"href":"https:\/\/eddeglobal.az\/en\/wp-json\/wp\/v2\/media?parent=140712"}],"curies":[{"name":"wp","href":"https:\/\/api.w.org\/{rel}","templated":true}]}}