{"id":140713,"date":"2026-03-16T20:03:57","date_gmt":"2026-03-16T20:03:57","guid":{"rendered":"https:\/\/eddeglobal.az\/?page_id=140713"},"modified":"2026-03-17T16:18:12","modified_gmt":"2026-03-17T16:18:12","slug":"avropada-teqaudlu-tehsil","status":"publish","type":"page","link":"https:\/\/eddeglobal.az\/en\/avropada-teqaudlu-tehsil\/","title":{"rendered":"Avropada t\u0259qa\u00fcdl\u00fc t\u0259hsil"},"content":{"rendered":"<div class=\"wpb-content-wrapper\"><p>[vc_row][vc_column][vc_column_text css=&#8221;&#8221;]Avropada t\u0259qa\u00fcdl\u00fc t\u0259hsil almaq bir \u00e7ox t\u0259l\u0259b\u0259nin \u0259sas m\u0259qs\u0259dl\u0259rind\u0259n biridir. Bir \u00e7ox Avropa \u00f6lk\u0259si beyn\u0259lxalq t\u0259l\u0259b\u0259l\u0259r \u00fc\u00e7\u00fcn m\u00fcxt\u0259lif t\u0259qa\u00fcd proqramlar\u0131 t\u0259qdim edir. Avropada t\u0259qa\u00fcdl\u00fc t\u0259hsil almaq ist\u0259y\u0259nl\u0259r \u00fc\u00e7\u00fcn d\u00f6vl\u0259t v\u0259 universitet t\u0259qa\u00fcdl\u0259ri m\u00f6vcuddur. Bu t\u0259qa\u00fcdl\u0259r t\u0259hsil haqq\u0131n\u0131 tam v\u0259 ya qism\u0259n qar\u015f\u0131lay\u0131r. B\u0259zi proqramlar \u0259lav\u0259 olaraq ayl\u0131q t\u0259qa\u00fcd d\u0259 verir. Almaniya, Macar\u0131stan v\u0259 Pol\u015fa kimi \u00f6lk\u0259l\u0259r bu bax\u0131mdan populyard\u0131r. X\u00fcsusil\u0259 Macar\u0131standa Stipendium Hungaricum proqram\u0131 geni\u015f imkanlar t\u0259qdim edir. Bu proqram vasit\u0259sil\u0259 t\u0259l\u0259b\u0259l\u0259r pulsuz t\u0259hsil ala bil\u0259r. Eyni zamanda ya\u015fay\u0131\u015f x\u0259rcl\u0259ri \u00fc\u00e7\u00fcn d\u0259 d\u0259st\u0259k verilir. Avropada t\u0259qa\u00fcdl\u00fc t\u0259hsil almaq \u00fc\u00e7\u00fcn akademik g\u00f6st\u0259ricil\u0259r \u00f6n\u0259mlidir. Yax\u015f\u0131 qiym\u0259tl\u0259r v\u0259 aktiv f\u0259aliyy\u0259tl\u0259r q\u0259bul \u015fans\u0131n\u0131 art\u0131r\u0131r. B\u0259zi hallarda dil sertifikat\u0131 da t\u0259l\u0259b olunur. M\u00fcraci\u0259t zaman\u0131 s\u0259n\u0259dl\u0259ri d\u00fczg\u00fcn haz\u0131rlamaq vacibdir. H\u0259r proqram\u0131n \u00f6z t\u0259l\u0259bl\u0259ri m\u00f6vcuddur. Ona g\u00f6r\u0259 m\u00fcraci\u0259t etm\u0259zd\u0259n \u0259vv\u0259l \u015f\u0259rtl\u0259ri yoxlamaq laz\u0131md\u0131r. Do\u011fru se\u00e7im g\u0259l\u0259c\u0259k \u00fc\u00e7\u00fcn b\u00f6y\u00fck imkanlar yarad\u0131r.[\/vc_column_text][\/vc_column][\/vc_row][vc_row][vc_column]\n<div class=\"wpcf7 no-js\" id=\"wpcf7-f3483-o1\" lang=\"en-US\" dir=\"ltr\" data-wpcf7-id=\"3483\">\n<div class=\"screen-reader-response\"><p role=\"status\" aria-live=\"polite\" aria-atomic=\"true\"><\/p> <ul><\/ul><\/div>\n<form action=\"\/en\/wp-json\/wp\/v2\/pages\/140713#wpcf7-f3483-o1\" method=\"post\" class=\"wpcf7-form init\" aria-label=\"Contact form\" novalidate=\"novalidate\" data-status=\"init\">\n<fieldset class=\"hidden-fields-container\"><input type=\"hidden\" name=\"_wpcf7\" value=\"3483\" \/><input type=\"hidden\" name=\"_wpcf7_version\" value=\"6.1.3\" \/><input type=\"hidden\" name=\"_wpcf7_locale\" value=\"en_US\" \/><input type=\"hidden\" name=\"_wpcf7_unit_tag\" value=\"wpcf7-f3483-o1\" \/><input type=\"hidden\" name=\"_wpcf7_container_post\" value=\"0\" \/><input type=\"hidden\" name=\"_wpcf7_posted_data_hash\" value=\"\" \/>\n<\/fieldset>\n<div class=\"tac\" style=\"max-width: 600px; margin: 0 auto;\">\n\n<div class=\"row\">\n<div class=\"col-lg-6 col-md-6 col-sm-12 col-xs-12\">\n<span class=\"wpcf7-form-control-wrap\">\n<span class=\"wpcf7-form-control-wrap\" data-name=\"your-name\"><input size=\"40\" maxlength=\"400\" class=\"wpcf7-form-control wpcf7-text wpcf7-validates-as-required style3\" aria-required=\"true\" aria-invalid=\"false\" placeholder=\"Your name (required)\" value=\"\" type=\"text\" name=\"your-name\" \/><\/span>\n\n<\/span>\n\n<span class=\"wpcf7-form-control-wrap\">\n<span class=\"wpcf7-form-control-wrap\" data-name=\"your-email\"><input size=\"40\" maxlength=\"400\" class=\"wpcf7-form-control wpcf7-email wpcf7-validates-as-required wpcf7-text wpcf7-validates-as-email style3\" aria-required=\"true\" aria-invalid=\"false\" placeholder=\"Your email (required)\" value=\"\" type=\"email\" name=\"your-email\" \/><\/span>\n\n<\/span>\n<\/div>\n\n<div class=\"col-lg-6 col-md-6 col-sm-12 col-xs-12\">\n<span class=\"wpcf7-form-control-wrap\">\n<span class=\"wpcf7-form-control-wrap\" data-name=\"your-tel\"><input size=\"40\" maxlength=\"400\" class=\"wpcf7-form-control wpcf7-tel wpcf7-validates-as-required wpcf7-text wpcf7-validates-as-tel style3\" aria-required=\"true\" aria-invalid=\"false\" placeholder=\"Mobile number (required)\" value=\"\" type=\"tel\" name=\"your-tel\" \/><\/span>\n\n<\/span>\n\n<span class=\"wpcf7-form-control-wrap\">\n<span class=\"wpcf7-form-control-wrap\" data-name=\"movzu\"><select class=\"wpcf7-form-control wpcf7-select wpcf7-validates-as-required style3\" aria-required=\"true\" aria-invalid=\"false\" name=\"movzu\"><option value=\"Foundation\">Foundation<\/option><option value=\"Bachelor&#039;s Degree\">Bachelor&#039;s Degree<\/option><option value=\"Master&#039;s Degree\">Master&#039;s Degree<\/option><option value=\"PhD \/ Doctorate\">PhD \/ Doctorate<\/option><option value=\"Transfer\">Transfer<\/option><option value=\"Scholarship\">Scholarship<\/option><option value=\"Summer Schools\">Summer Schools<\/option><option value=\"International Schools\">International Schools<\/option><option value=\"Dormitory\">Dormitory<\/option><option value=\"Right Major Selection\">Right Major Selection<\/option><\/select><\/span>\n\n<\/span>\n<\/div>\n<\/div>\n\n\n<span class=\"wpcf7-form-control-wrap\">\n<span class=\"wpcf7-form-control-wrap\" data-name=\"mesaj\"><textarea cols=\"40\" rows=\"10\" maxlength=\"2000\" class=\"wpcf7-form-control wpcf7-textarea wpcf7-validates-as-required style3\" aria-required=\"true\" aria-invalid=\"false\" placeholder=\"Write your message\" name=\"mesaj\"><\/textarea><\/span>\n\n<\/span>\n\n<div style=\"margin-bottom:15px;\" class=\"modal-p\">\nFields marked as \"required\" must be filled in\n\n<\/div>\n\n<div class=\"modal-send\">\n<input class=\"wpcf7-form-control wpcf7-submit has-spinner button-style1\" type=\"submit\" value=\"Submit\" \/>\n\n<\/div>\n\n<\/div><div class=\"wpcf7-response-output\" aria-hidden=\"true\"><\/div>\n<\/form>\n<\/div>\n[\/vc_column][\/vc_row]<\/p>\n<\/div>","protected":false},"excerpt":{"rendered":"<p>[vc_row][vc_column][vc_column_text css=&#8221;&#8221;]Avropada t\u0259qa\u00fcdl\u00fc t\u0259hsil almaq bir \u00e7ox t\u0259l\u0259b\u0259nin \u0259sas m\u0259qs\u0259dl\u0259rind\u0259n biridir. Bir \u00e7ox Avropa \u00f6lk\u0259si beyn\u0259lxalq t\u0259l\u0259b\u0259l\u0259r \u00fc\u00e7\u00fcn m\u00fcxt\u0259lif t\u0259qa\u00fcd proqramlar\u0131 t\u0259qdim edir. Avropada t\u0259qa\u00fcdl\u00fc t\u0259hsil almaq ist\u0259y\u0259nl\u0259r \u00fc\u00e7\u00fcn d\u00f6vl\u0259t v\u0259 universitet t\u0259qa\u00fcdl\u0259ri m\u00f6vcuddur. Bu t\u0259qa\u00fcdl\u0259r t\u0259hsil haqq\u0131n\u0131 tam v\u0259 ya qism\u0259n qar\u015f\u0131lay\u0131r. B\u0259zi proqramlar \u0259lav\u0259 olaraq ayl\u0131q t\u0259qa\u00fcd d\u0259 verir. Almaniya, Macar\u0131stan v\u0259 Pol\u015fa [&hellip;]<\/p>\n","protected":false},"author":1,"featured_media":0,"parent":0,"menu_order":0,"comment_status":"closed","ping_status":"closed","template":"","meta":{"_acf_changed":false,"footnotes":""},"class_list":["post-140713","page","type-page","status-publish","hentry"],"acf":[],"_links":{"self":[{"href":"https:\/\/eddeglobal.az\/en\/wp-json\/wp\/v2\/pages\/140713","targetHints":{"allow":["GET"]}}],"collection":[{"href":"https:\/\/eddeglobal.az\/en\/wp-json\/wp\/v2\/pages"}],"about":[{"href":"https:\/\/eddeglobal.az\/en\/wp-json\/wp\/v2\/types\/page"}],"author":[{"embeddable":true,"href":"https:\/\/eddeglobal.az\/en\/wp-json\/wp\/v2\/users\/1"}],"replies":[{"embeddable":true,"href":"https:\/\/eddeglobal.az\/en\/wp-json\/wp\/v2\/comments?post=140713"}],"version-history":[{"count":4,"href":"https:\/\/eddeglobal.az\/en\/wp-json\/wp\/v2\/pages\/140713\/revisions"}],"predecessor-version":[{"id":140906,"href":"https:\/\/eddeglobal.az\/en\/wp-json\/wp\/v2\/pages\/140713\/revisions\/140906"}],"wp:attachment":[{"href":"https:\/\/eddeglobal.az\/en\/wp-json\/wp\/v2\/media?parent=140713"}],"curies":[{"name":"wp","href":"https:\/\/api.w.org\/{rel}","templated":true}]}}