{"id":140714,"date":"2026-03-16T20:03:09","date_gmt":"2026-03-16T20:03:09","guid":{"rendered":"https:\/\/eddeglobal.az\/?page_id=140714"},"modified":"2026-03-17T15:03:52","modified_gmt":"2026-03-17T15:03:52","slug":"ielts-imtahani","status":"publish","type":"page","link":"https:\/\/eddeglobal.az\/en\/ielts-imtahani\/","title":{"rendered":"IELTS imtahan\u0131"},"content":{"rendered":"<div class=\"wpb-content-wrapper\"><p>[vc_row][vc_column][vc_toggle title=&#8221;\u0130ELTS olmadan Avropada t\u0259hsil&#8221; css=&#8221;&#8221;]B\u0259li, IELTS olmadan Avropada t\u0259hsil almaq m\u00fcmk\u00fcnd\u00fcr. Bir \u00e7ox Avropa universitetl\u0259ri alternativ olaraq \u0259vv\u0259lki t\u0259hsilinizin ingilis dilind\u0259 olmas\u0131n\u0131 (Medium of Instruction \u2013 MOI) q\u0259bul edir v\u0259 ya \u00f6z daxili dil imtahan\u0131n\u0131 t\u0259\u015fkil edir. X\u00fcsusil\u0259 Macar\u0131stan, Pol\u015fa, Almaniya v\u0259 T\u00fcrkiy\u0259 kimi \u00f6lk\u0259l\u0259rd\u0259 b\u0259zi universitetl\u0259r IELTS t\u0259l\u0259b etm\u0259d\u0259n q\u0259bul verir. Lakin bu \u015f\u0259rtl\u0259r universitet v\u0259 ixtisasdan as\u0131l\u0131 olaraq d\u0259yi\u015fir, buna g\u00f6r\u0259 m\u00fcraci\u0259t etm\u0259zd\u0259n \u0259vv\u0259l konkret proqram\u0131n t\u0259l\u0259bl\u0259rini yoxlamaq vacibdir.[\/vc_toggle][vc_toggle title=&#8221;IELTS alternativl\u0259ri&#8221; css=&#8221;&#8221;]IELTS alternativl\u0259ri olaraq bir \u00e7ox beyn\u0259lxalq dil sertifikatlar\u0131 q\u0259bul edilir. \u018fn \u00e7ox istifad\u0259 olunanlar aras\u0131nda TOEFL, Duolingo English Test, PTE Academic v\u0259 Cambridge English imtahanlar\u0131 var. B\u0259zi universitetl\u0259r is\u0259 t\u0259l\u0259b\u0259nin \u0259vv\u0259lki t\u0259hsilinin ingilis dilind\u0259 olmas\u0131n\u0131 (MOI \u2013 Medium of Instruction) kifay\u0259t say\u0131r v\u0259 \u0259lav\u0259 imtahan t\u0259l\u0259b etmir. H\u0259m\u00e7inin b\u0259zi ali m\u0259kt\u0259bl\u0259r \u00f6z daxili dil imtahan\u0131n\u0131 ke\u00e7ir\u0259r\u0259k t\u0259l\u0259b\u0259l\u0259rin dil s\u0259viyy\u0259sini yoxlay\u0131r. Se\u00e7im ed\u0259rk\u0259n m\u00fcraci\u0259t etdiyiniz universitetin hans\u0131 sertifikatlar\u0131 q\u0259bul etdiyini m\u00fctl\u0259q yoxlamaq laz\u0131md\u0131r.[\/vc_toggle][vc_toggle title=&#8221;IELTS 5.5 il\u0259 q\u0259bul olan universitetl\u0259r&#8221; css=&#8221;&#8221;]B\u0259li, IELTS 5.5 bal\u0131 il\u0259 q\u0259bul ed\u0259n bir \u00e7ox universitet m\u00f6vcuddur. X\u00fcsusil\u0259 Pol\u015fa, Macar\u0131stan, T\u00fcrkiy\u0259 v\u0259 b\u0259zi Almaniya universitetl\u0259rind\u0259 bu bal il\u0259 m\u00fcraci\u0259t etm\u0259k m\u00fcmk\u00fcnd\u00fcr. Bu c\u00fcr hallarda universitetl\u0259r ya birba\u015fa q\u0259bul verir, ya da t\u0259l\u0259b\u0259ni \u0259vv\u0259lc\u0259 haz\u0131rl\u0131q (foundation v\u0259 ya preparatory) proqram\u0131na y\u00f6nl\u0259ndirir. B\u0259zi \u00f6z\u0259l universitetl\u0259r d\u0259 daha a\u015fa\u011f\u0131 IELTS bal\u0131 il\u0259 q\u0259bul \u015fans\u0131 t\u0259qdim edir. Lakin t\u0259l\u0259b olunan minimum bal proqram v\u0259 ixtisasa g\u00f6r\u0259 d\u0259yi\u015f\u0259 bil\u0259r, buna g\u00f6r\u0259 m\u00fcraci\u0259t etm\u0259zd\u0259n \u0259vv\u0259l konkret universitetin r\u0259smi t\u0259l\u0259bl\u0259rini yoxlamaq vacibdir.[\/vc_toggle][vc_toggle title=&#8221;IELTS olmadan t\u0259hsil m\u00fcmk\u00fcnd\u00fcrm\u00fc?&#8221; css=&#8221;&#8221;]B\u0259li, IELTS olmadan t\u0259hsil almaq m\u00fcmk\u00fcnd\u00fcr. Bir \u00e7ox universitetl\u0259r alternativ yollar t\u0259qdim edir. M\u0259s\u0259l\u0259n, \u0259g\u0259r \u0259vv\u0259lki t\u0259hsiliniz ingilis dilind\u0259 olubsa, bunu t\u0259sdiql\u0259y\u0259n MOI (Medium of Instruction) s\u0259n\u0259di il\u0259 IELTS t\u0259l\u0259b olunmaya bil\u0259r. H\u0259m\u00e7inin b\u0259zi universitetl\u0259r \u00f6z daxili dil imtahan\u0131n\u0131 ke\u00e7irir v\u0259 ya t\u0259l\u0259b\u0259ni haz\u0131rl\u0131q (foundation v\u0259 ya preparatory) proqram\u0131na q\u0259bul edir. X\u00fcsusil\u0259 T\u00fcrkiy\u0259, Pol\u015fa, Macar\u0131stan v\u0259 b\u0259zi Avropa \u00f6lk\u0259l\u0259rind\u0259 IELTS olmadan q\u0259bul imkan\u0131 daha geni\u015fdir. Bununla bel\u0259, h\u0259r universitetin t\u0259l\u0259bl\u0259ri f\u0259rqli oldu\u011fu \u00fc\u00e7\u00fcn m\u00fcraci\u0259t etm\u0259zd\u0259n \u0259vv\u0259l \u015f\u0259rtl\u0259ri yoxlamaq vacibdir.[\/vc_toggle][vc_toggle title=&#8221;IELTS bal\u0131m azd\u0131r, hara m\u00fcraci\u0259t ed\u0259 bil\u0259r\u0259m?&#8221; css=&#8221;&#8221;]\u018fg\u0259r IELTS bal\u0131n\u0131z a\u015fa\u011f\u0131d\u0131rsa (m\u0259s\u0259l\u0259n 5.0\u20135.5), yen\u0259 d\u0259 bir \u00e7ox se\u00e7iml\u0259riniz var. Pol\u015fa, Macar\u0131stan, T\u00fcrkiy\u0259 v\u0259 b\u0259zi Avropa \u00f6lk\u0259l\u0259rind\u0259 yerl\u0259\u015f\u0259n universitetl\u0259r a\u015fa\u011f\u0131 bal il\u0259 q\u0259bul verir v\u0259 ya sizi haz\u0131rl\u0131q (foundation\/preparatory) proqram\u0131na y\u00f6nl\u0259ndirir. H\u0259m\u00e7inin b\u0259zi universitetl\u0259r IELTS \u0259v\u0259zin\u0259 Duolingo, TOEFL v\u0259 ya daxili imtahan q\u0259bul edir. Alternativ olaraq, ingilis dili z\u0259if olan t\u0259l\u0259b\u0259l\u0259r \u00fc\u00e7\u00fcn \u0259vv\u0259lc\u0259 dil kursu ke\u00e7ib sonra \u0259sas proqrama ba\u015flamaq imkan\u0131 da m\u00f6vcuddur. Do\u011fru se\u00e7im \u00fc\u00e7\u00fcn m\u00fcraci\u0259t ed\u0259c\u0259yiniz universitetin minimum t\u0259l\u0259bl\u0259rini yoxlamaq v\u0259 uy\u011fun proqram se\u00e7m\u0259k vacibdir.[\/vc_toggle][vc_toggle title=&#8221;IELTS il\u0259 Almaniyada t\u0259hsil&#8221; css=&#8221;&#8221;]B\u0259li, IELTS il\u0259 Almaniyada t\u0259hsil almaq m\u00fcmk\u00fcnd\u00fcr. Almaniyada bir \u00e7ox universitet ingilis dilind\u0259 proqramlar t\u0259klif edir v\u0259 bu proqramlara q\u0259bul \u00fc\u00e7\u00fcn ad\u0259t\u0259n IELTS sertifikat\u0131 t\u0259l\u0259b olunur. \u018fks\u0259r hallarda minimum 6.0\u20136.5 bal kifay\u0259t edir, lakin b\u0259zi ixtisaslar \u00fc\u00e7\u00fcn bu g\u00f6st\u0259rici daha y\u00fcks\u0259k ola bil\u0259r. D\u00f6vl\u0259t universitetl\u0259rind\u0259 t\u0259hsil \u00e7ox vaxt \u00f6d\u0259ni\u015fsiz v\u0259 ya minimal \u00f6d\u0259ni\u015flidir, lakin q\u0259bul t\u0259l\u0259bl\u0259ri daha ciddi olur. \u018fg\u0259r IELTS bal\u0131n\u0131z a\u015fa\u011f\u0131d\u0131rsa, b\u0259zi universitetl\u0259r haz\u0131rl\u0131q proqram\u0131 v\u0259 ya alternativ dil sertifikatlar\u0131n\u0131 da q\u0259bul ed\u0259 bil\u0259r. M\u00fcraci\u0259t etm\u0259zd\u0259n \u0259vv\u0259l se\u00e7diyiniz universitet v\u0259 proqram\u0131n konkret dil t\u0259l\u0259bl\u0259rini yoxlamaq vacibdir.[\/vc_toggle][vc_toggle title=&#8221;IELTS il\u0259 Pol\u015fada t\u0259hsil&#8221; css=&#8221;&#8221;]B\u0259li, IELTS il\u0259 Pol\u015fada t\u0259hsil almaq geni\u015f \u015f\u0259kild\u0259 m\u00fcmk\u00fcnd\u00fcr. Pol\u015fadak\u0131 bir \u00e7ox universitet ingilis dilind\u0259 bakalavr v\u0259 magistr proqramlar\u0131 t\u0259klif edir v\u0259 q\u0259bul \u00fc\u00e7\u00fcn ad\u0259t\u0259n minimum 5.5\u20136.0 IELTS bal\u0131 t\u0259l\u0259b olunur. B\u0259zi universitetl\u0259r daha a\u015fa\u011f\u0131 bal il\u0259 d\u0259 q\u0259bul ver\u0259 v\u0259 ya t\u0259l\u0259b\u0259ni haz\u0131rl\u0131q (foundation) proqram\u0131na y\u00f6nl\u0259ndir\u0259 bil\u0259r. Pol\u015fada h\u0259m d\u00f6vl\u0259t, h\u0259m d\u0259 \u00f6z\u0259l universitetl\u0259r m\u00f6vcuddur v\u0259 t\u0259hsil haqlar\u0131 dig\u0259r Avropa \u00f6lk\u0259l\u0259ri il\u0259 m\u00fcqayis\u0259d\u0259 daha m\u00fcnasibdir. Bundan \u0259lav\u0259, b\u0259zi universitetl\u0259r IELTS \u0259v\u0259zin\u0259 Duolingo v\u0259 ya daxili imtahan da q\u0259bul edir. M\u00fcraci\u0259t etm\u0259zd\u0259n \u0259vv\u0259l se\u00e7diyiniz universitetin dil v\u0259 q\u0259bul t\u0259l\u0259bl\u0259rini d\u0259qiql\u0259\u015fdirm\u0259k vacibdir.[\/vc_toggle][vc_toggle title=&#8221;IELTS il\u0259 Macar\u0131standa t\u0259hsil&#8221; css=&#8221;&#8221;]B\u0259li, IELTS il\u0259 Macar\u0131standa t\u0259hsil almaq m\u00fcmk\u00fcnd\u00fcr. Macar\u0131standa bir \u00e7ox universitet ingilis dilind\u0259 proqramlar t\u0259qdim edir v\u0259 q\u0259bul \u00fc\u00e7\u00fcn ad\u0259t\u0259n minimum 5.5\u20136.5 IELTS bal\u0131 t\u0259l\u0259b olunur. B\u0259zi hallarda daha a\u015fa\u011f\u0131 bal il\u0259 d\u0259 q\u0259bul almaq v\u0259 ya haz\u0131rl\u0131q (foundation) proqram\u0131na qo\u015fulmaq m\u00fcmk\u00fcnd\u00fcr. X\u00fcsusil\u0259 <strong data-start=\"375\" data-end=\"400\">Stipendium Hungaricum<\/strong> kimi t\u0259qa\u00fcd proqramlar\u0131 vasit\u0259sil\u0259 pulsuz t\u0259hsil v\u0259 ayl\u0131q t\u0259qa\u00fcd \u0259ld\u0259 etm\u0259k imkan\u0131 da var. Bundan \u0259lav\u0259, b\u0259zi universitetl\u0259r IELTS \u0259v\u0259zin\u0259 Duolingo v\u0259 ya daxili imtahan q\u0259bul ed\u0259 bil\u0259r. M\u00fcraci\u0259t etm\u0259zd\u0259n \u0259vv\u0259l se\u00e7diyiniz proqram\u0131n konkret t\u0259l\u0259bl\u0259rini yoxlamaq vacibdir.[\/vc_toggle][vc_toggle title=&#8221;IELTS il\u0259 Amerikada t\u0259hsil&#8221; css=&#8221;&#8221;]B\u0259li, IELTS il\u0259 Amerikada t\u0259hsil almaq m\u00fcmk\u00fcnd\u00fcr. AB\u015e-da bir \u00e7ox universitet beyn\u0259lxalq t\u0259l\u0259b\u0259l\u0259rd\u0259n ingilis dili biliyini t\u0259sdiql\u0259m\u0259k \u00fc\u00e7\u00fcn IELTS v\u0259 ya TOEFL sertifikat\u0131 t\u0259l\u0259b edir. Ad\u0259t\u0259n bakalavr proqramlar\u0131 \u00fc\u00e7\u00fcn minimum 6.0\u20136.5, magistr proqramlar\u0131 \u00fc\u00e7\u00fcn is\u0259 6.5\u20137.0 v\u0259 daha y\u00fcks\u0259k IELTS bal\u0131 t\u0259l\u0259b oluna bil\u0259r. B\u0259zi universitetl\u0259r daha a\u015fa\u011f\u0131 bal il\u0259 \u015f\u0259rti q\u0259bul (conditional admission) ver\u0259r\u0259k t\u0259l\u0259b\u0259ni \u0259vv\u0259lc\u0259 dil proqram\u0131na y\u00f6nl\u0259ndirir. Bundan \u0259lav\u0259, AB\u015e-da geni\u015f t\u0259qa\u00fcd v\u0259 maliyy\u0259 d\u0259st\u0259yi imkanlar\u0131 m\u00f6vcuddur. M\u00fcraci\u0259t etm\u0259zd\u0259n \u0259vv\u0259l se\u00e7diyiniz universitetin v\u0259 proqram\u0131n d\u0259qiq dil t\u0259l\u0259bl\u0259rini yoxlamaq vacibdir.[\/vc_toggle][vc_toggle title=&#8221;IELTS il\u0259 Avropada t\u0259hsil&#8221; css=&#8221;&#8221;]B\u0259li, IELTS il\u0259 Avropada t\u0259hsil almaq geni\u015f \u015f\u0259kild\u0259 m\u00fcmk\u00fcnd\u00fcr. Avropan\u0131n bir \u00e7ox \u00f6lk\u0259sind\u0259 \u2013 x\u00fcsusil\u0259 Almaniya, Pol\u015fa, Macar\u0131stan, Hollandiya v\u0259 dig\u0259r \u00f6lk\u0259l\u0259rd\u0259 ingilis dilind\u0259 proqramlar m\u00f6vcuddur v\u0259 bu proqramlara q\u0259bul \u00fc\u00e7\u00fcn IELTS sertifikat\u0131 t\u0259l\u0259b olunur. Ad\u0259t\u0259n minimum 5.5\u20136.5 bal kifay\u0259t edir, lakin b\u0259zi ixtisaslar v\u0259 universitetl\u0259r daha y\u00fcks\u0259k n\u0259tic\u0259 t\u0259l\u0259b ed\u0259 bil\u0259r. D\u00f6vl\u0259t universitetl\u0259rind\u0259 t\u0259hsil b\u0259zi \u00f6lk\u0259l\u0259rd\u0259 \u00f6d\u0259ni\u015fsiz v\u0259 ya daha m\u00fcnasib qiym\u0259tl\u0259rl\u0259 t\u0259qdim olunur. H\u0259m\u00e7inin a\u015fa\u011f\u0131 IELTS bal\u0131 olan t\u0259l\u0259b\u0259l\u0259r \u00fc\u00e7\u00fcn haz\u0131rl\u0131q proqramlar\u0131 v\u0259 ya \u015f\u0259rti q\u0259bul imkanlar\u0131 da m\u00f6vcuddur. M\u00fcraci\u0259t etm\u0259zd\u0259n \u0259vv\u0259l se\u00e7diyiniz universitetin dil v\u0259 q\u0259bul t\u0259l\u0259bl\u0259rini yoxlamaq vacibdir.[\/vc_toggle][vc_toggle title=&#8221;IELTS imtahan\u0131&#8221; css=&#8221;&#8221;]IELTS (International English Language Testing System) beyn\u0259lxalq s\u0259viyy\u0259d\u0259 tan\u0131nan ingilis dili imtahan\u0131d\u0131r v\u0259 xaricd\u0259 t\u0259hsil, i\u015f v\u0259 immiqrasiya m\u0259qs\u0259dl\u0259ri \u00fc\u00e7\u00fcn t\u0259l\u0259b olunur. Bu imtahan 4 \u0259sas bacar\u0131\u011f\u0131 \u00f6l\u00e7\u00fcr: dinl\u0259m\u0259 (Listening), oxuma (Reading), yazma (Writing) v\u0259 dan\u0131\u015f\u0131q (Speaking). IELTS Academic \u0259sas\u0259n universitetl\u0259r \u00fc\u00e7\u00fcn, IELTS General is\u0259 i\u015f v\u0259 miqrasiya \u00fc\u00e7\u00fcn n\u0259z\u0259rd\u0259 tutulub. \u0130mtahan n\u0259tic\u0259l\u0259ri 0-dan 9-a q\u0259d\u0259r bal sistemi il\u0259 qiym\u0259tl\u0259ndirilir v\u0259 \u0259ks\u0259r universitetl\u0259r minimum 5.5\u20137.0 aras\u0131 bal t\u0259l\u0259b edir. IELTS sertifikat\u0131 2 il m\u00fcdd\u0259tind\u0259 etibarl\u0131 say\u0131l\u0131r.[\/vc_toggle][vc_toggle title=&#8221;IELTS ne\u00e7\u0259 bal laz\u0131md\u0131r&#8221; css=&#8221;&#8221;]IELTS \u00fc\u00e7\u00fcn t\u0259l\u0259b olunan bal m\u00fcraci\u0259t etdiyiniz \u00f6lk\u0259, universitet v\u0259 ixtisasdan as\u0131l\u0131 olaraq d\u0259yi\u015fir. \u00dcmumiyy\u0259tl\u0259, bakalavr proqramlar\u0131 \u00fc\u00e7\u00fcn minimum 5.5\u20136.0 bal kifay\u0259t edir, magistr proqramlar\u0131 \u00fc\u00e7\u00fcn is\u0259 ad\u0259t\u0259n 6.0\u20137.0 v\u0259 ya daha y\u00fcks\u0259k bal t\u0259l\u0259b olunur. Daha prestijli universitetl\u0259r v\u0259 ixtisaslar (m\u0259s\u0259l\u0259n, tibb, h\u00fcquq) daha y\u00fcks\u0259k n\u0259tic\u0259 ist\u0259y\u0259 bil\u0259r. B\u0259zi universitetl\u0259r is\u0259 a\u015fa\u011f\u0131 bal il\u0259 \u015f\u0259rti q\u0259bul (conditional admission) ver\u0259r\u0259k t\u0259l\u0259b\u0259ni \u0259vv\u0259lc\u0259 dil proqram\u0131na y\u00f6nl\u0259ndirir. Buna g\u00f6r\u0259 \u0259n do\u011fru m\u0259lumat\u0131 se\u00e7diyiniz universitetin r\u0259smi t\u0259l\u0259bl\u0259rind\u0259n yoxlamaq vacibdir.[\/vc_toggle][vc_toggle title=&#8221;IELTS il\u0259 xaricd\u0259 t\u0259hsil&#8221; css=&#8221;&#8221;]B\u0259li, IELTS il\u0259 xaricd\u0259 t\u0259hsil almaq geni\u015f \u015f\u0259kild\u0259 m\u00fcmk\u00fcnd\u00fcr v\u0259 bu, \u0259n \u00e7ox istifad\u0259 olunan q\u0259bul yollar\u0131ndan biridir. AB\u015e, Kanada, B\u00f6y\u00fck Britaniya, Almaniya, Pol\u015fa v\u0259 Macar\u0131stan kimi \u00f6lk\u0259l\u0259rd\u0259 yerl\u0259\u015f\u0259n universitetl\u0259r beyn\u0259lxalq t\u0259l\u0259b\u0259l\u0259rd\u0259n IELTS sertifikat\u0131 t\u0259l\u0259b edir. Ad\u0259t\u0259n bakalavr \u00fc\u00e7\u00fcn 5.5\u20136.5, magistr \u00fc\u00e7\u00fcn is\u0259 6.5\u20137.5 aras\u0131 bal t\u0259l\u0259b olunur. IELTS n\u0259tic\u0259si il\u0259 siz ingilis dilind\u0259 olan proqramlara m\u00fcraci\u0259t ed\u0259 v\u0259 bir \u00e7ox hallarda t\u0259qa\u00fcd imkanlar\u0131ndan da yararlana bil\u0259rsiniz. \u018fg\u0259r bal\u0131n\u0131z a\u015fa\u011f\u0131d\u0131rsa, b\u0259zi universitetl\u0259r \u015f\u0259rti q\u0259bul v\u0259 ya haz\u0131rl\u0131q proqramlar\u0131 da t\u0259klif edir. M\u00fcraci\u0259t etm\u0259zd\u0259n \u0259vv\u0259l se\u00e7diyiniz universitetin konkret dil t\u0259l\u0259bl\u0259rini yoxlamaq vacibdir.[\/vc_toggle][vc_toggle title=&#8221;IELTS 6.0 il\u0259 universitetl\u0259r&#8221; css=&#8221;&#8221;]IELTS 6.0 bal\u0131 il\u0259 bir \u00e7ox \u00f6lk\u0259d\u0259 yerl\u0259\u015f\u0259n universitetl\u0259r\u0259 m\u00fcraci\u0259t etm\u0259k m\u00fcmk\u00fcnd\u00fcr. X\u00fcsusil\u0259 Pol\u015fa, Macar\u0131stan, Almaniya, T\u00fcrkiy\u0259 v\u0259 b\u0259zi Avropa \u00f6lk\u0259l\u0259rind\u0259 bu bal il\u0259 h\u0259m bakalavr, h\u0259m d\u0259 b\u0259zi magistr proqramlar\u0131na q\u0259bul almaq olar. Bir \u00e7ox d\u00f6vl\u0259t v\u0259 \u00f6z\u0259l universitetl\u0259r minimum 6.0 IELTS t\u0259l\u0259b edir. Bundan \u0259lav\u0259, b\u0259zi hallarda daha y\u00fcks\u0259k t\u0259l\u0259b olunan proqramlara \u015f\u0259rti q\u0259bul (conditional admission) almaq v\u0259 ya haz\u0131rl\u0131q (foundation\/preparatory) proqram\u0131na qo\u015fulmaq da m\u00fcmk\u00fcnd\u00fcr. Lakin t\u0259l\u0259bl\u0259r universitet v\u0259 ixtisasdan as\u0131l\u0131 olaraq d\u0259yi\u015fdiyi \u00fc\u00e7\u00fcn m\u00fcraci\u0259t etm\u0259zd\u0259n \u0259vv\u0259l r\u0259smi \u015f\u0259rtl\u0259ri yoxlamaq vacibdir.[\/vc_toggle][vc_toggle title=&#8221;IELTS 6.5 il\u0259 magistr&#8221; css=&#8221;&#8221;]B\u0259li, IELTS 6.5 bal\u0131 il\u0259 magistr t\u0259hsili almaq m\u00fcmk\u00fcnd\u00fcr v\u0259 bu, bir \u00e7ox universitet \u00fc\u00e7\u00fcn kifay\u0259t ed\u0259n s\u0259viyy\u0259dir. Avropa \u00f6lk\u0259l\u0259rind\u0259 (Almaniya, Pol\u015fa, Macar\u0131stan, Hollandiya v\u0259 s.), el\u0259c\u0259 d\u0259 AB\u015e v\u0259 Kanadada bir \u00e7ox magistr proqram\u0131 minimum 6.5 IELTS t\u0259l\u0259b edir. Bu bal il\u0259 siz biznes, IT, m\u00fch\u0259ndislik v\u0259 dig\u0259r sah\u0259l\u0259r \u00fczr\u0259 proqramlara m\u00fcraci\u0259t ed\u0259 bil\u0259rsiniz. Daha prestijli universitetl\u0259r v\u0259 b\u0259zi ixtisaslar is\u0259 7.0 v\u0259 ya daha y\u00fcks\u0259k n\u0259tic\u0259 t\u0259l\u0259b ed\u0259 bil\u0259r. \u018fg\u0259r dig\u0259r akademik g\u00f6st\u0259ricil\u0259riniz g\u00fccl\u00fcd\u00fcrs\u0259, 6.5 bal il\u0259 q\u0259bul \u015fans\u0131n\u0131z kifay\u0259t q\u0259d\u0259r y\u00fcks\u0259kdir. M\u00fcraci\u0259t etm\u0259zd\u0259n \u0259vv\u0259l se\u00e7diyiniz proqram\u0131n konkret t\u0259l\u0259bl\u0259rini yoxlamaq vacibdir.[\/vc_toggle][vc_toggle title=&#8221;IELTSsiz t\u0259hsil&#8221; css=&#8221;&#8221;]B\u0259li, IELTS-siz t\u0259hsil almaq m\u00fcmk\u00fcnd\u00fcr v\u0259 bu g\u00fcn bir \u00e7ox universitet alternativ yollar t\u0259qdim edir. \u018fg\u0259r \u0259vv\u0259lki t\u0259hsiliniz ingilis dilind\u0259 olubsa, MOI (Medium of Instruction) s\u0259n\u0259di il\u0259 IELTS t\u0259l\u0259b olunmaya bil\u0259r. Bundan \u0259lav\u0259, b\u0259zi universitetl\u0259r \u00f6z daxili dil imtahan\u0131n\u0131 ke\u00e7irir v\u0259 ya Duolingo, TOEFL kimi alternativ sertifikatlar\u0131 q\u0259bul edir. H\u0259m\u00e7inin Pol\u015fa, Macar\u0131stan, T\u00fcrkiy\u0259 v\u0259 b\u0259zi Avropa \u00f6lk\u0259l\u0259rind\u0259 IELTS olmadan q\u0259bul imkan\u0131 daha geni\u015fdir. B\u0259zi hallarda is\u0259 t\u0259l\u0259b\u0259l\u0259r \u0259vv\u0259lc\u0259 dil v\u0259 ya haz\u0131rl\u0131q proqram\u0131na q\u0259bul olunaraq sonradan \u0259sas ixtisasa ke\u00e7id ed\u0259 bilirl\u0259r. M\u00fcraci\u0259t etm\u0259zd\u0259n \u0259vv\u0259l se\u00e7diyiniz universitetin \u015f\u0259rtl\u0259rini yoxlamaq vacibdir.[\/vc_toggle][vc_toggle]Toggle content goes here, click edit button to change this text.[\/vc_toggle][vc_toggle]Toggle content goes here, click edit button to change this text.[\/vc_toggle][\/vc_column][\/vc_row][vc_row][vc_column][vc_column_text css=&#8221;&#8221;]<\/p>\n<p data-start=\"0\" data-end=\"745\">IELTS imtahan\u0131 xaricd\u0259 t\u0259hsil almaq ist\u0259y\u0259n t\u0259l\u0259b\u0259l\u0259r \u00fc\u00e7\u00fcn \u0259n vacib m\u0259rh\u0259l\u0259l\u0259rd\u0259n biridir. IELTS ne\u00e7\u0259 bal laz\u0131md\u0131r sual\u0131 is\u0259 \u0259n \u00e7ox veril\u0259n suallar aras\u0131ndad\u0131r v\u0259 cavab universitet\u0259 g\u00f6r\u0259 d\u0259yi\u015fir. IELTS il\u0259 xaricd\u0259 t\u0259hsil almaq bu g\u00fcn minl\u0259rl\u0259 t\u0259l\u0259b\u0259 \u00fc\u00e7\u00fcn \u0259sas se\u00e7iml\u0259rd\u0259n biridir. X\u00fcsusil\u0259 IELTS il\u0259 Avropada t\u0259hsil almaq ist\u0259y\u0259nl\u0259r \u00fc\u00e7\u00fcn geni\u015f imkanlar m\u00f6vcuddur. IELTS il\u0259 Almaniyada t\u0259hsil almaq ist\u0259y\u0259n t\u0259l\u0259b\u0259l\u0259r \u00fc\u00e7\u00fcn ad\u0259t\u0259n daha y\u00fcks\u0259k bal t\u0259l\u0259bi qoyulur. Bununla yana\u015f\u0131, IELTS il\u0259 Pol\u015fada t\u0259hsil almaq daha m\u00fcnasib t\u0259l\u0259bl\u0259rl\u0259 m\u00fcmk\u00fcnd\u00fcr. Eyni zamanda IELTS il\u0259 Macar\u0131standa t\u0259hsil almaq da t\u0259l\u0259b\u0259l\u0259r aras\u0131nda populyard\u0131r v\u0259 t\u0259qa\u00fcd imkanlar\u0131 il\u0259 se\u00e7ilir. IELTS il\u0259 Amerikada t\u0259hsil almaq is\u0259 daha y\u00fcks\u0259k bal v\u0259 \u0259lav\u0259 s\u0259n\u0259dl\u0259r t\u0259l\u0259b ed\u0259 bil\u0259r.<\/p>\n<p data-start=\"747\" data-end=\"1204\">B\u0259zi hallarda t\u0259l\u0259b\u0259l\u0259r IELTS 6.5 il\u0259 magistr proqramlar\u0131na m\u00fcraci\u0259t ed\u0259r\u0259k u\u011furlu n\u0259tic\u0259 \u0259ld\u0259 ed\u0259 bilirl\u0259r. H\u0259m\u00e7inin IELTS 6.0 il\u0259 universitetl\u0259r d\u0259 kifay\u0259t q\u0259d\u0259r \u00e7oxdur v\u0259 bu bal il\u0259 q\u0259bul almaq m\u00fcmk\u00fcnd\u00fcr. \u018fg\u0259r n\u0259tic\u0259niz daha a\u015fa\u011f\u0131d\u0131rsa, IELTS 5.5 il\u0259 q\u0259bul olan universitetl\u0259r d\u0259 m\u00f6vcuddur v\u0259 bu se\u00e7iml\u0259r x\u00fcsusil\u0259 Avropada geni\u015f yay\u0131l\u0131b. IELTS bal\u0131m azd\u0131r, hara m\u00fcraci\u0259t ed\u0259 bil\u0259r\u0259m sual\u0131 da bu m\u0259rh\u0259l\u0259d\u0259 aktualla\u015f\u0131r v\u0259 alternativ \u00f6lk\u0259l\u0259r \u00f6n plana \u00e7\u0131x\u0131r.<\/p>\n<p data-start=\"1206\" data-end=\"1608\">Dig\u0259r t\u0259r\u0259fd\u0259n, b\u0259zi t\u0259l\u0259b\u0259l\u0259r IELTS olmadan Avropada t\u0259hsil imkanlar\u0131n\u0131 ara\u015fd\u0131r\u0131r. Bu bax\u0131mdan IELTS olmadan t\u0259hsil m\u00fcmk\u00fcnd\u00fcrm\u00fc sual\u0131na cavab olaraq b\u0259li dem\u0259k olar. IELTSsiz tehsil almaq ist\u0259y\u0259nl\u0259r \u00fc\u00e7\u00fcn m\u00fcxt\u0259lif alternativ yollar m\u00f6vcuddur. IELTS alternativl\u0259ri kimi Duolingo, TOEFL v\u0259 daxili universitet imtahanlar\u0131 q\u0259bul edil\u0259 bil\u0259r. B\u0259zi universitetl\u0259r is\u0259 MOI s\u0259n\u0259di il\u0259 t\u0259l\u0259b\u0259l\u0259r\u0259 imkan yarad\u0131r.<\/p>\n<p data-start=\"1610\" data-end=\"1859\" data-is-last-node=\"\" data-is-only-node=\"\">\u00dcmumilikd\u0259, ist\u0259r IELTS il\u0259 xaricd\u0259 t\u0259hsil, ist\u0259rs\u0259 d\u0259 IELTSsiz tehsil variantlar\u0131 t\u0259l\u0259b\u0259l\u0259r \u00fc\u00e7\u00fcn geni\u015f se\u00e7im imkan\u0131 yarad\u0131r. Do\u011fru universitet v\u0259 proqram se\u00e7imi etm\u0259k \u00fc\u00e7\u00fcn is\u0259 b\u00fct\u00fcn t\u0259l\u0259bl\u0259ri diqq\u0259tl\u0259 ara\u015fd\u0131rmaq v\u0259 uy\u011fun strategiya qurmaq vacibdir.<\/p>\n<p>[\/vc_column_text][\/vc_column][\/vc_row]<\/p>\n<\/div>","protected":false},"excerpt":{"rendered":"<p>[vc_row][vc_column][vc_toggle title=&#8221;\u0130ELTS olmadan Avropada t\u0259hsil&#8221; css=&#8221;&#8221;]B\u0259li, IELTS olmadan Avropada t\u0259hsil almaq m\u00fcmk\u00fcnd\u00fcr. Bir \u00e7ox Avropa universitetl\u0259ri alternativ olaraq \u0259vv\u0259lki t\u0259hsilinizin ingilis dilind\u0259 olmas\u0131n\u0131 (Medium of Instruction \u2013 MOI) q\u0259bul edir v\u0259 ya \u00f6z daxili dil imtahan\u0131n\u0131 t\u0259\u015fkil edir. X\u00fcsusil\u0259 Macar\u0131stan, Pol\u015fa, Almaniya v\u0259 T\u00fcrkiy\u0259 kimi \u00f6lk\u0259l\u0259rd\u0259 b\u0259zi universitetl\u0259r IELTS t\u0259l\u0259b etm\u0259d\u0259n q\u0259bul verir. Lakin bu [&hellip;]<\/p>\n","protected":false},"author":1,"featured_media":0,"parent":0,"menu_order":0,"comment_status":"closed","ping_status":"closed","template":"","meta":{"_acf_changed":false,"footnotes":""},"class_list":["post-140714","page","type-page","status-publish","hentry"],"acf":[],"_links":{"self":[{"href":"https:\/\/eddeglobal.az\/en\/wp-json\/wp\/v2\/pages\/140714","targetHints":{"allow":["GET"]}}],"collection":[{"href":"https:\/\/eddeglobal.az\/en\/wp-json\/wp\/v2\/pages"}],"about":[{"href":"https:\/\/eddeglobal.az\/en\/wp-json\/wp\/v2\/types\/page"}],"author":[{"embeddable":true,"href":"https:\/\/eddeglobal.az\/en\/wp-json\/wp\/v2\/users\/1"}],"replies":[{"embeddable":true,"href":"https:\/\/eddeglobal.az\/en\/wp-json\/wp\/v2\/comments?post=140714"}],"version-history":[{"count":4,"href":"https:\/\/eddeglobal.az\/en\/wp-json\/wp\/v2\/pages\/140714\/revisions"}],"predecessor-version":[{"id":140897,"href":"https:\/\/eddeglobal.az\/en\/wp-json\/wp\/v2\/pages\/140714\/revisions\/140897"}],"wp:attachment":[{"href":"https:\/\/eddeglobal.az\/en\/wp-json\/wp\/v2\/media?parent=140714"}],"curies":[{"name":"wp","href":"https:\/\/api.w.org\/{rel}","templated":true}]}}