{"id":140719,"date":"2026-03-16T14:45:36","date_gmt":"2026-03-16T14:45:36","guid":{"rendered":"https:\/\/eddeglobal.az\/?page_id=140719"},"modified":"2026-03-17T15:42:23","modified_gmt":"2026-03-17T15:42:23","slug":"duolingo-english-test-ile-tehsil","status":"publish","type":"page","link":"https:\/\/eddeglobal.az\/en\/duolingo-english-test-ile-tehsil\/","title":{"rendered":"Duolingo English Test il\u0259 t\u0259hsil"},"content":{"rendered":"<div class=\"wpb-content-wrapper\"><p>[vc_row][vc_column][vc_column_text css=&#8221;&#8221;]Duolingo English Test il\u0259 t\u0259hsil almaq son ill\u0259rd\u0259 daha populyar se\u00e7im\u0259 \u00e7evrilib. Bir \u00e7ox universitet bu imtahan\u0131 r\u0259smi dil sertifikat\u0131 kimi q\u0259bul edir. Duolingo English Test il\u0259 t\u0259hsil almaq ist\u0259y\u0259n t\u0259l\u0259b\u0259l\u0259r onlayn \u015f\u0259kild\u0259 imtahan ver\u0259 bilirl\u0259r. Bu imtahan dig\u0259r sertifikatlara nisb\u0259t\u0259n daha \u0259lveri\u015flidir. N\u0259tic\u0259l\u0259r q\u0131sa m\u00fcdd\u0259td\u0259 elan olunur v\u0259 bu da m\u00fcraci\u0259t prosesini s\u00fcr\u0259tl\u0259ndirir. AB\u015e, Kanada v\u0259 Avropada yerl\u0259\u015f\u0259n bir \u00e7ox universitet bu sertifikat\u0131 q\u0259bul edir. B\u0259zi universitetl\u0259r minimum bal t\u0259l\u0259bi qoyur. Bu bal proqram v\u0259 ixtisasa g\u00f6r\u0259 d\u0259yi\u015f\u0259 bil\u0259r. Duolingo imtahan\u0131 d\u00f6rd \u0259sas bacar\u0131\u011f\u0131 qiym\u0259tl\u0259ndirir. T\u0259l\u0259b\u0259l\u0259r h\u0259m oxuma, h\u0259m yazma, h\u0259m dinl\u0259m\u0259, h\u0259m d\u0259 dan\u0131\u015f\u0131q \u00fczr\u0259 yoxlan\u0131l\u0131r. Bu imtahan x\u00fcsusil\u0259 IELTS alternativi kimi se\u00e7ilir. Universitet se\u00e7\u0259rk\u0259n q\u0259bul t\u0259l\u0259bl\u0259rini yoxlamaq vacibdir. Do\u011fru bal toplamaq q\u0259bul \u015fans\u0131n\u0131 art\u0131r\u0131r. Duolingo English Test il\u0259 t\u0259hsil almaq t\u0259l\u0259b\u0259l\u0259r \u00fc\u00e7\u00fcn rahat v\u0259 s\u00fcr\u0259tli bir yoldur.[\/vc_column_text][\/vc_column][\/vc_row]<\/p>\n<\/div>","protected":false},"excerpt":{"rendered":"<p>[vc_row][vc_column][vc_column_text css=&#8221;&#8221;]Duolingo English Test il\u0259 t\u0259hsil almaq son ill\u0259rd\u0259 daha populyar se\u00e7im\u0259 \u00e7evrilib. Bir \u00e7ox universitet bu imtahan\u0131 r\u0259smi dil sertifikat\u0131 kimi q\u0259bul edir. Duolingo English Test il\u0259 t\u0259hsil almaq ist\u0259y\u0259n t\u0259l\u0259b\u0259l\u0259r onlayn \u015f\u0259kild\u0259 imtahan ver\u0259 bilirl\u0259r. Bu imtahan dig\u0259r sertifikatlara nisb\u0259t\u0259n daha \u0259lveri\u015flidir. N\u0259tic\u0259l\u0259r q\u0131sa m\u00fcdd\u0259td\u0259 elan olunur v\u0259 bu da m\u00fcraci\u0259t prosesini s\u00fcr\u0259tl\u0259ndirir. [&hellip;]<\/p>\n","protected":false},"author":1,"featured_media":0,"parent":0,"menu_order":0,"comment_status":"closed","ping_status":"closed","template":"","meta":{"_acf_changed":false,"footnotes":""},"class_list":["post-140719","page","type-page","status-publish","hentry"],"acf":[],"_links":{"self":[{"href":"https:\/\/eddeglobal.az\/en\/wp-json\/wp\/v2\/pages\/140719","targetHints":{"allow":["GET"]}}],"collection":[{"href":"https:\/\/eddeglobal.az\/en\/wp-json\/wp\/v2\/pages"}],"about":[{"href":"https:\/\/eddeglobal.az\/en\/wp-json\/wp\/v2\/types\/page"}],"author":[{"embeddable":true,"href":"https:\/\/eddeglobal.az\/en\/wp-json\/wp\/v2\/users\/1"}],"replies":[{"embeddable":true,"href":"https:\/\/eddeglobal.az\/en\/wp-json\/wp\/v2\/comments?post=140719"}],"version-history":[{"count":2,"href":"https:\/\/eddeglobal.az\/en\/wp-json\/wp\/v2\/pages\/140719\/revisions"}],"predecessor-version":[{"id":140900,"href":"https:\/\/eddeglobal.az\/en\/wp-json\/wp\/v2\/pages\/140719\/revisions\/140900"}],"wp:attachment":[{"href":"https:\/\/eddeglobal.az\/en\/wp-json\/wp\/v2\/media?parent=140719"}],"curies":[{"name":"wp","href":"https:\/\/api.w.org\/{rel}","templated":true}]}}