{"id":140720,"date":"2026-03-16T14:45:14","date_gmt":"2026-03-16T14:45:14","guid":{"rendered":"https:\/\/eddeglobal.az\/?page_id=140720"},"modified":"2026-03-17T15:48:41","modified_gmt":"2026-03-17T15:48:41","slug":"toefl-ile-tehsil","status":"publish","type":"page","link":"https:\/\/eddeglobal.az\/en\/toefl-ile-tehsil\/","title":{"rendered":"TOEFL il\u0259 t\u0259hsil"},"content":{"rendered":"<div class=\"wpb-content-wrapper\"><p>[vc_row][vc_column][vc_column_text css=&#8221;&#8221;]TOEFL il\u0259 t\u0259hsil almaq beyn\u0259lxalq t\u0259l\u0259b\u0259l\u0259r \u00fc\u00e7\u00fcn geni\u015f imkanlar yarad\u0131r. Bir \u00e7ox universitet bu imtahan\u0131 r\u0259smi dil sertifikat\u0131 kimi q\u0259bul edir. TOEFL il\u0259 t\u0259hsil almaq ist\u0259y\u0259n t\u0259l\u0259b\u0259l\u0259r ingilis dili bilikl\u0259rini bu imtahan vasit\u0259sil\u0259 s\u00fcbut edir. Bu sertifikat x\u00fcsusil\u0259 AB\u015e v\u0259 Kanadada geni\u015f istifad\u0259 olunur. TOEFL n\u0259tic\u0259l\u0259ri bir \u00e7ox \u00f6lk\u0259d\u0259 ke\u00e7\u0259rlidir v\u0259 q\u0259bul prosesind\u0259 m\u00fch\u00fcm rol oynay\u0131r. \u0130mtahan \u0259sas\u0259n akademik ingilis dilini \u00f6l\u00e7\u00fcr. Oxuma, yazma, dinl\u0259m\u0259 v\u0259 dan\u0131\u015f\u0131q bacar\u0131qlar\u0131 qiym\u0259tl\u0259ndirilir. TOEFL il\u0259 t\u0259hsil almaq \u00fc\u00e7\u00fcn t\u0259l\u0259b olunan minimum bal universitet\u0259 g\u00f6r\u0259 d\u0259yi\u015fir. B\u0259zi proqramlar daha y\u00fcks\u0259k n\u0259tic\u0259 t\u0259l\u0259b ed\u0259 bil\u0259r. T\u0259l\u0259b\u0259l\u0259r uy\u011fun bal toplad\u0131qda m\u00fcxt\u0259lif ixtisaslara m\u00fcraci\u0259t ed\u0259 bilirl\u0259r. Universitet se\u00e7\u0259rk\u0259n q\u0259bul t\u0259l\u0259bl\u0259rini yoxlamaq vacibdir. Do\u011fru planlama q\u0259bul \u015fans\u0131n\u0131 art\u0131r\u0131r. TOEFL sertifikat\u0131 il\u0259 t\u0259hsil almaq karyera imkanlar\u0131n\u0131 geni\u015fl\u0259ndirir. Xaricd\u0259 t\u0259hsil beyn\u0259lxalq t\u0259cr\u00fcb\u0259 qazanmaq \u00fc\u00e7\u00fcn yax\u015f\u0131 f\u00fcrs\u0259tdir.[\/vc_column_text][\/vc_column][\/vc_row]<\/p>\n<\/div>","protected":false},"excerpt":{"rendered":"<p>[vc_row][vc_column][vc_column_text css=&#8221;&#8221;]TOEFL il\u0259 t\u0259hsil almaq beyn\u0259lxalq t\u0259l\u0259b\u0259l\u0259r \u00fc\u00e7\u00fcn geni\u015f imkanlar yarad\u0131r. Bir \u00e7ox universitet bu imtahan\u0131 r\u0259smi dil sertifikat\u0131 kimi q\u0259bul edir. TOEFL il\u0259 t\u0259hsil almaq ist\u0259y\u0259n t\u0259l\u0259b\u0259l\u0259r ingilis dili bilikl\u0259rini bu imtahan vasit\u0259sil\u0259 s\u00fcbut edir. Bu sertifikat x\u00fcsusil\u0259 AB\u015e v\u0259 Kanadada geni\u015f istifad\u0259 olunur. TOEFL n\u0259tic\u0259l\u0259ri bir \u00e7ox \u00f6lk\u0259d\u0259 ke\u00e7\u0259rlidir v\u0259 q\u0259bul prosesind\u0259 m\u00fch\u00fcm [&hellip;]<\/p>\n","protected":false},"author":1,"featured_media":0,"parent":0,"menu_order":0,"comment_status":"closed","ping_status":"closed","template":"","meta":{"_acf_changed":false,"footnotes":""},"class_list":["post-140720","page","type-page","status-publish","hentry"],"acf":[],"_links":{"self":[{"href":"https:\/\/eddeglobal.az\/en\/wp-json\/wp\/v2\/pages\/140720","targetHints":{"allow":["GET"]}}],"collection":[{"href":"https:\/\/eddeglobal.az\/en\/wp-json\/wp\/v2\/pages"}],"about":[{"href":"https:\/\/eddeglobal.az\/en\/wp-json\/wp\/v2\/types\/page"}],"author":[{"embeddable":true,"href":"https:\/\/eddeglobal.az\/en\/wp-json\/wp\/v2\/users\/1"}],"replies":[{"embeddable":true,"href":"https:\/\/eddeglobal.az\/en\/wp-json\/wp\/v2\/comments?post=140720"}],"version-history":[{"count":3,"href":"https:\/\/eddeglobal.az\/en\/wp-json\/wp\/v2\/pages\/140720\/revisions"}],"predecessor-version":[{"id":140901,"href":"https:\/\/eddeglobal.az\/en\/wp-json\/wp\/v2\/pages\/140720\/revisions\/140901"}],"wp:attachment":[{"href":"https:\/\/eddeglobal.az\/en\/wp-json\/wp\/v2\/media?parent=140720"}],"curies":[{"name":"wp","href":"https:\/\/api.w.org\/{rel}","templated":true}]}}