{"id":140721,"date":"2026-03-16T14:44:29","date_gmt":"2026-03-16T14:44:29","guid":{"rendered":"https:\/\/eddeglobal.az\/?page_id=140721"},"modified":"2026-03-17T15:49:51","modified_gmt":"2026-03-17T15:49:51","slug":"languagecert-ile-tehsil","status":"publish","type":"page","link":"https:\/\/eddeglobal.az\/en\/languagecert-ile-tehsil\/","title":{"rendered":"LanguageCert il\u0259 t\u0259hsil"},"content":{"rendered":"<div class=\"wpb-content-wrapper\"><p>[vc_row][vc_column][vc_column_text css=&#8221;&#8221;]LanguageCert il\u0259 t\u0259hsil almaq son d\u00f6vrl\u0259rd\u0259 daha \u00e7ox t\u0259l\u0259b\u0259 t\u0259r\u0259find\u0259n se\u00e7ilir. Bir \u00e7ox universitet bu sertifikat\u0131 alternativ dil imtahan\u0131 kimi q\u0259bul edir. LanguageCert il\u0259 t\u0259hsil almaq ist\u0259y\u0259nl\u0259r \u00fc\u00e7\u00fcn m\u00fcraci\u0259t prosesi olduqca rahatd\u0131r. \u0130mtahan onlayn v\u0259 ya test m\u0259rk\u0259zl\u0259rind\u0259 veril\u0259 bil\u0259r. Bu sertifikat beyn\u0259lxalq s\u0259viyy\u0259d\u0259 tan\u0131n\u0131r v\u0259 m\u00fcxt\u0259lif \u00f6lk\u0259l\u0259rd\u0259 ke\u00e7\u0259rlidir. LanguageCert imtahan\u0131 ingilis dili bacar\u0131qlar\u0131n\u0131 qiym\u0259tl\u0259ndirir. Oxuma, yazma, dinl\u0259m\u0259 v\u0259 dan\u0131\u015f\u0131q \u00fczr\u0259 n\u0259tic\u0259l\u0259r t\u0259qdim olunur. LanguageCert il\u0259 t\u0259hsil almaq \u00fc\u00e7\u00fcn t\u0259l\u0259b olunan bal universitet v\u0259 proqramdan as\u0131l\u0131d\u0131r. B\u0259zi universitetl\u0259r bu sertifikat\u0131 IELTS alternativi kimi q\u0259bul edir. T\u0259l\u0259b\u0259l\u0259r uy\u011fun n\u0259tic\u0259 \u0259ld\u0259 etdikd\u0259 m\u00fcxt\u0259lif ixtisaslara m\u00fcraci\u0259t ed\u0259 bilirl\u0259r. Universitet se\u00e7imi zaman\u0131 q\u0259bul \u015f\u0259rtl\u0259rini yoxlamaq vacibdir. Do\u011fru se\u00e7im etm\u0259k g\u0259l\u0259c\u0259k \u00fc\u00e7\u00fcn \u00f6n\u0259mlidir. LanguageCert il\u0259 t\u0259hsil almaq beyn\u0259lxalq t\u0259hsil imkanlar\u0131n\u0131 geni\u015fl\u0259ndirir. Xaricd\u0259 t\u0259hsil t\u0259l\u0259b\u0259l\u0259r \u00fc\u00e7\u00fcn yeni f\u00fcrs\u0259tl\u0259r yarad\u0131r.[\/vc_column_text][\/vc_column][\/vc_row][vc_row][vc_column]\n<div class=\"wpcf7 no-js\" id=\"wpcf7-f3483-o1\" lang=\"en-US\" dir=\"ltr\" data-wpcf7-id=\"3483\">\n<div class=\"screen-reader-response\"><p role=\"status\" aria-live=\"polite\" aria-atomic=\"true\"><\/p> <ul><\/ul><\/div>\n<form action=\"\/en\/wp-json\/wp\/v2\/pages\/140721#wpcf7-f3483-o1\" method=\"post\" class=\"wpcf7-form init\" aria-label=\"Contact form\" novalidate=\"novalidate\" data-status=\"init\">\n<fieldset class=\"hidden-fields-container\"><input type=\"hidden\" name=\"_wpcf7\" value=\"3483\" \/><input type=\"hidden\" name=\"_wpcf7_version\" value=\"6.1.3\" \/><input type=\"hidden\" name=\"_wpcf7_locale\" value=\"en_US\" \/><input type=\"hidden\" name=\"_wpcf7_unit_tag\" value=\"wpcf7-f3483-o1\" \/><input type=\"hidden\" name=\"_wpcf7_container_post\" value=\"0\" \/><input type=\"hidden\" name=\"_wpcf7_posted_data_hash\" value=\"\" \/>\n<\/fieldset>\n<div class=\"tac\" style=\"max-width: 600px; margin: 0 auto;\">\n\n<div class=\"row\">\n<div class=\"col-lg-6 col-md-6 col-sm-12 col-xs-12\">\n<span class=\"wpcf7-form-control-wrap\">\n<span class=\"wpcf7-form-control-wrap\" data-name=\"your-name\"><input size=\"40\" maxlength=\"400\" class=\"wpcf7-form-control wpcf7-text wpcf7-validates-as-required style3\" aria-required=\"true\" aria-invalid=\"false\" placeholder=\"Your name (required)\" value=\"\" type=\"text\" name=\"your-name\" \/><\/span>\n\n<\/span>\n\n<span class=\"wpcf7-form-control-wrap\">\n<span class=\"wpcf7-form-control-wrap\" data-name=\"your-email\"><input size=\"40\" maxlength=\"400\" class=\"wpcf7-form-control wpcf7-email wpcf7-validates-as-required wpcf7-text wpcf7-validates-as-email style3\" aria-required=\"true\" aria-invalid=\"false\" placeholder=\"Your email (required)\" value=\"\" type=\"email\" name=\"your-email\" \/><\/span>\n\n<\/span>\n<\/div>\n\n<div class=\"col-lg-6 col-md-6 col-sm-12 col-xs-12\">\n<span class=\"wpcf7-form-control-wrap\">\n<span class=\"wpcf7-form-control-wrap\" data-name=\"your-tel\"><input size=\"40\" maxlength=\"400\" class=\"wpcf7-form-control wpcf7-tel wpcf7-validates-as-required wpcf7-text wpcf7-validates-as-tel style3\" aria-required=\"true\" aria-invalid=\"false\" placeholder=\"Mobile number (required)\" value=\"\" type=\"tel\" name=\"your-tel\" \/><\/span>\n\n<\/span>\n\n<span class=\"wpcf7-form-control-wrap\">\n<span class=\"wpcf7-form-control-wrap\" data-name=\"movzu\"><select class=\"wpcf7-form-control wpcf7-select wpcf7-validates-as-required style3\" aria-required=\"true\" aria-invalid=\"false\" name=\"movzu\"><option value=\"Foundation\">Foundation<\/option><option value=\"Bachelor&#039;s Degree\">Bachelor&#039;s Degree<\/option><option value=\"Master&#039;s Degree\">Master&#039;s Degree<\/option><option value=\"PhD \/ Doctorate\">PhD \/ Doctorate<\/option><option value=\"Transfer\">Transfer<\/option><option value=\"Scholarship\">Scholarship<\/option><option value=\"Summer Schools\">Summer Schools<\/option><option value=\"International Schools\">International Schools<\/option><option value=\"Dormitory\">Dormitory<\/option><option value=\"Right Major Selection\">Right Major Selection<\/option><\/select><\/span>\n\n<\/span>\n<\/div>\n<\/div>\n\n\n<span class=\"wpcf7-form-control-wrap\">\n<span class=\"wpcf7-form-control-wrap\" data-name=\"mesaj\"><textarea cols=\"40\" rows=\"10\" maxlength=\"2000\" class=\"wpcf7-form-control wpcf7-textarea wpcf7-validates-as-required style3\" aria-required=\"true\" aria-invalid=\"false\" placeholder=\"Write your message\" name=\"mesaj\"><\/textarea><\/span>\n\n<\/span>\n\n<div style=\"margin-bottom:15px;\" class=\"modal-p\">\nFields marked as \"required\" must be filled in\n\n<\/div>\n\n<div class=\"modal-send\">\n<input class=\"wpcf7-form-control wpcf7-submit has-spinner button-style1\" type=\"submit\" value=\"Submit\" \/>\n\n<\/div>\n\n<\/div><div class=\"wpcf7-response-output\" aria-hidden=\"true\"><\/div>\n<\/form>\n<\/div>\n[\/vc_column][\/vc_row]<\/p>\n<\/div>","protected":false},"excerpt":{"rendered":"<p>[vc_row][vc_column][vc_column_text css=&#8221;&#8221;]LanguageCert il\u0259 t\u0259hsil almaq son d\u00f6vrl\u0259rd\u0259 daha \u00e7ox t\u0259l\u0259b\u0259 t\u0259r\u0259find\u0259n se\u00e7ilir. Bir \u00e7ox universitet bu sertifikat\u0131 alternativ dil imtahan\u0131 kimi q\u0259bul edir. LanguageCert il\u0259 t\u0259hsil almaq ist\u0259y\u0259nl\u0259r \u00fc\u00e7\u00fcn m\u00fcraci\u0259t prosesi olduqca rahatd\u0131r. \u0130mtahan onlayn v\u0259 ya test m\u0259rk\u0259zl\u0259rind\u0259 veril\u0259 bil\u0259r. Bu sertifikat beyn\u0259lxalq s\u0259viyy\u0259d\u0259 tan\u0131n\u0131r v\u0259 m\u00fcxt\u0259lif \u00f6lk\u0259l\u0259rd\u0259 ke\u00e7\u0259rlidir. LanguageCert imtahan\u0131 ingilis dili bacar\u0131qlar\u0131n\u0131 [&hellip;]<\/p>\n","protected":false},"author":1,"featured_media":0,"parent":0,"menu_order":0,"comment_status":"closed","ping_status":"closed","template":"","meta":{"_acf_changed":false,"footnotes":""},"class_list":["post-140721","page","type-page","status-publish","hentry"],"acf":[],"_links":{"self":[{"href":"https:\/\/eddeglobal.az\/en\/wp-json\/wp\/v2\/pages\/140721","targetHints":{"allow":["GET"]}}],"collection":[{"href":"https:\/\/eddeglobal.az\/en\/wp-json\/wp\/v2\/pages"}],"about":[{"href":"https:\/\/eddeglobal.az\/en\/wp-json\/wp\/v2\/types\/page"}],"author":[{"embeddable":true,"href":"https:\/\/eddeglobal.az\/en\/wp-json\/wp\/v2\/users\/1"}],"replies":[{"embeddable":true,"href":"https:\/\/eddeglobal.az\/en\/wp-json\/wp\/v2\/comments?post=140721"}],"version-history":[{"count":3,"href":"https:\/\/eddeglobal.az\/en\/wp-json\/wp\/v2\/pages\/140721\/revisions"}],"predecessor-version":[{"id":140902,"href":"https:\/\/eddeglobal.az\/en\/wp-json\/wp\/v2\/pages\/140721\/revisions\/140902"}],"wp:attachment":[{"href":"https:\/\/eddeglobal.az\/en\/wp-json\/wp\/v2\/media?parent=140721"}],"curies":[{"name":"wp","href":"https:\/\/api.w.org\/{rel}","templated":true}]}}