{"id":140723,"date":"2026-03-16T14:43:24","date_gmt":"2026-03-16T14:43:24","guid":{"rendered":"https:\/\/eddeglobal.az\/?page_id=140723"},"modified":"2026-03-17T15:57:13","modified_gmt":"2026-03-17T15:57:13","slug":"medium-of-instruction-ile-qebul","status":"publish","type":"page","link":"https:\/\/eddeglobal.az\/en\/medium-of-instruction-ile-qebul\/","title":{"rendered":"Medium of instruction il\u0259 q\u0259bul"},"content":{"rendered":"<div class=\"wpb-content-wrapper\"><p>[vc_row][vc_column][vc_column_text css=&#8221;&#8221;]medium of instruction il\u0259 q\u0259bul son ill\u0259rd\u0259 t\u0259l\u0259b\u0259l\u0259r aras\u0131nda daha \u00e7ox yay\u0131l\u0131b. Bu \u00fcsul ingilis dili sertifikat\u0131 olmadan t\u0259hsil almaq ist\u0259y\u0259nl\u0259r \u00fc\u00e7\u00fcn uy\u011fundur. medium of instruction il\u0259 q\u0259bul zaman\u0131 t\u0259l\u0259b\u0259nin \u0259vv\u0259lki t\u0259hsilinin ingilis dilind\u0259 olmas\u0131 \u0259sas \u015f\u0259rtdir. Bu, r\u0259smi s\u0259n\u0259d il\u0259 t\u0259sdiql\u0259nm\u0259lidir. Universitetl\u0259r MOI s\u0259n\u0259dini q\u0259bul ed\u0259r\u0259k \u0259lav\u0259 imtahan t\u0259l\u0259b etm\u0259y\u0259 bil\u0259r. Bu \u00fcsul x\u00fcsusil\u0259 Avropa v\u0259 b\u0259zi dig\u0259r \u00f6lk\u0259l\u0259rd\u0259 geni\u015f yay\u0131l\u0131b. T\u0259l\u0259b\u0259l\u0259r bu s\u0259n\u0259d vasit\u0259sil\u0259 birba\u015fa proqramlara m\u00fcraci\u0259t ed\u0259 bilirl\u0259r. B\u0259zi universitetl\u0259r \u0259lav\u0259 olaraq m\u00fcsahib\u0259 d\u0259 ke\u00e7ir\u0259 bil\u0259r. Bu, t\u0259l\u0259b\u0259nin dil s\u0259viyy\u0259sini yoxlamaq \u00fc\u00e7\u00fcnd\u00fcr. medium of instruction il\u0259 q\u0259bul prosesi dig\u0259r \u00fcsullara nisb\u0259t\u0259n daha s\u00fcr\u0259tli ola bil\u0259r. H\u0259m vaxt, h\u0259m d\u0259 maliyy\u0259t bax\u0131m\u0131ndan s\u0259rf\u0259lidir. Lakin b\u00fct\u00fcn universitetl\u0259r bu \u00fcsulu q\u0259bul etmir. Ona g\u00f6r\u0259 m\u00fcraci\u0259t etm\u0259zd\u0259n \u0259vv\u0259l \u015f\u0259rtl\u0259ri yoxlamaq vacibdir. Do\u011fru s\u0259n\u0259dl\u0259rl\u0259 m\u00fcraci\u0259t etm\u0259k q\u0259bul \u015fans\u0131n\u0131 art\u0131r\u0131r. Xaricd\u0259 t\u0259hsil almaq ist\u0259y\u0259nl\u0259r \u00fc\u00e7\u00fcn bu \u00fcsul yax\u015f\u0131 alternativdir.[\/vc_column_text][\/vc_column][\/vc_row][vc_row][vc_column]\n<div class=\"wpcf7 no-js\" id=\"wpcf7-f3483-o1\" lang=\"en-US\" dir=\"ltr\" data-wpcf7-id=\"3483\">\n<div class=\"screen-reader-response\"><p role=\"status\" aria-live=\"polite\" aria-atomic=\"true\"><\/p> <ul><\/ul><\/div>\n<form action=\"\/en\/wp-json\/wp\/v2\/pages\/140723#wpcf7-f3483-o1\" method=\"post\" class=\"wpcf7-form init\" aria-label=\"Contact form\" novalidate=\"novalidate\" data-status=\"init\">\n<fieldset class=\"hidden-fields-container\"><input type=\"hidden\" name=\"_wpcf7\" value=\"3483\" \/><input type=\"hidden\" name=\"_wpcf7_version\" value=\"6.1.3\" \/><input type=\"hidden\" name=\"_wpcf7_locale\" value=\"en_US\" \/><input type=\"hidden\" name=\"_wpcf7_unit_tag\" value=\"wpcf7-f3483-o1\" \/><input type=\"hidden\" name=\"_wpcf7_container_post\" value=\"0\" \/><input type=\"hidden\" name=\"_wpcf7_posted_data_hash\" value=\"\" \/>\n<\/fieldset>\n<div class=\"tac\" style=\"max-width: 600px; margin: 0 auto;\">\n\n<div class=\"row\">\n<div class=\"col-lg-6 col-md-6 col-sm-12 col-xs-12\">\n<span class=\"wpcf7-form-control-wrap\">\n<span class=\"wpcf7-form-control-wrap\" data-name=\"your-name\"><input size=\"40\" maxlength=\"400\" class=\"wpcf7-form-control wpcf7-text wpcf7-validates-as-required style3\" aria-required=\"true\" aria-invalid=\"false\" placeholder=\"Your name (required)\" value=\"\" type=\"text\" name=\"your-name\" \/><\/span>\n\n<\/span>\n\n<span class=\"wpcf7-form-control-wrap\">\n<span class=\"wpcf7-form-control-wrap\" data-name=\"your-email\"><input size=\"40\" maxlength=\"400\" class=\"wpcf7-form-control wpcf7-email wpcf7-validates-as-required wpcf7-text wpcf7-validates-as-email style3\" aria-required=\"true\" aria-invalid=\"false\" placeholder=\"Your email (required)\" value=\"\" type=\"email\" name=\"your-email\" \/><\/span>\n\n<\/span>\n<\/div>\n\n<div class=\"col-lg-6 col-md-6 col-sm-12 col-xs-12\">\n<span class=\"wpcf7-form-control-wrap\">\n<span class=\"wpcf7-form-control-wrap\" data-name=\"your-tel\"><input size=\"40\" maxlength=\"400\" class=\"wpcf7-form-control wpcf7-tel wpcf7-validates-as-required wpcf7-text wpcf7-validates-as-tel style3\" aria-required=\"true\" aria-invalid=\"false\" placeholder=\"Mobile number (required)\" value=\"\" type=\"tel\" name=\"your-tel\" \/><\/span>\n\n<\/span>\n\n<span class=\"wpcf7-form-control-wrap\">\n<span class=\"wpcf7-form-control-wrap\" data-name=\"movzu\"><select class=\"wpcf7-form-control wpcf7-select wpcf7-validates-as-required style3\" aria-required=\"true\" aria-invalid=\"false\" name=\"movzu\"><option value=\"Foundation\">Foundation<\/option><option value=\"Bachelor&#039;s Degree\">Bachelor&#039;s Degree<\/option><option value=\"Master&#039;s Degree\">Master&#039;s Degree<\/option><option value=\"PhD \/ Doctorate\">PhD \/ Doctorate<\/option><option value=\"Transfer\">Transfer<\/option><option value=\"Scholarship\">Scholarship<\/option><option value=\"Summer Schools\">Summer Schools<\/option><option value=\"International Schools\">International Schools<\/option><option value=\"Dormitory\">Dormitory<\/option><option value=\"Right Major Selection\">Right Major Selection<\/option><\/select><\/span>\n\n<\/span>\n<\/div>\n<\/div>\n\n\n<span class=\"wpcf7-form-control-wrap\">\n<span class=\"wpcf7-form-control-wrap\" data-name=\"mesaj\"><textarea cols=\"40\" rows=\"10\" maxlength=\"2000\" class=\"wpcf7-form-control wpcf7-textarea wpcf7-validates-as-required style3\" aria-required=\"true\" aria-invalid=\"false\" placeholder=\"Write your message\" name=\"mesaj\"><\/textarea><\/span>\n\n<\/span>\n\n<div style=\"margin-bottom:15px;\" class=\"modal-p\">\nFields marked as \"required\" must be filled in\n\n<\/div>\n\n<div class=\"modal-send\">\n<input class=\"wpcf7-form-control wpcf7-submit has-spinner button-style1\" type=\"submit\" value=\"Submit\" \/>\n\n<\/div>\n\n<\/div><div class=\"wpcf7-response-output\" aria-hidden=\"true\"><\/div>\n<\/form>\n<\/div>\n[\/vc_column][\/vc_row]<\/p>\n<\/div>","protected":false},"excerpt":{"rendered":"<p>[vc_row][vc_column][vc_column_text css=&#8221;&#8221;]medium of instruction il\u0259 q\u0259bul son ill\u0259rd\u0259 t\u0259l\u0259b\u0259l\u0259r aras\u0131nda daha \u00e7ox yay\u0131l\u0131b. Bu \u00fcsul ingilis dili sertifikat\u0131 olmadan t\u0259hsil almaq ist\u0259y\u0259nl\u0259r \u00fc\u00e7\u00fcn uy\u011fundur. medium of instruction il\u0259 q\u0259bul zaman\u0131 t\u0259l\u0259b\u0259nin \u0259vv\u0259lki t\u0259hsilinin ingilis dilind\u0259 olmas\u0131 \u0259sas \u015f\u0259rtdir. Bu, r\u0259smi s\u0259n\u0259d il\u0259 t\u0259sdiql\u0259nm\u0259lidir. Universitetl\u0259r MOI s\u0259n\u0259dini q\u0259bul ed\u0259r\u0259k \u0259lav\u0259 imtahan t\u0259l\u0259b etm\u0259y\u0259 bil\u0259r. Bu \u00fcsul [&hellip;]<\/p>\n","protected":false},"author":1,"featured_media":0,"parent":0,"menu_order":0,"comment_status":"closed","ping_status":"closed","template":"","meta":{"_acf_changed":false,"footnotes":""},"class_list":["post-140723","page","type-page","status-publish","hentry"],"acf":[],"_links":{"self":[{"href":"https:\/\/eddeglobal.az\/en\/wp-json\/wp\/v2\/pages\/140723","targetHints":{"allow":["GET"]}}],"collection":[{"href":"https:\/\/eddeglobal.az\/en\/wp-json\/wp\/v2\/pages"}],"about":[{"href":"https:\/\/eddeglobal.az\/en\/wp-json\/wp\/v2\/types\/page"}],"author":[{"embeddable":true,"href":"https:\/\/eddeglobal.az\/en\/wp-json\/wp\/v2\/users\/1"}],"replies":[{"embeddable":true,"href":"https:\/\/eddeglobal.az\/en\/wp-json\/wp\/v2\/comments?post=140723"}],"version-history":[{"count":3,"href":"https:\/\/eddeglobal.az\/en\/wp-json\/wp\/v2\/pages\/140723\/revisions"}],"predecessor-version":[{"id":140904,"href":"https:\/\/eddeglobal.az\/en\/wp-json\/wp\/v2\/pages\/140723\/revisions\/140904"}],"wp:attachment":[{"href":"https:\/\/eddeglobal.az\/en\/wp-json\/wp\/v2\/media?parent=140723"}],"curies":[{"name":"wp","href":"https:\/\/api.w.org\/{rel}","templated":true}]}}