{"id":140725,"date":"2026-03-16T14:42:55","date_gmt":"2026-03-16T14:42:55","guid":{"rendered":"https:\/\/eddeglobal.az\/?page_id=140725"},"modified":"2026-03-17T15:38:07","modified_gmt":"2026-03-17T15:38:07","slug":"ielts-olmadan-avropada-tehsil","status":"publish","type":"page","link":"https:\/\/eddeglobal.az\/en\/ielts-olmadan-avropada-tehsil\/","title":{"rendered":"\u0130ELTS olmadan Avropada t\u0259hsil"},"content":{"rendered":"<div class=\"wpb-content-wrapper\"><p>[vc_row][vc_column][vc_column_text css=&#8221;&#8221;]\u0130ELTS olmadan Avropada t\u0259hsil almaq ist\u0259y\u0259n t\u0259l\u0259b\u0259l\u0259r \u00fc\u00e7\u00fcn m\u00fcxt\u0259lif imkanlar m\u00f6vcuddur. Bir \u00e7ox Avropa universiteti alternativ q\u0259bul yollar\u0131 t\u0259qdim edir. \u0130ELTS olmadan Avropada t\u0259hsil almaq \u00fc\u00e7\u00fcn t\u0259l\u0259b\u0259l\u0259r MOI s\u0259n\u0259di t\u0259qdim ed\u0259 bil\u0259r. Bu s\u0259n\u0259d \u0259vv\u0259lki t\u0259hsilin ingilis dilind\u0259 oldu\u011funu t\u0259sdiql\u0259yir. B\u0259zi universitetl\u0259r daxili dil imtahan\u0131 ke\u00e7irir. H\u0259m\u00e7inin Duolingo v\u0259 TOEFL kimi alternativ sertifikatlar da q\u0259bul olunur. Pol\u015fa, Macar\u0131stan v\u0259 T\u00fcrkiy\u0259 kimi \u00f6lk\u0259l\u0259rd\u0259 bu imkanlar daha geni\u015fdir. B\u0259zi hallarda t\u0259l\u0259b\u0259l\u0259r haz\u0131rl\u0131q proqram\u0131na q\u0259bul edilir. Bu proqramlar dil s\u0259viyy\u0259sini art\u0131rmaq \u00fc\u00e7\u00fcn n\u0259z\u0259rd\u0259 tutulub. Avropada t\u0259hsil x\u0259rcl\u0259ri \u00f6lk\u0259y\u0259 g\u00f6r\u0259 d\u0259yi\u015fir. D\u00f6vl\u0259t universitetl\u0259rind\u0259 t\u0259hsil daha s\u0259rf\u0259li ola bil\u0259r. Universitet se\u00e7\u0259rk\u0259n q\u0259bul \u015f\u0259rtl\u0259rini yoxlamaq vacibdir. Do\u011fru se\u00e7im etm\u0259k t\u0259l\u0259b\u0259nin g\u0259l\u0259c\u0259yi \u00fc\u00e7\u00fcn \u00f6n\u0259mlidir. Avropada t\u0259hsil beyn\u0259lxalq t\u0259cr\u00fcb\u0259 qazanmaq \u00fc\u00e7\u00fcn yax\u015f\u0131 imkand\u0131r.[\/vc_column_text][\/vc_column][\/vc_row]<\/p>\n<\/div>","protected":false},"excerpt":{"rendered":"<p>[vc_row][vc_column][vc_column_text css=&#8221;&#8221;]\u0130ELTS olmadan Avropada t\u0259hsil almaq ist\u0259y\u0259n t\u0259l\u0259b\u0259l\u0259r \u00fc\u00e7\u00fcn m\u00fcxt\u0259lif imkanlar m\u00f6vcuddur. Bir \u00e7ox Avropa universiteti alternativ q\u0259bul yollar\u0131 t\u0259qdim edir. \u0130ELTS olmadan Avropada t\u0259hsil almaq \u00fc\u00e7\u00fcn t\u0259l\u0259b\u0259l\u0259r MOI s\u0259n\u0259di t\u0259qdim ed\u0259 bil\u0259r. Bu s\u0259n\u0259d \u0259vv\u0259lki t\u0259hsilin ingilis dilind\u0259 oldu\u011funu t\u0259sdiql\u0259yir. B\u0259zi universitetl\u0259r daxili dil imtahan\u0131 ke\u00e7irir. H\u0259m\u00e7inin Duolingo v\u0259 TOEFL kimi alternativ sertifikatlar da [&hellip;]<\/p>\n","protected":false},"author":1,"featured_media":0,"parent":0,"menu_order":0,"comment_status":"closed","ping_status":"closed","template":"","meta":{"_acf_changed":false,"footnotes":""},"class_list":["post-140725","page","type-page","status-publish","hentry"],"acf":[],"_links":{"self":[{"href":"https:\/\/eddeglobal.az\/en\/wp-json\/wp\/v2\/pages\/140725","targetHints":{"allow":["GET"]}}],"collection":[{"href":"https:\/\/eddeglobal.az\/en\/wp-json\/wp\/v2\/pages"}],"about":[{"href":"https:\/\/eddeglobal.az\/en\/wp-json\/wp\/v2\/types\/page"}],"author":[{"embeddable":true,"href":"https:\/\/eddeglobal.az\/en\/wp-json\/wp\/v2\/users\/1"}],"replies":[{"embeddable":true,"href":"https:\/\/eddeglobal.az\/en\/wp-json\/wp\/v2\/comments?post=140725"}],"version-history":[{"count":3,"href":"https:\/\/eddeglobal.az\/en\/wp-json\/wp\/v2\/pages\/140725\/revisions"}],"predecessor-version":[{"id":140899,"href":"https:\/\/eddeglobal.az\/en\/wp-json\/wp\/v2\/pages\/140725\/revisions\/140899"}],"wp:attachment":[{"href":"https:\/\/eddeglobal.az\/en\/wp-json\/wp\/v2\/media?parent=140725"}],"curies":[{"name":"wp","href":"https:\/\/api.w.org\/{rel}","templated":true}]}}