{"id":140751,"date":"2026-03-16T21:36:17","date_gmt":"2026-03-16T21:36:17","guid":{"rendered":"https:\/\/eddeglobal.az\/?page_id=140751"},"modified":"2026-03-19T17:04:05","modified_gmt":"2026-03-19T17:04:05","slug":"charles-university-tehsil","status":"publish","type":"page","link":"https:\/\/eddeglobal.az\/en\/charles-university-tehsil\/","title":{"rendered":"Charles University t\u0259hsil"},"content":{"rendered":"<div class=\"wpb-content-wrapper\"><p>[vc_row][vc_column][vc_column_text css=&#8221;&#8221;]Charles University t\u0259hsil sah\u0259sind\u0259 Avropan\u0131n \u0259n q\u0259dim v\u0259 n\u00fcfuzlu ali m\u0259kt\u0259bl\u0259rind\u0259n biri kimi tan\u0131n\u0131r. Bu universitet \u00c7exiyada yerl\u0259\u015fir v\u0259 beyn\u0259lxalq t\u0259l\u0259b\u0259l\u0259r \u00fc\u00e7\u00fcn geni\u015f se\u00e7im imkan\u0131 yarad\u0131r. Charles University t\u0259hsil almaq ist\u0259y\u0259nl\u0259r h\u0259m bakalavr, h\u0259m d\u0259 magistr s\u0259viyy\u0259sind\u0259 m\u00fcxt\u0259lif proqramlara m\u00fcraci\u0259t ed\u0259 bilirl\u0259r. Universitetd\u0259 ingilis dilind\u0259 t\u0259qdim olunan ixtisaslar da kifay\u0259t q\u0259d\u0259rdir. Q\u0259bul prosesi ixtisasa uy\u011fun olaraq f\u0259rql\u0259n\u0259 bil\u0259r v\u0259 b\u0259zi hallarda imtahan v\u0259 ya m\u00fcsahib\u0259 t\u0259l\u0259b olunur. Akademik g\u00f6st\u0259ricil\u0259r burada \u0259sas rol oynay\u0131r. T\u0259l\u0259b\u0259l\u0259r h\u0259m n\u0259z\u0259ri, h\u0259m d\u0259 praktiki bilikl\u0259r \u0259ld\u0259 edir. Universitetin t\u0259dris sistemi Avropa standartlar\u0131na uy\u011fun qurulub. Charles University t\u0259hsil t\u0259l\u0259b\u0259l\u0259r\u0259 beyn\u0259lxalq m\u00fchitd\u0259 oxumaq imkan\u0131 verir. Burada m\u00fcxt\u0259lif \u00f6lk\u0259l\u0259rd\u0259n g\u0259l\u0259n t\u0259l\u0259b\u0259l\u0259rl\u0259 \u00fcnsiyy\u0259t qurmaq m\u00fcmk\u00fcnd\u00fcr. Universitet \u015f\u0259h\u0259rin m\u0259rk\u0259zind\u0259 yerl\u0259\u015fdiyi \u00fc\u00e7\u00fcn sosial h\u0259yat da aktivdir. T\u0259qa\u00fcd v\u0259 maliyy\u0259 d\u0259st\u0259yi imkanlar\u0131 da m\u00f6vcuddur. Ya\u015fay\u0131\u015f x\u0259rcl\u0259ri dig\u0259r Avropa \u00f6lk\u0259l\u0259ri il\u0259 m\u00fcqayis\u0259d\u0259 daha m\u00fcnasibdir. Bu universitet keyfiyy\u0259tli t\u0259hsil axtaranlar \u00fc\u00e7\u00fcn ideal se\u00e7iml\u0259rd\u0259n biridir.[\/vc_column_text][\/vc_column][\/vc_row][vc_row][vc_column]\n<div class=\"wpcf7 no-js\" id=\"wpcf7-f3483-o1\" lang=\"en-US\" dir=\"ltr\" data-wpcf7-id=\"3483\">\n<div class=\"screen-reader-response\"><p role=\"status\" aria-live=\"polite\" aria-atomic=\"true\"><\/p> <ul><\/ul><\/div>\n<form action=\"\/en\/wp-json\/wp\/v2\/pages\/140751#wpcf7-f3483-o1\" method=\"post\" class=\"wpcf7-form init\" aria-label=\"Contact form\" novalidate=\"novalidate\" data-status=\"init\">\n<fieldset class=\"hidden-fields-container\"><input type=\"hidden\" name=\"_wpcf7\" value=\"3483\" \/><input type=\"hidden\" name=\"_wpcf7_version\" value=\"6.1.3\" \/><input type=\"hidden\" name=\"_wpcf7_locale\" value=\"en_US\" \/><input type=\"hidden\" name=\"_wpcf7_unit_tag\" value=\"wpcf7-f3483-o1\" \/><input type=\"hidden\" name=\"_wpcf7_container_post\" value=\"0\" \/><input type=\"hidden\" name=\"_wpcf7_posted_data_hash\" value=\"\" \/>\n<\/fieldset>\n<div class=\"tac\" style=\"max-width: 600px; margin: 0 auto;\">\n\n<div class=\"row\">\n<div class=\"col-lg-6 col-md-6 col-sm-12 col-xs-12\">\n<span class=\"wpcf7-form-control-wrap\">\n<span class=\"wpcf7-form-control-wrap\" data-name=\"your-name\"><input size=\"40\" maxlength=\"400\" class=\"wpcf7-form-control wpcf7-text wpcf7-validates-as-required style3\" aria-required=\"true\" aria-invalid=\"false\" placeholder=\"Your name (required)\" value=\"\" type=\"text\" name=\"your-name\" \/><\/span>\n\n<\/span>\n\n<span class=\"wpcf7-form-control-wrap\">\n<span class=\"wpcf7-form-control-wrap\" data-name=\"your-email\"><input size=\"40\" maxlength=\"400\" class=\"wpcf7-form-control wpcf7-email wpcf7-validates-as-required wpcf7-text wpcf7-validates-as-email style3\" aria-required=\"true\" aria-invalid=\"false\" placeholder=\"Your email (required)\" value=\"\" type=\"email\" name=\"your-email\" \/><\/span>\n\n<\/span>\n<\/div>\n\n<div class=\"col-lg-6 col-md-6 col-sm-12 col-xs-12\">\n<span class=\"wpcf7-form-control-wrap\">\n<span class=\"wpcf7-form-control-wrap\" data-name=\"your-tel\"><input size=\"40\" maxlength=\"400\" class=\"wpcf7-form-control wpcf7-tel wpcf7-validates-as-required wpcf7-text wpcf7-validates-as-tel style3\" aria-required=\"true\" aria-invalid=\"false\" placeholder=\"Mobile number (required)\" value=\"\" type=\"tel\" name=\"your-tel\" \/><\/span>\n\n<\/span>\n\n<span class=\"wpcf7-form-control-wrap\">\n<span class=\"wpcf7-form-control-wrap\" data-name=\"movzu\"><select class=\"wpcf7-form-control wpcf7-select wpcf7-validates-as-required style3\" aria-required=\"true\" aria-invalid=\"false\" name=\"movzu\"><option value=\"Foundation\">Foundation<\/option><option value=\"Bachelor&#039;s Degree\">Bachelor&#039;s Degree<\/option><option value=\"Master&#039;s Degree\">Master&#039;s Degree<\/option><option value=\"PhD \/ Doctorate\">PhD \/ Doctorate<\/option><option value=\"Transfer\">Transfer<\/option><option value=\"Scholarship\">Scholarship<\/option><option value=\"Summer Schools\">Summer Schools<\/option><option value=\"International Schools\">International Schools<\/option><option value=\"Dormitory\">Dormitory<\/option><option value=\"Right Major Selection\">Right Major Selection<\/option><\/select><\/span>\n\n<\/span>\n<\/div>\n<\/div>\n\n\n<span class=\"wpcf7-form-control-wrap\">\n<span class=\"wpcf7-form-control-wrap\" data-name=\"mesaj\"><textarea cols=\"40\" rows=\"10\" maxlength=\"2000\" class=\"wpcf7-form-control wpcf7-textarea wpcf7-validates-as-required style3\" aria-required=\"true\" aria-invalid=\"false\" placeholder=\"Write your message\" name=\"mesaj\"><\/textarea><\/span>\n\n<\/span>\n\n<div style=\"margin-bottom:15px;\" class=\"modal-p\">\nFields marked as \"required\" must be filled in\n\n<\/div>\n\n<div class=\"modal-send\">\n<input class=\"wpcf7-form-control wpcf7-submit has-spinner button-style1\" type=\"submit\" value=\"Submit\" \/>\n\n<\/div>\n\n<\/div><div class=\"wpcf7-response-output\" aria-hidden=\"true\"><\/div>\n<\/form>\n<\/div>\n[\/vc_column][\/vc_row]<\/p>\n<\/div>","protected":false},"excerpt":{"rendered":"<p>[vc_row][vc_column][vc_column_text css=&#8221;&#8221;]Charles University t\u0259hsil sah\u0259sind\u0259 Avropan\u0131n \u0259n q\u0259dim v\u0259 n\u00fcfuzlu ali m\u0259kt\u0259bl\u0259rind\u0259n biri kimi tan\u0131n\u0131r. Bu universitet \u00c7exiyada yerl\u0259\u015fir v\u0259 beyn\u0259lxalq t\u0259l\u0259b\u0259l\u0259r \u00fc\u00e7\u00fcn geni\u015f se\u00e7im imkan\u0131 yarad\u0131r. Charles University t\u0259hsil almaq ist\u0259y\u0259nl\u0259r h\u0259m bakalavr, h\u0259m d\u0259 magistr s\u0259viyy\u0259sind\u0259 m\u00fcxt\u0259lif proqramlara m\u00fcraci\u0259t ed\u0259 bilirl\u0259r. Universitetd\u0259 ingilis dilind\u0259 t\u0259qdim olunan ixtisaslar da kifay\u0259t q\u0259d\u0259rdir. Q\u0259bul prosesi ixtisasa [&hellip;]<\/p>\n","protected":false},"author":1,"featured_media":0,"parent":0,"menu_order":0,"comment_status":"closed","ping_status":"closed","template":"","meta":{"_acf_changed":false,"footnotes":""},"class_list":["post-140751","page","type-page","status-publish","hentry"],"acf":[],"_links":{"self":[{"href":"https:\/\/eddeglobal.az\/en\/wp-json\/wp\/v2\/pages\/140751","targetHints":{"allow":["GET"]}}],"collection":[{"href":"https:\/\/eddeglobal.az\/en\/wp-json\/wp\/v2\/pages"}],"about":[{"href":"https:\/\/eddeglobal.az\/en\/wp-json\/wp\/v2\/types\/page"}],"author":[{"embeddable":true,"href":"https:\/\/eddeglobal.az\/en\/wp-json\/wp\/v2\/users\/1"}],"replies":[{"embeddable":true,"href":"https:\/\/eddeglobal.az\/en\/wp-json\/wp\/v2\/comments?post=140751"}],"version-history":[{"count":2,"href":"https:\/\/eddeglobal.az\/en\/wp-json\/wp\/v2\/pages\/140751\/revisions"}],"predecessor-version":[{"id":140917,"href":"https:\/\/eddeglobal.az\/en\/wp-json\/wp\/v2\/pages\/140751\/revisions\/140917"}],"wp:attachment":[{"href":"https:\/\/eddeglobal.az\/en\/wp-json\/wp\/v2\/media?parent=140751"}],"curies":[{"name":"wp","href":"https:\/\/api.w.org\/{rel}","templated":true}]}}