{"id":140757,"date":"2026-03-16T20:10:42","date_gmt":"2026-03-16T20:10:42","guid":{"rendered":"https:\/\/eddeglobal.az\/?page_id=140757"},"modified":"2026-03-19T16:41:53","modified_gmt":"2026-03-19T16:41:53","slug":"almaniyada-tehsil","status":"publish","type":"page","link":"https:\/\/eddeglobal.az\/en\/almaniyada-tehsil\/","title":{"rendered":"Almaniyada t\u0259hsil"},"content":{"rendered":"<div class=\"wpb-content-wrapper\"><p>[vc_row][vc_column][vc_column_text css=&#8221;&#8221;]Almaniyada t\u0259hsil almaq Avropada \u0259n \u00e7ox se\u00e7il\u0259n variantlardan biridir. Bu \u00f6lk\u0259d\u0259 d\u00f6vl\u0259t universitetl\u0259rinin \u0259ks\u0259riyy\u0259tind\u0259 t\u0259hsil \u00f6d\u0259ni\u015fsizdir. Almaniyada t\u0259hsil almaq ist\u0259y\u0259n t\u0259l\u0259b\u0259l\u0259r y\u00fcks\u0259k keyfiyy\u0259tli proqramlardan yararlana bilirl\u0259r. Universitetl\u0259r h\u0259m alman, h\u0259m d\u0259 ingilis dilind\u0259 proqramlar t\u0259klif edir. Dil biliyi q\u0259bul \u00fc\u00e7\u00fcn \u0259sas \u015f\u0259rtl\u0259rd\u0259n biridir. T\u0259l\u0259b\u0259l\u0259r IELTS, TOEFL v\u0259 ya alman dili sertifikat\u0131 il\u0259 m\u00fcraci\u0259t ed\u0259 bilirl\u0259r. B\u0259zi proqramlar \u0259lav\u0259 imtahan v\u0259 ya m\u00fcsahib\u0259 t\u0259l\u0259b ed\u0259 bil\u0259r. Almaniyada t\u0259hsil almaq \u00fc\u00e7\u00fcn akademik g\u00f6st\u0259ricil\u0259r d\u0259 \u00f6n\u0259mlidir. Yax\u015f\u0131 qiym\u0259tl\u0259r q\u0259bul \u015fans\u0131n\u0131 art\u0131r\u0131r. Bu \u00f6lk\u0259d\u0259 t\u0259l\u0259b\u0259l\u0259r \u00fc\u00e7\u00fcn geni\u015f ixtisas se\u00e7imi m\u00f6vcuddur. H\u0259m texniki, h\u0259m d\u0259 humanitar sah\u0259l\u0259r \u00fczr\u0259 proqramlar var. Almaniyada t\u0259hsil almaq t\u0259l\u0259b\u0259l\u0259r\u0259 praktiki t\u0259cr\u00fcb\u0259 qazanmaq imkan\u0131 yarad\u0131r. T\u0259hsil m\u00fcdd\u0259tind\u0259 i\u015fl\u0259m\u0259k d\u0259 m\u00fc\u0259yy\u0259n \u015f\u0259rtl\u0259rl\u0259 m\u00fcmk\u00fcnd\u00fcr. Ya\u015fay\u0131\u015f x\u0259rcl\u0259ri \u015f\u0259h\u0259r\u0259 g\u00f6r\u0259 d\u0259yi\u015fir. Berlin v\u0259 M\u00fcnhen kimi \u015f\u0259h\u0259rl\u0259rd\u0259 x\u0259rcl\u0259r daha y\u00fcks\u0259k ola bil\u0259r. Almaniyada t\u0259hsil almaq g\u0259l\u0259c\u0259k karyera \u00fc\u00e7\u00fcn g\u00fccl\u00fc t\u0259m\u0259l yarad\u0131r.[\/vc_column_text][\/vc_column][\/vc_row][vc_row][vc_column]\n<div class=\"wpcf7 no-js\" id=\"wpcf7-f3483-o1\" lang=\"en-US\" dir=\"ltr\" data-wpcf7-id=\"3483\">\n<div class=\"screen-reader-response\"><p role=\"status\" aria-live=\"polite\" aria-atomic=\"true\"><\/p> <ul><\/ul><\/div>\n<form action=\"\/en\/wp-json\/wp\/v2\/pages\/140757#wpcf7-f3483-o1\" method=\"post\" class=\"wpcf7-form init\" aria-label=\"Contact form\" novalidate=\"novalidate\" data-status=\"init\">\n<fieldset class=\"hidden-fields-container\"><input type=\"hidden\" name=\"_wpcf7\" value=\"3483\" \/><input type=\"hidden\" name=\"_wpcf7_version\" value=\"6.1.3\" \/><input type=\"hidden\" name=\"_wpcf7_locale\" value=\"en_US\" \/><input type=\"hidden\" name=\"_wpcf7_unit_tag\" value=\"wpcf7-f3483-o1\" \/><input type=\"hidden\" name=\"_wpcf7_container_post\" value=\"0\" \/><input type=\"hidden\" name=\"_wpcf7_posted_data_hash\" value=\"\" \/>\n<\/fieldset>\n<div class=\"tac\" style=\"max-width: 600px; margin: 0 auto;\">\n\n<div class=\"row\">\n<div class=\"col-lg-6 col-md-6 col-sm-12 col-xs-12\">\n<span class=\"wpcf7-form-control-wrap\">\n<span class=\"wpcf7-form-control-wrap\" data-name=\"your-name\"><input size=\"40\" maxlength=\"400\" class=\"wpcf7-form-control wpcf7-text wpcf7-validates-as-required style3\" aria-required=\"true\" aria-invalid=\"false\" placeholder=\"Your name (required)\" value=\"\" type=\"text\" name=\"your-name\" \/><\/span>\n\n<\/span>\n\n<span class=\"wpcf7-form-control-wrap\">\n<span class=\"wpcf7-form-control-wrap\" data-name=\"your-email\"><input size=\"40\" maxlength=\"400\" class=\"wpcf7-form-control wpcf7-email wpcf7-validates-as-required wpcf7-text wpcf7-validates-as-email style3\" aria-required=\"true\" aria-invalid=\"false\" placeholder=\"Your email (required)\" value=\"\" type=\"email\" name=\"your-email\" \/><\/span>\n\n<\/span>\n<\/div>\n\n<div class=\"col-lg-6 col-md-6 col-sm-12 col-xs-12\">\n<span class=\"wpcf7-form-control-wrap\">\n<span class=\"wpcf7-form-control-wrap\" data-name=\"your-tel\"><input size=\"40\" maxlength=\"400\" class=\"wpcf7-form-control wpcf7-tel wpcf7-validates-as-required wpcf7-text wpcf7-validates-as-tel style3\" aria-required=\"true\" aria-invalid=\"false\" placeholder=\"Mobile number (required)\" value=\"\" type=\"tel\" name=\"your-tel\" \/><\/span>\n\n<\/span>\n\n<span class=\"wpcf7-form-control-wrap\">\n<span class=\"wpcf7-form-control-wrap\" data-name=\"movzu\"><select class=\"wpcf7-form-control wpcf7-select wpcf7-validates-as-required style3\" aria-required=\"true\" aria-invalid=\"false\" name=\"movzu\"><option value=\"Foundation\">Foundation<\/option><option value=\"Bachelor&#039;s Degree\">Bachelor&#039;s Degree<\/option><option value=\"Master&#039;s Degree\">Master&#039;s Degree<\/option><option value=\"PhD \/ Doctorate\">PhD \/ Doctorate<\/option><option value=\"Transfer\">Transfer<\/option><option value=\"Scholarship\">Scholarship<\/option><option value=\"Summer Schools\">Summer Schools<\/option><option value=\"International Schools\">International Schools<\/option><option value=\"Dormitory\">Dormitory<\/option><option value=\"Right Major Selection\">Right Major Selection<\/option><\/select><\/span>\n\n<\/span>\n<\/div>\n<\/div>\n\n\n<span class=\"wpcf7-form-control-wrap\">\n<span class=\"wpcf7-form-control-wrap\" data-name=\"mesaj\"><textarea cols=\"40\" rows=\"10\" maxlength=\"2000\" class=\"wpcf7-form-control wpcf7-textarea wpcf7-validates-as-required style3\" aria-required=\"true\" aria-invalid=\"false\" placeholder=\"Write your message\" name=\"mesaj\"><\/textarea><\/span>\n\n<\/span>\n\n<div style=\"margin-bottom:15px;\" class=\"modal-p\">\nFields marked as \"required\" must be filled in\n\n<\/div>\n\n<div class=\"modal-send\">\n<input class=\"wpcf7-form-control wpcf7-submit has-spinner button-style1\" type=\"submit\" value=\"Submit\" \/>\n\n<\/div>\n\n<\/div><div class=\"wpcf7-response-output\" aria-hidden=\"true\"><\/div>\n<\/form>\n<\/div>\n[\/vc_column][\/vc_row]<\/p>\n<\/div>","protected":false},"excerpt":{"rendered":"<p>[vc_row][vc_column][vc_column_text css=&#8221;&#8221;]Almaniyada t\u0259hsil almaq Avropada \u0259n \u00e7ox se\u00e7il\u0259n variantlardan biridir. Bu \u00f6lk\u0259d\u0259 d\u00f6vl\u0259t universitetl\u0259rinin \u0259ks\u0259riyy\u0259tind\u0259 t\u0259hsil \u00f6d\u0259ni\u015fsizdir. Almaniyada t\u0259hsil almaq ist\u0259y\u0259n t\u0259l\u0259b\u0259l\u0259r y\u00fcks\u0259k keyfiyy\u0259tli proqramlardan yararlana bilirl\u0259r. Universitetl\u0259r h\u0259m alman, h\u0259m d\u0259 ingilis dilind\u0259 proqramlar t\u0259klif edir. Dil biliyi q\u0259bul \u00fc\u00e7\u00fcn \u0259sas \u015f\u0259rtl\u0259rd\u0259n biridir. T\u0259l\u0259b\u0259l\u0259r IELTS, TOEFL v\u0259 ya alman dili sertifikat\u0131 il\u0259 m\u00fcraci\u0259t ed\u0259 [&hellip;]<\/p>\n","protected":false},"author":1,"featured_media":0,"parent":0,"menu_order":0,"comment_status":"closed","ping_status":"closed","template":"","meta":{"_acf_changed":false,"footnotes":""},"class_list":["post-140757","page","type-page","status-publish","hentry"],"acf":[],"_links":{"self":[{"href":"https:\/\/eddeglobal.az\/en\/wp-json\/wp\/v2\/pages\/140757","targetHints":{"allow":["GET"]}}],"collection":[{"href":"https:\/\/eddeglobal.az\/en\/wp-json\/wp\/v2\/pages"}],"about":[{"href":"https:\/\/eddeglobal.az\/en\/wp-json\/wp\/v2\/types\/page"}],"author":[{"embeddable":true,"href":"https:\/\/eddeglobal.az\/en\/wp-json\/wp\/v2\/users\/1"}],"replies":[{"embeddable":true,"href":"https:\/\/eddeglobal.az\/en\/wp-json\/wp\/v2\/comments?post=140757"}],"version-history":[{"count":5,"href":"https:\/\/eddeglobal.az\/en\/wp-json\/wp\/v2\/pages\/140757\/revisions"}],"predecessor-version":[{"id":140910,"href":"https:\/\/eddeglobal.az\/en\/wp-json\/wp\/v2\/pages\/140757\/revisions\/140910"}],"wp:attachment":[{"href":"https:\/\/eddeglobal.az\/en\/wp-json\/wp\/v2\/media?parent=140757"}],"curies":[{"name":"wp","href":"https:\/\/api.w.org\/{rel}","templated":true}]}}