{"id":140758,"date":"2026-03-16T20:10:24","date_gmt":"2026-03-16T20:10:24","guid":{"rendered":"https:\/\/eddeglobal.az\/?page_id=140758"},"modified":"2026-03-19T16:49:46","modified_gmt":"2026-03-19T16:49:46","slug":"macaristanda-tehsil","status":"publish","type":"page","link":"https:\/\/eddeglobal.az\/en\/macaristanda-tehsil\/","title":{"rendered":"Macar\u0131standa t\u0259hsil"},"content":{"rendered":"<div class=\"wpb-content-wrapper\"><p>[vc_row][vc_column][vc_column_text css=&#8221;&#8221;]Macar\u0131standa t\u0259hsil Avropada keyfiyy\u0259tli v\u0259 \u0259l\u00e7atan t\u0259hsil axtaran t\u0259l\u0259b\u0259l\u0259r \u00fc\u00e7\u00fcn c\u0259lbedici se\u00e7imdir. Bu \u00f6lk\u0259 beyn\u0259lxalq t\u0259l\u0259b\u0259l\u0259r \u00fc\u00e7\u00fcn geni\u015f proqramlar t\u0259qdim edir. Macar\u0131standa t\u0259hsil almaq ist\u0259y\u0259nl\u0259r h\u0259m bakalavr, h\u0259m d\u0259 magistr s\u0259viyy\u0259sind\u0259 m\u00fcraci\u0259t ed\u0259 bilirl\u0259r. Universitetl\u0259r \u0259sas\u0259n ingilis dilind\u0259 proqramlar t\u0259klif edir. Bu is\u0259 xarici t\u0259l\u0259b\u0259l\u0259r \u00fc\u00e7\u00fcn prosesi daha asan edir. Q\u0259bul zaman\u0131 dil biliyi vacib rol oynay\u0131r. IELTS v\u0259 dig\u0259r sertifikatlar tez-tez t\u0259l\u0259b olunur. Bununla yana\u015f\u0131 b\u0259zi universitetl\u0259r alternativ yollar da t\u0259qdim edir. Macar\u0131standa t\u0259hsil \u00fc\u00e7\u00fcn \u0259n m\u0259\u015fhur imkanlardan biri t\u0259qa\u00fcd proqramlar\u0131d\u0131r. X\u00fcsusil\u0259 d\u00f6vl\u0259t t\u0259r\u0259find\u0259n maliyy\u0259l\u0259\u015fdiril\u0259n proqramlar t\u0259l\u0259b\u0259l\u0259r\u0259 b\u00f6y\u00fck \u00fcst\u00fcnl\u00fck verir. Bu proqramlar t\u0259hsil haqq\u0131n\u0131 v\u0259 b\u0259z\u0259n ya\u015fay\u0131\u015f x\u0259rcl\u0259rini d\u0259 qar\u015f\u0131lay\u0131r. Macar\u0131standa t\u0259hsil almaq t\u0259l\u0259b\u0259l\u0259r\u0259 Avropa diplomu \u0259ld\u0259 etm\u0259k imkan\u0131 yarad\u0131r. T\u0259hsil m\u00fcdd\u0259tind\u0259 i\u015fl\u0259m\u0259k d\u0259 m\u00fc\u0259yy\u0259n \u015f\u0259rtl\u0259rl\u0259 m\u00fcmk\u00fcnd\u00fcr. Ya\u015fay\u0131\u015f x\u0259rcl\u0259ri dig\u0259r Avropa \u00f6lk\u0259l\u0259ri il\u0259 m\u00fcqayis\u0259d\u0259 daha m\u00fcnasibdir. Universitet se\u00e7\u0259rk\u0259n proqram\u0131n t\u0259l\u0259bl\u0259rini diqq\u0259tl\u0259 yoxlamaq vacibdir. D\u00fczg\u00fcn planlama u\u011furlu q\u0259bul \u00fc\u00e7\u00fcn \u0259sasd\u0131r.[\/vc_column_text][\/vc_column][\/vc_row][vc_row][vc_column]\n<div class=\"wpcf7 no-js\" id=\"wpcf7-f3483-o1\" lang=\"en-US\" dir=\"ltr\" data-wpcf7-id=\"3483\">\n<div class=\"screen-reader-response\"><p role=\"status\" aria-live=\"polite\" aria-atomic=\"true\"><\/p> <ul><\/ul><\/div>\n<form action=\"\/en\/wp-json\/wp\/v2\/pages\/140758#wpcf7-f3483-o1\" method=\"post\" class=\"wpcf7-form init\" aria-label=\"Contact form\" novalidate=\"novalidate\" data-status=\"init\">\n<fieldset class=\"hidden-fields-container\"><input type=\"hidden\" name=\"_wpcf7\" value=\"3483\" \/><input type=\"hidden\" name=\"_wpcf7_version\" value=\"6.1.3\" \/><input type=\"hidden\" name=\"_wpcf7_locale\" value=\"en_US\" \/><input type=\"hidden\" name=\"_wpcf7_unit_tag\" value=\"wpcf7-f3483-o1\" \/><input type=\"hidden\" name=\"_wpcf7_container_post\" value=\"0\" \/><input type=\"hidden\" name=\"_wpcf7_posted_data_hash\" value=\"\" \/>\n<\/fieldset>\n<div class=\"tac\" style=\"max-width: 600px; margin: 0 auto;\">\n\n<div class=\"row\">\n<div class=\"col-lg-6 col-md-6 col-sm-12 col-xs-12\">\n<span class=\"wpcf7-form-control-wrap\">\n<span class=\"wpcf7-form-control-wrap\" data-name=\"your-name\"><input size=\"40\" maxlength=\"400\" class=\"wpcf7-form-control wpcf7-text wpcf7-validates-as-required style3\" aria-required=\"true\" aria-invalid=\"false\" placeholder=\"Your name (required)\" value=\"\" type=\"text\" name=\"your-name\" \/><\/span>\n\n<\/span>\n\n<span class=\"wpcf7-form-control-wrap\">\n<span class=\"wpcf7-form-control-wrap\" data-name=\"your-email\"><input size=\"40\" maxlength=\"400\" class=\"wpcf7-form-control wpcf7-email wpcf7-validates-as-required wpcf7-text wpcf7-validates-as-email style3\" aria-required=\"true\" aria-invalid=\"false\" placeholder=\"Your email (required)\" value=\"\" type=\"email\" name=\"your-email\" \/><\/span>\n\n<\/span>\n<\/div>\n\n<div class=\"col-lg-6 col-md-6 col-sm-12 col-xs-12\">\n<span class=\"wpcf7-form-control-wrap\">\n<span class=\"wpcf7-form-control-wrap\" data-name=\"your-tel\"><input size=\"40\" maxlength=\"400\" class=\"wpcf7-form-control wpcf7-tel wpcf7-validates-as-required wpcf7-text wpcf7-validates-as-tel style3\" aria-required=\"true\" aria-invalid=\"false\" placeholder=\"Mobile number (required)\" value=\"\" type=\"tel\" name=\"your-tel\" \/><\/span>\n\n<\/span>\n\n<span class=\"wpcf7-form-control-wrap\">\n<span class=\"wpcf7-form-control-wrap\" data-name=\"movzu\"><select class=\"wpcf7-form-control wpcf7-select wpcf7-validates-as-required style3\" aria-required=\"true\" aria-invalid=\"false\" name=\"movzu\"><option value=\"Foundation\">Foundation<\/option><option value=\"Bachelor&#039;s Degree\">Bachelor&#039;s Degree<\/option><option value=\"Master&#039;s Degree\">Master&#039;s Degree<\/option><option value=\"PhD \/ Doctorate\">PhD \/ Doctorate<\/option><option value=\"Transfer\">Transfer<\/option><option value=\"Scholarship\">Scholarship<\/option><option value=\"Summer Schools\">Summer Schools<\/option><option value=\"International Schools\">International Schools<\/option><option value=\"Dormitory\">Dormitory<\/option><option value=\"Right Major Selection\">Right Major Selection<\/option><\/select><\/span>\n\n<\/span>\n<\/div>\n<\/div>\n\n\n<span class=\"wpcf7-form-control-wrap\">\n<span class=\"wpcf7-form-control-wrap\" data-name=\"mesaj\"><textarea cols=\"40\" rows=\"10\" maxlength=\"2000\" class=\"wpcf7-form-control wpcf7-textarea wpcf7-validates-as-required style3\" aria-required=\"true\" aria-invalid=\"false\" placeholder=\"Write your message\" name=\"mesaj\"><\/textarea><\/span>\n\n<\/span>\n\n<div style=\"margin-bottom:15px;\" class=\"modal-p\">\nFields marked as \"required\" must be filled in\n\n<\/div>\n\n<div class=\"modal-send\">\n<input class=\"wpcf7-form-control wpcf7-submit has-spinner button-style1\" type=\"submit\" value=\"Submit\" \/>\n\n<\/div>\n\n<\/div><div class=\"wpcf7-response-output\" aria-hidden=\"true\"><\/div>\n<\/form>\n<\/div>\n[\/vc_column][\/vc_row]<\/p>\n<\/div>","protected":false},"excerpt":{"rendered":"<p>[vc_row][vc_column][vc_column_text css=&#8221;&#8221;]Macar\u0131standa t\u0259hsil Avropada keyfiyy\u0259tli v\u0259 \u0259l\u00e7atan t\u0259hsil axtaran t\u0259l\u0259b\u0259l\u0259r \u00fc\u00e7\u00fcn c\u0259lbedici se\u00e7imdir. Bu \u00f6lk\u0259 beyn\u0259lxalq t\u0259l\u0259b\u0259l\u0259r \u00fc\u00e7\u00fcn geni\u015f proqramlar t\u0259qdim edir. Macar\u0131standa t\u0259hsil almaq ist\u0259y\u0259nl\u0259r h\u0259m bakalavr, h\u0259m d\u0259 magistr s\u0259viyy\u0259sind\u0259 m\u00fcraci\u0259t ed\u0259 bilirl\u0259r. Universitetl\u0259r \u0259sas\u0259n ingilis dilind\u0259 proqramlar t\u0259klif edir. Bu is\u0259 xarici t\u0259l\u0259b\u0259l\u0259r \u00fc\u00e7\u00fcn prosesi daha asan edir. Q\u0259bul zaman\u0131 dil biliyi [&hellip;]<\/p>\n","protected":false},"author":1,"featured_media":0,"parent":0,"menu_order":0,"comment_status":"closed","ping_status":"closed","template":"","meta":{"_acf_changed":false,"footnotes":""},"class_list":["post-140758","page","type-page","status-publish","hentry"],"acf":[],"_links":{"self":[{"href":"https:\/\/eddeglobal.az\/en\/wp-json\/wp\/v2\/pages\/140758","targetHints":{"allow":["GET"]}}],"collection":[{"href":"https:\/\/eddeglobal.az\/en\/wp-json\/wp\/v2\/pages"}],"about":[{"href":"https:\/\/eddeglobal.az\/en\/wp-json\/wp\/v2\/types\/page"}],"author":[{"embeddable":true,"href":"https:\/\/eddeglobal.az\/en\/wp-json\/wp\/v2\/users\/1"}],"replies":[{"embeddable":true,"href":"https:\/\/eddeglobal.az\/en\/wp-json\/wp\/v2\/comments?post=140758"}],"version-history":[{"count":3,"href":"https:\/\/eddeglobal.az\/en\/wp-json\/wp\/v2\/pages\/140758\/revisions"}],"predecessor-version":[{"id":140912,"href":"https:\/\/eddeglobal.az\/en\/wp-json\/wp\/v2\/pages\/140758\/revisions\/140912"}],"wp:attachment":[{"href":"https:\/\/eddeglobal.az\/en\/wp-json\/wp\/v2\/media?parent=140758"}],"curies":[{"name":"wp","href":"https:\/\/api.w.org\/{rel}","templated":true}]}}