{"id":140783,"date":"2026-03-16T21:36:40","date_gmt":"2026-03-16T21:36:40","guid":{"rendered":"https:\/\/eddeglobal.az\/?page_id=140783"},"modified":"2026-03-19T17:10:16","modified_gmt":"2026-03-19T17:10:16","slug":"university-of-tartu-tehsil","status":"publish","type":"page","link":"https:\/\/eddeglobal.az\/en\/university-of-tartu-tehsil\/","title":{"rendered":"University of Tartu t\u0259hsil"},"content":{"rendered":"<div class=\"wpb-content-wrapper\"><p>[vc_row][vc_column][vc_column_text css=&#8221;&#8221;]University of Tartu t\u0259hsil bax\u0131m\u0131ndan Baltik regionunun \u0259n g\u00fccl\u00fc universitetl\u0259rind\u0259n biri hesab olunur. Estoniyada yerl\u0259\u015f\u0259n bu ali m\u0259kt\u0259b innovativ yana\u015fmas\u0131 il\u0259 se\u00e7ilir. University of Tartu t\u0259hsil almaq ist\u0259y\u0259nl\u0259r \u00fc\u00e7\u00fcn geni\u015f ixtisas se\u00e7imi m\u00f6vcuddur. Universitet beyn\u0259lxalq t\u0259l\u0259b\u0259l\u0259r \u00fc\u00e7\u00fcn a\u00e7\u0131q v\u0259 m\u00fcasir t\u0259hsil m\u00fchiti t\u0259qdim edir. Proqramlar\u0131n bir \u00e7oxu ingilis dilind\u0259 ke\u00e7irilir v\u0259 bu da xarici t\u0259l\u0259b\u0259l\u0259r \u00fc\u00e7\u00fcn rahatl\u0131q yarad\u0131r. Q\u0259bul prosesi se\u00e7il\u0259n ixtisasa g\u00f6r\u0259 d\u0259yi\u015fir. Akademik g\u00f6st\u0259ricil\u0259r \u0259sas rol oynay\u0131r v\u0259 b\u0259zi proqramlar \u0259lav\u0259 t\u0259l\u0259bl\u0259r qoya bil\u0259r. T\u0259hsil sistemi praktiki y\u00f6n\u00fcml\u00fcd\u00fcr v\u0259 t\u0259l\u0259b\u0259l\u0259r real bilikl\u0259r \u0259ld\u0259 edir. University of Tartu t\u0259hsil t\u0259l\u0259b\u0259l\u0259r\u0259 texnologiya v\u0259 ara\u015fd\u0131rma sah\u0259sind\u0259 inki\u015faf imkan\u0131 verir. Universitetd\u0259 startap v\u0259 innovasiya m\u00fchiti d\u0259 g\u00fccl\u00fcd\u00fcr. T\u0259l\u0259b\u0259l\u0259r \u00fc\u00e7\u00fcn m\u00fcxt\u0259lif layih\u0259l\u0259rd\u0259 i\u015ftirak etm\u0259k imkan\u0131 m\u00f6vcuddur. Ya\u015fay\u0131\u015f x\u0259rcl\u0259ri dig\u0259r Avropa \u00f6lk\u0259l\u0259rin\u0259 nisb\u0259t\u0259n daha m\u00fcnasibdir. Kampus h\u0259yat\u0131 aktiv v\u0259 beyn\u0259lxalq m\u00fchit\u0259 uy\u011fundur. University of Tartu t\u0259hsil Avropada m\u00fcasir v\u0259 keyfiyy\u0259tli t\u0259hsil almaq ist\u0259y\u0259nl\u0259r \u00fc\u00e7\u00fcn yax\u015f\u0131 se\u00e7imdir.[\/vc_column_text][\/vc_column][\/vc_row][vc_row][vc_column]\n<div class=\"wpcf7 no-js\" id=\"wpcf7-f3483-o1\" lang=\"en-US\" dir=\"ltr\" data-wpcf7-id=\"3483\">\n<div class=\"screen-reader-response\"><p role=\"status\" aria-live=\"polite\" aria-atomic=\"true\"><\/p> <ul><\/ul><\/div>\n<form action=\"\/en\/wp-json\/wp\/v2\/pages\/140783#wpcf7-f3483-o1\" method=\"post\" class=\"wpcf7-form init\" aria-label=\"Contact form\" novalidate=\"novalidate\" data-status=\"init\">\n<fieldset class=\"hidden-fields-container\"><input type=\"hidden\" name=\"_wpcf7\" value=\"3483\" \/><input type=\"hidden\" name=\"_wpcf7_version\" value=\"6.1.3\" \/><input type=\"hidden\" name=\"_wpcf7_locale\" value=\"en_US\" \/><input type=\"hidden\" name=\"_wpcf7_unit_tag\" value=\"wpcf7-f3483-o1\" \/><input type=\"hidden\" name=\"_wpcf7_container_post\" value=\"0\" \/><input type=\"hidden\" name=\"_wpcf7_posted_data_hash\" value=\"\" \/>\n<\/fieldset>\n<div class=\"tac\" style=\"max-width: 600px; margin: 0 auto;\">\n\n<div class=\"row\">\n<div class=\"col-lg-6 col-md-6 col-sm-12 col-xs-12\">\n<span class=\"wpcf7-form-control-wrap\">\n<span class=\"wpcf7-form-control-wrap\" data-name=\"your-name\"><input size=\"40\" maxlength=\"400\" class=\"wpcf7-form-control wpcf7-text wpcf7-validates-as-required style3\" aria-required=\"true\" aria-invalid=\"false\" placeholder=\"Your name (required)\" value=\"\" type=\"text\" name=\"your-name\" \/><\/span>\n\n<\/span>\n\n<span class=\"wpcf7-form-control-wrap\">\n<span class=\"wpcf7-form-control-wrap\" data-name=\"your-email\"><input size=\"40\" maxlength=\"400\" class=\"wpcf7-form-control wpcf7-email wpcf7-validates-as-required wpcf7-text wpcf7-validates-as-email style3\" aria-required=\"true\" aria-invalid=\"false\" placeholder=\"Your email (required)\" value=\"\" type=\"email\" name=\"your-email\" \/><\/span>\n\n<\/span>\n<\/div>\n\n<div class=\"col-lg-6 col-md-6 col-sm-12 col-xs-12\">\n<span class=\"wpcf7-form-control-wrap\">\n<span class=\"wpcf7-form-control-wrap\" data-name=\"your-tel\"><input size=\"40\" maxlength=\"400\" class=\"wpcf7-form-control wpcf7-tel wpcf7-validates-as-required wpcf7-text wpcf7-validates-as-tel style3\" aria-required=\"true\" aria-invalid=\"false\" placeholder=\"Mobile number (required)\" value=\"\" type=\"tel\" name=\"your-tel\" \/><\/span>\n\n<\/span>\n\n<span class=\"wpcf7-form-control-wrap\">\n<span class=\"wpcf7-form-control-wrap\" data-name=\"movzu\"><select class=\"wpcf7-form-control wpcf7-select wpcf7-validates-as-required style3\" aria-required=\"true\" aria-invalid=\"false\" name=\"movzu\"><option value=\"Foundation\">Foundation<\/option><option value=\"Bachelor&#039;s Degree\">Bachelor&#039;s Degree<\/option><option value=\"Master&#039;s Degree\">Master&#039;s Degree<\/option><option value=\"PhD \/ Doctorate\">PhD \/ Doctorate<\/option><option value=\"Transfer\">Transfer<\/option><option value=\"Scholarship\">Scholarship<\/option><option value=\"Summer Schools\">Summer Schools<\/option><option value=\"International Schools\">International Schools<\/option><option value=\"Dormitory\">Dormitory<\/option><option value=\"Right Major Selection\">Right Major Selection<\/option><\/select><\/span>\n\n<\/span>\n<\/div>\n<\/div>\n\n\n<span class=\"wpcf7-form-control-wrap\">\n<span class=\"wpcf7-form-control-wrap\" data-name=\"mesaj\"><textarea cols=\"40\" rows=\"10\" maxlength=\"2000\" class=\"wpcf7-form-control wpcf7-textarea wpcf7-validates-as-required style3\" aria-required=\"true\" aria-invalid=\"false\" placeholder=\"Write your message\" name=\"mesaj\"><\/textarea><\/span>\n\n<\/span>\n\n<div style=\"margin-bottom:15px;\" class=\"modal-p\">\nFields marked as \"required\" must be filled in\n\n<\/div>\n\n<div class=\"modal-send\">\n<input class=\"wpcf7-form-control wpcf7-submit has-spinner button-style1\" type=\"submit\" value=\"Submit\" \/>\n\n<\/div>\n\n<\/div><div class=\"wpcf7-response-output\" aria-hidden=\"true\"><\/div>\n<\/form>\n<\/div>\n[\/vc_column][\/vc_row]<\/p>\n<\/div>","protected":false},"excerpt":{"rendered":"<p>[vc_row][vc_column][vc_column_text css=&#8221;&#8221;]University of Tartu t\u0259hsil bax\u0131m\u0131ndan Baltik regionunun \u0259n g\u00fccl\u00fc universitetl\u0259rind\u0259n biri hesab olunur. Estoniyada yerl\u0259\u015f\u0259n bu ali m\u0259kt\u0259b innovativ yana\u015fmas\u0131 il\u0259 se\u00e7ilir. University of Tartu t\u0259hsil almaq ist\u0259y\u0259nl\u0259r \u00fc\u00e7\u00fcn geni\u015f ixtisas se\u00e7imi m\u00f6vcuddur. Universitet beyn\u0259lxalq t\u0259l\u0259b\u0259l\u0259r \u00fc\u00e7\u00fcn a\u00e7\u0131q v\u0259 m\u00fcasir t\u0259hsil m\u00fchiti t\u0259qdim edir. Proqramlar\u0131n bir \u00e7oxu ingilis dilind\u0259 ke\u00e7irilir v\u0259 bu da xarici [&hellip;]<\/p>\n","protected":false},"author":1,"featured_media":0,"parent":0,"menu_order":0,"comment_status":"closed","ping_status":"closed","template":"","meta":{"_acf_changed":false,"footnotes":""},"class_list":["post-140783","page","type-page","status-publish","hentry"],"acf":[],"_links":{"self":[{"href":"https:\/\/eddeglobal.az\/en\/wp-json\/wp\/v2\/pages\/140783","targetHints":{"allow":["GET"]}}],"collection":[{"href":"https:\/\/eddeglobal.az\/en\/wp-json\/wp\/v2\/pages"}],"about":[{"href":"https:\/\/eddeglobal.az\/en\/wp-json\/wp\/v2\/types\/page"}],"author":[{"embeddable":true,"href":"https:\/\/eddeglobal.az\/en\/wp-json\/wp\/v2\/users\/1"}],"replies":[{"embeddable":true,"href":"https:\/\/eddeglobal.az\/en\/wp-json\/wp\/v2\/comments?post=140783"}],"version-history":[{"count":3,"href":"https:\/\/eddeglobal.az\/en\/wp-json\/wp\/v2\/pages\/140783\/revisions"}],"predecessor-version":[{"id":140920,"href":"https:\/\/eddeglobal.az\/en\/wp-json\/wp\/v2\/pages\/140783\/revisions\/140920"}],"wp:attachment":[{"href":"https:\/\/eddeglobal.az\/en\/wp-json\/wp\/v2\/media?parent=140783"}],"curies":[{"name":"wp","href":"https:\/\/api.w.org\/{rel}","templated":true}]}}