{"id":140785,"date":"2026-03-16T21:33:32","date_gmt":"2026-03-16T21:33:32","guid":{"rendered":"https:\/\/eddeglobal.az\/?page_id=140785"},"modified":"2026-03-19T17:01:42","modified_gmt":"2026-03-19T17:01:42","slug":"university-of-padua-tehsil","status":"publish","type":"page","link":"https:\/\/eddeglobal.az\/en\/university-of-padua-tehsil\/","title":{"rendered":"University of Padua t\u0259hsil"},"content":{"rendered":"<div class=\"wpb-content-wrapper\"><p>[vc_row][vc_column][vc_column_text css=&#8221;&#8221;]University of Padua t\u0259hsil bax\u0131m\u0131ndan Avropan\u0131n \u0259n k\u00f6kl\u00fc v\u0259 n\u00fcfuzlu universitetl\u0259rind\u0259n biri hesab olunur. Bu universitet \u0130taliyada yerl\u0259\u015fir v\u0259 beyn\u0259lxalq t\u0259l\u0259b\u0259l\u0259r \u00fc\u00e7\u00fcn geni\u015f proqram se\u00e7imi t\u0259qdim edir. University of Padua t\u0259hsil almaq ist\u0259y\u0259nl\u0259r m\u00fcxt\u0259lif ixtisaslar \u00fczr\u0259 m\u00fcraci\u0259t ed\u0259 bilirl\u0259r. Universitetd\u0259 h\u0259m ingilis, h\u0259m d\u0259 italyan dilind\u0259 proqramlar m\u00f6vcuddur. Q\u0259bul prosesi se\u00e7il\u0259n ixtisasa g\u00f6r\u0259 d\u0259yi\u015f\u0259 bil\u0259r. T\u0259l\u0259b\u0259l\u0259rd\u0259n akademik g\u00f6st\u0259ricil\u0259r v\u0259 b\u0259zi hallarda dil sertifikat\u0131 t\u0259l\u0259b olunur. Bu universitet ara\u015fd\u0131rma y\u00f6n\u00fcml\u00fc t\u0259hsil sistemi il\u0259 tan\u0131n\u0131r. T\u0259l\u0259b\u0259l\u0259r yaln\u0131z n\u0259z\u0259ri deyil, praktiki bilikl\u0259r d\u0259 \u0259ld\u0259 edirl\u0259r. Kampus h\u0259yat\u0131 olduqca aktivdir v\u0259 t\u0259l\u0259b\u0259l\u0259r \u00fc\u00e7\u00fcn m\u00fcxt\u0259lif imkanlar yarad\u0131r. University of Padua t\u0259hsil zaman\u0131 beyn\u0259lxalq m\u00fchitd\u0259 t\u0259cr\u00fcb\u0259 qazanmaq m\u00fcmk\u00fcnd\u00fcr. Universitetd\u0259 t\u0259qa\u00fcd v\u0259 maliyy\u0259 d\u0259st\u0259yi imkanlar\u0131 da m\u00f6vcuddur. Ya\u015fay\u0131\u015f x\u0259rcl\u0259ri \u015f\u0259h\u0259r\u0259 g\u00f6r\u0259 d\u0259yi\u015f\u0259 bil\u0259r, lakin t\u0259l\u0259b\u0259l\u0259r \u00fc\u00e7\u00fcn uy\u011fun variantlar tapmaq m\u00fcmk\u00fcnd\u00fcr. Bu universitet Avropada t\u0259hsil almaq ist\u0259y\u0259nl\u0259r \u00fc\u00e7\u00fcn yax\u015f\u0131 se\u00e7iml\u0259rd\u0259n biridir.[\/vc_column_text][\/vc_column][\/vc_row][vc_row][vc_column]\n<div class=\"wpcf7 no-js\" id=\"wpcf7-f3483-o1\" lang=\"en-US\" dir=\"ltr\" data-wpcf7-id=\"3483\">\n<div class=\"screen-reader-response\"><p role=\"status\" aria-live=\"polite\" aria-atomic=\"true\"><\/p> <ul><\/ul><\/div>\n<form action=\"\/en\/wp-json\/wp\/v2\/pages\/140785#wpcf7-f3483-o1\" method=\"post\" class=\"wpcf7-form init\" aria-label=\"Contact form\" novalidate=\"novalidate\" data-status=\"init\">\n<fieldset class=\"hidden-fields-container\"><input type=\"hidden\" name=\"_wpcf7\" value=\"3483\" \/><input type=\"hidden\" name=\"_wpcf7_version\" value=\"6.1.3\" \/><input type=\"hidden\" name=\"_wpcf7_locale\" value=\"en_US\" \/><input type=\"hidden\" name=\"_wpcf7_unit_tag\" value=\"wpcf7-f3483-o1\" \/><input type=\"hidden\" name=\"_wpcf7_container_post\" value=\"0\" \/><input type=\"hidden\" name=\"_wpcf7_posted_data_hash\" value=\"\" \/>\n<\/fieldset>\n<div class=\"tac\" style=\"max-width: 600px; margin: 0 auto;\">\n\n<div class=\"row\">\n<div class=\"col-lg-6 col-md-6 col-sm-12 col-xs-12\">\n<span class=\"wpcf7-form-control-wrap\">\n<span class=\"wpcf7-form-control-wrap\" data-name=\"your-name\"><input size=\"40\" maxlength=\"400\" class=\"wpcf7-form-control wpcf7-text wpcf7-validates-as-required style3\" aria-required=\"true\" aria-invalid=\"false\" placeholder=\"Your name (required)\" value=\"\" type=\"text\" name=\"your-name\" \/><\/span>\n\n<\/span>\n\n<span class=\"wpcf7-form-control-wrap\">\n<span class=\"wpcf7-form-control-wrap\" data-name=\"your-email\"><input size=\"40\" maxlength=\"400\" class=\"wpcf7-form-control wpcf7-email wpcf7-validates-as-required wpcf7-text wpcf7-validates-as-email style3\" aria-required=\"true\" aria-invalid=\"false\" placeholder=\"Your email (required)\" value=\"\" type=\"email\" name=\"your-email\" \/><\/span>\n\n<\/span>\n<\/div>\n\n<div class=\"col-lg-6 col-md-6 col-sm-12 col-xs-12\">\n<span class=\"wpcf7-form-control-wrap\">\n<span class=\"wpcf7-form-control-wrap\" data-name=\"your-tel\"><input size=\"40\" maxlength=\"400\" class=\"wpcf7-form-control wpcf7-tel wpcf7-validates-as-required wpcf7-text wpcf7-validates-as-tel style3\" aria-required=\"true\" aria-invalid=\"false\" placeholder=\"Mobile number (required)\" value=\"\" type=\"tel\" name=\"your-tel\" \/><\/span>\n\n<\/span>\n\n<span class=\"wpcf7-form-control-wrap\">\n<span class=\"wpcf7-form-control-wrap\" data-name=\"movzu\"><select class=\"wpcf7-form-control wpcf7-select wpcf7-validates-as-required style3\" aria-required=\"true\" aria-invalid=\"false\" name=\"movzu\"><option value=\"Foundation\">Foundation<\/option><option value=\"Bachelor&#039;s Degree\">Bachelor&#039;s Degree<\/option><option value=\"Master&#039;s Degree\">Master&#039;s Degree<\/option><option value=\"PhD \/ Doctorate\">PhD \/ Doctorate<\/option><option value=\"Transfer\">Transfer<\/option><option value=\"Scholarship\">Scholarship<\/option><option value=\"Summer Schools\">Summer Schools<\/option><option value=\"International Schools\">International Schools<\/option><option value=\"Dormitory\">Dormitory<\/option><option value=\"Right Major Selection\">Right Major Selection<\/option><\/select><\/span>\n\n<\/span>\n<\/div>\n<\/div>\n\n\n<span class=\"wpcf7-form-control-wrap\">\n<span class=\"wpcf7-form-control-wrap\" data-name=\"mesaj\"><textarea cols=\"40\" rows=\"10\" maxlength=\"2000\" class=\"wpcf7-form-control wpcf7-textarea wpcf7-validates-as-required style3\" aria-required=\"true\" aria-invalid=\"false\" placeholder=\"Write your message\" name=\"mesaj\"><\/textarea><\/span>\n\n<\/span>\n\n<div style=\"margin-bottom:15px;\" class=\"modal-p\">\nFields marked as \"required\" must be filled in\n\n<\/div>\n\n<div class=\"modal-send\">\n<input class=\"wpcf7-form-control wpcf7-submit has-spinner button-style1\" type=\"submit\" value=\"Submit\" \/>\n\n<\/div>\n\n<\/div><div class=\"wpcf7-response-output\" aria-hidden=\"true\"><\/div>\n<\/form>\n<\/div>\n[\/vc_column][\/vc_row]<\/p>\n<\/div>","protected":false},"excerpt":{"rendered":"<p>[vc_row][vc_column][vc_column_text css=&#8221;&#8221;]University of Padua t\u0259hsil bax\u0131m\u0131ndan Avropan\u0131n \u0259n k\u00f6kl\u00fc v\u0259 n\u00fcfuzlu universitetl\u0259rind\u0259n biri hesab olunur. Bu universitet \u0130taliyada yerl\u0259\u015fir v\u0259 beyn\u0259lxalq t\u0259l\u0259b\u0259l\u0259r \u00fc\u00e7\u00fcn geni\u015f proqram se\u00e7imi t\u0259qdim edir. University of Padua t\u0259hsil almaq ist\u0259y\u0259nl\u0259r m\u00fcxt\u0259lif ixtisaslar \u00fczr\u0259 m\u00fcraci\u0259t ed\u0259 bilirl\u0259r. Universitetd\u0259 h\u0259m ingilis, h\u0259m d\u0259 italyan dilind\u0259 proqramlar m\u00f6vcuddur. Q\u0259bul prosesi se\u00e7il\u0259n ixtisasa g\u00f6r\u0259 d\u0259yi\u015f\u0259 [&hellip;]<\/p>\n","protected":false},"author":1,"featured_media":0,"parent":0,"menu_order":0,"comment_status":"closed","ping_status":"closed","template":"","meta":{"_acf_changed":false,"footnotes":""},"class_list":["post-140785","page","type-page","status-publish","hentry"],"acf":[],"_links":{"self":[{"href":"https:\/\/eddeglobal.az\/en\/wp-json\/wp\/v2\/pages\/140785","targetHints":{"allow":["GET"]}}],"collection":[{"href":"https:\/\/eddeglobal.az\/en\/wp-json\/wp\/v2\/pages"}],"about":[{"href":"https:\/\/eddeglobal.az\/en\/wp-json\/wp\/v2\/types\/page"}],"author":[{"embeddable":true,"href":"https:\/\/eddeglobal.az\/en\/wp-json\/wp\/v2\/users\/1"}],"replies":[{"embeddable":true,"href":"https:\/\/eddeglobal.az\/en\/wp-json\/wp\/v2\/comments?post=140785"}],"version-history":[{"count":2,"href":"https:\/\/eddeglobal.az\/en\/wp-json\/wp\/v2\/pages\/140785\/revisions"}],"predecessor-version":[{"id":140916,"href":"https:\/\/eddeglobal.az\/en\/wp-json\/wp\/v2\/pages\/140785\/revisions\/140916"}],"wp:attachment":[{"href":"https:\/\/eddeglobal.az\/en\/wp-json\/wp\/v2\/media?parent=140785"}],"curies":[{"name":"wp","href":"https:\/\/api.w.org\/{rel}","templated":true}]}}