{"id":140799,"date":"2026-03-16T21:32:46","date_gmt":"2026-03-16T21:32:46","guid":{"rendered":"https:\/\/eddeglobal.az\/?page_id=140799"},"modified":"2026-03-21T11:54:11","modified_gmt":"2026-03-21T11:54:11","slug":"amerikada-telebe-vizasi","status":"publish","type":"page","link":"https:\/\/eddeglobal.az\/en\/amerikada-telebe-vizasi\/","title":{"rendered":"Amerikada t\u0259l\u0259b\u0259 vizas\u0131"},"content":{"rendered":"<div class=\"wpb-content-wrapper\"><p>[vc_row][vc_column][vc_column_text css=&#8221;&#8221;]Amerikada t\u0259l\u0259b\u0259 vizas\u0131 xaricd\u0259 t\u0259hsil almaq ist\u0259y\u0259nl\u0259r \u00fc\u00e7\u00fcn \u0259sas m\u0259rh\u0259l\u0259l\u0259rd\u0259n biridir. Bu viza ad\u0259t\u0259n universitetd\u0259n q\u0259bul ald\u0131qdan sonra \u0259ld\u0259 edilir. Amerikada t\u0259l\u0259b\u0259 vizas\u0131 almaq \u00fc\u00e7\u00fcn ilk add\u0131m q\u0259bul m\u0259ktubu \u0259ld\u0259 etm\u0259kdir. Bundan sonra t\u0259l\u0259b\u0259l\u0259r r\u0259smi m\u00fcraci\u0259t prosesin\u0259 ba\u015flay\u0131r. S\u0259n\u0259dl\u0259r aras\u0131nda maliyy\u0259 v\u0259ziyy\u0259tini g\u00f6st\u0259r\u0259n m\u0259lumatlar da yer al\u0131r. Bu, t\u0259l\u0259b\u0259nin t\u0259hsil v\u0259 ya\u015fay\u0131\u015f x\u0259rcl\u0259rini qar\u015f\u0131laya bil\u0259c\u0259yini s\u00fcbut edir. Amerikada t\u0259l\u0259b\u0259 vizas\u0131 \u00fc\u00e7\u00fcn m\u00fcsahib\u0259 m\u0259rh\u0259l\u0259si d\u0259 vacibdir. M\u00fcsahib\u0259d\u0259 \u0259sas\u0259n t\u0259hsil plan\u0131 v\u0259 g\u0259l\u0259c\u0259k niyy\u0259tl\u0259r bar\u0259d\u0259 suallar verilir. T\u0259l\u0259b\u0259nin m\u0259qs\u0259di ayd\u0131n v\u0259 m\u0259ntiqli olmal\u0131d\u0131r. D\u00fczg\u00fcn cavablar viza alma \u015fans\u0131n\u0131 art\u0131r\u0131r. Amerikada t\u0259l\u0259b\u0259 vizas\u0131 almaq \u00fc\u00e7\u00fcn s\u0259n\u0259dl\u0259rin tam v\u0259 d\u00fczg\u00fcn olmas\u0131 \u00e7ox \u00f6n\u0259mlidir. Proses zaman\u0131 diqq\u0259tli olmaq laz\u0131md\u0131r. M\u00fcraci\u0259t erk\u0259n etm\u0259k d\u0259 t\u00f6vsiy\u0259 olunur. Bu, vaxt bax\u0131m\u0131ndan rahatl\u0131q yarad\u0131r. Amerikada t\u0259l\u0259b\u0259 vizas\u0131 il\u0259 t\u0259l\u0259b\u0259l\u0259r r\u0259smi \u015f\u0259kild\u0259 t\u0259hsil ala bilir. Bu viza t\u0259hsil m\u00fcdd\u0259tind\u0259 qalma\u011fa imkan verir.[\/vc_column_text][\/vc_column][\/vc_row][vc_row][vc_column]\n<div class=\"wpcf7 no-js\" id=\"wpcf7-f3483-o1\" lang=\"en-US\" dir=\"ltr\" data-wpcf7-id=\"3483\">\n<div class=\"screen-reader-response\"><p role=\"status\" aria-live=\"polite\" aria-atomic=\"true\"><\/p> <ul><\/ul><\/div>\n<form action=\"\/en\/wp-json\/wp\/v2\/pages\/140799#wpcf7-f3483-o1\" method=\"post\" class=\"wpcf7-form init\" aria-label=\"Contact form\" novalidate=\"novalidate\" data-status=\"init\">\n<fieldset class=\"hidden-fields-container\"><input type=\"hidden\" name=\"_wpcf7\" value=\"3483\" \/><input type=\"hidden\" name=\"_wpcf7_version\" value=\"6.1.3\" \/><input type=\"hidden\" name=\"_wpcf7_locale\" value=\"en_US\" \/><input type=\"hidden\" name=\"_wpcf7_unit_tag\" value=\"wpcf7-f3483-o1\" \/><input type=\"hidden\" name=\"_wpcf7_container_post\" value=\"0\" \/><input type=\"hidden\" name=\"_wpcf7_posted_data_hash\" value=\"\" \/>\n<\/fieldset>\n<div class=\"tac\" style=\"max-width: 600px; margin: 0 auto;\">\n\n<div class=\"row\">\n<div class=\"col-lg-6 col-md-6 col-sm-12 col-xs-12\">\n<span class=\"wpcf7-form-control-wrap\">\n<span class=\"wpcf7-form-control-wrap\" data-name=\"your-name\"><input size=\"40\" maxlength=\"400\" class=\"wpcf7-form-control wpcf7-text wpcf7-validates-as-required style3\" aria-required=\"true\" aria-invalid=\"false\" placeholder=\"Your name (required)\" value=\"\" type=\"text\" name=\"your-name\" \/><\/span>\n\n<\/span>\n\n<span class=\"wpcf7-form-control-wrap\">\n<span class=\"wpcf7-form-control-wrap\" data-name=\"your-email\"><input size=\"40\" maxlength=\"400\" class=\"wpcf7-form-control wpcf7-email wpcf7-validates-as-required wpcf7-text wpcf7-validates-as-email style3\" aria-required=\"true\" aria-invalid=\"false\" placeholder=\"Your email (required)\" value=\"\" type=\"email\" name=\"your-email\" \/><\/span>\n\n<\/span>\n<\/div>\n\n<div class=\"col-lg-6 col-md-6 col-sm-12 col-xs-12\">\n<span class=\"wpcf7-form-control-wrap\">\n<span class=\"wpcf7-form-control-wrap\" data-name=\"your-tel\"><input size=\"40\" maxlength=\"400\" class=\"wpcf7-form-control wpcf7-tel wpcf7-validates-as-required wpcf7-text wpcf7-validates-as-tel style3\" aria-required=\"true\" aria-invalid=\"false\" placeholder=\"Mobile number (required)\" value=\"\" type=\"tel\" name=\"your-tel\" \/><\/span>\n\n<\/span>\n\n<span class=\"wpcf7-form-control-wrap\">\n<span class=\"wpcf7-form-control-wrap\" data-name=\"movzu\"><select class=\"wpcf7-form-control wpcf7-select wpcf7-validates-as-required style3\" aria-required=\"true\" aria-invalid=\"false\" name=\"movzu\"><option value=\"Foundation\">Foundation<\/option><option value=\"Bachelor&#039;s Degree\">Bachelor&#039;s Degree<\/option><option value=\"Master&#039;s Degree\">Master&#039;s Degree<\/option><option value=\"PhD \/ Doctorate\">PhD \/ Doctorate<\/option><option value=\"Transfer\">Transfer<\/option><option value=\"Scholarship\">Scholarship<\/option><option value=\"Summer Schools\">Summer Schools<\/option><option value=\"International Schools\">International Schools<\/option><option value=\"Dormitory\">Dormitory<\/option><option value=\"Right Major Selection\">Right Major Selection<\/option><\/select><\/span>\n\n<\/span>\n<\/div>\n<\/div>\n\n\n<span class=\"wpcf7-form-control-wrap\">\n<span class=\"wpcf7-form-control-wrap\" data-name=\"mesaj\"><textarea cols=\"40\" rows=\"10\" maxlength=\"2000\" class=\"wpcf7-form-control wpcf7-textarea wpcf7-validates-as-required style3\" aria-required=\"true\" aria-invalid=\"false\" placeholder=\"Write your message\" name=\"mesaj\"><\/textarea><\/span>\n\n<\/span>\n\n<div style=\"margin-bottom:15px;\" class=\"modal-p\">\nFields marked as \"required\" must be filled in\n\n<\/div>\n\n<div class=\"modal-send\">\n<input class=\"wpcf7-form-control wpcf7-submit has-spinner button-style1\" type=\"submit\" value=\"Submit\" \/>\n\n<\/div>\n\n<\/div><div class=\"wpcf7-response-output\" aria-hidden=\"true\"><\/div>\n<\/form>\n<\/div>\n[\/vc_column][\/vc_row]<\/p>\n<\/div>","protected":false},"excerpt":{"rendered":"<p>[vc_row][vc_column][vc_column_text css=&#8221;&#8221;]Amerikada t\u0259l\u0259b\u0259 vizas\u0131 xaricd\u0259 t\u0259hsil almaq ist\u0259y\u0259nl\u0259r \u00fc\u00e7\u00fcn \u0259sas m\u0259rh\u0259l\u0259l\u0259rd\u0259n biridir. Bu viza ad\u0259t\u0259n universitetd\u0259n q\u0259bul ald\u0131qdan sonra \u0259ld\u0259 edilir. Amerikada t\u0259l\u0259b\u0259 vizas\u0131 almaq \u00fc\u00e7\u00fcn ilk add\u0131m q\u0259bul m\u0259ktubu \u0259ld\u0259 etm\u0259kdir. Bundan sonra t\u0259l\u0259b\u0259l\u0259r r\u0259smi m\u00fcraci\u0259t prosesin\u0259 ba\u015flay\u0131r. S\u0259n\u0259dl\u0259r aras\u0131nda maliyy\u0259 v\u0259ziyy\u0259tini g\u00f6st\u0259r\u0259n m\u0259lumatlar da yer al\u0131r. Bu, t\u0259l\u0259b\u0259nin t\u0259hsil v\u0259 ya\u015fay\u0131\u015f x\u0259rcl\u0259rini qar\u015f\u0131laya [&hellip;]<\/p>\n","protected":false},"author":1,"featured_media":0,"parent":0,"menu_order":0,"comment_status":"closed","ping_status":"closed","template":"","meta":{"_acf_changed":false,"footnotes":""},"class_list":["post-140799","page","type-page","status-publish","hentry"],"acf":[],"_links":{"self":[{"href":"https:\/\/eddeglobal.az\/en\/wp-json\/wp\/v2\/pages\/140799","targetHints":{"allow":["GET"]}}],"collection":[{"href":"https:\/\/eddeglobal.az\/en\/wp-json\/wp\/v2\/pages"}],"about":[{"href":"https:\/\/eddeglobal.az\/en\/wp-json\/wp\/v2\/types\/page"}],"author":[{"embeddable":true,"href":"https:\/\/eddeglobal.az\/en\/wp-json\/wp\/v2\/users\/1"}],"replies":[{"embeddable":true,"href":"https:\/\/eddeglobal.az\/en\/wp-json\/wp\/v2\/comments?post=140799"}],"version-history":[{"count":2,"href":"https:\/\/eddeglobal.az\/en\/wp-json\/wp\/v2\/pages\/140799\/revisions"}],"predecessor-version":[{"id":140932,"href":"https:\/\/eddeglobal.az\/en\/wp-json\/wp\/v2\/pages\/140799\/revisions\/140932"}],"wp:attachment":[{"href":"https:\/\/eddeglobal.az\/en\/wp-json\/wp\/v2\/media?parent=140799"}],"curies":[{"name":"wp","href":"https:\/\/api.w.org\/{rel}","templated":true}]}}