{"id":140800,"date":"2026-03-16T21:32:17","date_gmt":"2026-03-16T21:32:17","guid":{"rendered":"https:\/\/eddeglobal.az\/?page_id=140800"},"modified":"2026-03-21T11:41:05","modified_gmt":"2026-03-21T11:41:05","slug":"amerikada-doktorantura","status":"publish","type":"page","link":"https:\/\/eddeglobal.az\/en\/amerikada-doktorantura\/","title":{"rendered":"Amerikada doktorantura"},"content":{"rendered":"<div class=\"wpb-content-wrapper\"><p>[vc_row][vc_column][vc_column_text css=&#8221;&#8221;]Amerikada doktorantura t\u0259hsili elmi f\u0259aliyy\u0259tl\u0259 m\u0259\u015f\u011ful olmaq v\u0259 akademik karyera qurmaq ist\u0259y\u0259nl\u0259r \u00fc\u00e7\u00fcn \u0259n y\u00fcks\u0259k m\u0259rh\u0259l\u0259dir. Bu s\u0259viyy\u0259d\u0259 \u0259sas diqq\u0259t ara\u015fd\u0131rma v\u0259 yeni bilikl\u0259rin yarad\u0131lmas\u0131na y\u00f6n\u0259lir. Amerikada doktorantura proqramlar\u0131 ad\u0259t\u0259n 4-6 il davam edir v\u0259 t\u0259l\u0259b\u0259l\u0259r konkret sah\u0259 \u00fczr\u0259 d\u0259rin ixtisasla\u015f\u0131r. Universitetl\u0259r t\u0259l\u0259b\u0259l\u0259r\u0259 laboratoriya v\u0259 t\u0259dqiqat imkanlar\u0131 t\u0259qdim edir. Bu m\u0259rh\u0259l\u0259d\u0259 t\u0259l\u0259b\u0259l\u0259r professorlarla s\u0131x \u0259m\u0259kda\u015fl\u0131q edir. Amerikada doktorantura t\u0259hsili zaman\u0131 t\u0259l\u0259b\u0259l\u0259r tez-tez elmi m\u0259qal\u0259l\u0259r yaz\u0131r v\u0259 layih\u0259l\u0259rd\u0259 i\u015ftirak edir. Q\u0259bul prosesi daha ciddi olur v\u0259 akademik g\u00f6st\u0259ricil\u0259r m\u00fch\u00fcm rol oynay\u0131r. B\u0259zi proqramlar \u0259lav\u0259 imtahan v\u0259 ya m\u00fcsahib\u0259 t\u0259l\u0259b ed\u0259 bil\u0259r. Amerikada doktorantura t\u0259hsili \u00fc\u00e7\u00fcn \u00e7ox vaxt maliyy\u0259 d\u0259st\u0259yi m\u00f6vcuddur. Bu, t\u0259hsil haqq\u0131n\u0131n \u00f6d\u0259nilm\u0259si v\u0259 ayl\u0131q stipendiya \u015f\u0259klind\u0259 ola bil\u0259r. T\u0259l\u0259b\u0259l\u0259r h\u0259m \u00f6yr\u0259nir, h\u0259m d\u0259 ara\u015fd\u0131rma apar\u0131r. Bu da onlar\u0131 g\u0259l\u0259c\u0259k akademik v\u0259 ya s\u0259naye karyeras\u0131na haz\u0131rlay\u0131r. Amerikada doktorantura t\u0259hsili beyn\u0259lxalq s\u0259viyy\u0259d\u0259 tan\u0131nan diplom qazand\u0131r\u0131r. Bu is\u0259 qlobal imkanlara \u00e7\u0131x\u0131\u015f yarad\u0131r.[\/vc_column_text][\/vc_column][\/vc_row][vc_row][vc_column]\n<div class=\"wpcf7 no-js\" id=\"wpcf7-f3483-o1\" lang=\"en-US\" dir=\"ltr\" data-wpcf7-id=\"3483\">\n<div class=\"screen-reader-response\"><p role=\"status\" aria-live=\"polite\" aria-atomic=\"true\"><\/p> <ul><\/ul><\/div>\n<form action=\"\/en\/wp-json\/wp\/v2\/pages\/140800#wpcf7-f3483-o1\" method=\"post\" class=\"wpcf7-form init\" aria-label=\"Contact form\" novalidate=\"novalidate\" data-status=\"init\">\n<fieldset class=\"hidden-fields-container\"><input type=\"hidden\" name=\"_wpcf7\" value=\"3483\" \/><input type=\"hidden\" name=\"_wpcf7_version\" value=\"6.1.3\" \/><input type=\"hidden\" name=\"_wpcf7_locale\" value=\"en_US\" \/><input type=\"hidden\" name=\"_wpcf7_unit_tag\" value=\"wpcf7-f3483-o1\" \/><input type=\"hidden\" name=\"_wpcf7_container_post\" value=\"0\" \/><input type=\"hidden\" name=\"_wpcf7_posted_data_hash\" value=\"\" \/>\n<\/fieldset>\n<div class=\"tac\" style=\"max-width: 600px; margin: 0 auto;\">\n\n<div class=\"row\">\n<div class=\"col-lg-6 col-md-6 col-sm-12 col-xs-12\">\n<span class=\"wpcf7-form-control-wrap\">\n<span class=\"wpcf7-form-control-wrap\" data-name=\"your-name\"><input size=\"40\" maxlength=\"400\" class=\"wpcf7-form-control wpcf7-text wpcf7-validates-as-required style3\" aria-required=\"true\" aria-invalid=\"false\" placeholder=\"Your name (required)\" value=\"\" type=\"text\" name=\"your-name\" \/><\/span>\n\n<\/span>\n\n<span class=\"wpcf7-form-control-wrap\">\n<span class=\"wpcf7-form-control-wrap\" data-name=\"your-email\"><input size=\"40\" maxlength=\"400\" class=\"wpcf7-form-control wpcf7-email wpcf7-validates-as-required wpcf7-text wpcf7-validates-as-email style3\" aria-required=\"true\" aria-invalid=\"false\" placeholder=\"Your email (required)\" value=\"\" type=\"email\" name=\"your-email\" \/><\/span>\n\n<\/span>\n<\/div>\n\n<div class=\"col-lg-6 col-md-6 col-sm-12 col-xs-12\">\n<span class=\"wpcf7-form-control-wrap\">\n<span class=\"wpcf7-form-control-wrap\" data-name=\"your-tel\"><input size=\"40\" maxlength=\"400\" class=\"wpcf7-form-control wpcf7-tel wpcf7-validates-as-required wpcf7-text wpcf7-validates-as-tel style3\" aria-required=\"true\" aria-invalid=\"false\" placeholder=\"Mobile number (required)\" value=\"\" type=\"tel\" name=\"your-tel\" \/><\/span>\n\n<\/span>\n\n<span class=\"wpcf7-form-control-wrap\">\n<span class=\"wpcf7-form-control-wrap\" data-name=\"movzu\"><select class=\"wpcf7-form-control wpcf7-select wpcf7-validates-as-required style3\" aria-required=\"true\" aria-invalid=\"false\" name=\"movzu\"><option value=\"Foundation\">Foundation<\/option><option value=\"Bachelor&#039;s Degree\">Bachelor&#039;s Degree<\/option><option value=\"Master&#039;s Degree\">Master&#039;s Degree<\/option><option value=\"PhD \/ Doctorate\">PhD \/ Doctorate<\/option><option value=\"Transfer\">Transfer<\/option><option value=\"Scholarship\">Scholarship<\/option><option value=\"Summer Schools\">Summer Schools<\/option><option value=\"International Schools\">International Schools<\/option><option value=\"Dormitory\">Dormitory<\/option><option value=\"Right Major Selection\">Right Major Selection<\/option><\/select><\/span>\n\n<\/span>\n<\/div>\n<\/div>\n\n\n<span class=\"wpcf7-form-control-wrap\">\n<span class=\"wpcf7-form-control-wrap\" data-name=\"mesaj\"><textarea cols=\"40\" rows=\"10\" maxlength=\"2000\" class=\"wpcf7-form-control wpcf7-textarea wpcf7-validates-as-required style3\" aria-required=\"true\" aria-invalid=\"false\" placeholder=\"Write your message\" name=\"mesaj\"><\/textarea><\/span>\n\n<\/span>\n\n<div style=\"margin-bottom:15px;\" class=\"modal-p\">\nFields marked as \"required\" must be filled in\n\n<\/div>\n\n<div class=\"modal-send\">\n<input class=\"wpcf7-form-control wpcf7-submit has-spinner button-style1\" type=\"submit\" value=\"Submit\" \/>\n\n<\/div>\n\n<\/div><div class=\"wpcf7-response-output\" aria-hidden=\"true\"><\/div>\n<\/form>\n<\/div>\n[\/vc_column][\/vc_row]<\/p>\n<\/div>","protected":false},"excerpt":{"rendered":"<p>[vc_row][vc_column][vc_column_text css=&#8221;&#8221;]Amerikada doktorantura t\u0259hsili elmi f\u0259aliyy\u0259tl\u0259 m\u0259\u015f\u011ful olmaq v\u0259 akademik karyera qurmaq ist\u0259y\u0259nl\u0259r \u00fc\u00e7\u00fcn \u0259n y\u00fcks\u0259k m\u0259rh\u0259l\u0259dir. Bu s\u0259viyy\u0259d\u0259 \u0259sas diqq\u0259t ara\u015fd\u0131rma v\u0259 yeni bilikl\u0259rin yarad\u0131lmas\u0131na y\u00f6n\u0259lir. Amerikada doktorantura proqramlar\u0131 ad\u0259t\u0259n 4-6 il davam edir v\u0259 t\u0259l\u0259b\u0259l\u0259r konkret sah\u0259 \u00fczr\u0259 d\u0259rin ixtisasla\u015f\u0131r. Universitetl\u0259r t\u0259l\u0259b\u0259l\u0259r\u0259 laboratoriya v\u0259 t\u0259dqiqat imkanlar\u0131 t\u0259qdim edir. Bu m\u0259rh\u0259l\u0259d\u0259 t\u0259l\u0259b\u0259l\u0259r professorlarla s\u0131x [&hellip;]<\/p>\n","protected":false},"author":1,"featured_media":0,"parent":0,"menu_order":0,"comment_status":"closed","ping_status":"closed","template":"","meta":{"_acf_changed":false,"footnotes":""},"class_list":["post-140800","page","type-page","status-publish","hentry"],"acf":[],"_links":{"self":[{"href":"https:\/\/eddeglobal.az\/en\/wp-json\/wp\/v2\/pages\/140800","targetHints":{"allow":["GET"]}}],"collection":[{"href":"https:\/\/eddeglobal.az\/en\/wp-json\/wp\/v2\/pages"}],"about":[{"href":"https:\/\/eddeglobal.az\/en\/wp-json\/wp\/v2\/types\/page"}],"author":[{"embeddable":true,"href":"https:\/\/eddeglobal.az\/en\/wp-json\/wp\/v2\/users\/1"}],"replies":[{"embeddable":true,"href":"https:\/\/eddeglobal.az\/en\/wp-json\/wp\/v2\/comments?post=140800"}],"version-history":[{"count":3,"href":"https:\/\/eddeglobal.az\/en\/wp-json\/wp\/v2\/pages\/140800\/revisions"}],"predecessor-version":[{"id":140931,"href":"https:\/\/eddeglobal.az\/en\/wp-json\/wp\/v2\/pages\/140800\/revisions\/140931"}],"wp:attachment":[{"href":"https:\/\/eddeglobal.az\/en\/wp-json\/wp\/v2\/media?parent=140800"}],"curies":[{"name":"wp","href":"https:\/\/api.w.org\/{rel}","templated":true}]}}