{"id":140801,"date":"2026-03-16T21:30:58","date_gmt":"2026-03-16T21:30:58","guid":{"rendered":"https:\/\/eddeglobal.az\/?page_id=140801"},"modified":"2026-03-21T11:33:29","modified_gmt":"2026-03-21T11:33:29","slug":"amerikada-magistr","status":"publish","type":"page","link":"https:\/\/eddeglobal.az\/en\/amerikada-magistr\/","title":{"rendered":"Amerikada magistr"},"content":{"rendered":"<div class=\"wpb-content-wrapper\"><p>[vc_row][vc_column][vc_column_text css=&#8221;&#8221;]Amerikada magistr t\u0259hsili ixtisasla\u015fmaq v\u0259 karyeran\u0131 n\u00f6vb\u0259ti m\u0259rh\u0259l\u0259y\u0259 da\u015f\u0131maq ist\u0259y\u0259nl\u0259r \u00fc\u00e7\u00fcn g\u00fccl\u00fc f\u00fcrs\u0259tdir. Bu m\u0259rh\u0259l\u0259d\u0259 t\u0259l\u0259b\u0259l\u0259r se\u00e7dikl\u0259ri sah\u0259 \u00fczr\u0259 daha d\u0259rin bilik \u0259ld\u0259 edir. Amerikada magistr proqramlar\u0131 ad\u0259t\u0259n daha fokuslu v\u0259 praktik y\u00f6n\u00fcml\u00fc olur. Universitetl\u0259r t\u0259l\u0259b\u0259l\u0259rd\u0259n aktiv i\u015ftirak v\u0259 ara\u015fd\u0131rma bacar\u0131\u011f\u0131 g\u00f6zl\u0259yir. Proqramlar\u0131n m\u00fcdd\u0259ti \u0259ks\u0259r hallarda 1-2 il aras\u0131nda d\u0259yi\u015fir. T\u0259l\u0259b\u0259l\u0259r bu m\u00fcdd\u0259td\u0259 layih\u0259l\u0259r, t\u0259qdimatlar v\u0259 b\u0259z\u0259n t\u0259dqiqat i\u015fl\u0259ri \u00fcz\u0259rind\u0259 \u00e7al\u0131\u015f\u0131rlar. Amerikada magistr t\u0259hsili zaman\u0131 professorlarla yax\u0131n i\u015fl\u0259m\u0259k imkan\u0131 olur. Bu da akademik inki\u015faf \u00fc\u00e7\u00fcn b\u00f6y\u00fck \u00fcst\u00fcnl\u00fckd\u00fcr. Q\u0259bul prosesind\u0259 akademik n\u0259tic\u0259l\u0259r v\u0259 \u0259vv\u0259lki t\u0259hsil \u00f6n\u0259mlidir. B\u0259zi proqramlar \u0259lav\u0259 s\u0259n\u0259dl\u0259r v\u0259 ya m\u00fcsahib\u0259 t\u0259l\u0259b ed\u0259 bil\u0259r. Amerikada magistr t\u0259hsili t\u0259l\u0259b\u0259l\u0259r\u0259 beyn\u0259lxalq m\u00fchitd\u0259 t\u0259cr\u00fcb\u0259 qazand\u0131r\u0131r. Universitetl\u0259rd\u0259 geni\u015f \u0259laq\u0259 imkanlar\u0131 m\u00f6vcuddur. Bu da g\u0259l\u0259c\u0259k i\u015f tapmaqda k\u00f6m\u0259k edir. T\u0259hsil m\u00fcdd\u0259tind\u0259 m\u00fc\u0259yy\u0259n \u015f\u0259rtl\u0259rl\u0259 i\u015fl\u0259m\u0259k d\u0259 m\u00fcmk\u00fcnd\u00fcr. Amerikada magistr t\u0259hsili karyera bax\u0131m\u0131ndan b\u00f6y\u00fck \u00fcst\u00fcnl\u00fck yarad\u0131r.[\/vc_column_text][\/vc_column][\/vc_row][vc_row][vc_column]\n<div class=\"wpcf7 no-js\" id=\"wpcf7-f3483-o1\" lang=\"en-US\" dir=\"ltr\" data-wpcf7-id=\"3483\">\n<div class=\"screen-reader-response\"><p role=\"status\" aria-live=\"polite\" aria-atomic=\"true\"><\/p> <ul><\/ul><\/div>\n<form action=\"\/en\/wp-json\/wp\/v2\/pages\/140801#wpcf7-f3483-o1\" method=\"post\" class=\"wpcf7-form init\" aria-label=\"Contact form\" novalidate=\"novalidate\" data-status=\"init\">\n<fieldset class=\"hidden-fields-container\"><input type=\"hidden\" name=\"_wpcf7\" value=\"3483\" \/><input type=\"hidden\" name=\"_wpcf7_version\" value=\"6.1.3\" \/><input type=\"hidden\" name=\"_wpcf7_locale\" value=\"en_US\" \/><input type=\"hidden\" name=\"_wpcf7_unit_tag\" value=\"wpcf7-f3483-o1\" \/><input type=\"hidden\" name=\"_wpcf7_container_post\" value=\"0\" \/><input type=\"hidden\" name=\"_wpcf7_posted_data_hash\" value=\"\" \/>\n<\/fieldset>\n<div class=\"tac\" style=\"max-width: 600px; margin: 0 auto;\">\n\n<div class=\"row\">\n<div class=\"col-lg-6 col-md-6 col-sm-12 col-xs-12\">\n<span class=\"wpcf7-form-control-wrap\">\n<span class=\"wpcf7-form-control-wrap\" data-name=\"your-name\"><input size=\"40\" maxlength=\"400\" class=\"wpcf7-form-control wpcf7-text wpcf7-validates-as-required style3\" aria-required=\"true\" aria-invalid=\"false\" placeholder=\"Your name (required)\" value=\"\" type=\"text\" name=\"your-name\" \/><\/span>\n\n<\/span>\n\n<span class=\"wpcf7-form-control-wrap\">\n<span class=\"wpcf7-form-control-wrap\" data-name=\"your-email\"><input size=\"40\" maxlength=\"400\" class=\"wpcf7-form-control wpcf7-email wpcf7-validates-as-required wpcf7-text wpcf7-validates-as-email style3\" aria-required=\"true\" aria-invalid=\"false\" placeholder=\"Your email (required)\" value=\"\" type=\"email\" name=\"your-email\" \/><\/span>\n\n<\/span>\n<\/div>\n\n<div class=\"col-lg-6 col-md-6 col-sm-12 col-xs-12\">\n<span class=\"wpcf7-form-control-wrap\">\n<span class=\"wpcf7-form-control-wrap\" data-name=\"your-tel\"><input size=\"40\" maxlength=\"400\" class=\"wpcf7-form-control wpcf7-tel wpcf7-validates-as-required wpcf7-text wpcf7-validates-as-tel style3\" aria-required=\"true\" aria-invalid=\"false\" placeholder=\"Mobile number (required)\" value=\"\" type=\"tel\" name=\"your-tel\" \/><\/span>\n\n<\/span>\n\n<span class=\"wpcf7-form-control-wrap\">\n<span class=\"wpcf7-form-control-wrap\" data-name=\"movzu\"><select class=\"wpcf7-form-control wpcf7-select wpcf7-validates-as-required style3\" aria-required=\"true\" aria-invalid=\"false\" name=\"movzu\"><option value=\"Foundation\">Foundation<\/option><option value=\"Bachelor&#039;s Degree\">Bachelor&#039;s Degree<\/option><option value=\"Master&#039;s Degree\">Master&#039;s Degree<\/option><option value=\"PhD \/ Doctorate\">PhD \/ Doctorate<\/option><option value=\"Transfer\">Transfer<\/option><option value=\"Scholarship\">Scholarship<\/option><option value=\"Summer Schools\">Summer Schools<\/option><option value=\"International Schools\">International Schools<\/option><option value=\"Dormitory\">Dormitory<\/option><option value=\"Right Major Selection\">Right Major Selection<\/option><\/select><\/span>\n\n<\/span>\n<\/div>\n<\/div>\n\n\n<span class=\"wpcf7-form-control-wrap\">\n<span class=\"wpcf7-form-control-wrap\" data-name=\"mesaj\"><textarea cols=\"40\" rows=\"10\" maxlength=\"2000\" class=\"wpcf7-form-control wpcf7-textarea wpcf7-validates-as-required style3\" aria-required=\"true\" aria-invalid=\"false\" placeholder=\"Write your message\" name=\"mesaj\"><\/textarea><\/span>\n\n<\/span>\n\n<div style=\"margin-bottom:15px;\" class=\"modal-p\">\nFields marked as \"required\" must be filled in\n\n<\/div>\n\n<div class=\"modal-send\">\n<input class=\"wpcf7-form-control wpcf7-submit has-spinner button-style1\" type=\"submit\" value=\"Submit\" \/>\n\n<\/div>\n\n<\/div><div class=\"wpcf7-response-output\" aria-hidden=\"true\"><\/div>\n<\/form>\n<\/div>\n[\/vc_column][\/vc_row]<\/p>\n<\/div>","protected":false},"excerpt":{"rendered":"<p>[vc_row][vc_column][vc_column_text css=&#8221;&#8221;]Amerikada magistr t\u0259hsili ixtisasla\u015fmaq v\u0259 karyeran\u0131 n\u00f6vb\u0259ti m\u0259rh\u0259l\u0259y\u0259 da\u015f\u0131maq ist\u0259y\u0259nl\u0259r \u00fc\u00e7\u00fcn g\u00fccl\u00fc f\u00fcrs\u0259tdir. Bu m\u0259rh\u0259l\u0259d\u0259 t\u0259l\u0259b\u0259l\u0259r se\u00e7dikl\u0259ri sah\u0259 \u00fczr\u0259 daha d\u0259rin bilik \u0259ld\u0259 edir. Amerikada magistr proqramlar\u0131 ad\u0259t\u0259n daha fokuslu v\u0259 praktik y\u00f6n\u00fcml\u00fc olur. Universitetl\u0259r t\u0259l\u0259b\u0259l\u0259rd\u0259n aktiv i\u015ftirak v\u0259 ara\u015fd\u0131rma bacar\u0131\u011f\u0131 g\u00f6zl\u0259yir. Proqramlar\u0131n m\u00fcdd\u0259ti \u0259ks\u0259r hallarda 1-2 il aras\u0131nda d\u0259yi\u015fir. T\u0259l\u0259b\u0259l\u0259r bu m\u00fcdd\u0259td\u0259 layih\u0259l\u0259r, [&hellip;]<\/p>\n","protected":false},"author":1,"featured_media":0,"parent":0,"menu_order":0,"comment_status":"closed","ping_status":"closed","template":"","meta":{"_acf_changed":false,"footnotes":""},"class_list":["post-140801","page","type-page","status-publish","hentry"],"acf":[],"_links":{"self":[{"href":"https:\/\/eddeglobal.az\/en\/wp-json\/wp\/v2\/pages\/140801","targetHints":{"allow":["GET"]}}],"collection":[{"href":"https:\/\/eddeglobal.az\/en\/wp-json\/wp\/v2\/pages"}],"about":[{"href":"https:\/\/eddeglobal.az\/en\/wp-json\/wp\/v2\/types\/page"}],"author":[{"embeddable":true,"href":"https:\/\/eddeglobal.az\/en\/wp-json\/wp\/v2\/users\/1"}],"replies":[{"embeddable":true,"href":"https:\/\/eddeglobal.az\/en\/wp-json\/wp\/v2\/comments?post=140801"}],"version-history":[{"count":3,"href":"https:\/\/eddeglobal.az\/en\/wp-json\/wp\/v2\/pages\/140801\/revisions"}],"predecessor-version":[{"id":140930,"href":"https:\/\/eddeglobal.az\/en\/wp-json\/wp\/v2\/pages\/140801\/revisions\/140930"}],"wp:attachment":[{"href":"https:\/\/eddeglobal.az\/en\/wp-json\/wp\/v2\/media?parent=140801"}],"curies":[{"name":"wp","href":"https:\/\/api.w.org\/{rel}","templated":true}]}}