{"id":140802,"date":"2026-03-16T21:30:18","date_gmt":"2026-03-16T21:30:18","guid":{"rendered":"https:\/\/eddeglobal.az\/?page_id=140802"},"modified":"2026-03-21T10:52:14","modified_gmt":"2026-03-21T10:52:14","slug":"amerikada-bakalavr","status":"publish","type":"page","link":"https:\/\/eddeglobal.az\/en\/amerikada-bakalavr\/","title":{"rendered":"Amerikada bakalavr"},"content":{"rendered":"<div class=\"wpb-content-wrapper\"><p>[vc_row][vc_column][vc_column_text css=&#8221;&#8221;]Amerikada bakalavr t\u0259hsili g\u0259ncl\u0259r \u00fc\u00e7\u00fcn \u0259n geni\u015f imkanlar t\u0259qdim ed\u0259n istiqam\u0259tl\u0259rd\u0259n biridir. Bu m\u0259rh\u0259l\u0259 t\u0259l\u0259b\u0259nin h\u0259m akademik, h\u0259m d\u0259 \u015f\u0259xsi inki\u015faf\u0131nda m\u00fch\u00fcm rol oynay\u0131r. Amerikada bakalavr t\u0259hsili almaq ist\u0259y\u0259nl\u0259r ilk olaraq ixtisas se\u00e7imi etm\u0259lidir. AB\u015e-da sistem f\u0259rqlidir v\u0259 t\u0259l\u0259b\u0259l\u0259r ilk ill\u0259rd\u0259 m\u00fcxt\u0259lif f\u0259nl\u0259ri s\u0131naqdan ke\u00e7ir\u0259 bilirl\u0259r. Bu is\u0259 daha do\u011fru se\u00e7im etm\u0259y\u0259 k\u00f6m\u0259k edir. Universitetl\u0259r t\u0259l\u0259b\u0259l\u0259r\u0259 s\u0259rb\u0259st \u00f6yr\u0259nm\u0259 m\u00fchiti yarad\u0131r. D\u0259rsl\u0259rl\u0259 yana\u015f\u0131 layih\u0259 v\u0259 t\u0259qdimatlar da b\u00f6y\u00fck rol oynay\u0131r. Amerikada bakalavr proqramlar\u0131 ad\u0259t\u0259n 4 il davam edir. Bu m\u00fcdd\u0259td\u0259 t\u0259l\u0259b\u0259l\u0259r h\u0259m n\u0259z\u0259ri, h\u0259m d\u0259 praktiki bilikl\u0259r \u0259ld\u0259 edir. Q\u0259bul zaman\u0131 m\u0259kt\u0259b qiym\u0259tl\u0259ri v\u0259 dig\u0259r g\u00f6st\u0259ricil\u0259r n\u0259z\u0259r\u0259 al\u0131n\u0131r. B\u0259zi universitetl\u0259r \u0259lav\u0259 imtahan v\u0259 ya esse t\u0259l\u0259b ed\u0259 bil\u0259r. Amerikada bakalavr t\u0259hsili t\u0259l\u0259b\u0259l\u0259r\u0259 geni\u015f \u015f\u0259b\u0259k\u0259 qurmaq imkan\u0131 verir. Kampus h\u0259yat\u0131 sosial bax\u0131mdan \u00e7ox aktivdir. T\u0259l\u0259b\u0259l\u0259r \u00f6z bacar\u0131qlar\u0131n\u0131 inki\u015faf etdirm\u0259k \u00fc\u00e7\u00fcn m\u00fcxt\u0259lif imkanlar \u0259ld\u0259 edir. Bu t\u0259hsil modeli g\u0259l\u0259c\u0259k karyera \u00fc\u00e7\u00fcn g\u00fccl\u00fc baza yarad\u0131r.[\/vc_column_text][\/vc_column][\/vc_row][vc_row][vc_column]\n<div class=\"wpcf7 no-js\" id=\"wpcf7-f3483-o1\" lang=\"en-US\" dir=\"ltr\" data-wpcf7-id=\"3483\">\n<div class=\"screen-reader-response\"><p role=\"status\" aria-live=\"polite\" aria-atomic=\"true\"><\/p> <ul><\/ul><\/div>\n<form action=\"\/en\/wp-json\/wp\/v2\/pages\/140802#wpcf7-f3483-o1\" method=\"post\" class=\"wpcf7-form init\" aria-label=\"Contact form\" novalidate=\"novalidate\" data-status=\"init\">\n<fieldset class=\"hidden-fields-container\"><input type=\"hidden\" name=\"_wpcf7\" value=\"3483\" \/><input type=\"hidden\" name=\"_wpcf7_version\" value=\"6.1.3\" \/><input type=\"hidden\" name=\"_wpcf7_locale\" value=\"en_US\" \/><input type=\"hidden\" name=\"_wpcf7_unit_tag\" value=\"wpcf7-f3483-o1\" \/><input type=\"hidden\" name=\"_wpcf7_container_post\" value=\"0\" \/><input type=\"hidden\" name=\"_wpcf7_posted_data_hash\" value=\"\" \/>\n<\/fieldset>\n<div class=\"tac\" style=\"max-width: 600px; margin: 0 auto;\">\n\n<div class=\"row\">\n<div class=\"col-lg-6 col-md-6 col-sm-12 col-xs-12\">\n<span class=\"wpcf7-form-control-wrap\">\n<span class=\"wpcf7-form-control-wrap\" data-name=\"your-name\"><input size=\"40\" maxlength=\"400\" class=\"wpcf7-form-control wpcf7-text wpcf7-validates-as-required style3\" aria-required=\"true\" aria-invalid=\"false\" placeholder=\"Your name (required)\" value=\"\" type=\"text\" name=\"your-name\" \/><\/span>\n\n<\/span>\n\n<span class=\"wpcf7-form-control-wrap\">\n<span class=\"wpcf7-form-control-wrap\" data-name=\"your-email\"><input size=\"40\" maxlength=\"400\" class=\"wpcf7-form-control wpcf7-email wpcf7-validates-as-required wpcf7-text wpcf7-validates-as-email style3\" aria-required=\"true\" aria-invalid=\"false\" placeholder=\"Your email (required)\" value=\"\" type=\"email\" name=\"your-email\" \/><\/span>\n\n<\/span>\n<\/div>\n\n<div class=\"col-lg-6 col-md-6 col-sm-12 col-xs-12\">\n<span class=\"wpcf7-form-control-wrap\">\n<span class=\"wpcf7-form-control-wrap\" data-name=\"your-tel\"><input size=\"40\" maxlength=\"400\" class=\"wpcf7-form-control wpcf7-tel wpcf7-validates-as-required wpcf7-text wpcf7-validates-as-tel style3\" aria-required=\"true\" aria-invalid=\"false\" placeholder=\"Mobile number (required)\" value=\"\" type=\"tel\" name=\"your-tel\" \/><\/span>\n\n<\/span>\n\n<span class=\"wpcf7-form-control-wrap\">\n<span class=\"wpcf7-form-control-wrap\" data-name=\"movzu\"><select class=\"wpcf7-form-control wpcf7-select wpcf7-validates-as-required style3\" aria-required=\"true\" aria-invalid=\"false\" name=\"movzu\"><option value=\"Foundation\">Foundation<\/option><option value=\"Bachelor&#039;s Degree\">Bachelor&#039;s Degree<\/option><option value=\"Master&#039;s Degree\">Master&#039;s Degree<\/option><option value=\"PhD \/ Doctorate\">PhD \/ Doctorate<\/option><option value=\"Transfer\">Transfer<\/option><option value=\"Scholarship\">Scholarship<\/option><option value=\"Summer Schools\">Summer Schools<\/option><option value=\"International Schools\">International Schools<\/option><option value=\"Dormitory\">Dormitory<\/option><option value=\"Right Major Selection\">Right Major Selection<\/option><\/select><\/span>\n\n<\/span>\n<\/div>\n<\/div>\n\n\n<span class=\"wpcf7-form-control-wrap\">\n<span class=\"wpcf7-form-control-wrap\" data-name=\"mesaj\"><textarea cols=\"40\" rows=\"10\" maxlength=\"2000\" class=\"wpcf7-form-control wpcf7-textarea wpcf7-validates-as-required style3\" aria-required=\"true\" aria-invalid=\"false\" placeholder=\"Write your message\" name=\"mesaj\"><\/textarea><\/span>\n\n<\/span>\n\n<div style=\"margin-bottom:15px;\" class=\"modal-p\">\nFields marked as \"required\" must be filled in\n\n<\/div>\n\n<div class=\"modal-send\">\n<input class=\"wpcf7-form-control wpcf7-submit has-spinner button-style1\" type=\"submit\" value=\"Submit\" \/>\n\n<\/div>\n\n<\/div><div class=\"wpcf7-response-output\" aria-hidden=\"true\"><\/div>\n<\/form>\n<\/div>\n[\/vc_column][\/vc_row]<\/p>\n<\/div>","protected":false},"excerpt":{"rendered":"<p>[vc_row][vc_column][vc_column_text css=&#8221;&#8221;]Amerikada bakalavr t\u0259hsili g\u0259ncl\u0259r \u00fc\u00e7\u00fcn \u0259n geni\u015f imkanlar t\u0259qdim ed\u0259n istiqam\u0259tl\u0259rd\u0259n biridir. Bu m\u0259rh\u0259l\u0259 t\u0259l\u0259b\u0259nin h\u0259m akademik, h\u0259m d\u0259 \u015f\u0259xsi inki\u015faf\u0131nda m\u00fch\u00fcm rol oynay\u0131r. Amerikada bakalavr t\u0259hsili almaq ist\u0259y\u0259nl\u0259r ilk olaraq ixtisas se\u00e7imi etm\u0259lidir. AB\u015e-da sistem f\u0259rqlidir v\u0259 t\u0259l\u0259b\u0259l\u0259r ilk ill\u0259rd\u0259 m\u00fcxt\u0259lif f\u0259nl\u0259ri s\u0131naqdan ke\u00e7ir\u0259 bilirl\u0259r. Bu is\u0259 daha do\u011fru se\u00e7im etm\u0259y\u0259 k\u00f6m\u0259k edir. [&hellip;]<\/p>\n","protected":false},"author":1,"featured_media":0,"parent":0,"menu_order":0,"comment_status":"closed","ping_status":"closed","template":"","meta":{"_acf_changed":false,"footnotes":""},"class_list":["post-140802","page","type-page","status-publish","hentry"],"acf":[],"_links":{"self":[{"href":"https:\/\/eddeglobal.az\/en\/wp-json\/wp\/v2\/pages\/140802","targetHints":{"allow":["GET"]}}],"collection":[{"href":"https:\/\/eddeglobal.az\/en\/wp-json\/wp\/v2\/pages"}],"about":[{"href":"https:\/\/eddeglobal.az\/en\/wp-json\/wp\/v2\/types\/page"}],"author":[{"embeddable":true,"href":"https:\/\/eddeglobal.az\/en\/wp-json\/wp\/v2\/users\/1"}],"replies":[{"embeddable":true,"href":"https:\/\/eddeglobal.az\/en\/wp-json\/wp\/v2\/comments?post=140802"}],"version-history":[{"count":3,"href":"https:\/\/eddeglobal.az\/en\/wp-json\/wp\/v2\/pages\/140802\/revisions"}],"predecessor-version":[{"id":140929,"href":"https:\/\/eddeglobal.az\/en\/wp-json\/wp\/v2\/pages\/140802\/revisions\/140929"}],"wp:attachment":[{"href":"https:\/\/eddeglobal.az\/en\/wp-json\/wp\/v2\/media?parent=140802"}],"curies":[{"name":"wp","href":"https:\/\/api.w.org\/{rel}","templated":true}]}}