{"id":140803,"date":"2026-03-16T21:29:54","date_gmt":"2026-03-16T21:29:54","guid":{"rendered":"https:\/\/eddeglobal.az\/?page_id=140803"},"modified":"2026-03-21T10:19:00","modified_gmt":"2026-03-21T10:19:00","slug":"amerikada-universitetler","status":"publish","type":"page","link":"https:\/\/eddeglobal.az\/en\/amerikada-universitetler\/","title":{"rendered":"Amerikada universitetl\u0259r"},"content":{"rendered":"<div class=\"wpb-content-wrapper\"><p>[vc_row][vc_column][vc_column_text css=&#8221;&#8221;]Amerikada universitetl\u0259r d\u00fcnyan\u0131n \u0259n geni\u015f v\u0259 m\u00fcxt\u0259lif t\u0259hsil sisteml\u0259rind\u0259n birini t\u0259\u015fkil edir. Bu \u00f6lk\u0259d\u0259 h\u0259r t\u0259l\u0259b\u0259nin m\u0259qs\u0259din\u0259 uy\u011fun se\u00e7im tapmaq m\u00fcmk\u00fcnd\u00fcr. Amerikada universitetl\u0259r h\u0259m akademik s\u0259viyy\u0259sin\u0259, h\u0259m d\u0259 t\u0259dris yana\u015fmas\u0131na g\u00f6r\u0259 f\u0259rql\u0259nir. B\u0259zi universitetl\u0259r daha \u00e7ox ara\u015fd\u0131rma y\u00f6n\u00fcml\u00fc olur, b\u0259zil\u0259ri is\u0259 praktik bacar\u0131qlara fokuslan\u0131r. T\u0259l\u0259b\u0259l\u0259r burada \u00f6z maraqlar\u0131na uy\u011fun proqram se\u00e7\u0259 bilirl\u0259r. AB\u015e-da t\u0259hsil sistemi elastikdir v\u0259 ixtisas d\u0259yi\u015fm\u0259k d\u0259 m\u00fcmk\u00fcnd\u00fcr. Amerikada universitetl\u0259r t\u0259l\u0259b\u0259l\u0259r\u0259 yaln\u0131z d\u0259rs deyil, eyni zamanda h\u0259yat t\u0259cr\u00fcb\u0259si qazand\u0131r\u0131r. Kampus m\u00fchiti \u00e7ox aktivdir v\u0259 sosial h\u0259yat geni\u015fdir. T\u0259l\u0259b\u0259l\u0259r m\u00fcxt\u0259lif klublara v\u0259 layih\u0259l\u0259r\u0259 qo\u015fula bilirl\u0259r. Q\u0259bul prosesi is\u0259 universitetd\u0259n universitet\u0259 d\u0259yi\u015fir. B\u0259zi yerl\u0259rd\u0259 r\u0259qab\u0259t \u00e7ox y\u00fcks\u0259k olur. Dig\u0259r universitetl\u0259r is\u0259 daha a\u00e7\u0131q q\u0259bul siyas\u0259ti t\u0259tbiq edir. Amerikada universitetl\u0259r beyn\u0259lxalq t\u0259l\u0259b\u0259l\u0259r \u00fc\u00e7\u00fcn d\u0259 geni\u015f imkanlar yarad\u0131r. T\u0259hsil zaman\u0131 praktika v\u0259 i\u015f t\u0259cr\u00fcb\u0259si qazanmaq m\u00fcmk\u00fcnd\u00fcr. Bu da g\u0259l\u0259c\u0259k karyera \u00fc\u00e7\u00fcn ciddi \u00fcst\u00fcnl\u00fck yarad\u0131r. AB\u015e-da oxumaq ist\u0259y\u0259nl\u0259r \u00fc\u00e7\u00fcn d\u00fczg\u00fcn se\u00e7im etm\u0259k \u0259n vacib add\u0131md\u0131r.[\/vc_column_text][\/vc_column][\/vc_row][vc_row][vc_column]\n<div class=\"wpcf7 no-js\" id=\"wpcf7-f3483-o1\" lang=\"en-US\" dir=\"ltr\" data-wpcf7-id=\"3483\">\n<div class=\"screen-reader-response\"><p role=\"status\" aria-live=\"polite\" aria-atomic=\"true\"><\/p> <ul><\/ul><\/div>\n<form action=\"\/en\/wp-json\/wp\/v2\/pages\/140803#wpcf7-f3483-o1\" method=\"post\" class=\"wpcf7-form init\" aria-label=\"Contact form\" novalidate=\"novalidate\" data-status=\"init\">\n<fieldset class=\"hidden-fields-container\"><input type=\"hidden\" name=\"_wpcf7\" value=\"3483\" \/><input type=\"hidden\" name=\"_wpcf7_version\" value=\"6.1.3\" \/><input type=\"hidden\" name=\"_wpcf7_locale\" value=\"en_US\" \/><input type=\"hidden\" name=\"_wpcf7_unit_tag\" value=\"wpcf7-f3483-o1\" \/><input type=\"hidden\" name=\"_wpcf7_container_post\" value=\"0\" \/><input type=\"hidden\" name=\"_wpcf7_posted_data_hash\" value=\"\" \/>\n<\/fieldset>\n<div class=\"tac\" style=\"max-width: 600px; margin: 0 auto;\">\n\n<div class=\"row\">\n<div class=\"col-lg-6 col-md-6 col-sm-12 col-xs-12\">\n<span class=\"wpcf7-form-control-wrap\">\n<span class=\"wpcf7-form-control-wrap\" data-name=\"your-name\"><input size=\"40\" maxlength=\"400\" class=\"wpcf7-form-control wpcf7-text wpcf7-validates-as-required style3\" aria-required=\"true\" aria-invalid=\"false\" placeholder=\"Your name (required)\" value=\"\" type=\"text\" name=\"your-name\" \/><\/span>\n\n<\/span>\n\n<span class=\"wpcf7-form-control-wrap\">\n<span class=\"wpcf7-form-control-wrap\" data-name=\"your-email\"><input size=\"40\" maxlength=\"400\" class=\"wpcf7-form-control wpcf7-email wpcf7-validates-as-required wpcf7-text wpcf7-validates-as-email style3\" aria-required=\"true\" aria-invalid=\"false\" placeholder=\"Your email (required)\" value=\"\" type=\"email\" name=\"your-email\" \/><\/span>\n\n<\/span>\n<\/div>\n\n<div class=\"col-lg-6 col-md-6 col-sm-12 col-xs-12\">\n<span class=\"wpcf7-form-control-wrap\">\n<span class=\"wpcf7-form-control-wrap\" data-name=\"your-tel\"><input size=\"40\" maxlength=\"400\" class=\"wpcf7-form-control wpcf7-tel wpcf7-validates-as-required wpcf7-text wpcf7-validates-as-tel style3\" aria-required=\"true\" aria-invalid=\"false\" placeholder=\"Mobile number (required)\" value=\"\" type=\"tel\" name=\"your-tel\" \/><\/span>\n\n<\/span>\n\n<span class=\"wpcf7-form-control-wrap\">\n<span class=\"wpcf7-form-control-wrap\" data-name=\"movzu\"><select class=\"wpcf7-form-control wpcf7-select wpcf7-validates-as-required style3\" aria-required=\"true\" aria-invalid=\"false\" name=\"movzu\"><option value=\"Foundation\">Foundation<\/option><option value=\"Bachelor&#039;s Degree\">Bachelor&#039;s Degree<\/option><option value=\"Master&#039;s Degree\">Master&#039;s Degree<\/option><option value=\"PhD \/ Doctorate\">PhD \/ Doctorate<\/option><option value=\"Transfer\">Transfer<\/option><option value=\"Scholarship\">Scholarship<\/option><option value=\"Summer Schools\">Summer Schools<\/option><option value=\"International Schools\">International Schools<\/option><option value=\"Dormitory\">Dormitory<\/option><option value=\"Right Major Selection\">Right Major Selection<\/option><\/select><\/span>\n\n<\/span>\n<\/div>\n<\/div>\n\n\n<span class=\"wpcf7-form-control-wrap\">\n<span class=\"wpcf7-form-control-wrap\" data-name=\"mesaj\"><textarea cols=\"40\" rows=\"10\" maxlength=\"2000\" class=\"wpcf7-form-control wpcf7-textarea wpcf7-validates-as-required style3\" aria-required=\"true\" aria-invalid=\"false\" placeholder=\"Write your message\" name=\"mesaj\"><\/textarea><\/span>\n\n<\/span>\n\n<div style=\"margin-bottom:15px;\" class=\"modal-p\">\nFields marked as \"required\" must be filled in\n\n<\/div>\n\n<div class=\"modal-send\">\n<input class=\"wpcf7-form-control wpcf7-submit has-spinner button-style1\" type=\"submit\" value=\"Submit\" \/>\n\n<\/div>\n\n<\/div><div class=\"wpcf7-response-output\" aria-hidden=\"true\"><\/div>\n<\/form>\n<\/div>\n[\/vc_column][\/vc_row]<\/p>\n<\/div>","protected":false},"excerpt":{"rendered":"<p>[vc_row][vc_column][vc_column_text css=&#8221;&#8221;]Amerikada universitetl\u0259r d\u00fcnyan\u0131n \u0259n geni\u015f v\u0259 m\u00fcxt\u0259lif t\u0259hsil sisteml\u0259rind\u0259n birini t\u0259\u015fkil edir. Bu \u00f6lk\u0259d\u0259 h\u0259r t\u0259l\u0259b\u0259nin m\u0259qs\u0259din\u0259 uy\u011fun se\u00e7im tapmaq m\u00fcmk\u00fcnd\u00fcr. Amerikada universitetl\u0259r h\u0259m akademik s\u0259viyy\u0259sin\u0259, h\u0259m d\u0259 t\u0259dris yana\u015fmas\u0131na g\u00f6r\u0259 f\u0259rql\u0259nir. B\u0259zi universitetl\u0259r daha \u00e7ox ara\u015fd\u0131rma y\u00f6n\u00fcml\u00fc olur, b\u0259zil\u0259ri is\u0259 praktik bacar\u0131qlara fokuslan\u0131r. T\u0259l\u0259b\u0259l\u0259r burada \u00f6z maraqlar\u0131na uy\u011fun proqram se\u00e7\u0259 bilirl\u0259r. AB\u015e-da t\u0259hsil [&hellip;]<\/p>\n","protected":false},"author":1,"featured_media":0,"parent":0,"menu_order":0,"comment_status":"closed","ping_status":"closed","template":"","meta":{"_acf_changed":false,"footnotes":""},"class_list":["post-140803","page","type-page","status-publish","hentry"],"acf":[],"_links":{"self":[{"href":"https:\/\/eddeglobal.az\/en\/wp-json\/wp\/v2\/pages\/140803","targetHints":{"allow":["GET"]}}],"collection":[{"href":"https:\/\/eddeglobal.az\/en\/wp-json\/wp\/v2\/pages"}],"about":[{"href":"https:\/\/eddeglobal.az\/en\/wp-json\/wp\/v2\/types\/page"}],"author":[{"embeddable":true,"href":"https:\/\/eddeglobal.az\/en\/wp-json\/wp\/v2\/users\/1"}],"replies":[{"embeddable":true,"href":"https:\/\/eddeglobal.az\/en\/wp-json\/wp\/v2\/comments?post=140803"}],"version-history":[{"count":3,"href":"https:\/\/eddeglobal.az\/en\/wp-json\/wp\/v2\/pages\/140803\/revisions"}],"predecessor-version":[{"id":140928,"href":"https:\/\/eddeglobal.az\/en\/wp-json\/wp\/v2\/pages\/140803\/revisions\/140928"}],"wp:attachment":[{"href":"https:\/\/eddeglobal.az\/en\/wp-json\/wp\/v2\/media?parent=140803"}],"curies":[{"name":"wp","href":"https:\/\/api.w.org\/{rel}","templated":true}]}}