{"id":140804,"date":"2026-03-16T21:29:12","date_gmt":"2026-03-16T21:29:12","guid":{"rendered":"https:\/\/eddeglobal.az\/?page_id=140804"},"modified":"2026-03-21T10:09:40","modified_gmt":"2026-03-21T10:09:40","slug":"amerikada-tehsil","status":"publish","type":"page","link":"https:\/\/eddeglobal.az\/en\/amerikada-tehsil\/","title":{"rendered":"Amerikada t\u0259hsil"},"content":{"rendered":"<div class=\"wpb-content-wrapper\"><p>[vc_row][vc_column][vc_column_text css=&#8221;&#8221;]Amerikada t\u0259hsil \u00e7oxlar\u0131n\u0131n x\u0259yal etdiyi istiqam\u0259tl\u0259rd\u0259n biridir v\u0259 bunun \u0259sas s\u0259b\u0259bi t\u0259hsilin keyfiyy\u0259ti il\u0259 yana\u015f\u0131 geni\u015f imkanlar\u0131n olmas\u0131d\u0131r. Amerikada t\u0259hsil almaq ist\u0259y\u0259n t\u0259l\u0259b\u0259l\u0259r \u0259vv\u0259lc\u0259 hans\u0131 universitet v\u0259 ixtisas\u0131 se\u00e7\u0259c\u0259yin\u0259 q\u0259rar verm\u0259lidir. AB\u015e-da minl\u0259rl\u0259 universitet oldu\u011fu \u00fc\u00e7\u00fcn se\u00e7im etm\u0259k h\u0259m \u00fcst\u00fcnl\u00fck, h\u0259m d\u0259 \u00e7\u0259tinlik yarad\u0131r. Burada t\u0259hsil sistemi daha praktik y\u00f6n\u00fcml\u00fcd\u00fcr v\u0259 t\u0259l\u0259b\u0259l\u0259r yaln\u0131z n\u0259z\u0259ri yox, real bacar\u0131qlar da qazan\u0131r. Q\u0259bul prosesi dig\u0259r \u00f6lk\u0259l\u0259rl\u0259 m\u00fcqayis\u0259d\u0259 bir az daha m\u00fcr\u0259kk\u0259b ola bil\u0259r. S\u0259n\u0259dl\u0259r aras\u0131nda attestat v\u0259 ya diplom, motivasiya m\u0259ktubu v\u0259 b\u0259z\u0259n t\u00f6vsiy\u0259 m\u0259ktublar\u0131 t\u0259l\u0259b olunur. Dil biliyi d\u0259 vacibdir v\u0259 \u00e7ox vaxt r\u0259smi sertifikat t\u0259l\u0259b edilir. B\u0259zi universitetl\u0259r is\u0259 ilkin m\u0259rh\u0259l\u0259d\u0259 \u015f\u0259rti q\u0259bul ver\u0259 bilir. Amerikada t\u0259hsil zaman\u0131 t\u0259l\u0259b\u0259l\u0259r kampus h\u0259yat\u0131n\u0131n bir hiss\u0259sin\u0259 \u00e7evrilir. Bu da sosial \u00e7evr\u0259 qurmaq \u00fc\u00e7\u00fcn b\u00f6y\u00fck \u00fcst\u00fcnl\u00fckd\u00fcr. Eyni zamanda m\u00fcxt\u0259lif klublar v\u0259 t\u0259dbirl\u0259r t\u0259l\u0259b\u0259l\u0259rin inki\u015faf\u0131na k\u00f6m\u0259k edir. T\u0259hsil haqq\u0131 dig\u0259r \u00f6lk\u0259l\u0259r\u0259 nisb\u0259t\u0259n daha y\u00fcks\u0259k ola bil\u0259r. Amma buna baxmayaraq, maliyy\u0259 d\u0259st\u0259yi v\u0259 t\u0259qa\u00fcd variantlar\u0131 m\u00f6vcuddur. B\u0259zi t\u0259l\u0259b\u0259l\u0259r \u0259lav\u0259 olaraq part-time i\u015fl\u0259m\u0259kl\u0259 x\u0259rcl\u0259rini qar\u015f\u0131laya bilir. \u015e\u0259h\u0259r se\u00e7imi d\u0259 \u00e7ox \u00f6n\u0259mlidir, \u00e7\u00fcnki ya\u015fay\u0131\u015f x\u0259rcl\u0259ri ciddi f\u0259rql\u0259n\u0259 bil\u0259r. Amerikada t\u0259hsil bitirdikd\u0259n sonra i\u015f tapmaq imkanlar\u0131 da geni\u015fdir. Bu s\u0259b\u0259bd\u0259n bir \u00e7ox t\u0259l\u0259b\u0259 bu \u00f6lk\u0259ni uzunm\u00fcdd\u0259tli planlar\u0131n\u0131n bir hiss\u0259si kimi se\u00e7ir.<\/p>\n<p>&nbsp;<\/p>\n<p data-start=\"0\" data-end=\"514\">Amerikada t\u0259hsil almaq bir \u00e7ox t\u0259l\u0259b\u0259 \u00fc\u00e7\u00fcn c\u0259lbedici se\u00e7imdir v\u0259 bu m\u00f6vzu il\u0259 ba\u011fl\u0131 \u0259n \u00e7ox veril\u0259n suallardan biri \u201cAmerikada t\u0259hsil baha deyilmi?\u201d sual\u0131d\u0131r. \u018fslind\u0259, Amerikada t\u0259hsil baha deyilmi sual\u0131n\u0131n cavab\u0131 se\u00e7il\u0259n universitet\u0259, \u015f\u0259h\u0259r\u0259 v\u0259 proqram n\u00f6v\u00fcn\u0259 g\u00f6r\u0259 d\u0259yi\u015fir. B\u0259zi universitetl\u0259rd\u0259 t\u0259hsil haqq\u0131 y\u00fcks\u0259k olsa da, t\u0259qa\u00fcdl\u0259r v\u0259 maliyy\u0259 d\u0259st\u0259yi imkanlar\u0131 bu x\u0259rcl\u0259ri azaltma\u011fa k\u00f6m\u0259k edir. Amerikada t\u0259hsil baha deyilmi dey\u0259 d\u00fc\u015f\u00fcn\u0259n t\u0259l\u0259b\u0259l\u0259r \u00fc\u00e7\u00fcn community college-l\u0259r daha s\u0259rf\u0259li variant hesab olunur.<\/p>\n<p data-start=\"516\" data-end=\"939\">Dig\u0259r \u00e7ox veril\u0259n sual is\u0259 \u201cAmerikada t\u0259l\u0259b\u0259 vizas\u0131 \u00e7\u0259tinmi?\u201d m\u00f6vzusudur. \u00dcmumiyy\u0259tl\u0259, Amerikada t\u0259l\u0259b\u0259 vizas\u0131 \u00e7\u0259tinmi sual\u0131n\u0131n cavab\u0131 t\u0259l\u0259b\u0259nin s\u0259n\u0259dl\u0259rinin d\u00fczg\u00fcn haz\u0131rlanmas\u0131ndan v\u0259 m\u00fcsahib\u0259d\u0259 \u00f6z\u00fcn\u00fc nec\u0259 t\u0259qdim etm\u0259sind\u0259n as\u0131l\u0131d\u0131r. \u018fg\u0259r s\u0259n\u0259dl\u0259r tamd\u0131rsa v\u0259 m\u0259qs\u0259d ayd\u0131n \u015f\u0259kild\u0259 izah olunursa, Amerikada t\u0259l\u0259b\u0259 vizas\u0131 \u00e7\u0259tinmi sual\u0131 o q\u0259d\u0259r d\u0259 qorxulu g\u00f6r\u00fcnm\u00fcr. Bir \u00e7ox t\u0259l\u0259b\u0259 d\u00fczg\u00fcn haz\u0131rl\u0131qla bu prosesi u\u011furla ke\u00e7ir.<\/p>\n<p data-start=\"941\" data-end=\"1240\">Eyni zamanda, Amerikada t\u0259l\u0259b\u0259 vizas\u0131 \u00e7\u0259tinmi dey\u0259 narahat olanlar \u00fc\u00e7\u00fcn m\u0259sl\u0259h\u0259t odur ki, maliyy\u0259 v\u0259ziyy\u0259tini v\u0259 t\u0259hsil plan\u0131n\u0131 ayd\u0131n \u015f\u0259kild\u0259 g\u00f6st\u0259rsinl\u0259r. Bu halda viza alma \u015fans\u0131 xeyli art\u0131r. Amerikada t\u0259l\u0259b\u0259 vizas\u0131 \u00e7\u0259tinmi sual\u0131 \u0259traf\u0131nda \u00e7ox mifl\u0259r olsa da, reall\u0131qda bu proses idar\u0259olunand\u0131r.<\/p>\n<p data-start=\"1242\" data-end=\"1591\">T\u0259l\u0259b\u0259l\u0259rin maraqland\u0131\u011f\u0131 dig\u0259r m\u00f6vzu is\u0259 \u201cSAT olmadan Amerikada t\u0259hsil\u201d imkanlar\u0131d\u0131r. Son ill\u0259rd\u0259 bir \u00e7ox universitet SAT olmadan Amerikada t\u0259hsil almaq imkan\u0131 t\u0259qdim edir. Bu is\u0259 beyn\u0259lxalq t\u0259l\u0259b\u0259l\u0259r \u00fc\u00e7\u00fcn b\u00f6y\u00fck \u00fcst\u00fcnl\u00fckd\u00fcr. SAT olmadan Amerikada t\u0259hsil almaq ist\u0259y\u0259nl\u0259r \u00fc\u00e7\u00fcn alternativ olaraq GPA, motivasiya m\u0259ktubu v\u0259 dil biliyi \u00f6n plana \u00e7\u0131x\u0131r.<\/p>\n<p data-start=\"1593\" data-end=\"1795\">B\u0259zi universitetl\u0259r art\u0131q test-optional siyas\u0259t t\u0259tbiq edir v\u0259 bu da SAT olmadan Amerikada t\u0259hsil \u00fc\u00e7\u00fcn daha \u00e7ox qap\u0131 a\u00e7\u0131r. Bu s\u0259b\u0259bd\u0259n SAT olmadan Amerikada t\u0259hsil m\u00f6vzusu getdikc\u0259 daha populyar olur.<\/p>\n<p data-start=\"1797\" data-end=\"2165\">Dig\u0259r t\u0259r\u0259fd\u0259n, \u201cAB\u015e-da d\u00f6vl\u0259t universitetl\u0259ri hans\u0131lard\u0131r?\u201d sual\u0131 da tez-tez axtar\u0131l\u0131r. AB\u015e-da d\u00f6vl\u0259t universitetl\u0259ri hans\u0131lard\u0131r dey\u0259 ara\u015fd\u0131rma aparan t\u0259l\u0259b\u0259l\u0259r \u00fc\u00e7\u00fcn \u00e7ox geni\u015f se\u00e7im m\u00f6vcuddur. AB\u015e-da d\u00f6vl\u0259t universitetl\u0259ri hans\u0131lard\u0131r sual\u0131na cavab olaraq Kaliforniya Universitet sistemi, Texas Universitetl\u0259ri v\u0259 dig\u0259r state universitetl\u0259ri misal g\u00f6st\u0259ril\u0259 bil\u0259r.<\/p>\n<p data-start=\"2167\" data-end=\"2432\">AB\u015e-da d\u00f6vl\u0259t universitetl\u0259ri hans\u0131lard\u0131r dey\u0259 maraqlananlar bilm\u0259lidir ki, bu universitetl\u0259r h\u0259m keyfiyy\u0259tli t\u0259hsil, h\u0259m d\u0259 daha m\u00fcnasib qiym\u0259tl\u0259r t\u0259klif edir. X\u00fcsusil\u0259 yerli t\u0259l\u0259b\u0259l\u0259r \u00fc\u00e7\u00fcn daha ucuz olsa da, beyn\u0259lxalq t\u0259l\u0259b\u0259l\u0259r \u00fc\u00e7\u00fcn d\u0259 alternativl\u0259r m\u00f6vcuddur.<\/p>\n<p data-start=\"2434\" data-end=\"2716\">Bununla yana\u015f\u0131, \u201cAB\u015e-da community college-l\u0259r n\u0259dir?\u201d sual\u0131 da \u00e7ox vacibdir. AB\u015e-da community college-l\u0259r n\u0259dir dey\u0259 soru\u015fanlar bilm\u0259lidir ki, bunlar 2 illik t\u0259hsil ver\u0259n kollecl\u0259rdir. AB\u015e-da community college-l\u0259r n\u0259dir sual\u0131n\u0131n cavab\u0131 h\u0259m d\u0259 daha ucuz v\u0259 \u0259l\u00e7atan t\u0259hsil dem\u0259kdir.<\/p>\n<p data-start=\"2718\" data-end=\"3032\">Bir \u00e7ox t\u0259l\u0259b\u0259 AB\u015e-da community college-l\u0259r n\u0259dir \u00f6yr\u0259ndikd\u0259n sonra ilk olaraq bu kollecl\u0259r\u0259 m\u00fcraci\u0259t edir v\u0259 sonra universitet\u0259 transfer olur. Bu model h\u0259m q\u0259na\u0259tli, h\u0259m d\u0259 effektiv hesab olunur. AB\u015e-da community college-l\u0259r n\u0259dir sual\u0131 \u0259slind\u0259 Amerikada t\u0259hsil\u0259 giri\u015f \u00fc\u00e7\u00fcn \u0259n a\u011f\u0131ll\u0131 yollardan birini izah edir.<\/p>\n<p data-start=\"3034\" data-end=\"3391\" data-is-last-node=\"\" data-is-only-node=\"\">N\u0259tic\u0259 olaraq, Amerikada t\u0259hsil baha deyilmi, Amerikada t\u0259l\u0259b\u0259 vizas\u0131 \u00e7\u0259tinmi, SAT olmadan Amerikada t\u0259hsil, AB\u015e-da d\u00f6vl\u0259t universitetl\u0259ri hans\u0131lard\u0131r v\u0259 AB\u015e-da community college-l\u0259r n\u0259dir kimi suallar beyn\u0259lxalq t\u0259l\u0259b\u0259l\u0259r \u00fc\u00e7\u00fcn \u0259sas m\u00f6vzulard\u0131r. Bu suallar\u0131n cavablar\u0131n\u0131 d\u00fczg\u00fcn ara\u015fd\u0131rmaq v\u0259 planl\u0131 \u015f\u0259kild\u0259 h\u0259r\u0259k\u0259t etm\u0259k u\u011furlu t\u0259hsil yolunun \u0259sas\u0131n\u0131 qoyur.<\/p>\n<p>[\/vc_column_text][\/vc_column][\/vc_row][vc_row][vc_column]\n<div class=\"wpcf7 no-js\" id=\"wpcf7-f3483-o1\" lang=\"en-US\" dir=\"ltr\" data-wpcf7-id=\"3483\">\n<div class=\"screen-reader-response\"><p role=\"status\" aria-live=\"polite\" aria-atomic=\"true\"><\/p> <ul><\/ul><\/div>\n<form action=\"\/en\/wp-json\/wp\/v2\/pages\/140804#wpcf7-f3483-o1\" method=\"post\" class=\"wpcf7-form init\" aria-label=\"Contact form\" novalidate=\"novalidate\" data-status=\"init\">\n<fieldset class=\"hidden-fields-container\"><input type=\"hidden\" name=\"_wpcf7\" value=\"3483\" \/><input type=\"hidden\" name=\"_wpcf7_version\" value=\"6.1.3\" \/><input type=\"hidden\" name=\"_wpcf7_locale\" value=\"en_US\" \/><input type=\"hidden\" name=\"_wpcf7_unit_tag\" value=\"wpcf7-f3483-o1\" \/><input type=\"hidden\" name=\"_wpcf7_container_post\" value=\"0\" \/><input type=\"hidden\" name=\"_wpcf7_posted_data_hash\" value=\"\" \/>\n<\/fieldset>\n<div class=\"tac\" style=\"max-width: 600px; margin: 0 auto;\">\n\n<div class=\"row\">\n<div class=\"col-lg-6 col-md-6 col-sm-12 col-xs-12\">\n<span class=\"wpcf7-form-control-wrap\">\n<span class=\"wpcf7-form-control-wrap\" data-name=\"your-name\"><input size=\"40\" maxlength=\"400\" class=\"wpcf7-form-control wpcf7-text wpcf7-validates-as-required style3\" aria-required=\"true\" aria-invalid=\"false\" placeholder=\"Your name (required)\" value=\"\" type=\"text\" name=\"your-name\" \/><\/span>\n\n<\/span>\n\n<span class=\"wpcf7-form-control-wrap\">\n<span class=\"wpcf7-form-control-wrap\" data-name=\"your-email\"><input size=\"40\" maxlength=\"400\" class=\"wpcf7-form-control wpcf7-email wpcf7-validates-as-required wpcf7-text wpcf7-validates-as-email style3\" aria-required=\"true\" aria-invalid=\"false\" placeholder=\"Your email (required)\" value=\"\" type=\"email\" name=\"your-email\" \/><\/span>\n\n<\/span>\n<\/div>\n\n<div class=\"col-lg-6 col-md-6 col-sm-12 col-xs-12\">\n<span class=\"wpcf7-form-control-wrap\">\n<span class=\"wpcf7-form-control-wrap\" data-name=\"your-tel\"><input size=\"40\" maxlength=\"400\" class=\"wpcf7-form-control wpcf7-tel wpcf7-validates-as-required wpcf7-text wpcf7-validates-as-tel style3\" aria-required=\"true\" aria-invalid=\"false\" placeholder=\"Mobile number (required)\" value=\"\" type=\"tel\" name=\"your-tel\" \/><\/span>\n\n<\/span>\n\n<span class=\"wpcf7-form-control-wrap\">\n<span class=\"wpcf7-form-control-wrap\" data-name=\"movzu\"><select class=\"wpcf7-form-control wpcf7-select wpcf7-validates-as-required style3\" aria-required=\"true\" aria-invalid=\"false\" name=\"movzu\"><option value=\"Foundation\">Foundation<\/option><option value=\"Bachelor&#039;s Degree\">Bachelor&#039;s Degree<\/option><option value=\"Master&#039;s Degree\">Master&#039;s Degree<\/option><option value=\"PhD \/ Doctorate\">PhD \/ Doctorate<\/option><option value=\"Transfer\">Transfer<\/option><option value=\"Scholarship\">Scholarship<\/option><option value=\"Summer Schools\">Summer Schools<\/option><option value=\"International Schools\">International Schools<\/option><option value=\"Dormitory\">Dormitory<\/option><option value=\"Right Major Selection\">Right Major Selection<\/option><\/select><\/span>\n\n<\/span>\n<\/div>\n<\/div>\n\n\n<span class=\"wpcf7-form-control-wrap\">\n<span class=\"wpcf7-form-control-wrap\" data-name=\"mesaj\"><textarea cols=\"40\" rows=\"10\" maxlength=\"2000\" class=\"wpcf7-form-control wpcf7-textarea wpcf7-validates-as-required style3\" aria-required=\"true\" aria-invalid=\"false\" placeholder=\"Write your message\" name=\"mesaj\"><\/textarea><\/span>\n\n<\/span>\n\n<div style=\"margin-bottom:15px;\" class=\"modal-p\">\nFields marked as \"required\" must be filled in\n\n<\/div>\n\n<div class=\"modal-send\">\n<input class=\"wpcf7-form-control wpcf7-submit has-spinner button-style1\" type=\"submit\" value=\"Submit\" \/>\n\n<\/div>\n\n<\/div><div class=\"wpcf7-response-output\" aria-hidden=\"true\"><\/div>\n<\/form>\n<\/div>\n[\/vc_column][\/vc_row][vc_row][vc_column][vc_toggle title=&#8221;Amerikada t\u0259hsil baha deyilmi?&#8221;]B\u0259li, Amerikada t\u0259hsil \u00fcmumiyy\u0259tl\u0259 dig\u0259r \u00f6lk\u0259l\u0259rl\u0259 m\u00fcqayis\u0259d\u0259 daha bahal\u0131 hesab olunur. Universitet v\u0259 proqramdan as\u0131l\u0131 olaraq illik t\u0259hsil haqq\u0131 d\u0259yi\u015f\u0259 bil\u0259r. Bununla yana\u015f\u0131, t\u0259qa\u00fcd, maliyy\u0259 d\u0259st\u0259yi v\u0259 endirim imkanlar\u0131 da m\u00f6vcuddur. B\u0259zi t\u0259l\u0259b\u0259l\u0259r bu imkanlardan istifad\u0259 ed\u0259r\u0259k x\u0259rcl\u0259rini \u0259h\u0259miyy\u0259tli d\u0259r\u0259c\u0259d\u0259 azalda bilirl\u0259r. H\u0259m\u00e7inin t\u0259hsil zaman\u0131 part-time i\u015fl\u0259m\u0259k d\u0259 \u0259lav\u0259 maddi d\u0259st\u0259k t\u0259min ed\u0259 bil\u0259r. Do\u011fru universitet v\u0259 proqram se\u00e7imi il\u0259 x\u0259rcl\u0259ri daha balansl\u0131 \u015f\u0259kild\u0259 idar\u0259 etm\u0259k m\u00fcmk\u00fcnd\u00fcr.[\/vc_toggle][vc_toggle title=&#8221;Amerikada t\u0259l\u0259b\u0259 vizas\u0131 \u00e7\u0259tinmi?&#8221; css=&#8221;&#8221;]Amerikada t\u0259l\u0259b\u0259 vizas\u0131 almaq tam olaraq \u00e7\u0259tin deyil, amma diqq\u0259t v\u0259 d\u00fczg\u00fcn haz\u0131rl\u0131q t\u0259l\u0259b edir. \u018fsas m\u0259s\u0259l\u0259 s\u0259n\u0259dl\u0259rin d\u00fczg\u00fcn v\u0259 tam t\u0259qdim olunmas\u0131d\u0131r. Universitetd\u0259n q\u0259bul m\u0259ktubu, maliyy\u0259 v\u0259ziyy\u0259tini g\u00f6st\u0259r\u0259n s\u0259n\u0259dl\u0259r v\u0259 m\u00fcsahib\u0259 m\u0259rh\u0259l\u0259si vacib rol oynay\u0131r. M\u00fcsahib\u0259d\u0259 \u0259sas\u0259n sizin t\u0259hsil plan\u0131n\u0131z v\u0259 geri qay\u0131tmaq niyy\u0259tiniz yoxlan\u0131l\u0131r. \u018fg\u0259r b\u00fct\u00fcn proses\u0259 ciddi yana\u015fsan\u0131z v\u0259 do\u011fru cavablar vers\u0259niz, viza almaq m\u00fcmk\u00fcnd\u00fcr.[\/vc_toggle][vc_toggle title=&#8221;SAT olmadan Amerikada t\u0259hsil&#8221; css=&#8221;&#8221;]B\u0259li, SAT olmadan Amerikada t\u0259hsil almaq m\u00fcmk\u00fcnd\u00fcr. Son ill\u0259rd\u0259 bir \u00e7ox universitet \u201ctest-optional\u201d siyas\u0259tin\u0259 ke\u00e7ib v\u0259 SAT n\u0259tic\u0259sini m\u0259cburi t\u0259l\u0259b etmir. Bu halda t\u0259l\u0259b\u0259nin m\u0259kt\u0259b qiym\u0259tl\u0259ri, motivasiya m\u0259ktubu v\u0259 dig\u0259r s\u0259n\u0259dl\u0259ri daha \u00f6n\u0259mli rol oynay\u0131r. SAT olmadan Amerikada t\u0259hsil almaq ist\u0259y\u0259nl\u0259r \u00fc\u00e7\u00fcn x\u00fcsusil\u0259 orta s\u0259viyy\u0259li v\u0259 b\u0259zi yax\u015f\u0131 universitetl\u0259rd\u0259 kifay\u0259t q\u0259d\u0259r imkan var. Lakin daha prestijli universitetl\u0259r h\u0259l\u0259 d\u0259 SAT n\u0259tic\u0259sin\u0259 \u00fcst\u00fcnl\u00fck ver\u0259 bil\u0259r. Buna g\u00f6r\u0259 m\u00fcraci\u0259t etm\u0259zd\u0259n \u0259vv\u0259l se\u00e7diyiniz universitetin t\u0259l\u0259bl\u0259rini yoxlamaq vacibdir.[\/vc_toggle][vc_toggle title=&#8221;AB\u015e-da d\u00f6vl\u0259t universitetl\u0259ri hans\u0131lard\u0131r?&#8221; css=&#8221;&#8221;]AB\u015e-da d\u00f6vl\u0259t universitetl\u0259ri \u201cpublic universities\u201d adlan\u0131r v\u0259 \u015ftat h\u00f6kum\u0259ti t\u0259r\u0259find\u0259n maliyy\u0259l\u0259\u015fdirilir. Bu universitetl\u0259r h\u0259m yerli, h\u0259m d\u0259 beyn\u0259lxalq t\u0259l\u0259b\u0259l\u0259r \u00fc\u00e7\u00fcn geni\u015f proqramlar t\u0259qdim edir. AB\u015e-da d\u00f6vl\u0259t universitetl\u0259ri ad\u0259t\u0259n \u00f6z\u0259l universitetl\u0259r\u0259 nisb\u0259t\u0259n daha m\u00fcnasib t\u0259hsil haqq\u0131na malikdir. M\u0259s\u0259l\u0259n, University of California sistemi, University of Texas v\u0259 University of Florida kimi universitetl\u0259r m\u0259\u015fhurdur. Bu ali m\u0259kt\u0259bl\u0259r y\u00fcks\u0259k s\u0259viyy\u0259li t\u0259hsil v\u0259 geni\u015f kampus imkanlar\u0131 il\u0259 se\u00e7ilir. Q\u0259bul \u00fc\u00e7\u00fcn akademik g\u00f6st\u0259ricil\u0259r, dil sertifikat\u0131 v\u0259 dig\u0259r s\u0259n\u0259dl\u0259r t\u0259l\u0259b olunur. D\u00f6vl\u0259t universitetl\u0259ri h\u0259m keyfiyy\u0259tli t\u0259hsil, h\u0259m d\u0259 daha balansl\u0131 x\u0259rcl\u0259r bax\u0131m\u0131ndan yax\u015f\u0131 se\u00e7im hesab olunur.[\/vc_toggle][vc_toggle title=&#8221;AB\u015e-da community college-l\u0259r n\u0259dir?&#8221; css=&#8221;&#8221;]AB\u015e-da community college-l\u0259r ikiillik ali t\u0259hsil m\u00fc\u0259ssis\u0259l\u0259ridir v\u0259 daha \u0259l\u00e7atan t\u0259hsil imkan\u0131 t\u0259qdim edir. Bu kollecl\u0259rd\u0259 t\u0259l\u0259b\u0259l\u0259r \u0259sas\u0259n associate degree \u0259ld\u0259 edir v\u0259 sonradan universitet\u0259 transfer olunaraq bakalavr t\u0259hsilini davam etdir\u0259 bilirl\u0259r. AB\u015e-da community college-l\u0259r q\u0259bul bax\u0131m\u0131ndan daha rahatd\u0131r v\u0259 \u0259ks\u0259r hallarda SAT t\u0259l\u0259b olunmur. T\u0259hsil haqlar\u0131 da universitetl\u0259rl\u0259 m\u00fcqayis\u0259d\u0259 daha a\u015fa\u011f\u0131 olur. Bu se\u00e7im x\u00fcsusil\u0259 b\u00fcdc\u0259y\u0259 uy\u011fun t\u0259hsil almaq v\u0259 sonradan yax\u015f\u0131 universitet\u0259 ke\u00e7id etm\u0259k ist\u0259y\u0259n t\u0259l\u0259b\u0259l\u0259r \u00fc\u00e7\u00fcn \u0259lveri\u015flidir.[\/vc_toggle][\/vc_column][\/vc_row]<\/p>\n<\/div>","protected":false},"excerpt":{"rendered":"<p>[vc_row][vc_column][vc_column_text css=&#8221;&#8221;]Amerikada t\u0259hsil \u00e7oxlar\u0131n\u0131n x\u0259yal etdiyi istiqam\u0259tl\u0259rd\u0259n biridir v\u0259 bunun \u0259sas s\u0259b\u0259bi t\u0259hsilin keyfiyy\u0259ti il\u0259 yana\u015f\u0131 geni\u015f imkanlar\u0131n olmas\u0131d\u0131r. Amerikada t\u0259hsil almaq ist\u0259y\u0259n t\u0259l\u0259b\u0259l\u0259r \u0259vv\u0259lc\u0259 hans\u0131 universitet v\u0259 ixtisas\u0131 se\u00e7\u0259c\u0259yin\u0259 q\u0259rar verm\u0259lidir. AB\u015e-da minl\u0259rl\u0259 universitet oldu\u011fu \u00fc\u00e7\u00fcn se\u00e7im etm\u0259k h\u0259m \u00fcst\u00fcnl\u00fck, h\u0259m d\u0259 \u00e7\u0259tinlik yarad\u0131r. Burada t\u0259hsil sistemi daha praktik y\u00f6n\u00fcml\u00fcd\u00fcr v\u0259 t\u0259l\u0259b\u0259l\u0259r yaln\u0131z n\u0259z\u0259ri [&hellip;]<\/p>\n","protected":false},"author":1,"featured_media":0,"parent":0,"menu_order":0,"comment_status":"closed","ping_status":"closed","template":"","meta":{"_acf_changed":false,"footnotes":""},"class_list":["post-140804","page","type-page","status-publish","hentry"],"acf":[],"_links":{"self":[{"href":"https:\/\/eddeglobal.az\/en\/wp-json\/wp\/v2\/pages\/140804","targetHints":{"allow":["GET"]}}],"collection":[{"href":"https:\/\/eddeglobal.az\/en\/wp-json\/wp\/v2\/pages"}],"about":[{"href":"https:\/\/eddeglobal.az\/en\/wp-json\/wp\/v2\/types\/page"}],"author":[{"embeddable":true,"href":"https:\/\/eddeglobal.az\/en\/wp-json\/wp\/v2\/users\/1"}],"replies":[{"embeddable":true,"href":"https:\/\/eddeglobal.az\/en\/wp-json\/wp\/v2\/comments?post=140804"}],"version-history":[{"count":4,"href":"https:\/\/eddeglobal.az\/en\/wp-json\/wp\/v2\/pages\/140804\/revisions"}],"predecessor-version":[{"id":140927,"href":"https:\/\/eddeglobal.az\/en\/wp-json\/wp\/v2\/pages\/140804\/revisions\/140927"}],"wp:attachment":[{"href":"https:\/\/eddeglobal.az\/en\/wp-json\/wp\/v2\/media?parent=140804"}],"curies":[{"name":"wp","href":"https:\/\/api.w.org\/{rel}","templated":true}]}}