{"id":140817,"date":"2026-03-19T17:20:11","date_gmt":"2026-03-19T17:20:11","guid":{"rendered":"https:\/\/eddeglobal.az\/?page_id=140817"},"modified":"2026-03-19T17:20:11","modified_gmt":"2026-03-19T17:20:11","slug":"turkiy%c9%99d%c9%99-oz%c9%99l-universitetl%c9%99r","status":"publish","type":"page","link":"https:\/\/eddeglobal.az\/en\/turkiy%c9%99d%c9%99-oz%c9%99l-universitetl%c9%99r\/","title":{"rendered":"T\u00fcrkiy\u0259d\u0259 \u00f6z\u0259l universitetl\u0259r"},"content":{"rendered":"<div class=\"wpb-content-wrapper\"><p>[vc_row][vc_column][vc_column_text css=&#8221;&#8221;]T\u00fcrkiy\u0259d\u0259 \u00f6z\u0259l universitetl\u0259r son ill\u0259rd\u0259 t\u0259l\u0259b\u0259l\u0259r aras\u0131nda getdikc\u0259 daha \u00e7ox se\u00e7ilir. Bu universitetl\u0259r m\u00fcasir kampuslar\u0131 v\u0259 praktiki y\u00f6n\u00fcml\u00fc t\u0259hsil sistemi il\u0259 f\u0259rql\u0259nir. T\u00fcrkiy\u0259d\u0259 \u00f6z\u0259l universitetl\u0259r m\u00fcxt\u0259lif ixtisaslar \u00fczr\u0259 geni\u015f proqram se\u00e7imi t\u0259qdim edir. T\u0259l\u0259b\u0259l\u0259r h\u0259m t\u00fcrk, h\u0259m d\u0259 ingilis dilind\u0259 t\u0259hsil ala bilirl\u0259r. Q\u0259bul prosesi d\u00f6vl\u0259t universitetl\u0259rin\u0259 nisb\u0259t\u0259n daha \u00e7evik olur. B\u0259zi hallarda imtahans\u0131z q\u0259bul da m\u00fcmk\u00fcnd\u00fcr. T\u00fcrkiy\u0259d\u0259 \u00f6z\u0259l universitetl\u0259r \u00fc\u00e7\u00fcn \u0259sas\u0259n attestat v\u0259 dig\u0259r s\u0259n\u0259dl\u0259r kifay\u0259t edir. T\u0259hsil haqlar\u0131 universitet\u0259 g\u00f6r\u0259 d\u0259yi\u015fir. Lakin bir \u00e7ox universitet t\u0259qa\u00fcd v\u0259 endirim imkanlar\u0131 t\u0259qdim edir. Bu da t\u0259l\u0259b\u0259l\u0259r \u00fc\u00e7\u00fcn \u0259lav\u0259 \u00fcst\u00fcnl\u00fck yarad\u0131r. T\u00fcrkiy\u0259d\u0259 \u00f6z\u0259l universitetl\u0259r beyn\u0259lxalq t\u0259l\u0259b\u0259l\u0259r \u00fc\u00e7\u00fcn uy\u011fun m\u00fchit yarad\u0131r. Kampus h\u0259yat\u0131 aktiv v\u0259 sosial imkanlarla z\u0259ngindir. T\u0259l\u0259b\u0259l\u0259r m\u00fcxt\u0259lif t\u0259dbir v\u0259 layih\u0259l\u0259rd\u0259 i\u015ftirak ed\u0259 bilirl\u0259r. T\u00fcrkiy\u0259d\u0259 \u00f6z\u0259l universitetl\u0259r h\u0259m rahat q\u0259bul prosesi, h\u0259m d\u0259 keyfiyy\u0259tli t\u0259hsil bax\u0131m\u0131ndan yax\u015f\u0131 se\u00e7imdir.[\/vc_column_text][\/vc_column][\/vc_row][vc_row][vc_column]\n<div class=\"wpcf7 no-js\" id=\"wpcf7-f3483-o1\" lang=\"en-US\" dir=\"ltr\" data-wpcf7-id=\"3483\">\n<div class=\"screen-reader-response\"><p role=\"status\" aria-live=\"polite\" aria-atomic=\"true\"><\/p> <ul><\/ul><\/div>\n<form action=\"\/en\/wp-json\/wp\/v2\/pages\/140817#wpcf7-f3483-o1\" method=\"post\" class=\"wpcf7-form init\" aria-label=\"Contact form\" novalidate=\"novalidate\" data-status=\"init\">\n<fieldset class=\"hidden-fields-container\"><input type=\"hidden\" name=\"_wpcf7\" value=\"3483\" \/><input type=\"hidden\" name=\"_wpcf7_version\" value=\"6.1.3\" \/><input type=\"hidden\" name=\"_wpcf7_locale\" value=\"en_US\" \/><input type=\"hidden\" name=\"_wpcf7_unit_tag\" value=\"wpcf7-f3483-o1\" \/><input type=\"hidden\" name=\"_wpcf7_container_post\" value=\"0\" \/><input type=\"hidden\" name=\"_wpcf7_posted_data_hash\" value=\"\" \/>\n<\/fieldset>\n<div class=\"tac\" style=\"max-width: 600px; margin: 0 auto;\">\n\n<div class=\"row\">\n<div class=\"col-lg-6 col-md-6 col-sm-12 col-xs-12\">\n<span class=\"wpcf7-form-control-wrap\">\n<span class=\"wpcf7-form-control-wrap\" data-name=\"your-name\"><input size=\"40\" maxlength=\"400\" class=\"wpcf7-form-control wpcf7-text wpcf7-validates-as-required style3\" aria-required=\"true\" aria-invalid=\"false\" placeholder=\"Your name (required)\" value=\"\" type=\"text\" name=\"your-name\" \/><\/span>\n\n<\/span>\n\n<span class=\"wpcf7-form-control-wrap\">\n<span class=\"wpcf7-form-control-wrap\" data-name=\"your-email\"><input size=\"40\" maxlength=\"400\" class=\"wpcf7-form-control wpcf7-email wpcf7-validates-as-required wpcf7-text wpcf7-validates-as-email style3\" aria-required=\"true\" aria-invalid=\"false\" placeholder=\"Your email (required)\" value=\"\" type=\"email\" name=\"your-email\" \/><\/span>\n\n<\/span>\n<\/div>\n\n<div class=\"col-lg-6 col-md-6 col-sm-12 col-xs-12\">\n<span class=\"wpcf7-form-control-wrap\">\n<span class=\"wpcf7-form-control-wrap\" data-name=\"your-tel\"><input size=\"40\" maxlength=\"400\" class=\"wpcf7-form-control wpcf7-tel wpcf7-validates-as-required wpcf7-text wpcf7-validates-as-tel style3\" aria-required=\"true\" aria-invalid=\"false\" placeholder=\"Mobile number (required)\" value=\"\" type=\"tel\" name=\"your-tel\" \/><\/span>\n\n<\/span>\n\n<span class=\"wpcf7-form-control-wrap\">\n<span class=\"wpcf7-form-control-wrap\" data-name=\"movzu\"><select class=\"wpcf7-form-control wpcf7-select wpcf7-validates-as-required style3\" aria-required=\"true\" aria-invalid=\"false\" name=\"movzu\"><option value=\"Foundation\">Foundation<\/option><option value=\"Bachelor&#039;s Degree\">Bachelor&#039;s Degree<\/option><option value=\"Master&#039;s Degree\">Master&#039;s Degree<\/option><option value=\"PhD \/ Doctorate\">PhD \/ Doctorate<\/option><option value=\"Transfer\">Transfer<\/option><option value=\"Scholarship\">Scholarship<\/option><option value=\"Summer Schools\">Summer Schools<\/option><option value=\"International Schools\">International Schools<\/option><option value=\"Dormitory\">Dormitory<\/option><option value=\"Right Major Selection\">Right Major Selection<\/option><\/select><\/span>\n\n<\/span>\n<\/div>\n<\/div>\n\n\n<span class=\"wpcf7-form-control-wrap\">\n<span class=\"wpcf7-form-control-wrap\" data-name=\"mesaj\"><textarea cols=\"40\" rows=\"10\" maxlength=\"2000\" class=\"wpcf7-form-control wpcf7-textarea wpcf7-validates-as-required style3\" aria-required=\"true\" aria-invalid=\"false\" placeholder=\"Write your message\" name=\"mesaj\"><\/textarea><\/span>\n\n<\/span>\n\n<div style=\"margin-bottom:15px;\" class=\"modal-p\">\nFields marked as \"required\" must be filled in\n\n<\/div>\n\n<div class=\"modal-send\">\n<input class=\"wpcf7-form-control wpcf7-submit has-spinner button-style1\" type=\"submit\" value=\"Submit\" \/>\n\n<\/div>\n\n<\/div><div class=\"wpcf7-response-output\" aria-hidden=\"true\"><\/div>\n<\/form>\n<\/div>\n[\/vc_column][\/vc_row]<\/p>\n<\/div>","protected":false},"excerpt":{"rendered":"<p>[vc_row][vc_column][vc_column_text css=&#8221;&#8221;]T\u00fcrkiy\u0259d\u0259 \u00f6z\u0259l universitetl\u0259r son ill\u0259rd\u0259 t\u0259l\u0259b\u0259l\u0259r aras\u0131nda getdikc\u0259 daha \u00e7ox se\u00e7ilir. Bu universitetl\u0259r m\u00fcasir kampuslar\u0131 v\u0259 praktiki y\u00f6n\u00fcml\u00fc t\u0259hsil sistemi il\u0259 f\u0259rql\u0259nir. T\u00fcrkiy\u0259d\u0259 \u00f6z\u0259l universitetl\u0259r m\u00fcxt\u0259lif ixtisaslar \u00fczr\u0259 geni\u015f proqram se\u00e7imi t\u0259qdim edir. T\u0259l\u0259b\u0259l\u0259r h\u0259m t\u00fcrk, h\u0259m d\u0259 ingilis dilind\u0259 t\u0259hsil ala bilirl\u0259r. Q\u0259bul prosesi d\u00f6vl\u0259t universitetl\u0259rin\u0259 nisb\u0259t\u0259n daha \u00e7evik olur. B\u0259zi hallarda imtahans\u0131z [&hellip;]<\/p>\n","protected":false},"author":1,"featured_media":0,"parent":0,"menu_order":0,"comment_status":"closed","ping_status":"closed","template":"","meta":{"_acf_changed":false,"footnotes":""},"class_list":["post-140817","page","type-page","status-publish","hentry"],"acf":[],"_links":{"self":[{"href":"https:\/\/eddeglobal.az\/en\/wp-json\/wp\/v2\/pages\/140817","targetHints":{"allow":["GET"]}}],"collection":[{"href":"https:\/\/eddeglobal.az\/en\/wp-json\/wp\/v2\/pages"}],"about":[{"href":"https:\/\/eddeglobal.az\/en\/wp-json\/wp\/v2\/types\/page"}],"author":[{"embeddable":true,"href":"https:\/\/eddeglobal.az\/en\/wp-json\/wp\/v2\/users\/1"}],"replies":[{"embeddable":true,"href":"https:\/\/eddeglobal.az\/en\/wp-json\/wp\/v2\/comments?post=140817"}],"version-history":[{"count":1,"href":"https:\/\/eddeglobal.az\/en\/wp-json\/wp\/v2\/pages\/140817\/revisions"}],"predecessor-version":[{"id":140925,"href":"https:\/\/eddeglobal.az\/en\/wp-json\/wp\/v2\/pages\/140817\/revisions\/140925"}],"wp:attachment":[{"href":"https:\/\/eddeglobal.az\/en\/wp-json\/wp\/v2\/media?parent=140817"}],"curies":[{"name":"wp","href":"https:\/\/api.w.org\/{rel}","templated":true}]}}