{"id":140819,"date":"2026-03-16T21:37:55","date_gmt":"2026-03-16T21:37:55","guid":{"rendered":"https:\/\/eddeglobal.az\/?page_id=140819"},"modified":"2026-03-19T17:16:21","modified_gmt":"2026-03-19T17:16:21","slug":"vytautas-magnus-university-tehsil","status":"publish","type":"page","link":"https:\/\/eddeglobal.az\/en\/vytautas-magnus-university-tehsil\/","title":{"rendered":"Vytautas Magnus University t\u0259hsil"},"content":{"rendered":"<div class=\"wpb-content-wrapper\"><p>[vc_row][vc_column][vc_column_text css=&#8221;&#8221;]Vytautas Magnus University t\u0259hsil Litvada yerl\u0259\u015f\u0259n v\u0259 beyn\u0259lxalq t\u0259l\u0259b\u0259l\u0259r \u00fc\u00e7\u00fcn a\u00e7\u0131q olan universitetl\u0259rd\u0259n biridir. Bu ali m\u0259kt\u0259b \u00e7evik t\u0259hsil sistemi il\u0259 se\u00e7ilir v\u0259 t\u0259l\u0259b\u0259l\u0259r\u0259 f\u0259rqli sah\u0259l\u0259ri birl\u0259\u015fdirm\u0259y\u0259 imkan verir. Vytautas Magnus University t\u0259hsil almaq ist\u0259y\u0259nl\u0259r m\u00fcxt\u0259lif istiqam\u0259tl\u0259r \u00fczr\u0259 proqramlara m\u00fcraci\u0259t ed\u0259 bilirl\u0259r. Universitetd\u0259 ingilis dilind\u0259 t\u0259qdim olunan ixtisaslar da m\u00f6vcuddur. Bu, xarici t\u0259l\u0259b\u0259l\u0259r \u00fc\u00e7\u00fcn b\u00f6y\u00fck \u00fcst\u00fcnl\u00fck yarad\u0131r. Q\u0259bul prosesi nisb\u0259t\u0259n sad\u0259dir v\u0259 \u0259sas diqq\u0259t akademik g\u00f6st\u0259ricil\u0259r\u0259 y\u00f6n\u0259lir. B\u0259zi hallarda motivasiya m\u0259ktubu da t\u0259l\u0259b olunur. T\u0259hsil yana\u015fmas\u0131 daha s\u0259rb\u0259stdir v\u0259 t\u0259l\u0259b\u0259l\u0259r \u00f6z proqramlar\u0131n\u0131 qism\u0259n formala\u015fd\u0131ra bilirl\u0259r. Universitet beyn\u0259lxalq m\u00fchit\u0259 sahibdir v\u0259 m\u00fcxt\u0259lif \u00f6lk\u0259l\u0259rd\u0259n t\u0259l\u0259b\u0259l\u0259r q\u0259bul edir. Vytautas Magnus University t\u0259hsil t\u0259l\u0259b\u0259l\u0259r\u0259 Avropa diplomu \u0259ld\u0259 etm\u0259k imkan\u0131 verir. T\u0259hsil m\u00fcdd\u0259tind\u0259 sosial f\u0259aliyy\u0259tl\u0259rd\u0259 i\u015ftirak etm\u0259k m\u00fcmk\u00fcnd\u00fcr. Ya\u015fay\u0131\u015f x\u0259rcl\u0259ri dig\u0259r Avropa \u00f6lk\u0259l\u0259ri il\u0259 m\u00fcqayis\u0259d\u0259 daha m\u00fcnasibdir. Kampus h\u0259yat\u0131 aktiv v\u0259 t\u0259l\u0259b\u0259l\u0259r \u00fc\u00e7\u00fcn rahatd\u0131r. Vytautas Magnus University t\u0259hsil Avropada balansl\u0131 v\u0259 \u0259l\u00e7atan se\u00e7im axtaranlar \u00fc\u00e7\u00fcn uy\u011fundur.[\/vc_column_text][\/vc_column][\/vc_row][vc_row][vc_column]\n<div class=\"wpcf7 no-js\" id=\"wpcf7-f3483-o1\" lang=\"en-US\" dir=\"ltr\" data-wpcf7-id=\"3483\">\n<div class=\"screen-reader-response\"><p role=\"status\" aria-live=\"polite\" aria-atomic=\"true\"><\/p> <ul><\/ul><\/div>\n<form action=\"\/en\/wp-json\/wp\/v2\/pages\/140819#wpcf7-f3483-o1\" method=\"post\" class=\"wpcf7-form init\" aria-label=\"Contact form\" novalidate=\"novalidate\" data-status=\"init\">\n<fieldset class=\"hidden-fields-container\"><input type=\"hidden\" name=\"_wpcf7\" value=\"3483\" \/><input type=\"hidden\" name=\"_wpcf7_version\" value=\"6.1.3\" \/><input type=\"hidden\" name=\"_wpcf7_locale\" value=\"en_US\" \/><input type=\"hidden\" name=\"_wpcf7_unit_tag\" value=\"wpcf7-f3483-o1\" \/><input type=\"hidden\" name=\"_wpcf7_container_post\" value=\"0\" \/><input type=\"hidden\" name=\"_wpcf7_posted_data_hash\" value=\"\" \/>\n<\/fieldset>\n<div class=\"tac\" style=\"max-width: 600px; margin: 0 auto;\">\n\n<div class=\"row\">\n<div class=\"col-lg-6 col-md-6 col-sm-12 col-xs-12\">\n<span class=\"wpcf7-form-control-wrap\">\n<span class=\"wpcf7-form-control-wrap\" data-name=\"your-name\"><input size=\"40\" maxlength=\"400\" class=\"wpcf7-form-control wpcf7-text wpcf7-validates-as-required style3\" aria-required=\"true\" aria-invalid=\"false\" placeholder=\"Your name (required)\" value=\"\" type=\"text\" name=\"your-name\" \/><\/span>\n\n<\/span>\n\n<span class=\"wpcf7-form-control-wrap\">\n<span class=\"wpcf7-form-control-wrap\" data-name=\"your-email\"><input size=\"40\" maxlength=\"400\" class=\"wpcf7-form-control wpcf7-email wpcf7-validates-as-required wpcf7-text wpcf7-validates-as-email style3\" aria-required=\"true\" aria-invalid=\"false\" placeholder=\"Your email (required)\" value=\"\" type=\"email\" name=\"your-email\" \/><\/span>\n\n<\/span>\n<\/div>\n\n<div class=\"col-lg-6 col-md-6 col-sm-12 col-xs-12\">\n<span class=\"wpcf7-form-control-wrap\">\n<span class=\"wpcf7-form-control-wrap\" data-name=\"your-tel\"><input size=\"40\" maxlength=\"400\" class=\"wpcf7-form-control wpcf7-tel wpcf7-validates-as-required wpcf7-text wpcf7-validates-as-tel style3\" aria-required=\"true\" aria-invalid=\"false\" placeholder=\"Mobile number (required)\" value=\"\" type=\"tel\" name=\"your-tel\" \/><\/span>\n\n<\/span>\n\n<span class=\"wpcf7-form-control-wrap\">\n<span class=\"wpcf7-form-control-wrap\" data-name=\"movzu\"><select class=\"wpcf7-form-control wpcf7-select wpcf7-validates-as-required style3\" aria-required=\"true\" aria-invalid=\"false\" name=\"movzu\"><option value=\"Foundation\">Foundation<\/option><option value=\"Bachelor&#039;s Degree\">Bachelor&#039;s Degree<\/option><option value=\"Master&#039;s Degree\">Master&#039;s Degree<\/option><option value=\"PhD \/ Doctorate\">PhD \/ Doctorate<\/option><option value=\"Transfer\">Transfer<\/option><option value=\"Scholarship\">Scholarship<\/option><option value=\"Summer Schools\">Summer Schools<\/option><option value=\"International Schools\">International Schools<\/option><option value=\"Dormitory\">Dormitory<\/option><option value=\"Right Major Selection\">Right Major Selection<\/option><\/select><\/span>\n\n<\/span>\n<\/div>\n<\/div>\n\n\n<span class=\"wpcf7-form-control-wrap\">\n<span class=\"wpcf7-form-control-wrap\" data-name=\"mesaj\"><textarea cols=\"40\" rows=\"10\" maxlength=\"2000\" class=\"wpcf7-form-control wpcf7-textarea wpcf7-validates-as-required style3\" aria-required=\"true\" aria-invalid=\"false\" placeholder=\"Write your message\" name=\"mesaj\"><\/textarea><\/span>\n\n<\/span>\n\n<div style=\"margin-bottom:15px;\" class=\"modal-p\">\nFields marked as \"required\" must be filled in\n\n<\/div>\n\n<div class=\"modal-send\">\n<input class=\"wpcf7-form-control wpcf7-submit has-spinner button-style1\" type=\"submit\" value=\"Submit\" \/>\n\n<\/div>\n\n<\/div><div class=\"wpcf7-response-output\" aria-hidden=\"true\"><\/div>\n<\/form>\n<\/div>\n[\/vc_column][\/vc_row]<\/p>\n<\/div>","protected":false},"excerpt":{"rendered":"<p>[vc_row][vc_column][vc_column_text css=&#8221;&#8221;]Vytautas Magnus University t\u0259hsil Litvada yerl\u0259\u015f\u0259n v\u0259 beyn\u0259lxalq t\u0259l\u0259b\u0259l\u0259r \u00fc\u00e7\u00fcn a\u00e7\u0131q olan universitetl\u0259rd\u0259n biridir. Bu ali m\u0259kt\u0259b \u00e7evik t\u0259hsil sistemi il\u0259 se\u00e7ilir v\u0259 t\u0259l\u0259b\u0259l\u0259r\u0259 f\u0259rqli sah\u0259l\u0259ri birl\u0259\u015fdirm\u0259y\u0259 imkan verir. Vytautas Magnus University t\u0259hsil almaq ist\u0259y\u0259nl\u0259r m\u00fcxt\u0259lif istiqam\u0259tl\u0259r \u00fczr\u0259 proqramlara m\u00fcraci\u0259t ed\u0259 bilirl\u0259r. Universitetd\u0259 ingilis dilind\u0259 t\u0259qdim olunan ixtisaslar da m\u00f6vcuddur. Bu, xarici t\u0259l\u0259b\u0259l\u0259r \u00fc\u00e7\u00fcn [&hellip;]<\/p>\n","protected":false},"author":1,"featured_media":0,"parent":0,"menu_order":0,"comment_status":"closed","ping_status":"closed","template":"","meta":{"_acf_changed":false,"footnotes":""},"class_list":["post-140819","page","type-page","status-publish","hentry"],"acf":[],"_links":{"self":[{"href":"https:\/\/eddeglobal.az\/en\/wp-json\/wp\/v2\/pages\/140819","targetHints":{"allow":["GET"]}}],"collection":[{"href":"https:\/\/eddeglobal.az\/en\/wp-json\/wp\/v2\/pages"}],"about":[{"href":"https:\/\/eddeglobal.az\/en\/wp-json\/wp\/v2\/types\/page"}],"author":[{"embeddable":true,"href":"https:\/\/eddeglobal.az\/en\/wp-json\/wp\/v2\/users\/1"}],"replies":[{"embeddable":true,"href":"https:\/\/eddeglobal.az\/en\/wp-json\/wp\/v2\/comments?post=140819"}],"version-history":[{"count":3,"href":"https:\/\/eddeglobal.az\/en\/wp-json\/wp\/v2\/pages\/140819\/revisions"}],"predecessor-version":[{"id":140922,"href":"https:\/\/eddeglobal.az\/en\/wp-json\/wp\/v2\/pages\/140819\/revisions\/140922"}],"wp:attachment":[{"href":"https:\/\/eddeglobal.az\/en\/wp-json\/wp\/v2\/media?parent=140819"}],"curies":[{"name":"wp","href":"https:\/\/api.w.org\/{rel}","templated":true}]}}