{"id":140820,"date":"2026-03-16T21:38:20","date_gmt":"2026-03-16T21:38:20","guid":{"rendered":"https:\/\/eddeglobal.az\/?page_id=140820"},"modified":"2026-03-19T17:17:37","modified_gmt":"2026-03-19T17:17:37","slug":"litvada-bakalavr-ve-magistr-tehsili","status":"publish","type":"page","link":"https:\/\/eddeglobal.az\/en\/litvada-bakalavr-ve-magistr-tehsili\/","title":{"rendered":"Litvada bakalavr v\u0259 magistr t\u0259hsili"},"content":{"rendered":"<div class=\"wpb-content-wrapper\"><p>[vc_row][vc_column][vc_column_text css=&#8221;&#8221;]Litvada bakalavr v\u0259 magistr t\u0259hsili Avropada m\u00fcnasib v\u0259 keyfiyy\u0259tli t\u0259hsil axtaranlar \u00fc\u00e7\u00fcn uy\u011fun istiqam\u0259tl\u0259rd\u0259n biridir. Bu \u00f6lk\u0259d\u0259 universitetl\u0259r beyn\u0259lxalq t\u0259l\u0259b\u0259l\u0259r \u00fc\u00e7\u00fcn a\u00e7\u0131qd\u0131r v\u0259 m\u00fcxt\u0259lif proqramlar t\u0259qdim edir. Litvada bakalavr v\u0259 magistr t\u0259hsili almaq ist\u0259y\u0259nl\u0259r h\u0259m ingilis, h\u0259m d\u0259 litva dilind\u0259 ixtisaslar \u00fczr\u0259 se\u00e7im ed\u0259 bilirl\u0259r. T\u0259hsil sistemi Avropa standartlar\u0131na uy\u011fun qurulub. Bakalavr proqramlar\u0131 ad\u0259t\u0259n 3-4 il, magistr proqramlar\u0131 is\u0259 1-2 il davam edir. Q\u0259bul zaman\u0131 akademik n\u0259tic\u0259l\u0259r \u0259sas rol oynay\u0131r. B\u0259zi proqramlar \u0259lav\u0259 s\u0259n\u0259dl\u0259r v\u0259 ya m\u00fcsahib\u0259 t\u0259l\u0259b ed\u0259 bil\u0259r. Dil biliyi d\u0259 vacib \u015f\u0259rtl\u0259rd\u0259n biridir. Litvada bakalavr v\u0259 magistr t\u0259hsili t\u0259l\u0259b\u0259l\u0259r\u0259 beyn\u0259lxalq diplom \u0259ld\u0259 etm\u0259k imkan\u0131 verir. Universitetl\u0259rd\u0259 praktik v\u0259 n\u0259z\u0259ri bilikl\u0259r birg\u0259 \u00f6yr\u0259dilir. T\u0259l\u0259b\u0259l\u0259r t\u0259hsil m\u00fcdd\u0259tind\u0259 m\u00fcxt\u0259lif layih\u0259l\u0259rd\u0259 i\u015ftirak ed\u0259 bilirl\u0259r. Ya\u015fay\u0131\u015f x\u0259rcl\u0259ri dig\u0259r Avropa \u00f6lk\u0259l\u0259ri il\u0259 m\u00fcqayis\u0259d\u0259 daha a\u015fa\u011f\u0131d\u0131r. Bu da t\u0259l\u0259b\u0259l\u0259r \u00fc\u00e7\u00fcn \u0259lav\u0259 \u00fcst\u00fcnl\u00fck yarad\u0131r. Litvada bakalavr v\u0259 magistr t\u0259hsili g\u0259l\u0259c\u0259k karyera \u00fc\u00e7\u00fcn yax\u015f\u0131 ba\u015flan\u011f\u0131c hesab olunur.[\/vc_column_text][\/vc_column][\/vc_row][vc_row][vc_column]\n<div class=\"wpcf7 no-js\" id=\"wpcf7-f3483-o1\" lang=\"en-US\" dir=\"ltr\" data-wpcf7-id=\"3483\">\n<div class=\"screen-reader-response\"><p role=\"status\" aria-live=\"polite\" aria-atomic=\"true\"><\/p> <ul><\/ul><\/div>\n<form action=\"\/en\/wp-json\/wp\/v2\/pages\/140820#wpcf7-f3483-o1\" method=\"post\" class=\"wpcf7-form init\" aria-label=\"Contact form\" novalidate=\"novalidate\" data-status=\"init\">\n<fieldset class=\"hidden-fields-container\"><input type=\"hidden\" name=\"_wpcf7\" value=\"3483\" \/><input type=\"hidden\" name=\"_wpcf7_version\" value=\"6.1.3\" \/><input type=\"hidden\" name=\"_wpcf7_locale\" value=\"en_US\" \/><input type=\"hidden\" name=\"_wpcf7_unit_tag\" value=\"wpcf7-f3483-o1\" \/><input type=\"hidden\" name=\"_wpcf7_container_post\" value=\"0\" \/><input type=\"hidden\" name=\"_wpcf7_posted_data_hash\" value=\"\" \/>\n<\/fieldset>\n<div class=\"tac\" style=\"max-width: 600px; margin: 0 auto;\">\n\n<div class=\"row\">\n<div class=\"col-lg-6 col-md-6 col-sm-12 col-xs-12\">\n<span class=\"wpcf7-form-control-wrap\">\n<span class=\"wpcf7-form-control-wrap\" data-name=\"your-name\"><input size=\"40\" maxlength=\"400\" class=\"wpcf7-form-control wpcf7-text wpcf7-validates-as-required style3\" aria-required=\"true\" aria-invalid=\"false\" placeholder=\"Your name (required)\" value=\"\" type=\"text\" name=\"your-name\" \/><\/span>\n\n<\/span>\n\n<span class=\"wpcf7-form-control-wrap\">\n<span class=\"wpcf7-form-control-wrap\" data-name=\"your-email\"><input size=\"40\" maxlength=\"400\" class=\"wpcf7-form-control wpcf7-email wpcf7-validates-as-required wpcf7-text wpcf7-validates-as-email style3\" aria-required=\"true\" aria-invalid=\"false\" placeholder=\"Your email (required)\" value=\"\" type=\"email\" name=\"your-email\" \/><\/span>\n\n<\/span>\n<\/div>\n\n<div class=\"col-lg-6 col-md-6 col-sm-12 col-xs-12\">\n<span class=\"wpcf7-form-control-wrap\">\n<span class=\"wpcf7-form-control-wrap\" data-name=\"your-tel\"><input size=\"40\" maxlength=\"400\" class=\"wpcf7-form-control wpcf7-tel wpcf7-validates-as-required wpcf7-text wpcf7-validates-as-tel style3\" aria-required=\"true\" aria-invalid=\"false\" placeholder=\"Mobile number (required)\" value=\"\" type=\"tel\" name=\"your-tel\" \/><\/span>\n\n<\/span>\n\n<span class=\"wpcf7-form-control-wrap\">\n<span class=\"wpcf7-form-control-wrap\" data-name=\"movzu\"><select class=\"wpcf7-form-control wpcf7-select wpcf7-validates-as-required style3\" aria-required=\"true\" aria-invalid=\"false\" name=\"movzu\"><option value=\"Foundation\">Foundation<\/option><option value=\"Bachelor&#039;s Degree\">Bachelor&#039;s Degree<\/option><option value=\"Master&#039;s Degree\">Master&#039;s Degree<\/option><option value=\"PhD \/ Doctorate\">PhD \/ Doctorate<\/option><option value=\"Transfer\">Transfer<\/option><option value=\"Scholarship\">Scholarship<\/option><option value=\"Summer Schools\">Summer Schools<\/option><option value=\"International Schools\">International Schools<\/option><option value=\"Dormitory\">Dormitory<\/option><option value=\"Right Major Selection\">Right Major Selection<\/option><\/select><\/span>\n\n<\/span>\n<\/div>\n<\/div>\n\n\n<span class=\"wpcf7-form-control-wrap\">\n<span class=\"wpcf7-form-control-wrap\" data-name=\"mesaj\"><textarea cols=\"40\" rows=\"10\" maxlength=\"2000\" class=\"wpcf7-form-control wpcf7-textarea wpcf7-validates-as-required style3\" aria-required=\"true\" aria-invalid=\"false\" placeholder=\"Write your message\" name=\"mesaj\"><\/textarea><\/span>\n\n<\/span>\n\n<div style=\"margin-bottom:15px;\" class=\"modal-p\">\nFields marked as \"required\" must be filled in\n\n<\/div>\n\n<div class=\"modal-send\">\n<input class=\"wpcf7-form-control wpcf7-submit has-spinner button-style1\" type=\"submit\" value=\"Submit\" \/>\n\n<\/div>\n\n<\/div><div class=\"wpcf7-response-output\" aria-hidden=\"true\"><\/div>\n<\/form>\n<\/div>\n[\/vc_column][\/vc_row]<\/p>\n<\/div>","protected":false},"excerpt":{"rendered":"<p>[vc_row][vc_column][vc_column_text css=&#8221;&#8221;]Litvada bakalavr v\u0259 magistr t\u0259hsili Avropada m\u00fcnasib v\u0259 keyfiyy\u0259tli t\u0259hsil axtaranlar \u00fc\u00e7\u00fcn uy\u011fun istiqam\u0259tl\u0259rd\u0259n biridir. Bu \u00f6lk\u0259d\u0259 universitetl\u0259r beyn\u0259lxalq t\u0259l\u0259b\u0259l\u0259r \u00fc\u00e7\u00fcn a\u00e7\u0131qd\u0131r v\u0259 m\u00fcxt\u0259lif proqramlar t\u0259qdim edir. Litvada bakalavr v\u0259 magistr t\u0259hsili almaq ist\u0259y\u0259nl\u0259r h\u0259m ingilis, h\u0259m d\u0259 litva dilind\u0259 ixtisaslar \u00fczr\u0259 se\u00e7im ed\u0259 bilirl\u0259r. T\u0259hsil sistemi Avropa standartlar\u0131na uy\u011fun qurulub. Bakalavr proqramlar\u0131 ad\u0259t\u0259n [&hellip;]<\/p>\n","protected":false},"author":1,"featured_media":0,"parent":0,"menu_order":0,"comment_status":"closed","ping_status":"closed","template":"","meta":{"_acf_changed":false,"footnotes":""},"class_list":["post-140820","page","type-page","status-publish","hentry"],"acf":[],"_links":{"self":[{"href":"https:\/\/eddeglobal.az\/en\/wp-json\/wp\/v2\/pages\/140820","targetHints":{"allow":["GET"]}}],"collection":[{"href":"https:\/\/eddeglobal.az\/en\/wp-json\/wp\/v2\/pages"}],"about":[{"href":"https:\/\/eddeglobal.az\/en\/wp-json\/wp\/v2\/types\/page"}],"author":[{"embeddable":true,"href":"https:\/\/eddeglobal.az\/en\/wp-json\/wp\/v2\/users\/1"}],"replies":[{"embeddable":true,"href":"https:\/\/eddeglobal.az\/en\/wp-json\/wp\/v2\/comments?post=140820"}],"version-history":[{"count":3,"href":"https:\/\/eddeglobal.az\/en\/wp-json\/wp\/v2\/pages\/140820\/revisions"}],"predecessor-version":[{"id":140923,"href":"https:\/\/eddeglobal.az\/en\/wp-json\/wp\/v2\/pages\/140820\/revisions\/140923"}],"wp:attachment":[{"href":"https:\/\/eddeglobal.az\/en\/wp-json\/wp\/v2\/media?parent=140820"}],"curies":[{"name":"wp","href":"https:\/\/api.w.org\/{rel}","templated":true}]}}