{"id":140822,"date":"2026-03-16T21:37:10","date_gmt":"2026-03-16T21:37:10","guid":{"rendered":"https:\/\/eddeglobal.az\/?page_id=140822"},"modified":"2026-03-19T17:11:23","modified_gmt":"2026-03-19T17:11:23","slug":"estoniyada-it-ve-data-science-tehsili","status":"publish","type":"page","link":"https:\/\/eddeglobal.az\/en\/estoniyada-it-ve-data-science-tehsili\/","title":{"rendered":"Estoniyada IT v\u0259 Data Science t\u0259hsili"},"content":{"rendered":"<div class=\"wpb-content-wrapper\"><p>[vc_row][vc_column][vc_column_text css=&#8221;&#8221;]Estoniyada IT v\u0259 Data Science t\u0259hsili son ill\u0259rd\u0259 texnologiya sah\u0259sin\u0259 mara\u011f\u0131 olan t\u0259l\u0259b\u0259l\u0259r \u00fc\u00e7\u00fcn \u00e7ox c\u0259lbedici istiqam\u0259t\u0259 \u00e7evrilib. Bu \u00f6lk\u0259 r\u0259q\u0259msal inki\u015faf\u0131 il\u0259 tan\u0131n\u0131r v\u0259 startap m\u00fchiti kifay\u0259t q\u0259d\u0259r g\u00fccl\u00fcd\u00fcr. Estoniyada IT v\u0259 Data Science t\u0259hsili almaq ist\u0259y\u0259nl\u0259r m\u00fcasir v\u0259 praktiki y\u00f6n\u00fcml\u00fc proqramlardan yararlana bilirl\u0259r. Universitetl\u0259r proqramla\u015fd\u0131rma, s\u00fcni intellekt v\u0259 b\u00f6y\u00fck veril\u0259nl\u0259r sah\u0259sind\u0259 d\u0259rsl\u0259r t\u0259qdim edir. T\u0259hsil \u0259sas\u0259n ingilis dilind\u0259 apar\u0131l\u0131r v\u0259 bu da beyn\u0259lxalq t\u0259l\u0259b\u0259l\u0259r \u00fc\u00e7\u00fcn \u0259lveri\u015flidir. Q\u0259bul zaman\u0131 akademik n\u0259tic\u0259l\u0259r v\u0259 b\u0259z\u0259n motivasiya m\u0259ktubu t\u0259l\u0259b olunur. B\u0259zi proqramlar texniki bilikl\u0259ri d\u0259 qiym\u0259tl\u0259ndir\u0259 bil\u0259r. T\u0259l\u0259b\u0259l\u0259r t\u0259hsil m\u00fcdd\u0259tind\u0259 real layih\u0259l\u0259r \u00fcz\u0259rind\u0259 i\u015fl\u0259m\u0259k imkan\u0131 \u0259ld\u0259 edir. Bu da g\u0259l\u0259c\u0259k i\u015f tapmaq prosesini asanla\u015fd\u0131r\u0131r. Estoniyada IT v\u0259 Data Science t\u0259hsili t\u0259l\u0259b\u0259l\u0259r\u0259 Avropa texnologiya bazar\u0131na \u00e7\u0131x\u0131\u015f imkan\u0131 verir. \u00d6lk\u0259d\u0259 bir \u00e7ox IT \u015firk\u0259ti f\u0259aliyy\u0259t g\u00f6st\u0259rir. T\u0259hsil zaman\u0131 t\u0259cr\u00fcb\u0259 proqramlar\u0131na qo\u015fulmaq m\u00fcmk\u00fcnd\u00fcr. Ya\u015fay\u0131\u015f x\u0259rcl\u0259ri dig\u0259r texnologiya \u00f6lk\u0259l\u0259ri il\u0259 m\u00fcqayis\u0259d\u0259 daha m\u00fcnasibdir. Estoniyada IT v\u0259 Data Science t\u0259hsili g\u0259l\u0259c\u0259kd\u0259 y\u00fcks\u0259k maa\u015fl\u0131 karyera qurmaq \u00fc\u00e7\u00fcn yax\u015f\u0131 ba\u015flan\u011f\u0131cd\u0131r.[\/vc_column_text][\/vc_column][\/vc_row][vc_row][vc_column]\n<div class=\"wpcf7 no-js\" id=\"wpcf7-f3483-o1\" lang=\"en-US\" dir=\"ltr\" data-wpcf7-id=\"3483\">\n<div class=\"screen-reader-response\"><p role=\"status\" aria-live=\"polite\" aria-atomic=\"true\"><\/p> <ul><\/ul><\/div>\n<form action=\"\/en\/wp-json\/wp\/v2\/pages\/140822#wpcf7-f3483-o1\" method=\"post\" class=\"wpcf7-form init\" aria-label=\"Contact form\" novalidate=\"novalidate\" data-status=\"init\">\n<fieldset class=\"hidden-fields-container\"><input type=\"hidden\" name=\"_wpcf7\" value=\"3483\" \/><input type=\"hidden\" name=\"_wpcf7_version\" value=\"6.1.3\" \/><input type=\"hidden\" name=\"_wpcf7_locale\" value=\"en_US\" \/><input type=\"hidden\" name=\"_wpcf7_unit_tag\" value=\"wpcf7-f3483-o1\" \/><input type=\"hidden\" name=\"_wpcf7_container_post\" value=\"0\" \/><input type=\"hidden\" name=\"_wpcf7_posted_data_hash\" value=\"\" \/>\n<\/fieldset>\n<div class=\"tac\" style=\"max-width: 600px; margin: 0 auto;\">\n\n<div class=\"row\">\n<div class=\"col-lg-6 col-md-6 col-sm-12 col-xs-12\">\n<span class=\"wpcf7-form-control-wrap\">\n<span class=\"wpcf7-form-control-wrap\" data-name=\"your-name\"><input size=\"40\" maxlength=\"400\" class=\"wpcf7-form-control wpcf7-text wpcf7-validates-as-required style3\" aria-required=\"true\" aria-invalid=\"false\" placeholder=\"Your name (required)\" value=\"\" type=\"text\" name=\"your-name\" \/><\/span>\n\n<\/span>\n\n<span class=\"wpcf7-form-control-wrap\">\n<span class=\"wpcf7-form-control-wrap\" data-name=\"your-email\"><input size=\"40\" maxlength=\"400\" class=\"wpcf7-form-control wpcf7-email wpcf7-validates-as-required wpcf7-text wpcf7-validates-as-email style3\" aria-required=\"true\" aria-invalid=\"false\" placeholder=\"Your email (required)\" value=\"\" type=\"email\" name=\"your-email\" \/><\/span>\n\n<\/span>\n<\/div>\n\n<div class=\"col-lg-6 col-md-6 col-sm-12 col-xs-12\">\n<span class=\"wpcf7-form-control-wrap\">\n<span class=\"wpcf7-form-control-wrap\" data-name=\"your-tel\"><input size=\"40\" maxlength=\"400\" class=\"wpcf7-form-control wpcf7-tel wpcf7-validates-as-required wpcf7-text wpcf7-validates-as-tel style3\" aria-required=\"true\" aria-invalid=\"false\" placeholder=\"Mobile number (required)\" value=\"\" type=\"tel\" name=\"your-tel\" \/><\/span>\n\n<\/span>\n\n<span class=\"wpcf7-form-control-wrap\">\n<span class=\"wpcf7-form-control-wrap\" data-name=\"movzu\"><select class=\"wpcf7-form-control wpcf7-select wpcf7-validates-as-required style3\" aria-required=\"true\" aria-invalid=\"false\" name=\"movzu\"><option value=\"Foundation\">Foundation<\/option><option value=\"Bachelor&#039;s Degree\">Bachelor&#039;s Degree<\/option><option value=\"Master&#039;s Degree\">Master&#039;s Degree<\/option><option value=\"PhD \/ Doctorate\">PhD \/ Doctorate<\/option><option value=\"Transfer\">Transfer<\/option><option value=\"Scholarship\">Scholarship<\/option><option value=\"Summer Schools\">Summer Schools<\/option><option value=\"International Schools\">International Schools<\/option><option value=\"Dormitory\">Dormitory<\/option><option value=\"Right Major Selection\">Right Major Selection<\/option><\/select><\/span>\n\n<\/span>\n<\/div>\n<\/div>\n\n\n<span class=\"wpcf7-form-control-wrap\">\n<span class=\"wpcf7-form-control-wrap\" data-name=\"mesaj\"><textarea cols=\"40\" rows=\"10\" maxlength=\"2000\" class=\"wpcf7-form-control wpcf7-textarea wpcf7-validates-as-required style3\" aria-required=\"true\" aria-invalid=\"false\" placeholder=\"Write your message\" name=\"mesaj\"><\/textarea><\/span>\n\n<\/span>\n\n<div style=\"margin-bottom:15px;\" class=\"modal-p\">\nFields marked as \"required\" must be filled in\n\n<\/div>\n\n<div class=\"modal-send\">\n<input class=\"wpcf7-form-control wpcf7-submit has-spinner button-style1\" type=\"submit\" value=\"Submit\" \/>\n\n<\/div>\n\n<\/div><div class=\"wpcf7-response-output\" aria-hidden=\"true\"><\/div>\n<\/form>\n<\/div>\n[\/vc_column][\/vc_row]<\/p>\n<\/div>","protected":false},"excerpt":{"rendered":"<p>[vc_row][vc_column][vc_column_text css=&#8221;&#8221;]Estoniyada IT v\u0259 Data Science t\u0259hsili son ill\u0259rd\u0259 texnologiya sah\u0259sin\u0259 mara\u011f\u0131 olan t\u0259l\u0259b\u0259l\u0259r \u00fc\u00e7\u00fcn \u00e7ox c\u0259lbedici istiqam\u0259t\u0259 \u00e7evrilib. Bu \u00f6lk\u0259 r\u0259q\u0259msal inki\u015faf\u0131 il\u0259 tan\u0131n\u0131r v\u0259 startap m\u00fchiti kifay\u0259t q\u0259d\u0259r g\u00fccl\u00fcd\u00fcr. Estoniyada IT v\u0259 Data Science t\u0259hsili almaq ist\u0259y\u0259nl\u0259r m\u00fcasir v\u0259 praktiki y\u00f6n\u00fcml\u00fc proqramlardan yararlana bilirl\u0259r. Universitetl\u0259r proqramla\u015fd\u0131rma, s\u00fcni intellekt v\u0259 b\u00f6y\u00fck veril\u0259nl\u0259r sah\u0259sind\u0259 d\u0259rsl\u0259r [&hellip;]<\/p>\n","protected":false},"author":1,"featured_media":0,"parent":0,"menu_order":0,"comment_status":"closed","ping_status":"closed","template":"","meta":{"_acf_changed":false,"footnotes":""},"class_list":["post-140822","page","type-page","status-publish","hentry"],"acf":[],"_links":{"self":[{"href":"https:\/\/eddeglobal.az\/en\/wp-json\/wp\/v2\/pages\/140822","targetHints":{"allow":["GET"]}}],"collection":[{"href":"https:\/\/eddeglobal.az\/en\/wp-json\/wp\/v2\/pages"}],"about":[{"href":"https:\/\/eddeglobal.az\/en\/wp-json\/wp\/v2\/types\/page"}],"author":[{"embeddable":true,"href":"https:\/\/eddeglobal.az\/en\/wp-json\/wp\/v2\/users\/1"}],"replies":[{"embeddable":true,"href":"https:\/\/eddeglobal.az\/en\/wp-json\/wp\/v2\/comments?post=140822"}],"version-history":[{"count":3,"href":"https:\/\/eddeglobal.az\/en\/wp-json\/wp\/v2\/pages\/140822\/revisions"}],"predecessor-version":[{"id":140921,"href":"https:\/\/eddeglobal.az\/en\/wp-json\/wp\/v2\/pages\/140822\/revisions\/140921"}],"wp:attachment":[{"href":"https:\/\/eddeglobal.az\/en\/wp-json\/wp\/v2\/media?parent=140822"}],"curies":[{"name":"wp","href":"https:\/\/api.w.org\/{rel}","templated":true}]}}