{"id":140838,"date":"2026-03-16T21:41:28","date_gmt":"2026-03-16T21:41:28","guid":{"rendered":"https:\/\/eddeglobal.az\/?page_id=140838"},"modified":"2026-03-19T17:19:10","modified_gmt":"2026-03-19T17:19:10","slug":"latviyada-ingilis-dilinde-tehsil","status":"publish","type":"page","link":"https:\/\/eddeglobal.az\/en\/latviyada-ingilis-dilinde-tehsil\/","title":{"rendered":"Latviyada ingilis dilind\u0259 t\u0259hsil"},"content":{"rendered":"<div class=\"wpb-content-wrapper\"><p>[vc_row][vc_column][vc_column_text css=&#8221;&#8221;]Latviyada ingilis dilind\u0259 t\u0259hsil Avropada rahat v\u0259 \u0259l\u00e7atan se\u00e7iml\u0259rd\u0259n biri kimi diqq\u0259t \u00e7\u0259kir. Bu \u00f6lk\u0259 beyn\u0259lxalq t\u0259l\u0259b\u0259l\u0259r \u00fc\u00e7\u00fcn uy\u011fun t\u0259hsil m\u00fchiti yarad\u0131r. Latviyada ingilis dilind\u0259 t\u0259hsil almaq ist\u0259y\u0259nl\u0259r m\u00fcxt\u0259lif ixtisaslar \u00fczr\u0259 proqramlar tapa bilirl\u0259r. Universitetl\u0259r biznes, IT, m\u00fch\u0259ndislik v\u0259 dig\u0259r sah\u0259l\u0259r \u00fczr\u0259 t\u0259hsil t\u0259qdim edir. T\u0259dris dili ingilis oldu\u011fu \u00fc\u00e7\u00fcn xarici t\u0259l\u0259b\u0259l\u0259r \u00fc\u00e7\u00fcn uy\u011funla\u015fma prosesi daha asan olur. Q\u0259bul zaman\u0131 \u0259sas diqq\u0259t akademik n\u0259tic\u0259l\u0259r\u0259 y\u00f6n\u0259lir. Dil biliyini t\u0259sdiql\u0259y\u0259n sertifikat da t\u0259l\u0259b oluna bil\u0259r. B\u0259zi hallarda alternativ yollar da m\u00f6vcuddur. Latviyada ingilis dilind\u0259 t\u0259hsil t\u0259l\u0259b\u0259l\u0259r\u0259 Avropa diplomu \u0259ld\u0259 etm\u0259k imkan\u0131 verir. T\u0259hsil sistemi praktik yana\u015fma il\u0259 se\u00e7ilir. T\u0259l\u0259b\u0259l\u0259r real layih\u0259l\u0259r \u00fcz\u0259rind\u0259 i\u015fl\u0259y\u0259 bilirl\u0259r. Ya\u015fay\u0131\u015f x\u0259rcl\u0259ri dig\u0259r Avropa \u00f6lk\u0259l\u0259rin\u0259 nisb\u0259t\u0259n daha m\u00fcnasibdir. Bu da Latviyan\u0131 daha c\u0259lbedici edir. Latviyada ingilis dilind\u0259 t\u0259hsil h\u0259m t\u0259cr\u00fcb\u0259, h\u0259m d\u0259 karyera \u00fc\u00e7\u00fcn yax\u015f\u0131 ba\u015flan\u011f\u0131c say\u0131l\u0131r.[\/vc_column_text][\/vc_column][\/vc_row][vc_row][vc_column]\n<div class=\"wpcf7 no-js\" id=\"wpcf7-f3483-o1\" lang=\"en-US\" dir=\"ltr\" data-wpcf7-id=\"3483\">\n<div class=\"screen-reader-response\"><p role=\"status\" aria-live=\"polite\" aria-atomic=\"true\"><\/p> <ul><\/ul><\/div>\n<form action=\"\/en\/wp-json\/wp\/v2\/pages\/140838#wpcf7-f3483-o1\" method=\"post\" class=\"wpcf7-form init\" aria-label=\"Contact form\" novalidate=\"novalidate\" data-status=\"init\">\n<fieldset class=\"hidden-fields-container\"><input type=\"hidden\" name=\"_wpcf7\" value=\"3483\" \/><input type=\"hidden\" name=\"_wpcf7_version\" value=\"6.1.3\" \/><input type=\"hidden\" name=\"_wpcf7_locale\" value=\"en_US\" \/><input type=\"hidden\" name=\"_wpcf7_unit_tag\" value=\"wpcf7-f3483-o1\" \/><input type=\"hidden\" name=\"_wpcf7_container_post\" value=\"0\" \/><input type=\"hidden\" name=\"_wpcf7_posted_data_hash\" value=\"\" \/>\n<\/fieldset>\n<div class=\"tac\" style=\"max-width: 600px; margin: 0 auto;\">\n\n<div class=\"row\">\n<div class=\"col-lg-6 col-md-6 col-sm-12 col-xs-12\">\n<span class=\"wpcf7-form-control-wrap\">\n<span class=\"wpcf7-form-control-wrap\" data-name=\"your-name\"><input size=\"40\" maxlength=\"400\" class=\"wpcf7-form-control wpcf7-text wpcf7-validates-as-required style3\" aria-required=\"true\" aria-invalid=\"false\" placeholder=\"Your name (required)\" value=\"\" type=\"text\" name=\"your-name\" \/><\/span>\n\n<\/span>\n\n<span class=\"wpcf7-form-control-wrap\">\n<span class=\"wpcf7-form-control-wrap\" data-name=\"your-email\"><input size=\"40\" maxlength=\"400\" class=\"wpcf7-form-control wpcf7-email wpcf7-validates-as-required wpcf7-text wpcf7-validates-as-email style3\" aria-required=\"true\" aria-invalid=\"false\" placeholder=\"Your email (required)\" value=\"\" type=\"email\" name=\"your-email\" \/><\/span>\n\n<\/span>\n<\/div>\n\n<div class=\"col-lg-6 col-md-6 col-sm-12 col-xs-12\">\n<span class=\"wpcf7-form-control-wrap\">\n<span class=\"wpcf7-form-control-wrap\" data-name=\"your-tel\"><input size=\"40\" maxlength=\"400\" class=\"wpcf7-form-control wpcf7-tel wpcf7-validates-as-required wpcf7-text wpcf7-validates-as-tel style3\" aria-required=\"true\" aria-invalid=\"false\" placeholder=\"Mobile number (required)\" value=\"\" type=\"tel\" name=\"your-tel\" \/><\/span>\n\n<\/span>\n\n<span class=\"wpcf7-form-control-wrap\">\n<span class=\"wpcf7-form-control-wrap\" data-name=\"movzu\"><select class=\"wpcf7-form-control wpcf7-select wpcf7-validates-as-required style3\" aria-required=\"true\" aria-invalid=\"false\" name=\"movzu\"><option value=\"Foundation\">Foundation<\/option><option value=\"Bachelor&#039;s Degree\">Bachelor&#039;s Degree<\/option><option value=\"Master&#039;s Degree\">Master&#039;s Degree<\/option><option value=\"PhD \/ Doctorate\">PhD \/ Doctorate<\/option><option value=\"Transfer\">Transfer<\/option><option value=\"Scholarship\">Scholarship<\/option><option value=\"Summer Schools\">Summer Schools<\/option><option value=\"International Schools\">International Schools<\/option><option value=\"Dormitory\">Dormitory<\/option><option value=\"Right Major Selection\">Right Major Selection<\/option><\/select><\/span>\n\n<\/span>\n<\/div>\n<\/div>\n\n\n<span class=\"wpcf7-form-control-wrap\">\n<span class=\"wpcf7-form-control-wrap\" data-name=\"mesaj\"><textarea cols=\"40\" rows=\"10\" maxlength=\"2000\" class=\"wpcf7-form-control wpcf7-textarea wpcf7-validates-as-required style3\" aria-required=\"true\" aria-invalid=\"false\" placeholder=\"Write your message\" name=\"mesaj\"><\/textarea><\/span>\n\n<\/span>\n\n<div style=\"margin-bottom:15px;\" class=\"modal-p\">\nFields marked as \"required\" must be filled in\n\n<\/div>\n\n<div class=\"modal-send\">\n<input class=\"wpcf7-form-control wpcf7-submit has-spinner button-style1\" type=\"submit\" value=\"Submit\" \/>\n\n<\/div>\n\n<\/div><div class=\"wpcf7-response-output\" aria-hidden=\"true\"><\/div>\n<\/form>\n<\/div>\n[\/vc_column][\/vc_row]<\/p>\n<\/div>","protected":false},"excerpt":{"rendered":"<p>[vc_row][vc_column][vc_column_text css=&#8221;&#8221;]Latviyada ingilis dilind\u0259 t\u0259hsil Avropada rahat v\u0259 \u0259l\u00e7atan se\u00e7iml\u0259rd\u0259n biri kimi diqq\u0259t \u00e7\u0259kir. Bu \u00f6lk\u0259 beyn\u0259lxalq t\u0259l\u0259b\u0259l\u0259r \u00fc\u00e7\u00fcn uy\u011fun t\u0259hsil m\u00fchiti yarad\u0131r. Latviyada ingilis dilind\u0259 t\u0259hsil almaq ist\u0259y\u0259nl\u0259r m\u00fcxt\u0259lif ixtisaslar \u00fczr\u0259 proqramlar tapa bilirl\u0259r. Universitetl\u0259r biznes, IT, m\u00fch\u0259ndislik v\u0259 dig\u0259r sah\u0259l\u0259r \u00fczr\u0259 t\u0259hsil t\u0259qdim edir. T\u0259dris dili ingilis oldu\u011fu \u00fc\u00e7\u00fcn xarici t\u0259l\u0259b\u0259l\u0259r \u00fc\u00e7\u00fcn uy\u011funla\u015fma [&hellip;]<\/p>\n","protected":false},"author":1,"featured_media":0,"parent":0,"menu_order":0,"comment_status":"closed","ping_status":"closed","template":"","meta":{"_acf_changed":false,"footnotes":""},"class_list":["post-140838","page","type-page","status-publish","hentry"],"acf":[],"_links":{"self":[{"href":"https:\/\/eddeglobal.az\/en\/wp-json\/wp\/v2\/pages\/140838","targetHints":{"allow":["GET"]}}],"collection":[{"href":"https:\/\/eddeglobal.az\/en\/wp-json\/wp\/v2\/pages"}],"about":[{"href":"https:\/\/eddeglobal.az\/en\/wp-json\/wp\/v2\/types\/page"}],"author":[{"embeddable":true,"href":"https:\/\/eddeglobal.az\/en\/wp-json\/wp\/v2\/users\/1"}],"replies":[{"embeddable":true,"href":"https:\/\/eddeglobal.az\/en\/wp-json\/wp\/v2\/comments?post=140838"}],"version-history":[{"count":2,"href":"https:\/\/eddeglobal.az\/en\/wp-json\/wp\/v2\/pages\/140838\/revisions"}],"predecessor-version":[{"id":140924,"href":"https:\/\/eddeglobal.az\/en\/wp-json\/wp\/v2\/pages\/140838\/revisions\/140924"}],"wp:attachment":[{"href":"https:\/\/eddeglobal.az\/en\/wp-json\/wp\/v2\/media?parent=140838"}],"curies":[{"name":"wp","href":"https:\/\/api.w.org\/{rel}","templated":true}]}}