{"id":140855,"date":"2026-03-16T21:48:25","date_gmt":"2026-03-16T21:48:25","guid":{"rendered":"https:\/\/eddeglobal.az\/?page_id=140855"},"modified":"2026-03-19T17:21:42","modified_gmt":"2026-03-19T17:21:42","slug":"polsada-ozel-universitetler","status":"publish","type":"page","link":"https:\/\/eddeglobal.az\/en\/polsada-ozel-universitetler\/","title":{"rendered":"Pol\u015fada \u00f6z\u0259l universitetl\u0259r"},"content":{"rendered":"<div class=\"wpb-content-wrapper\"><p>[vc_row][vc_column][vc_column_text css=&#8221;&#8221;]Pol\u015fada \u00f6z\u0259l universitetl\u0259r Avropada daha rahat q\u0259bul v\u0259 \u00e7evik t\u0259hsil sistemi axtaranlar \u00fc\u00e7\u00fcn uy\u011fun se\u00e7imdir. Bu universitetl\u0259r beyn\u0259lxalq t\u0259l\u0259b\u0259l\u0259r \u00fc\u00e7\u00fcn x\u00fcsusi proqramlar t\u0259qdim edir. Pol\u015fada \u00f6z\u0259l universitetl\u0259r m\u00fcxt\u0259lif ixtisaslar \u00fczr\u0259 t\u0259hsil imkan\u0131 yarad\u0131r. \u018fn \u00e7ox se\u00e7il\u0259n sah\u0259l\u0259r aras\u0131nda biznes, IT v\u0259 menecment yer al\u0131r. T\u0259hsil \u0259sas\u0259n ingilis dilind\u0259 d\u0259 m\u00f6vcuddur. Bu da xarici t\u0259l\u0259b\u0259l\u0259r \u00fc\u00e7\u00fcn b\u00f6y\u00fck \u00fcst\u00fcnl\u00fckd\u00fcr. Q\u0259bul prosesi ad\u0259t\u0259n sad\u0259 olur v\u0259 \u0259lav\u0259 imtahan t\u0259l\u0259b olunmur. \u018fsas\u0259n attestat v\u0259 dig\u0259r s\u0259n\u0259dl\u0259r kifay\u0259t edir. Pol\u015fada \u00f6z\u0259l universitetl\u0259rd\u0259 t\u0259hsil haqlar\u0131 d\u00f6vl\u0259t universitetl\u0259rin\u0259 nisb\u0259t\u0259n bir q\u0259d\u0259r y\u00fcks\u0259k ola bil\u0259r. Lakin \u00fcmumilikd\u0259 Avropa il\u0259 m\u00fcqayis\u0259d\u0259 yen\u0259 d\u0259 m\u00fcnasib say\u0131l\u0131r. Bir \u00e7ox universitet t\u0259qa\u00fcd v\u0259 endirim imkanlar\u0131 t\u0259qdim edir. Bu is\u0259 x\u0259rcl\u0259ri azaltma\u011fa k\u00f6m\u0259k edir. Pol\u015fada \u00f6z\u0259l universitetl\u0259r t\u0259l\u0259b\u0259l\u0259r\u0259 praktiki bilikl\u0259r qazand\u0131rma\u011fa fokuslan\u0131r. T\u0259hsil m\u00fcdd\u0259tind\u0259 t\u0259cr\u00fcb\u0259 imkanlar\u0131 da m\u00f6vcuddur. Ya\u015fay\u0131\u015f x\u0259rcl\u0259ri d\u0259 dig\u0259r \u00f6lk\u0259l\u0259rl\u0259 m\u00fcqayis\u0259d\u0259 daha s\u0259rf\u0259lidir. Pol\u015fada \u00f6z\u0259l universitetl\u0259r Avropada balansl\u0131 v\u0259 \u0259l\u00e7atan se\u00e7im kimi qiym\u0259tl\u0259ndirilir.[\/vc_column_text][\/vc_column][\/vc_row][vc_row][vc_column]\n<div class=\"wpcf7 no-js\" id=\"wpcf7-f3483-o1\" lang=\"en-US\" dir=\"ltr\" data-wpcf7-id=\"3483\">\n<div class=\"screen-reader-response\"><p role=\"status\" aria-live=\"polite\" aria-atomic=\"true\"><\/p> <ul><\/ul><\/div>\n<form action=\"\/en\/wp-json\/wp\/v2\/pages\/140855#wpcf7-f3483-o1\" method=\"post\" class=\"wpcf7-form init\" aria-label=\"Contact form\" novalidate=\"novalidate\" data-status=\"init\">\n<fieldset class=\"hidden-fields-container\"><input type=\"hidden\" name=\"_wpcf7\" value=\"3483\" \/><input type=\"hidden\" name=\"_wpcf7_version\" value=\"6.1.3\" \/><input type=\"hidden\" name=\"_wpcf7_locale\" value=\"en_US\" \/><input type=\"hidden\" name=\"_wpcf7_unit_tag\" value=\"wpcf7-f3483-o1\" \/><input type=\"hidden\" name=\"_wpcf7_container_post\" value=\"0\" \/><input type=\"hidden\" name=\"_wpcf7_posted_data_hash\" value=\"\" \/>\n<\/fieldset>\n<div class=\"tac\" style=\"max-width: 600px; margin: 0 auto;\">\n\n<div class=\"row\">\n<div class=\"col-lg-6 col-md-6 col-sm-12 col-xs-12\">\n<span class=\"wpcf7-form-control-wrap\">\n<span class=\"wpcf7-form-control-wrap\" data-name=\"your-name\"><input size=\"40\" maxlength=\"400\" class=\"wpcf7-form-control wpcf7-text wpcf7-validates-as-required style3\" aria-required=\"true\" aria-invalid=\"false\" placeholder=\"Your name (required)\" value=\"\" type=\"text\" name=\"your-name\" \/><\/span>\n\n<\/span>\n\n<span class=\"wpcf7-form-control-wrap\">\n<span class=\"wpcf7-form-control-wrap\" data-name=\"your-email\"><input size=\"40\" maxlength=\"400\" class=\"wpcf7-form-control wpcf7-email wpcf7-validates-as-required wpcf7-text wpcf7-validates-as-email style3\" aria-required=\"true\" aria-invalid=\"false\" placeholder=\"Your email (required)\" value=\"\" type=\"email\" name=\"your-email\" \/><\/span>\n\n<\/span>\n<\/div>\n\n<div class=\"col-lg-6 col-md-6 col-sm-12 col-xs-12\">\n<span class=\"wpcf7-form-control-wrap\">\n<span class=\"wpcf7-form-control-wrap\" data-name=\"your-tel\"><input size=\"40\" maxlength=\"400\" class=\"wpcf7-form-control wpcf7-tel wpcf7-validates-as-required wpcf7-text wpcf7-validates-as-tel style3\" aria-required=\"true\" aria-invalid=\"false\" placeholder=\"Mobile number (required)\" value=\"\" type=\"tel\" name=\"your-tel\" \/><\/span>\n\n<\/span>\n\n<span class=\"wpcf7-form-control-wrap\">\n<span class=\"wpcf7-form-control-wrap\" data-name=\"movzu\"><select class=\"wpcf7-form-control wpcf7-select wpcf7-validates-as-required style3\" aria-required=\"true\" aria-invalid=\"false\" name=\"movzu\"><option value=\"Foundation\">Foundation<\/option><option value=\"Bachelor&#039;s Degree\">Bachelor&#039;s Degree<\/option><option value=\"Master&#039;s Degree\">Master&#039;s Degree<\/option><option value=\"PhD \/ Doctorate\">PhD \/ Doctorate<\/option><option value=\"Transfer\">Transfer<\/option><option value=\"Scholarship\">Scholarship<\/option><option value=\"Summer Schools\">Summer Schools<\/option><option value=\"International Schools\">International Schools<\/option><option value=\"Dormitory\">Dormitory<\/option><option value=\"Right Major Selection\">Right Major Selection<\/option><\/select><\/span>\n\n<\/span>\n<\/div>\n<\/div>\n\n\n<span class=\"wpcf7-form-control-wrap\">\n<span class=\"wpcf7-form-control-wrap\" data-name=\"mesaj\"><textarea cols=\"40\" rows=\"10\" maxlength=\"2000\" class=\"wpcf7-form-control wpcf7-textarea wpcf7-validates-as-required style3\" aria-required=\"true\" aria-invalid=\"false\" placeholder=\"Write your message\" name=\"mesaj\"><\/textarea><\/span>\n\n<\/span>\n\n<div style=\"margin-bottom:15px;\" class=\"modal-p\">\nFields marked as \"required\" must be filled in\n\n<\/div>\n\n<div class=\"modal-send\">\n<input class=\"wpcf7-form-control wpcf7-submit has-spinner button-style1\" type=\"submit\" value=\"Submit\" \/>\n\n<\/div>\n\n<\/div><div class=\"wpcf7-response-output\" aria-hidden=\"true\"><\/div>\n<\/form>\n<\/div>\n[\/vc_column][\/vc_row]<\/p>\n<\/div>","protected":false},"excerpt":{"rendered":"<p>[vc_row][vc_column][vc_column_text css=&#8221;&#8221;]Pol\u015fada \u00f6z\u0259l universitetl\u0259r Avropada daha rahat q\u0259bul v\u0259 \u00e7evik t\u0259hsil sistemi axtaranlar \u00fc\u00e7\u00fcn uy\u011fun se\u00e7imdir. Bu universitetl\u0259r beyn\u0259lxalq t\u0259l\u0259b\u0259l\u0259r \u00fc\u00e7\u00fcn x\u00fcsusi proqramlar t\u0259qdim edir. Pol\u015fada \u00f6z\u0259l universitetl\u0259r m\u00fcxt\u0259lif ixtisaslar \u00fczr\u0259 t\u0259hsil imkan\u0131 yarad\u0131r. \u018fn \u00e7ox se\u00e7il\u0259n sah\u0259l\u0259r aras\u0131nda biznes, IT v\u0259 menecment yer al\u0131r. T\u0259hsil \u0259sas\u0259n ingilis dilind\u0259 d\u0259 m\u00f6vcuddur. Bu da xarici t\u0259l\u0259b\u0259l\u0259r [&hellip;]<\/p>\n","protected":false},"author":1,"featured_media":0,"parent":0,"menu_order":0,"comment_status":"closed","ping_status":"closed","template":"","meta":{"_acf_changed":false,"footnotes":""},"class_list":["post-140855","page","type-page","status-publish","hentry"],"acf":[],"_links":{"self":[{"href":"https:\/\/eddeglobal.az\/en\/wp-json\/wp\/v2\/pages\/140855","targetHints":{"allow":["GET"]}}],"collection":[{"href":"https:\/\/eddeglobal.az\/en\/wp-json\/wp\/v2\/pages"}],"about":[{"href":"https:\/\/eddeglobal.az\/en\/wp-json\/wp\/v2\/types\/page"}],"author":[{"embeddable":true,"href":"https:\/\/eddeglobal.az\/en\/wp-json\/wp\/v2\/users\/1"}],"replies":[{"embeddable":true,"href":"https:\/\/eddeglobal.az\/en\/wp-json\/wp\/v2\/comments?post=140855"}],"version-history":[{"count":3,"href":"https:\/\/eddeglobal.az\/en\/wp-json\/wp\/v2\/pages\/140855\/revisions"}],"predecessor-version":[{"id":140926,"href":"https:\/\/eddeglobal.az\/en\/wp-json\/wp\/v2\/pages\/140855\/revisions\/140926"}],"wp:attachment":[{"href":"https:\/\/eddeglobal.az\/en\/wp-json\/wp\/v2\/media?parent=140855"}],"curies":[{"name":"wp","href":"https:\/\/api.w.org\/{rel}","templated":true}]}}