{"id":140890,"date":"2026-03-19T17:07:36","date_gmt":"2026-03-19T17:07:36","guid":{"rendered":"https:\/\/eddeglobal.az\/?page_id=140890"},"modified":"2026-03-19T17:07:36","modified_gmt":"2026-03-19T17:07:36","slug":"cexiyada-dovlet-universitetleri","status":"publish","type":"page","link":"https:\/\/eddeglobal.az\/en\/cexiyada-dovlet-universitetleri\/","title":{"rendered":"\u00c7exiyada d\u00f6vl\u0259t universitetl\u0259ri"},"content":{"rendered":"<div class=\"wpb-content-wrapper\"><p>[vc_row][vc_column][vc_column_text css=&#8221;&#8221;]\u00c7exiyada d\u00f6vl\u0259t universitetl\u0259ri Avropada keyfiyy\u0259tli v\u0259 \u0259l\u00e7atan t\u0259hsil axtaran t\u0259l\u0259b\u0259l\u0259r \u00fc\u00e7\u00fcn yax\u015f\u0131 se\u00e7imdir. Bu \u00f6lk\u0259d\u0259 d\u00f6vl\u0259t universitetl\u0259ri uzun ill\u0259r\u0259 dayanan t\u0259hsil \u0259n\u0259n\u0259sin\u0259 malikdir. \u00c7exiyada d\u00f6vl\u0259t universitetl\u0259ri h\u0259m yerli, h\u0259m d\u0259 beyn\u0259lxalq t\u0259l\u0259b\u0259l\u0259r \u00fc\u00e7\u00fcn m\u00fcxt\u0259lif proqramlar t\u0259qdim edir. Bir \u00e7ox ixtisas h\u0259m \u00e7ex, h\u0259m d\u0259 ingilis dilind\u0259 t\u0259dris olunur. \u00c7ex dilind\u0259 t\u0259hsil b\u0259zi hallarda \u00f6d\u0259ni\u015fsiz olur. Bu is\u0259 t\u0259l\u0259b\u0259l\u0259r \u00fc\u00e7\u00fcn \u0259lav\u0259 \u00fcst\u00fcnl\u00fck yarad\u0131r. Universitetl\u0259r y\u00fcks\u0259k akademik s\u0259viyy\u0259 il\u0259 se\u00e7ilir. Q\u0259bul zaman\u0131 akademik g\u00f6st\u0259ricil\u0259r v\u0259 b\u0259zi hallarda imtahan t\u0259l\u0259b olunur. T\u0259l\u0259b\u0259l\u0259r m\u00fcxt\u0259lif sah\u0259l\u0259r \u00fczr\u0259 se\u00e7im ed\u0259 bilirl\u0259r. \u00c7exiyada d\u00f6vl\u0259t universitetl\u0259ri t\u0259dqiqat imkanlar\u0131 il\u0259 d\u0259 diqq\u0259t \u00e7\u0259kir. Universitet m\u00fchiti beyn\u0259lxalq t\u0259l\u0259b\u0259l\u0259r \u00fc\u00e7\u00fcn uy\u011funla\u015fd\u0131r\u0131l\u0131b. Sosial h\u0259yat v\u0259 t\u0259l\u0259b\u0259 f\u0259aliyy\u0259ti d\u0259 kifay\u0259t q\u0259d\u0259r aktivdir. Ya\u015fay\u0131\u015f x\u0259rcl\u0259ri dig\u0259r Avropa \u00f6lk\u0259l\u0259rin\u0259 nisb\u0259t\u0259n daha m\u00fcnasibdir. \u00c7exiyada d\u00f6vl\u0259t universitetl\u0259ri Avropada t\u0259hsil almaq ist\u0259y\u0259nl\u0259r \u00fc\u00e7\u00fcn real v\u0259 balansl\u0131 se\u00e7im hesab olunur.[\/vc_column_text][\/vc_column][\/vc_row][vc_row][vc_column]\n<div class=\"wpcf7 no-js\" id=\"wpcf7-f3483-o1\" lang=\"en-US\" dir=\"ltr\" data-wpcf7-id=\"3483\">\n<div class=\"screen-reader-response\"><p role=\"status\" aria-live=\"polite\" aria-atomic=\"true\"><\/p> <ul><\/ul><\/div>\n<form action=\"\/en\/wp-json\/wp\/v2\/pages\/140890#wpcf7-f3483-o1\" method=\"post\" class=\"wpcf7-form init\" aria-label=\"Contact form\" novalidate=\"novalidate\" data-status=\"init\">\n<fieldset class=\"hidden-fields-container\"><input type=\"hidden\" name=\"_wpcf7\" value=\"3483\" \/><input type=\"hidden\" name=\"_wpcf7_version\" value=\"6.1.3\" \/><input type=\"hidden\" name=\"_wpcf7_locale\" value=\"en_US\" \/><input type=\"hidden\" name=\"_wpcf7_unit_tag\" value=\"wpcf7-f3483-o1\" \/><input type=\"hidden\" name=\"_wpcf7_container_post\" value=\"0\" \/><input type=\"hidden\" name=\"_wpcf7_posted_data_hash\" value=\"\" \/>\n<\/fieldset>\n<div class=\"tac\" style=\"max-width: 600px; margin: 0 auto;\">\n\n<div class=\"row\">\n<div class=\"col-lg-6 col-md-6 col-sm-12 col-xs-12\">\n<span class=\"wpcf7-form-control-wrap\">\n<span class=\"wpcf7-form-control-wrap\" data-name=\"your-name\"><input size=\"40\" maxlength=\"400\" class=\"wpcf7-form-control wpcf7-text wpcf7-validates-as-required style3\" aria-required=\"true\" aria-invalid=\"false\" placeholder=\"Your name (required)\" value=\"\" type=\"text\" name=\"your-name\" \/><\/span>\n\n<\/span>\n\n<span class=\"wpcf7-form-control-wrap\">\n<span class=\"wpcf7-form-control-wrap\" data-name=\"your-email\"><input size=\"40\" maxlength=\"400\" class=\"wpcf7-form-control wpcf7-email wpcf7-validates-as-required wpcf7-text wpcf7-validates-as-email style3\" aria-required=\"true\" aria-invalid=\"false\" placeholder=\"Your email (required)\" value=\"\" type=\"email\" name=\"your-email\" \/><\/span>\n\n<\/span>\n<\/div>\n\n<div class=\"col-lg-6 col-md-6 col-sm-12 col-xs-12\">\n<span class=\"wpcf7-form-control-wrap\">\n<span class=\"wpcf7-form-control-wrap\" data-name=\"your-tel\"><input size=\"40\" maxlength=\"400\" class=\"wpcf7-form-control wpcf7-tel wpcf7-validates-as-required wpcf7-text wpcf7-validates-as-tel style3\" aria-required=\"true\" aria-invalid=\"false\" placeholder=\"Mobile number (required)\" value=\"\" type=\"tel\" name=\"your-tel\" \/><\/span>\n\n<\/span>\n\n<span class=\"wpcf7-form-control-wrap\">\n<span class=\"wpcf7-form-control-wrap\" data-name=\"movzu\"><select class=\"wpcf7-form-control wpcf7-select wpcf7-validates-as-required style3\" aria-required=\"true\" aria-invalid=\"false\" name=\"movzu\"><option value=\"Foundation\">Foundation<\/option><option value=\"Bachelor&#039;s Degree\">Bachelor&#039;s Degree<\/option><option value=\"Master&#039;s Degree\">Master&#039;s Degree<\/option><option value=\"PhD \/ Doctorate\">PhD \/ Doctorate<\/option><option value=\"Transfer\">Transfer<\/option><option value=\"Scholarship\">Scholarship<\/option><option value=\"Summer Schools\">Summer Schools<\/option><option value=\"International Schools\">International Schools<\/option><option value=\"Dormitory\">Dormitory<\/option><option value=\"Right Major Selection\">Right Major Selection<\/option><\/select><\/span>\n\n<\/span>\n<\/div>\n<\/div>\n\n\n<span class=\"wpcf7-form-control-wrap\">\n<span class=\"wpcf7-form-control-wrap\" data-name=\"mesaj\"><textarea cols=\"40\" rows=\"10\" maxlength=\"2000\" class=\"wpcf7-form-control wpcf7-textarea wpcf7-validates-as-required style3\" aria-required=\"true\" aria-invalid=\"false\" placeholder=\"Write your message\" name=\"mesaj\"><\/textarea><\/span>\n\n<\/span>\n\n<div style=\"margin-bottom:15px;\" class=\"modal-p\">\nFields marked as \"required\" must be filled in\n\n<\/div>\n\n<div class=\"modal-send\">\n<input class=\"wpcf7-form-control wpcf7-submit has-spinner button-style1\" type=\"submit\" value=\"Submit\" \/>\n\n<\/div>\n\n<\/div><div class=\"wpcf7-response-output\" aria-hidden=\"true\"><\/div>\n<\/form>\n<\/div>\n[\/vc_column][\/vc_row]<\/p>\n<\/div>","protected":false},"excerpt":{"rendered":"<p>[vc_row][vc_column][vc_column_text css=&#8221;&#8221;]\u00c7exiyada d\u00f6vl\u0259t universitetl\u0259ri Avropada keyfiyy\u0259tli v\u0259 \u0259l\u00e7atan t\u0259hsil axtaran t\u0259l\u0259b\u0259l\u0259r \u00fc\u00e7\u00fcn yax\u015f\u0131 se\u00e7imdir. Bu \u00f6lk\u0259d\u0259 d\u00f6vl\u0259t universitetl\u0259ri uzun ill\u0259r\u0259 dayanan t\u0259hsil \u0259n\u0259n\u0259sin\u0259 malikdir. \u00c7exiyada d\u00f6vl\u0259t universitetl\u0259ri h\u0259m yerli, h\u0259m d\u0259 beyn\u0259lxalq t\u0259l\u0259b\u0259l\u0259r \u00fc\u00e7\u00fcn m\u00fcxt\u0259lif proqramlar t\u0259qdim edir. Bir \u00e7ox ixtisas h\u0259m \u00e7ex, h\u0259m d\u0259 ingilis dilind\u0259 t\u0259dris olunur. \u00c7ex dilind\u0259 t\u0259hsil b\u0259zi hallarda \u00f6d\u0259ni\u015fsiz [&hellip;]<\/p>\n","protected":false},"author":1,"featured_media":0,"parent":0,"menu_order":0,"comment_status":"closed","ping_status":"closed","template":"","meta":{"_acf_changed":false,"footnotes":""},"class_list":["post-140890","page","type-page","status-publish","hentry"],"acf":[],"_links":{"self":[{"href":"https:\/\/eddeglobal.az\/en\/wp-json\/wp\/v2\/pages\/140890","targetHints":{"allow":["GET"]}}],"collection":[{"href":"https:\/\/eddeglobal.az\/en\/wp-json\/wp\/v2\/pages"}],"about":[{"href":"https:\/\/eddeglobal.az\/en\/wp-json\/wp\/v2\/types\/page"}],"author":[{"embeddable":true,"href":"https:\/\/eddeglobal.az\/en\/wp-json\/wp\/v2\/users\/1"}],"replies":[{"embeddable":true,"href":"https:\/\/eddeglobal.az\/en\/wp-json\/wp\/v2\/comments?post=140890"}],"version-history":[{"count":2,"href":"https:\/\/eddeglobal.az\/en\/wp-json\/wp\/v2\/pages\/140890\/revisions"}],"predecessor-version":[{"id":140919,"href":"https:\/\/eddeglobal.az\/en\/wp-json\/wp\/v2\/pages\/140890\/revisions\/140919"}],"wp:attachment":[{"href":"https:\/\/eddeglobal.az\/en\/wp-json\/wp\/v2\/media?parent=140890"}],"curies":[{"name":"wp","href":"https:\/\/api.w.org\/{rel}","templated":true}]}}