{"id":140891,"date":"2026-03-17T11:15:06","date_gmt":"2026-03-17T11:15:06","guid":{"rendered":"https:\/\/eddeglobal.az\/?page_id=140891"},"modified":"2026-03-19T16:46:17","modified_gmt":"2026-03-19T16:46:17","slug":"polsada-tehsil","status":"publish","type":"page","link":"https:\/\/eddeglobal.az\/en\/polsada-tehsil\/","title":{"rendered":"Pol\u015fada t\u0259hsil"},"content":{"rendered":"<div class=\"wpb-content-wrapper\"><p>[vc_row][vc_column][vc_column_text css=&#8221;&#8221;]Pol\u015fada t\u0259hsil almaq Avropada \u0259n s\u0259rf\u0259li se\u00e7iml\u0259rd\u0259n biri hesab olunur. Bu \u00f6lk\u0259d\u0259 h\u0259m d\u00f6vl\u0259t, h\u0259m d\u0259 \u00f6z\u0259l universitetl\u0259r f\u0259aliyy\u0259t g\u00f6st\u0259rir. Pol\u015fada t\u0259hsil almaq ist\u0259y\u0259n t\u0259l\u0259b\u0259l\u0259r m\u00fcxt\u0259lif ixtisaslar \u00fczr\u0259 m\u00fcraci\u0259t ed\u0259 bilirl\u0259r. T\u0259hsil haqlar\u0131 dig\u0259r Avropa \u00f6lk\u0259l\u0259ri il\u0259 m\u00fcqayis\u0259d\u0259 daha m\u00fcnasibdir. Universitetl\u0259r ingilis v\u0259 polyak dill\u0259rind\u0259 proqramlar t\u0259qdim edir. Dil biliyi q\u0259bul \u00fc\u00e7\u00fcn \u0259sas \u015f\u0259rtl\u0259rd\u0259n biridir. T\u0259l\u0259b\u0259l\u0259r IELTS, TOEFL v\u0259 ya dig\u0259r sertifikatlarla m\u00fcraci\u0259t ed\u0259 bilirl\u0259r. B\u0259zi universitetl\u0259r is\u0259 alternativ yollar da t\u0259qdim edir. Pol\u015fada t\u0259hsil almaq \u00fc\u00e7\u00fcn s\u0259n\u0259dl\u0259rin d\u00fczg\u00fcn haz\u0131rlanmas\u0131 vacibdir. Akademik g\u00f6st\u0259ricil\u0259r q\u0259bul prosesind\u0259 m\u00fch\u00fcm rol oynay\u0131r. Bu \u00f6lk\u0259d\u0259 t\u0259l\u0259b\u0259l\u0259r \u00fc\u00e7\u00fcn geni\u015f ixtisas se\u00e7imi m\u00f6vcuddur. H\u0259m bakalavr, h\u0259m d\u0259 magistr proqramlar\u0131 t\u0259qdim olunur. Pol\u015fada t\u0259hsil almaq t\u0259l\u0259b\u0259l\u0259r\u0259 Avropa t\u0259cr\u00fcb\u0259si qazand\u0131r\u0131r. Ya\u015fay\u0131\u015f x\u0259rcl\u0259ri dig\u0259r \u00f6lk\u0259l\u0259rl\u0259 m\u00fcqayis\u0259d\u0259 daha a\u015fa\u011f\u0131d\u0131r. T\u0259l\u0259b\u0259l\u0259r \u00fc\u00e7\u00fcn yataqxana v\u0259 i\u015f imkanlar\u0131 m\u00f6vcuddur. Pol\u015fada t\u0259hsil almaq g\u0259l\u0259c\u0259k \u00fc\u00e7\u00fcn yax\u015f\u0131 f\u00fcrs\u0259t yarad\u0131r.[\/vc_column_text][\/vc_column][\/vc_row][vc_row][vc_column]\n<div class=\"wpcf7 no-js\" id=\"wpcf7-f3483-o1\" lang=\"en-US\" dir=\"ltr\" data-wpcf7-id=\"3483\">\n<div class=\"screen-reader-response\"><p role=\"status\" aria-live=\"polite\" aria-atomic=\"true\"><\/p> <ul><\/ul><\/div>\n<form action=\"\/en\/wp-json\/wp\/v2\/pages\/140891#wpcf7-f3483-o1\" method=\"post\" class=\"wpcf7-form init\" aria-label=\"Contact form\" novalidate=\"novalidate\" data-status=\"init\">\n<fieldset class=\"hidden-fields-container\"><input type=\"hidden\" name=\"_wpcf7\" value=\"3483\" \/><input type=\"hidden\" name=\"_wpcf7_version\" value=\"6.1.3\" \/><input type=\"hidden\" name=\"_wpcf7_locale\" value=\"en_US\" \/><input type=\"hidden\" name=\"_wpcf7_unit_tag\" value=\"wpcf7-f3483-o1\" \/><input type=\"hidden\" name=\"_wpcf7_container_post\" value=\"0\" \/><input type=\"hidden\" name=\"_wpcf7_posted_data_hash\" value=\"\" \/>\n<\/fieldset>\n<div class=\"tac\" style=\"max-width: 600px; margin: 0 auto;\">\n\n<div class=\"row\">\n<div class=\"col-lg-6 col-md-6 col-sm-12 col-xs-12\">\n<span class=\"wpcf7-form-control-wrap\">\n<span class=\"wpcf7-form-control-wrap\" data-name=\"your-name\"><input size=\"40\" maxlength=\"400\" class=\"wpcf7-form-control wpcf7-text wpcf7-validates-as-required style3\" aria-required=\"true\" aria-invalid=\"false\" placeholder=\"Your name (required)\" value=\"\" type=\"text\" name=\"your-name\" \/><\/span>\n\n<\/span>\n\n<span class=\"wpcf7-form-control-wrap\">\n<span class=\"wpcf7-form-control-wrap\" data-name=\"your-email\"><input size=\"40\" maxlength=\"400\" class=\"wpcf7-form-control wpcf7-email wpcf7-validates-as-required wpcf7-text wpcf7-validates-as-email style3\" aria-required=\"true\" aria-invalid=\"false\" placeholder=\"Your email (required)\" value=\"\" type=\"email\" name=\"your-email\" \/><\/span>\n\n<\/span>\n<\/div>\n\n<div class=\"col-lg-6 col-md-6 col-sm-12 col-xs-12\">\n<span class=\"wpcf7-form-control-wrap\">\n<span class=\"wpcf7-form-control-wrap\" data-name=\"your-tel\"><input size=\"40\" maxlength=\"400\" class=\"wpcf7-form-control wpcf7-tel wpcf7-validates-as-required wpcf7-text wpcf7-validates-as-tel style3\" aria-required=\"true\" aria-invalid=\"false\" placeholder=\"Mobile number (required)\" value=\"\" type=\"tel\" name=\"your-tel\" \/><\/span>\n\n<\/span>\n\n<span class=\"wpcf7-form-control-wrap\">\n<span class=\"wpcf7-form-control-wrap\" data-name=\"movzu\"><select class=\"wpcf7-form-control wpcf7-select wpcf7-validates-as-required style3\" aria-required=\"true\" aria-invalid=\"false\" name=\"movzu\"><option value=\"Foundation\">Foundation<\/option><option value=\"Bachelor&#039;s Degree\">Bachelor&#039;s Degree<\/option><option value=\"Master&#039;s Degree\">Master&#039;s Degree<\/option><option value=\"PhD \/ Doctorate\">PhD \/ Doctorate<\/option><option value=\"Transfer\">Transfer<\/option><option value=\"Scholarship\">Scholarship<\/option><option value=\"Summer Schools\">Summer Schools<\/option><option value=\"International Schools\">International Schools<\/option><option value=\"Dormitory\">Dormitory<\/option><option value=\"Right Major Selection\">Right Major Selection<\/option><\/select><\/span>\n\n<\/span>\n<\/div>\n<\/div>\n\n\n<span class=\"wpcf7-form-control-wrap\">\n<span class=\"wpcf7-form-control-wrap\" data-name=\"mesaj\"><textarea cols=\"40\" rows=\"10\" maxlength=\"2000\" class=\"wpcf7-form-control wpcf7-textarea wpcf7-validates-as-required style3\" aria-required=\"true\" aria-invalid=\"false\" placeholder=\"Write your message\" name=\"mesaj\"><\/textarea><\/span>\n\n<\/span>\n\n<div style=\"margin-bottom:15px;\" class=\"modal-p\">\nFields marked as \"required\" must be filled in\n\n<\/div>\n\n<div class=\"modal-send\">\n<input class=\"wpcf7-form-control wpcf7-submit has-spinner button-style1\" type=\"submit\" value=\"Submit\" \/>\n\n<\/div>\n\n<\/div><div class=\"wpcf7-response-output\" aria-hidden=\"true\"><\/div>\n<\/form>\n<\/div>\n[\/vc_column][\/vc_row]<\/p>\n<\/div>","protected":false},"excerpt":{"rendered":"<p>[vc_row][vc_column][vc_column_text css=&#8221;&#8221;]Pol\u015fada t\u0259hsil almaq Avropada \u0259n s\u0259rf\u0259li se\u00e7iml\u0259rd\u0259n biri hesab olunur. Bu \u00f6lk\u0259d\u0259 h\u0259m d\u00f6vl\u0259t, h\u0259m d\u0259 \u00f6z\u0259l universitetl\u0259r f\u0259aliyy\u0259t g\u00f6st\u0259rir. Pol\u015fada t\u0259hsil almaq ist\u0259y\u0259n t\u0259l\u0259b\u0259l\u0259r m\u00fcxt\u0259lif ixtisaslar \u00fczr\u0259 m\u00fcraci\u0259t ed\u0259 bilirl\u0259r. T\u0259hsil haqlar\u0131 dig\u0259r Avropa \u00f6lk\u0259l\u0259ri il\u0259 m\u00fcqayis\u0259d\u0259 daha m\u00fcnasibdir. Universitetl\u0259r ingilis v\u0259 polyak dill\u0259rind\u0259 proqramlar t\u0259qdim edir. Dil biliyi q\u0259bul \u00fc\u00e7\u00fcn \u0259sas \u015f\u0259rtl\u0259rd\u0259n [&hellip;]<\/p>\n","protected":false},"author":1,"featured_media":0,"parent":0,"menu_order":0,"comment_status":"closed","ping_status":"closed","template":"","meta":{"_acf_changed":false,"footnotes":""},"class_list":["post-140891","page","type-page","status-publish","hentry"],"acf":[],"_links":{"self":[{"href":"https:\/\/eddeglobal.az\/en\/wp-json\/wp\/v2\/pages\/140891","targetHints":{"allow":["GET"]}}],"collection":[{"href":"https:\/\/eddeglobal.az\/en\/wp-json\/wp\/v2\/pages"}],"about":[{"href":"https:\/\/eddeglobal.az\/en\/wp-json\/wp\/v2\/types\/page"}],"author":[{"embeddable":true,"href":"https:\/\/eddeglobal.az\/en\/wp-json\/wp\/v2\/users\/1"}],"replies":[{"embeddable":true,"href":"https:\/\/eddeglobal.az\/en\/wp-json\/wp\/v2\/comments?post=140891"}],"version-history":[{"count":3,"href":"https:\/\/eddeglobal.az\/en\/wp-json\/wp\/v2\/pages\/140891\/revisions"}],"predecessor-version":[{"id":140911,"href":"https:\/\/eddeglobal.az\/en\/wp-json\/wp\/v2\/pages\/140891\/revisions\/140911"}],"wp:attachment":[{"href":"https:\/\/eddeglobal.az\/en\/wp-json\/wp\/v2\/media?parent=140891"}],"curies":[{"name":"wp","href":"https:\/\/api.w.org\/{rel}","templated":true}]}}