{"id":3523,"date":"2025-11-23T22:15:36","date_gmt":"2025-11-23T22:15:36","guid":{"rendered":"https:\/\/eddeglobal.az\/yeni\/?page_id=3523"},"modified":"2025-11-27T13:56:14","modified_gmt":"2025-11-27T13:56:14","slug":"yay-mektebleri","status":"publish","type":"page","link":"https:\/\/eddeglobal.az\/en\/yay-mektebleri\/","title":{"rendered":"Summer Schools"},"content":{"rendered":"<div class=\"wpb-content-wrapper\"><p>[vc_row][vc_column][vc_column_text css=&#8221;&#8221;]At <strong>EDDE Global<\/strong>, we offer students a wide range of opportunities to attend <strong>summer schools<\/strong> and <strong>language courses<\/strong> in various countries around the world. Our programs are available year-round and are ideal for those who want to improve their language skills, explore different cultures, and gain knowledge in areas of interest.[\/vc_column_text][\/vc_column][\/vc_row][vc_row][vc_column][vc_column_text css=&#8221;&#8221;]<\/p>\n<div style=\"display: flex; align-items: flex-start; gap: 20px; max-width: 1100px; margin: auto;\">\n<p><!-- Sol t\u0259r\u0259f (m\u0259zmun) --><\/p>\n<div style=\"flex: 1;\">\n<h6><strong>Wide Range of Options:<\/strong><\/h6>\n<ul>\n<li class=\"translation-block\"><strong>Partner Countries: <\/strong>EDDE Global directs you to accredited summer schools and language courses in countries such as the <strong>UK, the USA, Canada, Switzerland, Latvia, Turkey, Australia, Germany, Spain, Malta, and the UAE.<\/strong><\/li>\n<li><strong>F\u0259rdi Yay M\u0259kt\u0259bi Se\u00e7iml\u0259ri:<\/strong>\n<ul>\n<li><strong>Futbol M\u0259kt\u0259bl\u0259ri:<\/strong> Pe\u015f\u0259kar m\u0259\u015fq\u00e7il\u0259rl\u0259 futbol t\u0259liml\u0259ri v\u0259 Avropan\u0131n m\u0259\u015fhur klublar\u0131nda t\u0259cr\u00fcb\u0259.<\/li>\n<li><strong>Yaln\u0131z Q\u0131zlar \u00fc\u00e7\u00fcn M\u0259kt\u0259bl\u0259r:<\/strong> T\u0259hl\u00fck\u0259siz v\u0259 rahat t\u0259dris \u015f\u0259raiti il\u0259 q\u0131zlara x\u00fcsusi yay m\u0259kt\u0259bi proqramlar\u0131.<\/li>\n<li><strong>Tenis M\u0259kt\u0259bl\u0259ri:<\/strong> T\u0259cr\u00fcb\u0259li m\u0259\u015fq\u00e7il\u0259rl\u0259 pe\u015f\u0259kar tennis t\u0259liml\u0259ri v\u0259 yar\u0131\u015flar.<\/li>\n<li><strong>\u0130xtisas Se\u00e7imli M\u0259kt\u0259bl\u0259r:<\/strong> Tibb, m\u00fch\u0259ndislik, inc\u0259s\u0259n\u0259t, biznes kimi m\u00fcxt\u0259lif sah\u0259l\u0259r \u00fczr\u0259 yay m\u0259kt\u0259bi proqramlar\u0131.<\/li>\n<\/ul>\n<\/li>\n<\/ul>\n<\/div>\n<p><!-- Sa\u011f t\u0259r\u0259f (\u015f\u0259kil) --><\/p>\n<div style=\"flex: 1; text-align: center;\"><img decoding=\"async\" style=\"width: 100%; border-radius: 10px;\" src=\"https:\/\/eddeglobal.az\/wp-content\/uploads\/2025\/11\/sc5_746_9149.jpg\" alt=\"Foundation Image\" \/><\/div>\n<\/div>\n<p>[\/vc_column_text][\/vc_column][\/vc_row][vc_row][vc_column][vc_column_text css=&#8221;&#8221;]<\/p>\n<div class=\"wpb_text_column wpb_content_element\">\n<div class=\"wpb_wrapper\">\n<h5><strong>Summer Schools at Top Universities:<\/strong><\/h5>\n<p class=\"translation-block\">We offer summer school programs at renowned universities such as <strong>Oxford University, King\u2019s College London, UCL, Middlesex University<\/strong>, and others. These programs allow students to study in a prestigious academic environment and plan their future careers.<\/p>\n<h5><strong>Our Services:<\/strong><\/h5>\n<ul>\n<li class=\"translation-block\"><strong>Welcome and Transfer:<\/strong> We arrange airport pickup, transfers, and accommodation.<\/li>\n<li class=\"translation-block\"><strong>Comfortable Accommodation:<\/strong> Safe and comfortable dormitories with special supervision and monitoring for students under 18.<\/li>\n<li class=\"translation-block\"><strong>Excursions and Cultural Experiences:<\/strong> City tours, museum visits, and cultural events are included in the programs.<\/li>\n<li class=\"translation-block\"><strong>Modern Teaching Methods:<\/strong> Our courses are delivered with the latest teaching methods, providing an interactive and enjoyable learning experience.<\/li>\n<\/ul>\n<h5><strong>Official Partnerships and Secure Services:<\/strong><\/h5>\n<p class=\"translation-block\"><strong>EDDE Global<\/strong>, through our official partners, directs you to accredited summer schools and language courses. Each application is secured with a contract to ensure the safety and service quality of our students.<\/p>\n<h5><strong>Enhance Your Education with Summer Schools and Language Courses!<\/strong><\/h5>\n<p>Contact EDDE Global to enhance both your language skills and personal interests. Get expert advice on the best summer school and language course options for an unforgettable experience and start your preparation today!<\/p>\n<\/div>\n<\/div>\n<p>[\/vc_column_text][\/vc_column][\/vc_row][vc_row][vc_column]      <div class=\"heading-block heading-6921c03838f2a tac h-h6\">\n                  <h6 class=\"h\">For more information and to make a reservation, contact us.<\/h6>\n              <\/div>\n    [\/vc_column][\/vc_row][vc_row][vc_column][vc_column_text css=&#8221;&#8221;]\n<div class=\"wpcf7 no-js\" id=\"wpcf7-f3483-o2\" lang=\"en-US\" dir=\"ltr\" data-wpcf7-id=\"3483\">\n<div class=\"screen-reader-response\"><p role=\"status\" aria-live=\"polite\" aria-atomic=\"true\"><\/p> <ul><\/ul><\/div>\n<form action=\"\/en\/wp-json\/wp\/v2\/pages\/3523#wpcf7-f3483-o2\" method=\"post\" class=\"wpcf7-form init\" aria-label=\"Contact form\" novalidate=\"novalidate\" data-status=\"init\">\n<fieldset class=\"hidden-fields-container\"><input type=\"hidden\" name=\"_wpcf7\" value=\"3483\" \/><input type=\"hidden\" name=\"_wpcf7_version\" value=\"6.1.3\" \/><input type=\"hidden\" name=\"_wpcf7_locale\" value=\"en_US\" \/><input type=\"hidden\" name=\"_wpcf7_unit_tag\" value=\"wpcf7-f3483-o2\" \/><input type=\"hidden\" name=\"_wpcf7_container_post\" value=\"0\" \/><input type=\"hidden\" name=\"_wpcf7_posted_data_hash\" value=\"\" \/>\n<\/fieldset>\n<div class=\"tac\" style=\"max-width: 600px; margin: 0 auto;\">\n\n<div class=\"row\">\n<div class=\"col-lg-6 col-md-6 col-sm-12 col-xs-12\">\n<span class=\"wpcf7-form-control-wrap\">\n<span class=\"wpcf7-form-control-wrap\" data-name=\"your-name\"><input size=\"40\" maxlength=\"400\" class=\"wpcf7-form-control wpcf7-text wpcf7-validates-as-required style3\" aria-required=\"true\" aria-invalid=\"false\" placeholder=\"Your name (required)\" value=\"\" type=\"text\" name=\"your-name\" \/><\/span>\n\n<\/span>\n\n<span class=\"wpcf7-form-control-wrap\">\n<span class=\"wpcf7-form-control-wrap\" data-name=\"your-email\"><input size=\"40\" maxlength=\"400\" class=\"wpcf7-form-control wpcf7-email wpcf7-validates-as-required wpcf7-text wpcf7-validates-as-email style3\" aria-required=\"true\" aria-invalid=\"false\" placeholder=\"Your email (required)\" value=\"\" type=\"email\" name=\"your-email\" \/><\/span>\n\n<\/span>\n<\/div>\n\n<div class=\"col-lg-6 col-md-6 col-sm-12 col-xs-12\">\n<span class=\"wpcf7-form-control-wrap\">\n<span class=\"wpcf7-form-control-wrap\" data-name=\"your-tel\"><input size=\"40\" maxlength=\"400\" class=\"wpcf7-form-control wpcf7-tel wpcf7-validates-as-required wpcf7-text wpcf7-validates-as-tel style3\" aria-required=\"true\" aria-invalid=\"false\" placeholder=\"Mobile number (required)\" value=\"\" type=\"tel\" name=\"your-tel\" \/><\/span>\n\n<\/span>\n\n<span class=\"wpcf7-form-control-wrap\">\n<span class=\"wpcf7-form-control-wrap\" data-name=\"movzu\"><select class=\"wpcf7-form-control wpcf7-select wpcf7-validates-as-required style3\" aria-required=\"true\" aria-invalid=\"false\" name=\"movzu\"><option value=\"Foundation\">Foundation<\/option><option value=\"Bachelor&#039;s Degree\">Bachelor&#039;s Degree<\/option><option value=\"Master&#039;s Degree\">Master&#039;s Degree<\/option><option value=\"PhD \/ Doctorate\">PhD \/ Doctorate<\/option><option value=\"Transfer\">Transfer<\/option><option value=\"Scholarship\">Scholarship<\/option><option value=\"Summer Schools\">Summer Schools<\/option><option value=\"International Schools\">International Schools<\/option><option value=\"Dormitory\">Dormitory<\/option><option value=\"Right Major Selection\">Right Major Selection<\/option><\/select><\/span>\n\n<\/span>\n<\/div>\n<\/div>\n\n\n<span class=\"wpcf7-form-control-wrap\">\n<span class=\"wpcf7-form-control-wrap\" data-name=\"mesaj\"><textarea cols=\"40\" rows=\"10\" maxlength=\"2000\" class=\"wpcf7-form-control wpcf7-textarea wpcf7-validates-as-required style3\" aria-required=\"true\" aria-invalid=\"false\" placeholder=\"Write your message\" name=\"mesaj\"><\/textarea><\/span>\n\n<\/span>\n\n<div style=\"margin-bottom:15px;\" class=\"modal-p\">\nFields marked as \"required\" must be filled in\n\n<\/div>\n\n<div class=\"modal-send\">\n<input class=\"wpcf7-form-control wpcf7-submit has-spinner button-style1\" type=\"submit\" value=\"Submit\" \/>\n\n<\/div>\n\n<\/div><div class=\"wpcf7-response-output\" aria-hidden=\"true\"><\/div>\n<\/form>\n<\/div>\n[\/vc_column_text][\/vc_column][\/vc_row]<\/p>\n<\/div>","protected":false},"excerpt":{"rendered":"<p>[vc_row][vc_column][vc_column_text css=&#8221;&#8221;]At EDDE Global, we offer students a wide range of opportunities to attend summer schools and language courses in various countries around the world. Our programs are available year-round and are ideal for those who want to improve their language skills, explore different cultures, and gain knowledge in areas of interest.[\/vc_column_text][\/vc_column][\/vc_row][vc_row][vc_column][vc_column_text css=&#8221;&#8221;] Wide Range [&hellip;]<\/p>\n","protected":false},"author":1,"featured_media":0,"parent":0,"menu_order":0,"comment_status":"closed","ping_status":"closed","template":"","meta":{"_acf_changed":false,"footnotes":""},"class_list":["post-3523","page","type-page","status-publish","hentry"],"acf":[],"_links":{"self":[{"href":"https:\/\/eddeglobal.az\/en\/wp-json\/wp\/v2\/pages\/3523","targetHints":{"allow":["GET"]}}],"collection":[{"href":"https:\/\/eddeglobal.az\/en\/wp-json\/wp\/v2\/pages"}],"about":[{"href":"https:\/\/eddeglobal.az\/en\/wp-json\/wp\/v2\/types\/page"}],"author":[{"embeddable":true,"href":"https:\/\/eddeglobal.az\/en\/wp-json\/wp\/v2\/users\/1"}],"replies":[{"embeddable":true,"href":"https:\/\/eddeglobal.az\/en\/wp-json\/wp\/v2\/comments?post=3523"}],"version-history":[{"count":2,"href":"https:\/\/eddeglobal.az\/en\/wp-json\/wp\/v2\/pages\/3523\/revisions"}],"predecessor-version":[{"id":140267,"href":"https:\/\/eddeglobal.az\/en\/wp-json\/wp\/v2\/pages\/3523\/revisions\/140267"}],"wp:attachment":[{"href":"https:\/\/eddeglobal.az\/en\/wp-json\/wp\/v2\/media?parent=3523"}],"curies":[{"name":"wp","href":"https:\/\/api.w.org\/{rel}","templated":true}]}}