{"id":3564,"date":"2025-11-24T20:30:30","date_gmt":"2025-11-24T20:30:30","guid":{"rendered":"https:\/\/eddeglobal.az\/yeni\/?page_id=3564"},"modified":"2025-12-08T09:35:05","modified_gmt":"2025-12-08T09:35:05","slug":"alman-dili-kurslari","status":"publish","type":"page","link":"https:\/\/eddeglobal.az\/en\/alman-dili-kurslari\/","title":{"rendered":"German Language Courses"},"content":{"rendered":"<div class=\"wpb-content-wrapper\"><p>[vc_row][vc_column][vc_column_text css=&#8221;&#8221;]<\/p>\n<div class=\"wpb_text_column wpb_content_element \">\n<div class=\"wpb_wrapper\">\n<div class=\"wpb_text_column wpb_content_element \">\n<div class=\"wpb_wrapper\">\n<div class=\"wpb_text_column wpb_content_element\">\n<div class=\"wpb_wrapper\">\n<p class=\"translation-block\">At <strong>EDDE Academy<\/strong> , we offer comprehensive and effective courses for those looking to learn the German language. Our courses are designed for beginners as well as those who want to improve their language skills. German is widely spoken across Europe and is a key language for many academic and career opportunities. Our courses aim to provide students with high-level language skills to unlock these opportunities.<\/p>\n<h5><strong>Advantages of German Language Courses:<\/strong><\/h5>\n<ul>\n<li class=\"translation-block\"><strong>Professional Teachers:<\/strong> Our experienced and certified teachers support students in developing their grammar, speaking, reading, and listening skills.<\/li>\n<li class=\"translation-block\"><strong>Modern Curriculum:<\/strong> Our courses are designed with interactive materials and aligned with German culture and everyday conversation, providing a comprehensive learning experience.<\/li>\n<li class=\"translation-block\"><strong>Small Groups and Private Lessons:<\/strong> We offer a more effective learning process with personalized teaching programs tailored to the students&#8217; needs.<\/li>\n<li class=\"translation-block\"><strong>Online and In-Person Classes:<\/strong> We offer both online and in-person classes, providing flexible options for students.<\/li>\n<li class=\"translation-block\"><strong>Real Conversation Practice:<\/strong> Regular conversation clubs and interactive sessions help students build confidence in speaking German.<\/li>\n<\/ul>\n<h5><strong>Additional Benefits:<\/strong><\/h5>\n<ul>\n<li class=\"translation-block\"><strong>Trial Tests and Certificates:<\/strong> Students who successfully complete the course receive a certificate that verifies their German language proficiency.<\/li>\n<li class=\"translation-block\"><strong>Special Discounts:<\/strong> New registrants can benefit from discount campaigns and offers.<\/li>\n<\/ul>\n<h5><strong>Career Opportunities in Germany with EDDE Academy:<\/strong><\/h5>\n<p>Upon completing our German courses, we offer exclusive opportunities to students:<\/p>\n<ul>\n<li class=\"translation-block\"><strong>Free Education Consultations:<\/strong> We provide extensive information and advice about free university education in Germany.<\/li>\n<li class=\"translation-block\"><strong>Ausbildung Programs:<\/strong> Consultations for applying to Ausbildung programs (vocational education and training) in Germany.<\/li>\n<li class=\"translation-block\"><strong>Job Opportunities:<\/strong> Professional support for doctors and nurses seeking employment in Germany.<\/li>\n<\/ul>\n<p>Develop your German language skills and achieve your career goals with EDDE Academy\u2019s courses! For more information and to register, please contact us.<\/p>\n<\/div>\n<\/div>\n<\/div>\n<\/div>\n<\/div>\n<\/div>\n<p>[\/vc_column_text][\/vc_column][\/vc_row][vc_row][vc_column]      <div class=\"heading-block heading-6924b8d253ba1 tal h-h6\">\n                  <h6 class=\"h\">EDDE Global-\u0131n t\u0259\u015fkil etdiyi d\u0259rsl\u0259rd\u0259 i\u015ftirak etm\u0259k \u00fc\u00e7\u00fcn qeydiyyat<\/h6>\n              <\/div>\n    [\/vc_column][\/vc_row][vc_row][vc_column][vc_message message_box_color=&#8221;pink&#8221; css=&#8221;&#8221;]Qeyd: M\u0259rk\u0259zimiz\u0259 yax\u0131nla\u015fark\u0259n \u015f\u0259xsiyy\u0259t v\u0259siq\u0259sini \u00f6z\u00fcn\u00fczl\u0259 g\u0259tirm\u0259yi unutmay\u0131n[\/vc_message]\n<div class=\"wpcf7 no-js\" id=\"wpcf7-f3549-o2\" lang=\"az-AZ\" dir=\"ltr\" data-wpcf7-id=\"3549\">\n<div class=\"screen-reader-response\"><p role=\"status\" aria-live=\"polite\" aria-atomic=\"true\"><\/p> <ul><\/ul><\/div>\n<form action=\"\/en\/wp-json\/wp\/v2\/pages\/3564#wpcf7-f3549-o2\" method=\"post\" class=\"wpcf7-form init\" aria-label=\"Contact form\" novalidate=\"novalidate\" data-status=\"init\">\n<fieldset class=\"hidden-fields-container\"><input type=\"hidden\" name=\"_wpcf7\" value=\"3549\" \/><input type=\"hidden\" name=\"_wpcf7_version\" value=\"6.1.3\" \/><input type=\"hidden\" name=\"_wpcf7_locale\" value=\"az_AZ\" \/><input type=\"hidden\" name=\"_wpcf7_unit_tag\" value=\"wpcf7-f3549-o2\" \/><input type=\"hidden\" name=\"_wpcf7_container_post\" value=\"0\" \/><input type=\"hidden\" name=\"_wpcf7_posted_data_hash\" value=\"\" \/>\n<\/fieldset>\n<div class=\"tac\" style=\"max-width: 700px; margin: 0 auto;\">\n\n<div class=\"row\">\n<div class=\"col-lg-6 col-md-6 col-sm-12 col-xs-12\">\n<div class=\"input-group\"><span class=\"wpcf7-form-control-wrap\" data-name=\"your-name\"><input size=\"40\" maxlength=\"400\" class=\"wpcf7-form-control wpcf7-text wpcf7-validates-as-required style3\" aria-required=\"true\" aria-invalid=\"false\" placeholder=\"Your name (required)\" value=\"\" type=\"text\" name=\"your-name\" \/><\/span><\/div>\n<div class=\"input-group\"><span class=\"wpcf7-form-control-wrap\" data-name=\"your-email\"><input size=\"40\" maxlength=\"400\" class=\"wpcf7-form-control wpcf7-email wpcf7-validates-as-required wpcf7-text wpcf7-validates-as-email style3\" aria-required=\"true\" aria-invalid=\"false\" placeholder=\"Your email (required)\" value=\"\" type=\"email\" name=\"your-email\" \/><\/span><\/div>\n<\/div>\n\n<div class=\"col-lg-6 col-md-6 col-sm-12 col-xs-12\">\n<div class=\"input-group\"><span class=\"wpcf7-form-control-wrap\" data-name=\"your-surname\"><input size=\"40\" maxlength=\"400\" class=\"wpcf7-form-control wpcf7-text wpcf7-validates-as-required style3\" aria-required=\"true\" aria-invalid=\"false\" placeholder=\"Your surname (required)\" value=\"\" type=\"text\" name=\"your-surname\" \/><\/span><\/div>\n<div class=\"input-group\"><span class=\"wpcf7-form-control-wrap\" data-name=\"your-phone\"><input size=\"40\" maxlength=\"400\" class=\"wpcf7-form-control wpcf7-text wpcf7-validates-as-required style3\" aria-required=\"true\" aria-invalid=\"false\" placeholder=\"Your phone number (required)\" value=\"\" type=\"text\" name=\"your-phone\" \/><\/span><\/div>\n<\/div>\n\n<div class=\"col-lg-12 col-md-12 col-sm-12 col-xs-12\"> <div class=\"input-group\"><span class=\"wpcf7-form-control-wrap\" data-name=\"course\"><select class=\"wpcf7-form-control wpcf7-select wpcf7-validates-as-required style3\" aria-required=\"true\" aria-invalid=\"false\" name=\"course\"><option value=\"German Language\">German Language<\/option><option value=\"Duolingo English Test\">Duolingo English Test<\/option><option value=\"ELLT\">ELLT<\/option><option value=\"General English\">General English<\/option><option value=\"IELTS\">IELTS<\/option><option value=\"Kids English\">Kids English<\/option><option value=\"LanguageCert\">LanguageCert<\/option><option value=\"PTE Academic\">PTE Academic<\/option><option value=\"SAT\">SAT<\/option><option value=\"TOEFL\">TOEFL<\/option><option value=\"Turkish Language\">Turkish Language<\/option><\/select><\/span>\n<\/div> <\/div>\n\n<div class=\"col-lg-12 col-md-12 col-sm-12 col-xs-12\">\n<div class=\"input-group\"><span class=\"wpcf7-form-control-wrap\" data-name=\"your-education\"><input size=\"40\" maxlength=\"400\" class=\"wpcf7-form-control wpcf7-text wpcf7-validates-as-required style3\" aria-required=\"true\" aria-invalid=\"false\" placeholder=\"Your education (required)\" value=\"\" type=\"text\" name=\"your-education\" \/><\/span><\/div>\n<\/div>\n\n<div class=\"col-lg-12 col-md-12 col-sm-12 col-xs-12\">\n<div class=\"input-group\"><span class=\"wpcf7-form-control-wrap\" data-name=\"your-timeplan\"><input size=\"40\" maxlength=\"400\" class=\"wpcf7-form-control wpcf7-text wpcf7-validates-as-required style3\" aria-required=\"true\" aria-invalid=\"false\" placeholder=\"Available days for classes (required)\" value=\"\" type=\"text\" name=\"your-timeplan\" \/><\/span><\/div>\n<\/div>\n<\/div>\n\n<div class=\"row\">\n<div style=\"margin-bottom:15px;\" class=\"col-lg-12 col-md-12 col-sm-12 col-xs-12\">\n<div class=\"modal-p\">Fields marked as \"required\" must be completed\n<\/div>\n\n<div class=\"modal-send\">\n<input class=\"wpcf7-form-control wpcf7-submit has-spinner button-style1\" type=\"submit\" value=\"Submit\" \/>\n<\/div>\n<\/div>\n<\/div>\n\n\n\n<\/div><div class=\"wpcf7-response-output\" aria-hidden=\"true\"><\/div>\n<\/form>\n<\/div>\n[\/vc_column][\/vc_row]<\/p>\n<\/div>","protected":false},"excerpt":{"rendered":"<p>[vc_row][vc_column][vc_column_text css=&#8221;&#8221;] At EDDE Academy , we offer comprehensive and effective courses for those looking to learn the German language. Our courses are designed for beginners as well as those who want to improve their language skills. German is widely spoken across Europe and is a key language for many academic and career opportunities. Our [&hellip;]<\/p>\n","protected":false},"author":1,"featured_media":0,"parent":0,"menu_order":0,"comment_status":"closed","ping_status":"closed","template":"","meta":{"_acf_changed":false,"footnotes":""},"class_list":["post-3564","page","type-page","status-publish","hentry"],"acf":[],"_links":{"self":[{"href":"https:\/\/eddeglobal.az\/en\/wp-json\/wp\/v2\/pages\/3564","targetHints":{"allow":["GET"]}}],"collection":[{"href":"https:\/\/eddeglobal.az\/en\/wp-json\/wp\/v2\/pages"}],"about":[{"href":"https:\/\/eddeglobal.az\/en\/wp-json\/wp\/v2\/types\/page"}],"author":[{"embeddable":true,"href":"https:\/\/eddeglobal.az\/en\/wp-json\/wp\/v2\/users\/1"}],"replies":[{"embeddable":true,"href":"https:\/\/eddeglobal.az\/en\/wp-json\/wp\/v2\/comments?post=3564"}],"version-history":[{"count":3,"href":"https:\/\/eddeglobal.az\/en\/wp-json\/wp\/v2\/pages\/3564\/revisions"}],"predecessor-version":[{"id":140470,"href":"https:\/\/eddeglobal.az\/en\/wp-json\/wp\/v2\/pages\/3564\/revisions\/140470"}],"wp:attachment":[{"href":"https:\/\/eddeglobal.az\/en\/wp-json\/wp\/v2\/media?parent=3564"}],"curies":[{"name":"wp","href":"https:\/\/api.w.org\/{rel}","templated":true}]}}