{"id":3599,"date":"2025-11-24T21:13:06","date_gmt":"2025-11-24T21:13:06","guid":{"rendered":"https:\/\/eddeglobal.az\/yeni\/?page_id=3599"},"modified":"2025-11-27T14:25:56","modified_gmt":"2025-11-27T14:25:56","slug":"mediada-biz","status":"publish","type":"page","link":"https:\/\/eddeglobal.az\/en\/mediada-biz\/","title":{"rendered":"Media Coverage"},"content":{"rendered":"<div class=\"wpb-content-wrapper\"><p>[vc_row][vc_column]<div class=\"blog-block\"><div class=\"blog-items load-wrap row blog-type-horizontal blog-59bfa5cd550aa \"><article class=\"blog-item  category-17 with-image col-12\"><div class=\"wrap\"><div class=\"img\" data-original=\"https:\/\/eddeglobal.az\/wp-content\/uploads\/2025\/08\/Screenshot-2025-08-14-at-22.04.22-1024x577.png\"><a href=\"https:\/\/eddeglobal.az\/en\/2025\/04\/12\/edde-globalin-beyn%c9%99lxalq-t%c9%99hsil-sektorundaki-f%c9%99aliyy%c9%99ti-v%c9%99-nailiyy%c9%99tl%c9%99ri\/\" style=\"background-image: url(https:\/\/eddeglobal.az\/wp-content\/uploads\/2025\/08\/Screenshot-2025-08-14-at-22.04.22-1024x577.png);\"><\/a><\/div><div class=\"content\"><h5><a href=\"https:\/\/eddeglobal.az\/en\/2025\/04\/12\/edde-globalin-beyn%c9%99lxalq-t%c9%99hsil-sektorundaki-f%c9%99aliyy%c9%99ti-v%c9%99-nailiyy%c9%99tl%c9%99ri\/\">EDDE Global\u0131n Beyn\u0259lxalq T\u0259hsil Sektorundak\u0131 F\u0259aliyy\u0259ti v\u0259 Nailiyy\u0259tl\u0259ri<\/a><\/h5><div class=\"date\">12 April 2025<\/div><p>EDDE Global, beyn\u0259lxalq t\u0259hsil sah\u0259sind\u0259ki apar\u0131c\u0131 konsultasiya \u015firk\u0259ti olaraq, d\u00fcnya \u00fczr\u0259 t\u0259l\u0259b\u0259l\u0259r\u0259 keyfiyy\u0259tli t\u0259hsil imkanlar\u0131 t\u0259qdim etm\u0259y\u0259 davam edir. \u015eirk\u0259t, 2018-ci ild\u0259n etibar\u0259n, EDDE Global, yaln\u0131z t\u0259l\u0259b\u0259l\u0259rin m\u00fcraci\u0259t v\u0259 q\u0259bul prosesl\u0259rini asanla\u015fd\u0131rmaqla kifay\u0259tl\u0259nm\u0259yib, h\u0259m d\u0259 beyn\u0259lxalq t\u0259hsil bazar\u0131nda \u00f6z\u00fcn\u00fc t\u0259sdiq ed\u0259r\u0259k qabaqc\u0131l institutlarla g\u00fccl\u00fc \u0259laq\u0259l\u0259r qurmu\u015fdur.\n\nEDDE Global, d\u00fcnya miqyas\u0131nda 400-d\u0259n \u00e7ox universitetin n\u00fcmay\u0259...<\/p><\/div><div class=\"clear\"><\/div><div class=\"bottom like-on comment-on\"><div class=\"col\"><a href=\"#\" class=\"zilla-likes\" id=\"zilla-likes-140032\" title=\"Like this\" data-postfix=\" like\"><i class=\"multimedia-icon-heart\"><\/i> <span>1 like<\/span><\/a><\/div><div class=\"col\"><i class=\"multimedia-icon-speech-bubble-1\"><\/i> <a href=\"https:\/\/eddeglobal.az\/en\/2025\/04\/12\/edde-globalin-beyn%c9%99lxalq-t%c9%99hsil-sektorundaki-f%c9%99aliyy%c9%99ti-v%c9%99-nailiyy%c9%99tl%c9%99ri\/#comments\">No Comments<\/a><\/div><\/div><\/div><\/article><article class=\"blog-item  category-17 with-image col-12\"><div class=\"wrap\"><div class=\"img\" data-original=\"https:\/\/eddeglobal.az\/wp-content\/uploads\/2025\/08\/editor_c465a5cfbed4837767c062f459323897_zposey725lncjfiwv81h-768x403-1.jpg\"><a href=\"https:\/\/eddeglobal.az\/en\/2025\/05\/13\/edde-global-v%c9%99-istinye-universiteti-doktorantura-t%c9%99hsilini-daha-%c9%99lcatan-etdi-fotolar\/\" style=\"background-image: url(https:\/\/eddeglobal.az\/wp-content\/uploads\/2025\/08\/editor_c465a5cfbed4837767c062f459323897_zposey725lncjfiwv81h-768x403-1.jpg);\"><\/a><\/div><div class=\"content\"><h5><a href=\"https:\/\/eddeglobal.az\/en\/2025\/05\/13\/edde-global-v%c9%99-istinye-universiteti-doktorantura-t%c9%99hsilini-daha-%c9%99lcatan-etdi-fotolar\/\">EDDE Global v\u0259 \u0130stinye Universiteti doktorantura t\u0259hsilini daha \u0259l\u00e7atan etdi-FOTOLAR<\/a><\/h5><div class=\"date\">13 May 2025<\/div><p>Bak\u0131da xaricd\u0259 t\u0259hsil sah\u0259sind\u0259 f\u0259aliyy\u0259t g\u00f6st\u0259r\u0259n \u015firk\u0259tl\u0259rin i\u015ftirak\u0131 il\u0259 geni\u015fmiqyasl\u0131 g\u00f6r\u00fc\u015f t\u0259\u015fkil olunub. T\u0259dbirin \u0259sas t\u0259r\u0259fda\u015flar\u0131 EDDE Global v\u0259 \u0130stinye Universiteti olub.\n\nEditor.az x\u0259b\u0259r verir ki, g\u00f6r\u00fc\u015fd\u0259 100-\u0259 yax\u0131n yerli v\u0259 beyn\u0259lxalq t\u0259hsil \u015firk\u0259tinin n\u00fcmay\u0259nd\u0259l\u0259ri i\u015ftirak ed\u0259r\u0259k \u0130stinye Universitetinin akademik proqramlar\u0131, beyn\u0259lxalq \u0259m\u0259kda\u015fl\u0131q imkanlar\u0131 v\u0259 t\u0259l\u0259b\u0259l\u0259r \u00fc\u00e7\u00fcn n\u0259z\u0259rd\u0259 tutulan x\u00fcsusi t\u0259klifl\u0259r bar\u0259d\u0259 \u0259trafl\u0131 m\u0259lumat \u0259ld\u0259 e...<\/p><\/div><div class=\"clear\"><\/div><div class=\"bottom like-on comment-on\"><div class=\"col\"><a href=\"#\" class=\"zilla-likes\" id=\"zilla-likes-140042\" title=\"Like this\" data-postfix=\" like\"><i class=\"multimedia-icon-heart\"><\/i> <span>1 like<\/span><\/a><\/div><div class=\"col\"><i class=\"multimedia-icon-speech-bubble-1\"><\/i> <a href=\"https:\/\/eddeglobal.az\/en\/2025\/05\/13\/edde-global-v%c9%99-istinye-universiteti-doktorantura-t%c9%99hsilini-daha-%c9%99lcatan-etdi-fotolar\/#comments\">No Comments<\/a><\/div><\/div><\/div><\/article><article class=\"blog-item  category-17 with-image col-12\"><div class=\"wrap\"><div class=\"img\" data-original=\"https:\/\/eddeglobal.az\/wp-content\/uploads\/2025\/08\/editor_1494735dca44aaf2b009b1dcc24c812f_rvsku75i8wmn0p6ao9eb-768x403-1.jpg\"><a href=\"https:\/\/eddeglobal.az\/en\/2025\/06\/14\/dau-v%c9%99-edde-global-bakida-t%c9%99qdimat-kecirdi-az%c9%99rbaycanli-g%c9%99ncl%c9%99r%c9%99-80-d%c9%99k-t%c9%99qaud-imkani\/\" style=\"background-image: url(https:\/\/eddeglobal.az\/wp-content\/uploads\/2025\/08\/editor_1494735dca44aaf2b009b1dcc24c812f_rvsku75i8wmn0p6ao9eb-768x403-1.jpg);\"><\/a><\/div><div class=\"content\"><h5><a href=\"https:\/\/eddeglobal.az\/en\/2025\/06\/14\/dau-v%c9%99-edde-global-bakida-t%c9%99qdimat-kecirdi-az%c9%99rbaycanli-g%c9%99ncl%c9%99r%c9%99-80-d%c9%99k-t%c9%99qaud-imkani\/\">DA\u00dc v\u0259 EDDE Global Bak\u0131da t\u0259qdimat ke\u00e7irdi\u2013 Az\u0259rbaycanl\u0131 g\u0259ncl\u0259r\u0259 80%-d\u0259k t\u0259qa\u00fcd imkan\u0131<\/a><\/h5><div class=\"date\">14 June 2025<\/div><p>\u015eimali Kipr T\u00fcrk Respublikas\u0131n\u0131n Do\u011fu Akdeniz Universiteti (DA\u00dc) v\u0259 EDDE Global \u015firk\u0259tinin birg\u0259 t\u0259\u015fkilat\u00e7\u0131l\u0131\u011f\u0131 il\u0259 Bak\u0131da xaricd\u0259 t\u0259hsil m\u00f6vzusunda geni\u015fmiqyasl\u0131 t\u0259qdimat t\u0259dbiri ke\u00e7irilib. Editor.az x\u0259b\u0259r verir ki, t\u0259dbird\u0259 Az\u0259rbaycanda f\u0259aliyy\u0259t g\u00f6st\u0259r\u0259n 100-\u0259 yax\u0131n apar\u0131c\u0131 t\u0259hsil \u015firk\u0259tinin n\u00fcmay\u0259nd\u0259l\u0259ri i\u015ftirak edibl\u0259r.\n\nSeminar \u00e7\u0259r\u00e7iv\u0259sind\u0259 DA\u00dc-n\u00fcn t\u0259qdimat\u0131 ke\u00e7irilib, i\u015ftirak\u00e7\u0131lara universitetin geni\u015f t\u0259qa\u00fcd imkanlar\u0131, akademik proqramlar\u0131 v...<\/p><\/div><div class=\"clear\"><\/div><div class=\"bottom like-on comment-on\"><div class=\"col\"><a href=\"#\" class=\"zilla-likes\" id=\"zilla-likes-140047\" title=\"Like this\" data-postfix=\" like\"><i class=\"multimedia-icon-heart\"><\/i> <span>0 likes<\/span><\/a><\/div><div class=\"col\"><i class=\"multimedia-icon-speech-bubble-1\"><\/i> <a href=\"https:\/\/eddeglobal.az\/en\/2025\/06\/14\/dau-v%c9%99-edde-global-bakida-t%c9%99qdimat-kecirdi-az%c9%99rbaycanli-g%c9%99ncl%c9%99r%c9%99-80-d%c9%99k-t%c9%99qaud-imkani\/#comments\">No Comments<\/a><\/div><\/div><\/div><\/article><article class=\"blog-item  category-17 with-image col-12\"><div class=\"wrap\"><div class=\"img\" data-original=\"https:\/\/eddeglobal.az\/wp-content\/uploads\/2025\/08\/editor_10407d9974208b3b2f7e4cbb0585d312_2rjulb6zo5v47xn1h9p0-768x403-1.jpg\"><a href=\"https:\/\/eddeglobal.az\/en\/2025\/07\/15\/universitetl%c9%99rin-t%c9%99k-m%c9%99qs%c9%99di-reytinq-olmamalidir-miryusif-cavadzad%c9%99\/\" style=\"background-image: url(https:\/\/eddeglobal.az\/wp-content\/uploads\/2025\/08\/editor_10407d9974208b3b2f7e4cbb0585d312_2rjulb6zo5v47xn1h9p0-768x403-1.jpg);\"><\/a><\/div><div class=\"content\"><h5><a href=\"https:\/\/eddeglobal.az\/en\/2025\/07\/15\/universitetl%c9%99rin-t%c9%99k-m%c9%99qs%c9%99di-reytinq-olmamalidir-miryusif-cavadzad%c9%99\/\">\u201cUniversitetl\u0259rin t\u0259k m\u0259qs\u0259di reytinq olmamal\u0131d\u0131r\u201d \u2013 Miryusif Cavadzad\u0259<\/a><\/h5><div class=\"date\">15 July 2025<\/div><p>\u201cAli t\u0259hsil sistemi 2035-\u0259 ged\u0259n yolda s\u00fcr\u0259tl\u0259 yenil\u0259nir.\nUniversitetl\u0259rin yaln\u0131z elmi m\u0259qal\u0259 d\u0259rc edib reytinq c\u0259dv\u0259ll\u0259rind\u0259 y\u00fcks\u0259lm\u0259y\u0259 fokuslanmas\u0131 d\u00f6vr\u00fc art\u0131q gerid\u0259 qal\u0131r\u201d\n\nM\u00f6vzu il\u0259 ba\u011fl\u0131\u00a0Editor.az-a a\u00e7\u0131qlama ver\u0259n \u201cEDDE Global\u201d \u015firk\u0259tinin direktoru Miryusif Cavadzad\u0259 hesab edir ki, ali t\u0259hsil m\u00fc\u0259ssis\u0259l\u0259ri t\u0259l\u0259b\u0259l\u0259r\u0259 praktiki bacar\u0131qlar, sosial kompetensiyalar v\u0259 qlobal d\u00fcnyag\u00f6r\u00fc\u015f qazand\u0131rmaqla c\u0259miyy\u0259t\u0259 daha b\u00f6y\u00fck t\u00f6hf\u0259 verm\u0259lidirl\u0259r: \u201cEyni z...<\/p><\/div><div class=\"clear\"><\/div><div class=\"bottom like-on comment-on\"><div class=\"col\"><a href=\"#\" class=\"zilla-likes\" id=\"zilla-likes-140051\" title=\"Like this\" data-postfix=\" like\"><i class=\"multimedia-icon-heart\"><\/i> <span>0 likes<\/span><\/a><\/div><div class=\"col\"><i class=\"multimedia-icon-speech-bubble-1\"><\/i> <a href=\"https:\/\/eddeglobal.az\/en\/2025\/07\/15\/universitetl%c9%99rin-t%c9%99k-m%c9%99qs%c9%99di-reytinq-olmamalidir-miryusif-cavadzad%c9%99\/#comments\">No Comments<\/a><\/div><\/div><\/div><\/article><article class=\"blog-item  category-17 with-image col-12\"><div class=\"wrap\"><div class=\"img\" data-original=\"https:\/\/eddeglobal.az\/wp-content\/uploads\/2025\/08\/editor_b8568d80fda4c5e28d7527d03dff7c9e_af1bstkq0cmprnl3gox4-768x403-1.jpg\"><a href=\"https:\/\/eddeglobal.az\/en\/2025\/08\/20\/edde-global-s%c9%99hv-ixtisas-secimi-yuzl%c9%99rl%c9%99-g%c9%99ncin-g%c9%99l%c9%99c%c9%99yini-risk%c9%99-atir\/\" style=\"background-image: url(https:\/\/eddeglobal.az\/wp-content\/uploads\/2025\/08\/editor_b8568d80fda4c5e28d7527d03dff7c9e_af1bstkq0cmprnl3gox4-768x403-1.jpg);\"><\/a><\/div><div class=\"content\"><h5><a href=\"https:\/\/eddeglobal.az\/en\/2025\/08\/20\/edde-global-s%c9%99hv-ixtisas-secimi-yuzl%c9%99rl%c9%99-g%c9%99ncin-g%c9%99l%c9%99c%c9%99yini-risk%c9%99-atir\/\">EDDE Global: \u201cS\u0259hv ixtisas se\u00e7imi y\u00fczl\u0259rl\u0259 g\u0259ncin g\u0259l\u0259c\u0259yini risk\u0259 at\u0131r\u201d<\/a><\/h5><div class=\"date\">20 August 2025<\/div><p>Bak\u0131, 19 iyun 2025 \u2014 Do\u011fru ixtisas se\u00e7imi g\u0259ncl\u0259rin g\u0259l\u0259c\u0259k h\u0259yat v\u0259 karyera u\u011furlar\u0131nda \u0259sas a\u00e7ar rolunu oynay\u0131r. Lakin h\u0259r il y\u00fczl\u0259rl\u0259 g\u0259nc yanl\u0131\u015f istiqam\u0259td\u0259 se\u00e7im ed\u0259r\u0259k, h\u0259m vaxt\u0131n\u0131, h\u0259m d\u0259 potensial imkanlar\u0131n\u0131 itirir. M\u0259hz bu s\u0259b\u0259bd\u0259n EDDE Global, beyn\u0259lxalq s\u0259viyy\u0259d\u0259 q\u0259bul olunmu\u015f Holland Metoduna \u0259saslanaraq t\u0259l\u0259b\u0259l\u0259r\u0259 elmi v\u0259 f\u0259rdi yana\u015fma t\u0259qdim edir.\n\nEDDE Global t\u0259r\u0259find\u0259n t\u0259qdim olunan Holland Metod Testl\u0259ri t\u0259l\u0259b\u0259l\u0259rin maraq sah\u0259l\u0259ri...<\/p><\/div><div class=\"clear\"><\/div><div class=\"bottom like-on comment-on\"><div class=\"col\"><a href=\"#\" class=\"zilla-likes\" id=\"zilla-likes-140055\" title=\"Like this\" data-postfix=\" like\"><i class=\"multimedia-icon-heart\"><\/i> <span>0 likes<\/span><\/a><\/div><div class=\"col\"><i class=\"multimedia-icon-speech-bubble-1\"><\/i> <a href=\"https:\/\/eddeglobal.az\/en\/2025\/08\/20\/edde-global-s%c9%99hv-ixtisas-secimi-yuzl%c9%99rl%c9%99-g%c9%99ncin-g%c9%99l%c9%99c%c9%99yini-risk%c9%99-atir\/#comments\">No Comments<\/a><\/div><\/div><\/div><\/article><\/div><\/div>[\/vc_column][\/vc_row]<\/p>\n<\/div>","protected":false},"excerpt":{"rendered":"<p>[vc_row][vc_column][\/vc_column][\/vc_row]<\/p>\n","protected":false},"author":1,"featured_media":0,"parent":0,"menu_order":0,"comment_status":"closed","ping_status":"closed","template":"","meta":{"_acf_changed":false,"footnotes":""},"class_list":["post-3599","page","type-page","status-publish","hentry"],"acf":[],"_links":{"self":[{"href":"https:\/\/eddeglobal.az\/en\/wp-json\/wp\/v2\/pages\/3599","targetHints":{"allow":["GET"]}}],"collection":[{"href":"https:\/\/eddeglobal.az\/en\/wp-json\/wp\/v2\/pages"}],"about":[{"href":"https:\/\/eddeglobal.az\/en\/wp-json\/wp\/v2\/types\/page"}],"author":[{"embeddable":true,"href":"https:\/\/eddeglobal.az\/en\/wp-json\/wp\/v2\/users\/1"}],"replies":[{"embeddable":true,"href":"https:\/\/eddeglobal.az\/en\/wp-json\/wp\/v2\/comments?post=3599"}],"version-history":[{"count":3,"href":"https:\/\/eddeglobal.az\/en\/wp-json\/wp\/v2\/pages\/3599\/revisions"}],"predecessor-version":[{"id":140278,"href":"https:\/\/eddeglobal.az\/en\/wp-json\/wp\/v2\/pages\/3599\/revisions\/140278"}],"wp:attachment":[{"href":"https:\/\/eddeglobal.az\/en\/wp-json\/wp\/v2\/media?parent=3599"}],"curies":[{"name":"wp","href":"https:\/\/api.w.org\/{rel}","templated":true}]}}